{"id":1074,"date":"2021-11-18T18:18:26","date_gmt":"2021-11-18T17:18:26","guid":{"rendered":"https:\/\/www.takpraha.cz\/wp\/?page_id=1074"},"modified":"2026-02-12T14:57:20","modified_gmt":"2026-02-12T13:57:20","slug":"stezka","status":"publish","type":"page","link":"https:\/\/takpraha.cz\/index.php\/stezka\/","title":{"rendered":"Stezka"},"content":{"rendered":"\n<p class=\"has-text-align-center has-white-color has-text-color has-background has-medium-font-size\" style=\"background-color:#6ea4b5\"><strong>Stezka se ned\u00e1 popsat slovy, Stezka se mus\u00ed za\u017e\u00edt!<\/strong><\/p>\n\n\n\n<div class=\"wp-block-columns is-layout-flex wp-container-core-columns-is-layout-28f84493 wp-block-columns-is-layout-flex\">\n<div class=\"wp-block-column is-layout-flow wp-block-column-is-layout-flow\">\n<figure class=\"wp-block-table is-style-regular\"><table><thead><tr><th><\/th><th>2020 \u2013 2022<\/th><th><\/th><\/tr><\/thead><tbody><tr><td>62.<\/td><td>St\u0159edn\u00ed \u010cechy \u201eDemarka\u010dn\u00ed\u201c \u00bb kv\u016fli pandemii SARS-COV-19 zakon\u010den\u00ed zru\u0161eno, mnoho Tras Stezku zru\u0161ilo<\/td><td>J\u20132020<\/td><\/tr><tr><td>63.<\/td><td><a href=\"https:\/\/takpraha.cz\/index.php\/2021\/07\/18\/63-stezka-informace\/\"><strong>Ji\u017en\u00ed \u010cechy \u201eDemarka\u010dn\u00ed\u201c \u00bb P\u00edsek<\/strong><\/a><\/td><td>P\u20132021<\/td><\/tr><tr><td>64.<\/td><td><a href=\"https:\/\/takpraha.cz\/index.php\/2021\/11\/18\/64-stezka\/\"><strong>\u010cesk\u00fdm R\u00e1jem \u00bb Turnov<\/strong><\/a><\/td><td>J\u20132022<\/td><\/tr><tr><td>65.<\/td><td>Kol\u00e1\u010dov\u00e1<\/td><td>P-2023<\/td><\/tr><tr><td>66.<\/td><td>Vyso\u010dinou<\/td><td>J-2024<\/td><\/tr><\/tbody><\/table><\/figure>\n<\/div>\n\n\n\n<div class=\"wp-block-column is-layout-flow wp-block-column-is-layout-flow\">\n<figure class=\"wp-block-image size-large\"><img loading=\"lazy\" decoding=\"async\" width=\"1024\" height=\"682\" src=\"https:\/\/takpraha.cz\/wp-content\/uploads\/2021\/11\/stezka-2021-02-1024x682.jpg\" alt=\"\" class=\"wp-image-1089\" srcset=\"https:\/\/takpraha.cz\/wp-content\/uploads\/2021\/11\/stezka-2021-02-1024x682.jpg 1024w, https:\/\/takpraha.cz\/wp-content\/uploads\/2021\/11\/stezka-2021-02-300x200.jpg 300w, https:\/\/takpraha.cz\/wp-content\/uploads\/2021\/11\/stezka-2021-02-768x512.jpg 768w, https:\/\/takpraha.cz\/wp-content\/uploads\/2021\/11\/stezka-2021-02.jpg 1037w\" sizes=\"auto, (max-width: 1024px) 100vw, 1024px\" \/><figcaption class=\"wp-element-caption\">P\u00edsek, zakon\u010den\u00ed 63. Stezky<\/figcaption><\/figure>\n<\/div>\n<\/div>\n\n\n<p class=\"wp-block-tag-cloud\"><a href=\"https:\/\/takpraha.cz\/index.php\/tag\/2022\/\" class=\"tag-cloud-link tag-link-13 tag-link-position-1\" style=\"font-size: 12.547770700637pt;\" aria-label=\"2022 (12 polo\u017eek)\">2022<span class=\"tag-link-count\"> (12)<\/span><\/a>\n<a href=\"https:\/\/takpraha.cz\/index.php\/tag\/2023\/\" class=\"tag-cloud-link tag-link-54 tag-link-position-2\" style=\"font-size: 19.770700636943pt;\" aria-label=\"2023 (82 polo\u017eek)\">2023<span class=\"tag-link-count\"> (82)<\/span><\/a>\n<a href=\"https:\/\/takpraha.cz\/index.php\/tag\/2024\/\" class=\"tag-cloud-link tag-link-85 tag-link-position-3\" style=\"font-size: 19.235668789809pt;\" aria-label=\"2024 (72 polo\u017eek)\">2024<span class=\"tag-link-count\"> (72)<\/span><\/a>\n<a href=\"https:\/\/takpraha.cz\/index.php\/tag\/2025\/\" class=\"tag-cloud-link tag-link-155 tag-link-position-4\" style=\"font-size: 19.503184713376pt;\" aria-label=\"2025 (77 polo\u017eek)\">2025<span class=\"tag-link-count\"> (77)<\/span><\/a>\n<a href=\"https:\/\/takpraha.cz\/index.php\/tag\/2026\/\" class=\"tag-cloud-link tag-link-176 tag-link-position-5\" style=\"font-size: 15.222929936306pt;\" aria-label=\"2026 (25 polo\u017eek)\">2026<span class=\"tag-link-count\"> (25)<\/span><\/a>\n<a href=\"https:\/\/takpraha.cz\/index.php\/tag\/akce\/\" class=\"tag-cloud-link tag-link-53 tag-link-position-6\" style=\"font-size: 16.203821656051pt;\" aria-label=\"akce (32 polo\u017eek)\">akce<span class=\"tag-link-count\"> (32)<\/span><\/a>\n<a href=\"https:\/\/takpraha.cz\/index.php\/tag\/blanik\/\" class=\"tag-cloud-link tag-link-132 tag-link-position-7\" style=\"font-size: 10.229299363057pt;\" aria-label=\"Blan\u00edk (6 polo\u017eek)\">Blan\u00edk<span class=\"tag-link-count\"> (6)<\/span><\/a>\n<a href=\"https:\/\/takpraha.cz\/index.php\/tag\/bal\/\" class=\"tag-cloud-link tag-link-18 tag-link-position-8\" style=\"font-size: 11.566878980892pt;\" aria-label=\"b\u00e1l (9 polo\u017eek)\">b\u00e1l<span class=\"tag-link-count\"> (9)<\/span><\/a>\n<a href=\"https:\/\/takpraha.cz\/index.php\/tag\/bezky\/\" class=\"tag-cloud-link tag-link-87 tag-link-position-9\" style=\"font-size: 12.904458598726pt;\" aria-label=\"b\u011b\u017eky (13 polo\u017eek)\">b\u011b\u017eky<span class=\"tag-link-count\"> (13)<\/span><\/a>\n<a href=\"https:\/\/takpraha.cz\/index.php\/tag\/cesta-jenom-tam\/\" class=\"tag-cloud-link tag-link-76 tag-link-position-10\" style=\"font-size: 8pt;\" aria-label=\"cesta jenom tam (3 polo\u017eky)\">cesta jenom tam<span class=\"tag-link-count\"> (3)<\/span><\/a>\n<a href=\"https:\/\/takpraha.cz\/index.php\/tag\/chysta-se\/\" class=\"tag-cloud-link tag-link-61 tag-link-position-11\" style=\"font-size: 11.12101910828pt;\" aria-label=\"chyst\u00e1 se (8 polo\u017eek)\">chyst\u00e1 se<span class=\"tag-link-count\"> (8)<\/span><\/a>\n<a href=\"https:\/\/takpraha.cz\/index.php\/tag\/cyklo\/\" class=\"tag-cloud-link tag-link-47 tag-link-position-12\" style=\"font-size: 14.063694267516pt;\" aria-label=\"cyklo (18 polo\u017eek)\">cyklo<span class=\"tag-link-count\"> (18)<\/span><\/a>\n<a href=\"https:\/\/takpraha.cz\/index.php\/tag\/dvacitka\/\" class=\"tag-cloud-link tag-link-163 tag-link-position-13\" style=\"font-size: 12.547770700637pt;\" aria-label=\"Dvac\u00edtka (12 polo\u017eek)\">Dvac\u00edtka<span class=\"tag-link-count\"> (12)<\/span><\/a>\n<a href=\"https:\/\/takpraha.cz\/index.php\/tag\/fotogalerie\/\" class=\"tag-cloud-link tag-link-45 tag-link-position-14\" style=\"font-size: 17.987261146497pt;\" aria-label=\"Fotogalerie (51 polo\u017eek)\">Fotogalerie<span class=\"tag-link-count\"> (51)<\/span><\/a>\n<a href=\"https:\/\/takpraha.cz\/index.php\/tag\/herakleidy\/\" class=\"tag-cloud-link tag-link-82 tag-link-position-15\" style=\"font-size: 8pt;\" aria-label=\"herakleidy (3 polo\u017eky)\">herakleidy<span class=\"tag-link-count\"> (3)<\/span><\/a>\n<a href=\"https:\/\/takpraha.cz\/index.php\/tag\/historie\/\" class=\"tag-cloud-link tag-link-25 tag-link-position-16\" style=\"font-size: 9.6050955414013pt;\" aria-label=\"Historie (5 polo\u017eek)\">Historie<span class=\"tag-link-count\"> (5)<\/span><\/a>\n<a href=\"https:\/\/takpraha.cz\/index.php\/tag\/horo\/\" class=\"tag-cloud-link tag-link-75 tag-link-position-17\" style=\"font-size: 12.28025477707pt;\" aria-label=\"horo (11 polo\u017eek)\">horo<span class=\"tag-link-count\"> (11)<\/span><\/a>\n<a href=\"https:\/\/takpraha.cz\/index.php\/tag\/inzerce\/\" class=\"tag-cloud-link tag-link-131 tag-link-position-18\" style=\"font-size: 10.229299363057pt;\" aria-label=\"inzerce (6 polo\u017eek)\">inzerce<span class=\"tag-link-count\"> (6)<\/span><\/a>\n<a href=\"https:\/\/takpraha.cz\/index.php\/tag\/jednicka\/\" class=\"tag-cloud-link tag-link-160 tag-link-position-19\" style=\"font-size: 11.923566878981pt;\" aria-label=\"Jedni\u010dka (10 polo\u017eek)\">Jedni\u010dka<span class=\"tag-link-count\"> (10)<\/span><\/a>\n<a href=\"https:\/\/takpraha.cz\/index.php\/tag\/koledy\/\" class=\"tag-cloud-link tag-link-128 tag-link-position-20\" style=\"font-size: 10.675159235669pt;\" aria-label=\"koledy (7 polo\u017eek)\">koledy<span class=\"tag-link-count\"> (7)<\/span><\/a>\n<a href=\"https:\/\/takpraha.cz\/index.php\/tag\/lesni-hry\/\" class=\"tag-cloud-link tag-link-30 tag-link-position-21\" style=\"font-size: 12.904458598726pt;\" aria-label=\"Lesn\u00ed hry (13 polo\u017eek)\">Lesn\u00ed hry<span class=\"tag-link-count\"> (13)<\/span><\/a>\n<a href=\"https:\/\/takpraha.cz\/index.php\/tag\/lyze\/\" class=\"tag-cloud-link tag-link-175 tag-link-position-22\" style=\"font-size: 10.229299363057pt;\" aria-label=\"ly\u017ee (6 polo\u017eek)\">ly\u017ee<span class=\"tag-link-count\"> (6)<\/span><\/a>\n<a href=\"https:\/\/takpraha.cz\/index.php\/tag\/nebeska-stezka\/\" class=\"tag-cloud-link tag-link-186 tag-link-position-23\" style=\"font-size: 8.8917197452229pt;\" aria-label=\"nebesk\u00e1 Stezka (4 polo\u017eky)\">nebesk\u00e1 Stezka<span class=\"tag-link-count\"> (4)<\/span><\/a>\n<a href=\"https:\/\/takpraha.cz\/index.php\/tag\/orientak\/\" class=\"tag-cloud-link tag-link-81 tag-link-position-24\" style=\"font-size: 8pt;\" aria-label=\"orien\u0165\u00e1k (3 polo\u017eky)\">orien\u0165\u00e1k<span class=\"tag-link-count\"> (3)<\/span><\/a>\n<a href=\"https:\/\/takpraha.cz\/index.php\/tag\/pantakovky\/\" class=\"tag-cloud-link tag-link-44 tag-link-position-25\" style=\"font-size: 9.6050955414013pt;\" aria-label=\"Pantakovky (5 polo\u017eek)\">Pantakovky<span class=\"tag-link-count\"> (5)<\/span><\/a>\n<a href=\"https:\/\/takpraha.cz\/index.php\/tag\/parte\/\" class=\"tag-cloud-link tag-link-106 tag-link-position-26\" style=\"font-size: 11.566878980892pt;\" aria-label=\"parte (9 polo\u017eek)\">parte<span class=\"tag-link-count\"> (9)<\/span><\/a>\n<a href=\"https:\/\/takpraha.cz\/index.php\/tag\/patnacka\/\" class=\"tag-cloud-link tag-link-77 tag-link-position-27\" style=\"font-size: 12.28025477707pt;\" aria-label=\"patn\u00e1cka (11 polo\u017eek)\">patn\u00e1cka<span class=\"tag-link-count\"> (11)<\/span><\/a>\n<a href=\"https:\/\/takpraha.cz\/index.php\/tag\/poradnik\/\" class=\"tag-cloud-link tag-link-16 tag-link-position-28\" style=\"font-size: 17.363057324841pt;\" aria-label=\"Poradn\u00edk (44 polo\u017eek)\">Poradn\u00edk<span class=\"tag-link-count\"> (44)<\/span><\/a>\n<a href=\"https:\/\/takpraha.cz\/index.php\/tag\/potlach\/\" class=\"tag-cloud-link tag-link-78 tag-link-position-29\" style=\"font-size: 8.8917197452229pt;\" aria-label=\"potlach (4 polo\u017eky)\">potlach<span class=\"tag-link-count\"> (4)<\/span><\/a>\n<a href=\"https:\/\/takpraha.cz\/index.php\/tag\/pulka\/\" class=\"tag-cloud-link tag-link-19 tag-link-position-30\" style=\"font-size: 9.6050955414013pt;\" aria-label=\"P\u016flka (5 polo\u017eek)\">P\u016flka<span class=\"tag-link-count\"> (5)<\/span><\/a>\n<a href=\"https:\/\/takpraha.cz\/index.php\/tag\/shnila-jizda\/\" class=\"tag-cloud-link tag-link-63 tag-link-position-31\" style=\"font-size: 9.6050955414013pt;\" aria-label=\"shnil\u00e1 j\u00edzda (5 polo\u017eek)\">shnil\u00e1 j\u00edzda<span class=\"tag-link-count\"> (5)<\/span><\/a>\n<a href=\"https:\/\/takpraha.cz\/index.php\/tag\/spanilka\/\" class=\"tag-cloud-link tag-link-50 tag-link-position-32\" style=\"font-size: 12.28025477707pt;\" aria-label=\"spanilka (11 polo\u017eek)\">spanilka<span class=\"tag-link-count\"> (11)<\/span><\/a>\n<a href=\"https:\/\/takpraha.cz\/index.php\/tag\/spanila-jizda\/\" class=\"tag-cloud-link tag-link-49 tag-link-position-33\" style=\"font-size: 9.6050955414013pt;\" aria-label=\"spanil\u00e1 j\u00edzda (5 polo\u017eek)\">spanil\u00e1 j\u00edzda<span class=\"tag-link-count\"> (5)<\/span><\/a>\n<a href=\"https:\/\/takpraha.cz\/index.php\/tag\/stalo-se\/\" class=\"tag-cloud-link tag-link-101 tag-link-position-34\" style=\"font-size: 22pt;\" aria-label=\"stalo se (147 polo\u017eek)\">stalo se<span class=\"tag-link-count\"> (147)<\/span><\/a>\n<a href=\"https:\/\/takpraha.cz\/index.php\/tag\/stezka\/\" class=\"tag-cloud-link tag-link-11 tag-link-position-35\" style=\"font-size: 15.133757961783pt;\" aria-label=\"Stezka (24 polo\u017eek)\">Stezka<span class=\"tag-link-count\"> (24)<\/span><\/a>\n<a href=\"https:\/\/takpraha.cz\/index.php\/tag\/trasa-5\/\" class=\"tag-cloud-link tag-link-115 tag-link-position-36\" style=\"font-size: 8pt;\" aria-label=\"trasa 5 (3 polo\u017eky)\">trasa 5<span class=\"tag-link-count\"> (3)<\/span><\/a>\n<a href=\"https:\/\/takpraha.cz\/index.php\/tag\/tabory\/\" class=\"tag-cloud-link tag-link-56 tag-link-position-37\" style=\"font-size: 12.547770700637pt;\" aria-label=\"t\u00e1bory (12 polo\u017eek)\">t\u00e1bory<span class=\"tag-link-count\"> (12)<\/span><\/a>\n<a href=\"https:\/\/takpraha.cz\/index.php\/tag\/valna-hromada\/\" class=\"tag-cloud-link tag-link-64 tag-link-position-38\" style=\"font-size: 8.8917197452229pt;\" aria-label=\"valn\u00e1 hromada (4 polo\u017eky)\">valn\u00e1 hromada<span class=\"tag-link-count\"> (4)<\/span><\/a>\n<a href=\"https:\/\/takpraha.cz\/index.php\/tag\/vojanky\/\" class=\"tag-cloud-link tag-link-79 tag-link-position-39\" style=\"font-size: 8pt;\" aria-label=\"vojanky (3 polo\u017eky)\">vojanky<span class=\"tag-link-count\"> (3)<\/span><\/a>\n<a href=\"https:\/\/takpraha.cz\/index.php\/tag\/vosum\/\" class=\"tag-cloud-link tag-link-118 tag-link-position-40\" style=\"font-size: 9.6050955414013pt;\" aria-label=\"vosum (5 polo\u017eek)\">vosum<span class=\"tag-link-count\"> (5)<\/span><\/a>\n<a href=\"https:\/\/takpraha.cz\/index.php\/tag\/ze-spolecnosti\/\" class=\"tag-cloud-link tag-link-107 tag-link-position-41\" style=\"font-size: 11.566878980892pt;\" aria-label=\"ze spole\u010dnosti (9 polo\u017eek)\">ze spole\u010dnosti<span class=\"tag-link-count\"> (9)<\/span><\/a>\n<a href=\"https:\/\/takpraha.cz\/index.php\/tag\/zima\/\" class=\"tag-cloud-link tag-link-66 tag-link-position-42\" style=\"font-size: 13.350318471338pt;\" aria-label=\"zima (15 polo\u017eek)\">zima<span class=\"tag-link-count\"> (15)<\/span><\/a>\n<a href=\"https:\/\/takpraha.cz\/index.php\/tag\/zpravy-ze-schuze\/\" class=\"tag-cloud-link tag-link-110 tag-link-position-43\" style=\"font-size: 8.8917197452229pt;\" aria-label=\"zpr\u00e1vy ze sch\u016fze (4 polo\u017eky)\">zpr\u00e1vy ze sch\u016fze<span class=\"tag-link-count\"> (4)<\/span><\/a>\n<a href=\"https:\/\/takpraha.cz\/index.php\/tag\/clanek\/\" class=\"tag-cloud-link tag-link-48 tag-link-position-44\" style=\"font-size: 18.87898089172pt;\" aria-label=\"\u010dl\u00e1nek (65 polo\u017eek)\">\u010dl\u00e1nek<span class=\"tag-link-count\"> (65)<\/span><\/a>\n<a href=\"https:\/\/takpraha.cz\/index.php\/tag\/clanky\/\" class=\"tag-cloud-link tag-link-126 tag-link-position-45\" style=\"font-size: 9.6050955414013pt;\" aria-label=\"\u010dl\u00e1nky (5 polo\u017eek)\">\u010dl\u00e1nky<span class=\"tag-link-count\"> (5)<\/span><\/a><\/p>\n\n\n<div class=\"wp-block-columns is-layout-flex wp-container-core-columns-is-layout-28f84493 wp-block-columns-is-layout-flex\">\n<div class=\"wp-block-column is-layout-flow wp-block-column-is-layout-flow\">\n<figure class=\"wp-block-table is-style-regular\"><table><thead><tr><th><\/th><th>2000 \u2013 2009<\/th><th><\/th><\/tr><\/thead><tbody><tr><td>42.<\/td><td>\u010cesk\u00e1 Kanada \u00bb H\u016frky<\/td><td>J\u20132000<\/td><\/tr><tr><td>43.<\/td><td>\u010cesk\u00e9 St\u0159edoho\u0159\u00ed \u00bb Ploskovice<\/td><td>P\u20132001<\/td><\/tr><tr><td>44.<\/td><td>\u0160umava \u00bb Velhartice<\/td><td>J\u20132002<\/td><\/tr><tr><td>45.<\/td><td>Kolem Sv\u011btl\u00e9 nad S\u00e1zavou \u00bb Benetice<\/td><td>P\u20132003<\/td><\/tr><tr><td>46.<\/td><td>Z\u00e1padem \u00bb L\u00e1zn\u011b Kyn\u017evart<\/td><td>J\u20132004<\/td><\/tr><tr><td>47.<\/td><td>Slovensko \u00bb Terchov\u00e1<\/td><td>P\u20132005<\/td><\/tr><tr><td>48.<\/td><td>M\u00e1chova \u00bb Bezd\u011bz<\/td><td>J\u20132006<\/td><\/tr><tr><td>49.<\/td><td>Dev\u011bta\u010dty\u0159ic\u00e1tn\u00edci \u00bb Kyjov<\/td><td>P\u20132007<\/td><\/tr><tr><td>50.<\/td><td>Jubilejn\u00ed \u00bb Tol\u0161tejn<\/td><td>J\u20132008<\/td><\/tr><tr><td>51.<\/td><td>\u0158emeslnick\u00e1 \u00bb Pot\u0161tejn, Vocht\u00e1nka<\/td><td>P\u20132009<\/td><\/tr><\/tbody><\/table><\/figure>\n<\/div>\n\n\n\n<div class=\"wp-block-column is-layout-flow wp-block-column-is-layout-flow\">\n<figure class=\"wp-block-table is-style-regular\"><table><thead><tr><th><\/th><th>2010 \u2013 2019<\/th><th><\/th><\/tr><\/thead><tbody><tr><td>52.<\/td><td>\u00bb Chomutov u Kamencov\u00e9ho jez\u00edrka<\/td><td>J\u20132010<\/td><\/tr><tr><td>53.<\/td><td>\u00bb Vesel\u00ed\u010dko u Milevska<\/td><td>P\u20132011<\/td><\/tr><tr><td>54.<\/td><td>\u00bb Litomy\u0161l, hr\u00e1z poldru b\u00fdval\u00e9ho Prim\u00e1torsk\u00e9ho rybn\u00edka<\/td><td>J\u20132012<\/td><\/tr><tr><td>55.<\/td><td>Krkono\u0161e \u00bb Vrchlab\u00ed, louka pod Smejkalovou chatou<\/td><td>P\u20132013<\/td><\/tr><tr><td>56.<\/td><td>\u201eLv\u00ed\u201c \u00bb Boskovice<\/td><td>J\u20132014<\/td><\/tr><tr><td>57.<\/td><td>\u00bb Plasy<\/td><td>P\u20132015<\/td><\/tr><tr><td>58.<\/td><td>\u201eKrajem klasik\u016f\u201c \u00bb \u00dapice<\/td><td>J\u20132016<\/td><\/tr><tr><td>59.<\/td><td>Sportovn\u00ed \u00bb T\u0159emo\u0161nice<\/td><td>P\u20132017<\/td><\/tr><tr><td>60.<\/td><td>Dev\u011bta\u010dty\u0159ic\u00e1tn\u00edci \u00bb Kyjov<\/td><td>J\u20132018<\/td><\/tr><tr><td>61.<\/td><td><\/td><td><\/td><\/tr><\/tbody><\/table><\/figure>\n<\/div>\n<\/div>\n\n\n\n<figure class=\"wp-block-image size-large\"><img loading=\"lazy\" decoding=\"async\" width=\"1024\" height=\"421\" src=\"https:\/\/takpraha.cz\/wp-content\/uploads\/2021\/11\/stezka-2021-01-1024x421.jpg\" alt=\"\" class=\"wp-image-1088\" srcset=\"https:\/\/takpraha.cz\/wp-content\/uploads\/2021\/11\/stezka-2021-01-1024x421.jpg 1024w, https:\/\/takpraha.cz\/wp-content\/uploads\/2021\/11\/stezka-2021-01-300x123.jpg 300w, https:\/\/takpraha.cz\/wp-content\/uploads\/2021\/11\/stezka-2021-01-768x316.jpg 768w, https:\/\/takpraha.cz\/wp-content\/uploads\/2021\/11\/stezka-2021-01-1536x632.jpg 1536w, https:\/\/takpraha.cz\/wp-content\/uploads\/2021\/11\/stezka-2021-01.jpg 2000w\" sizes=\"auto, (max-width: 1024px) 100vw, 1024px\" \/><figcaption class=\"wp-element-caption\">autor Jarda B\u00e1rta T14<\/figcaption><\/figure>\n\n\n\n<div class=\"wp-block-columns is-layout-flex wp-container-core-columns-is-layout-28f84493 wp-block-columns-is-layout-flex\">\n<div class=\"wp-block-column is-layout-flow wp-block-column-is-layout-flow\">\n<figure class=\"wp-block-table is-style-regular\"><table><thead><tr><th><\/th><th>1980 \u2013 1989<\/th><th><\/th><\/tr><\/thead><tbody><tr><td>22.<\/td><td>Podkrkono\u0161\u00ed \u00bb Pecka<\/td><td>J\u20131980<\/td><\/tr><tr><td>23.<\/td><td>Ch\u0159iby \u00bb Velehrad<\/td><td>P\u20131981<\/td><\/tr><tr><td>24.<\/td><td>Plze\u0148 jih \u00bb Velhartice<\/td><td>J\u20131982<\/td><\/tr><tr><td>25.<\/td><td>Mal\u00e1 Fatra \u00bb Likav\u00e1 u Ro\u017emberoka<\/td><td>P\u20131983<\/td><\/tr><tr><td>26.<\/td><td>Severem \u00bb \u017dandov<\/td><td>J\u20131984<\/td><\/tr><tr><td>27.<\/td><td>Javorn\u00edky \u00bb \u010cadca<\/td><td>P-1985<\/td><\/tr><tr><td>28.<\/td><td>Plze\u0148 sever \u00bb \u017dlutice<\/td><td>J-1986<\/td><\/tr><tr><td>29.<\/td><td>Slezsko \u00bb Vik\u0161tejn<\/td><td>P-1987<\/td><\/tr><tr><td>30.<\/td><td>Vyso\u010dinou \u00bb Byst\u0159ice nad Pern\u0161tejnem<\/td><td>J\u20131988<\/td><\/tr><tr><td>31.<\/td><td>Chodsko \u00bb R\u00fdzmburk<\/td><td>P\u20131989<\/td><\/tr><\/tbody><\/table><\/figure>\n<\/div>\n\n\n\n<div class=\"wp-block-column is-layout-flow wp-block-column-is-layout-flow\">\n<figure class=\"wp-block-table is-style-regular\"><table><thead><tr><th><\/th><th>1990 \u2013 1999<\/th><th><\/th><\/tr><\/thead><tbody><tr><td>32.<\/td><td>\u010cesk\u00e1 Kanada \u00bb Tel\u010d<\/td><td>J\u20131990<\/td><\/tr><tr><td>33.<\/td><td>Orlick\u00e9 hory, Jesen\u00edky \u00bb Kr\u00e1l\u00edky<\/td><td>P\u20131991<\/td><\/tr><tr><td>34.<\/td><td>\u0160umava \u00bb Velhartice<\/td><td>J-1992<\/td><\/tr><tr><td>35.<\/td><td>Moravsk\u00e9 Slov\u00e1cko \u00bb Velk\u00e1 nad Veli\u010dkou<\/td><td>P\u20131993<\/td><\/tr><tr><td>36.<\/td><td>T\u0159ebo\u0148sko, Novohradsko \u00bb Borovansk\u00fd ml\u00fdn<\/td><td>J\u20131994<\/td><\/tr><tr><td>37.<\/td><td>Severov\u00fdchodn\u00ed \u010cechy \u00bb Kuks<\/td><td>P\u20131995<\/td><\/tr><tr><td>38.<\/td><td>St\u0159edn\u00ed \u010cechy \u201eZ \u010cech a\u017e na konec sv\u011bta\u201c \u00bb Blatn\u00e1<\/td><td>J-1996<\/td><\/tr><tr><td>39.<\/td><td>Beskydy \u00bb \u0160tramberk<\/td><td>P\u20131997<\/td><\/tr><tr><td>40.<\/td><td>Lu\u017eick\u00e9 hory \u00bb Pl\u00e1n\u011b pod Je\u0161t\u011bdem<\/td><td>J\u20131998<\/td><\/tr><tr><td>41.<\/td><td>Chodsko \u2013 Babylon<\/td><td>P\u20131999<\/td><\/tr><\/tbody><\/table><\/figure>\n<\/div>\n<\/div>\n\n\n\n<figure class=\"wp-block-image size-large\"><img loading=\"lazy\" decoding=\"async\" width=\"1024\" height=\"683\" src=\"https:\/\/takpraha.cz\/wp-content\/uploads\/2021\/11\/stezka-2021-03-1024x683.jpg\" alt=\"\" class=\"wp-image-1091\" srcset=\"https:\/\/takpraha.cz\/wp-content\/uploads\/2021\/11\/stezka-2021-03-1024x683.jpg 1024w, https:\/\/takpraha.cz\/wp-content\/uploads\/2021\/11\/stezka-2021-03-300x200.jpg 300w, https:\/\/takpraha.cz\/wp-content\/uploads\/2021\/11\/stezka-2021-03-768x512.jpg 768w, https:\/\/takpraha.cz\/wp-content\/uploads\/2021\/11\/stezka-2021-03-1536x1024.jpg 1536w, https:\/\/takpraha.cz\/wp-content\/uploads\/2021\/11\/stezka-2021-03-2048x1365.jpg 2048w\" sizes=\"auto, (max-width: 1024px) 100vw, 1024px\" \/><figcaption class=\"wp-element-caption\">63. Stezka, P\u00edsek 28. 9. 2021, autor Jana Vorlov\u00e1 T14<\/figcaption><\/figure>\n\n\n\n<div class=\"wp-block-columns is-layout-flex wp-container-core-columns-is-layout-28f84493 wp-block-columns-is-layout-flex\">\n<div class=\"wp-block-column is-layout-flow wp-block-column-is-layout-flow\">\n<figure class=\"wp-block-table is-style-regular\"><table><thead><tr><th>.<\/th><th>1964 \u00bb 1969<\/th><th><\/th><\/tr><\/thead><tbody><tr><td>1.<\/td><td>Krkono\u0161e \u00bb Harrachov<\/td><td>J\u20131964<\/td><\/tr><tr><td>2.,<\/td><td>Orlick\u00e9 hory \u00bb Zdobnice<\/td><td>P\u20131964<\/td><\/tr><tr><td>3.<\/td><td>Jizersk\u00e9 hory \u00bb Harrachov<\/td><td>J\u20131965<\/td><\/tr><tr><td>4.<\/td><td>\u0160umava \u00bb Velhartice<\/td><td>P\u20131965<\/td><\/tr><tr><td>5.<\/td><td>Jesen\u00edky \u00bb Horn\u00ed Brann\u00e1<\/td><td>J\u20131966<\/td><\/tr><tr><td>6.<\/td><td>Krkono\u0161e \u00bb Horn\u00ed Mar\u0161ov<\/td><td>P\u20131966<\/td><\/tr><tr><td>7.<\/td><td>Vyso\u010dina \u00bb P\u0159edhrad\u00ed<\/td><td>J\u20131967<\/td><\/tr><tr><td>8.<\/td><td>D\u011b\u010d\u00ednsko \u00bb Tol\u0161tejn<\/td><td>P\u20131967<\/td><\/tr><tr><td>9.<\/td><td>Chodsko \u00bb R\u00fdzmberk nad Kdyn\u00ed<\/td><td>J\u20131968<\/td><\/tr><tr><td>10. <\/td><td>Beskydy \u00bb Fr\u00fddlant nad Ostravic\u00ed<\/td><td>P\u20131968<\/td><\/tr><tr><td>11.<\/td><td>Ji\u017en\u00ed \u010cechy \u00bb D\u00edv\u010d\u00ed K\u00e1men<\/td><td>J\u20131969<\/td><\/tr><tr><td>12.<\/td><td>zak\u00e1zan\u00e1 komunistick\u00fdm re\u017eimem, \u0161lo se po Tras\u00e1ch, zakon\u010den\u00ed nebylo<\/td><td>P\u20131969<\/td><\/tr><\/tbody><\/table><figcaption class=\"wp-element-caption\">*) J = jaro, P = podzim<\/figcaption><\/figure>\n<\/div>\n\n\n\n<div class=\"wp-block-column is-layout-flow wp-block-column-is-layout-flow\">\n<figure class=\"wp-block-table is-style-regular\"><table><thead><tr><th><span class=\"has-inline-color has-white-color\">.<\/span><\/th><th>1970 \u2013 1979<\/th><th><\/th><\/tr><\/thead><tbody><tr><td>13.<\/td><td>Orlick\u00e9 hory \u00bb Dobro\u0161ov<\/td><td>J\u20131970<\/td><\/tr><tr><td>14.<\/td><td>\u0160umava \u00bb Velhartice<\/td><td>P\u20131971<\/td><\/tr><tr><td>15.<\/td><td>Vyso\u010dina \u00bb Ro\u0161tejn<\/td><td>J\u20131972<\/td><\/tr><tr><td>16.<\/td><td>Jesen\u00edky \u00bb Lou\u010dn\u00e1 <br>nad Desno<\/td><td>J\u20131973<\/td><\/tr><tr><td>17.<\/td><td>Slavkovsk\u00fd les \u00bb Pion\u00fdrsk\u00e9<br>u Lokte<\/td><td>P\u20131974<\/td><\/tr><tr><td>18.<\/td><td>Halas\u016fv kraj \u00bb Au\u0161perk<\/td><td>P\u20131975<\/td><\/tr><tr><td>19.<\/td><td>Vala\u0161sko \u00bb Ro\u017enov pod<br>Radho\u0161t\u011bm<\/td><td>P\u20131976<\/td><\/tr><tr><td>20.<\/td><td>Meziho\u0159\u00ed \u00bb Pot\u0161tejn<\/td><td>P\u20131977<\/td><\/tr><tr><td>21.<\/td><td>T\u0159ebo\u0148sko \u00bb u rybn\u00edku Ro\u017emberk<\/td><td>J\u20131979<\/td><\/tr><\/tbody><\/table><\/figure>\n\n\n\n<p><\/p>\n<\/div>\n<\/div>\n\n\n\n<figure class=\"wp-block-image size-full\"><img loading=\"lazy\" decoding=\"async\" width=\"500\" height=\"338\" src=\"https:\/\/takpraha.cz\/wp-content\/uploads\/2021\/03\/image-15.jpeg\" alt=\"\" class=\"wp-image-424\" srcset=\"https:\/\/takpraha.cz\/wp-content\/uploads\/2021\/03\/image-15.jpeg 500w, https:\/\/takpraha.cz\/wp-content\/uploads\/2021\/03\/image-15-300x203.jpeg 300w\" sizes=\"auto, (max-width: 500px) 100vw, 500px\" \/><figcaption class=\"wp-element-caption\">20. Stezka &#8222;Meziho\u0159\u00ed&#8220; &#8211; 4.trasa &#8211; foto: Ivan \u0160im\u016fnek<\/figcaption><\/figure>\n\n\n\n<p><\/p>\n","protected":false},"excerpt":{"rendered":"<p>Stezka se ned\u00e1 popsat slovy, Stezka se mus\u00ed za\u017e\u00edt! 2020 \u2013 2022 62. St\u0159edn\u00ed \u010cechy \u201eDemarka\u010dn\u00ed\u201c \u00bb kv\u016fli pandemii SARS-COV-19<\/p>\n","protected":false},"author":2,"featured_media":0,"parent":0,"menu_order":0,"comment_status":"closed","ping_status":"closed","template":"","meta":{"colormag_page_layout":"left_sidebar","inline_featured_image":false,"ngg_post_thumbnail":0,"footnotes":""},"class_list":["post-1074","page","type-page","status-publish","hentry"],"_links":{"self":[{"href":"https:\/\/takpraha.cz\/index.php\/wp-json\/wp\/v2\/pages\/1074","targetHints":{"allow":["GET"]}}],"collection":[{"href":"https:\/\/takpraha.cz\/index.php\/wp-json\/wp\/v2\/pages"}],"about":[{"href":"https:\/\/takpraha.cz\/index.php\/wp-json\/wp\/v2\/types\/page"}],"author":[{"embeddable":true,"href":"https:\/\/takpraha.cz\/index.php\/wp-json\/wp\/v2\/users\/2"}],"replies":[{"embeddable":true,"href":"https:\/\/takpraha.cz\/index.php\/wp-json\/wp\/v2\/comments?post=1074"}],"version-history":[{"count":21,"href":"https:\/\/takpraha.cz\/index.php\/wp-json\/wp\/v2\/pages\/1074\/revisions"}],"predecessor-version":[{"id":8570,"href":"https:\/\/takpraha.cz\/index.php\/wp-json\/wp\/v2\/pages\/1074\/revisions\/8570"}],"wp:attachment":[{"href":"https:\/\/takpraha.cz\/index.php\/wp-json\/wp\/v2\/media?parent=1074"}],"curies":[{"name":"wp","href":"https:\/\/api.w.org\/{rel}","templated":true}]}}