{"id":1258,"date":"2021-11-20T00:34:04","date_gmt":"2021-11-19T23:34:04","guid":{"rendered":"https:\/\/www.takpraha.cz\/wp\/?page_id=1258"},"modified":"2023-03-04T10:19:02","modified_gmt":"2023-03-04T09:19:02","slug":"letni-pantakove-hry","status":"publish","type":"page","link":"https:\/\/takpraha.cz\/index.php\/letni-pantakove-hry\/","title":{"rendered":"Letn\u00ed pantakov\u00e9 hry"},"content":{"rendered":"\n<figure class=\"wp-block-image aligncenter size-full is-resized is-style-default\"><img loading=\"lazy\" decoding=\"async\" src=\"https:\/\/takpraha.cz\/wp-content\/uploads\/2022\/06\/pantakovky-nasivky.gif\" alt=\"\" class=\"wp-image-2710\" width=\"200\" height=\"200\"\/><\/figure>\n\n\n\n<figure class=\"wp-block-table is-style-regular\"><table><thead><tr><th>ID<\/th><th>ROK<\/th><th>M\u00edsto<\/th><th>Po\u0159edatel<\/th><th><\/th><\/tr><\/thead><tbody><tr><td>43.<\/td><td>2022<\/td><td>Sob\u011bslav<\/td><td>V. Jiravov\u00e1, M. Mis\u00edkov\u00e1  \u2013 <a href=\"https:\/\/takpraha.cz\/?p=2836\">informace<\/a><\/td><td><\/td><\/tr><tr><td><\/td><td>2021<\/td><td><\/td><td>z d\u016fvodu pandemie SAR-COV-19 se nekonaly <\/td><td><\/td><\/tr><tr><td>42.<\/td><td>2020<\/td><td>Sob\u011bslav<\/td><td>V. Jiravov\u00e1, M. Mis\u00edkov\u00e1<\/td><td><\/td><\/tr><tr><td>41.<\/td><td>2019<\/td><td>Sob\u011bslav <\/td><td>V. Jiravov\u00e1, M. Mis\u00edkov\u00e1 <\/td><td><\/td><\/tr><tr><td>40.<\/td><td>2018<\/td><td>Sob\u011bslav <\/td><td>V. Jiravov\u00e1, M. Mis\u00edkov\u00e1 <\/td><td><\/td><\/tr><tr><td>39.<\/td><td>2017<\/td><td>Sob\u011bslav <\/td><td>V. Jiravov\u00e1, M. Mis\u00edkov\u00e1 <\/td><td><\/td><\/tr><tr><td>38.<\/td><td>2016<\/td><td>Sob\u011bslav <\/td><td>V. Jiravov\u00e1, M. Mis\u00edkov\u00e1 <\/td><td><\/td><\/tr><tr><td>37.<\/td><td>2015<\/td><td>Sob\u011bslav<\/td><td>V. Jiravov\u00e1, M. Mis\u00edkov\u00e1<\/td><td><\/td><\/tr><tr><td>36.<\/td><td>2014<\/td><td>Sob\u011bslav<\/td><td>V. Jiravov\u00e1, M. Mis\u00edkov\u00e1 <\/td><td><\/td><\/tr><tr><td>35.<\/td><td>2013<\/td><td>Sob\u011bslav<\/td><td>V. Jiravov\u00e1, M. Mis\u00edkov\u00e1 <\/td><td><\/td><\/tr><tr><td>34.<\/td><td>2012<\/td><td>Sob\u011bslav<\/td><td>V. Jiravov\u00e1, M. Mis\u00edkov\u00e1 <\/td><td><\/td><\/tr><tr><td>33.<\/td><td>2011<\/td><td>Sob\u011bslav<\/td><td>V. Jiravov\u00e1, M. Mis\u00edkov\u00e1 <\/td><td><\/td><\/tr><tr><td>32.<\/td><td>2010<\/td><td>Sob\u011bslav<\/td><td>V. Jiravov\u00e1, M. Mis\u00edkov\u00e1 <\/td><td><\/td><\/tr><tr><td>31.<\/td><td>2009<\/td><td>Sob\u011bslav<\/td><td>V. Jiravov\u00e1, M. Mis\u00edkov\u00e1 <\/td><td><\/td><\/tr><tr><td>30.<\/td><td>2008<\/td><td>Sob\u011bslav<\/td><td>V. Jiravov\u00e1, M. Mis\u00edkov\u00e1 <\/td><td><\/td><\/tr><tr><td><\/td><td>2007<\/td><td>nekonaly se <\/td><td><\/td><td><\/td><\/tr><tr><td>29.<\/td><td>2006<\/td><td>Sob\u011bslav<\/td><td>V. Jiravov\u00e1<\/td><td><\/td><\/tr><tr><td>28.<\/td><td>2005<\/td><td>Sob\u011bslav<\/td><td>V. Jiravov\u00e1, DUHA<\/td><td><\/td><\/tr><tr><td>27.<\/td><td>2004<\/td><td>Sob\u011bslav<\/td><td>L. Ledvina<\/td><td><\/td><\/tr><tr><td><\/td><td>2003<\/td><td>nekonaly se <\/td><td><\/td><td><\/td><\/tr><tr><td>26.<\/td><td>2002<\/td><td>Sob\u011bslav<\/td><td>L. Ledvina, M. Valent, DUHA <\/td><td><\/td><\/tr><tr><td>25.<\/td><td>2001<\/td><td>Sob\u011bslav<\/td><td>L. Ledvina, M. Valent, DUHA <\/td><td><\/td><\/tr><tr><td>24.<\/td><td>2000<\/td><td>Sob\u011bslav<\/td><td>L. Ledvina, M. Valent, DUHA <\/td><td><\/td><\/tr><tr><td>23.<\/td><td>1999<\/td><td>Sob\u011bslav<\/td><td>L. Ledvina, M. Valent, DUHA <\/td><td><\/td><\/tr><tr><td>22.<\/td><td>1998<\/td><td>Sob\u011bslav<\/td><td>L. Ledvina, M. Valent, DUHA <\/td><td><\/td><\/tr><tr><td>21.<\/td><td>1997<\/td><td>Sob\u011bslav<\/td><td>L. Ledvina, M. Valent, DUHA <\/td><td><\/td><\/tr><tr><td>20.<\/td><td>1996<\/td><td>Sob\u011bslav<\/td><td>L. Ledvina, M. Valent, DUHA <\/td><td><\/td><\/tr><tr><td>19.<\/td><td>1995<\/td><td>Sob\u011bslav<\/td><td>L. Ledvina, M. Valent, DUHA<\/td><td><\/td><\/tr><tr><td><\/td><td>1994<\/td><td>nekonaly se<\/td><td><\/td><td><\/td><\/tr><tr><td><\/td><td>1993<\/td><td>nekonaly se <\/td><td><\/td><td><\/td><\/tr><tr><td><\/td><td>1992<\/td><td>nekonaly se <\/td><td><\/td><td><\/td><\/tr><tr><td>18.<\/td><td>1991<\/td><td>Dob\u0159ichovice<\/td><td>E. Gr, M. Valent<\/td><td><\/td><\/tr><tr><td>17.<\/td><td>1990<\/td><td>S\u00e1zava (nad S\u00e1zavou) <\/td><td>J, Kostrba, T17<\/td><td><\/td><\/tr><tr><td><\/td><td>1989<\/td><td>nekonaly se <\/td><td><\/td><td><\/td><\/tr><tr><td>16.<\/td><td>1988<\/td><td>S\u00e1zava (nad S\u00e1zavou)<\/td><td>Petr \u0160elelyo, J. Kostrba<\/td><td><\/td><\/tr><tr><td>15.<\/td><td>1987<\/td><td>Sob\u011bslav<\/td><td>L. Hlavat\u00fd<\/td><td><\/td><\/tr><tr><td>14.<\/td><td>1986<\/td><td>Sob\u011bslav<\/td><td>Z. V\u011btrovec, J. Kostrba<\/td><td><\/td><\/tr><tr><td>13.<\/td><td>1985<\/td><td>Sob\u011bslav<\/td><td>I. \u0160vach, J. Kostrba<\/td><td><\/td><\/tr><tr><td>12.<\/td><td>1984<\/td><td>Sob\u011bslav<\/td><td>M. Doucha, J. Kostrba<\/td><td><\/td><\/tr><tr><td>11.<\/td><td>1983<\/td><td>Sob\u011bslav<\/td><td><\/td><td><\/td><\/tr><tr><td>10.<\/td><td>1982<\/td><td>Sob\u011bslav<\/td><td>J. Kostrba, I. Hala\u0161ka<\/td><td><\/td><\/tr><tr><td>9.<\/td><td>1981<\/td><td>Sob\u011bslav<\/td><td>J. Je\u017eek, I. Hala\u0161ka<\/td><td><\/td><\/tr><tr><td>8.<\/td><td>1980<\/td><td>Sob\u011bslav<\/td><td>J. Vlach, J. Rosenauer, \u0160. Re\u017e<\/td><td><\/td><\/tr><tr><td>7.<\/td><td>1979<\/td><td>Sob\u011bslav<\/td><td>A. Balcarov\u00e1, P. a P. \u0160elelyo, \u0160. Re\u017e<\/td><td><\/td><\/tr><tr><td>6.<\/td><td>1978<\/td><td>Sob\u011bslav<\/td><td>J. \u0160kvor, P. Donth, \u0160. Re\u017e<\/td><td><\/td><\/tr><tr><td>5.<\/td><td>1977<\/td><td>Sob\u011bslav<\/td><td>P. Stul\u00edk, \u0160. Re\u017e<\/td><td><\/td><\/tr><tr><td>4.<\/td><td>1976<\/td><td>Sob\u011bslav<\/td><td>V. Lomsk\u00fd, \u0160. Re\u017e, P. Donth<\/td><td><\/td><\/tr><tr><td>3.<\/td><td>1975<\/td><td>Sob\u011bslav<\/td><td>V. Lomsk\u00fd, \u0160. Re\u017e<\/td><td><\/td><\/tr><tr><td>2.<\/td><td>1974<\/td><td>Sob\u011bslav<\/td><td>J. Mudru\u0148ka, A. Rosick\u00fd<\/td><td><\/td><\/tr><tr><td>1.<\/td><td>1973<\/td><td>Sob\u011bslav<\/td><td>J. borovi\u010dka, J. Valda, P. Donth, A. Rosick\u00fd<\/td><td><\/td><\/tr><\/tbody><tfoot><tr><td><strong>ID<\/strong><\/td><td><strong>Rok<\/strong><\/td><td><strong>M\u00edsto<\/strong><\/td><td><strong>Po\u0159adatel<\/strong><\/td><td><\/td><\/tr><\/tfoot><\/table><\/figure>\n","protected":false},"excerpt":{"rendered":"<p>ID ROK M\u00edsto Po\u0159edatel 43. 2022 Sob\u011bslav V. Jiravov\u00e1, M. Mis\u00edkov\u00e1 \u2013 informace 2021 z d\u016fvodu pandemie SAR-COV-19 se nekonaly<\/p>\n","protected":false},"author":2,"featured_media":0,"parent":0,"menu_order":0,"comment_status":"closed","ping_status":"closed","template":"","meta":{"colormag_page_layout":"no_sidebar_full_width","inline_featured_image":false,"ngg_post_thumbnail":0,"footnotes":""},"class_list":["post-1258","page","type-page","status-publish","hentry"],"_links":{"self":[{"href":"https:\/\/takpraha.cz\/index.php\/wp-json\/wp\/v2\/pages\/1258","targetHints":{"allow":["GET"]}}],"collection":[{"href":"https:\/\/takpraha.cz\/index.php\/wp-json\/wp\/v2\/pages"}],"about":[{"href":"https:\/\/takpraha.cz\/index.php\/wp-json\/wp\/v2\/types\/page"}],"author":[{"embeddable":true,"href":"https:\/\/takpraha.cz\/index.php\/wp-json\/wp\/v2\/users\/2"}],"replies":[{"embeddable":true,"href":"https:\/\/takpraha.cz\/index.php\/wp-json\/wp\/v2\/comments?post=1258"}],"version-history":[{"count":9,"href":"https:\/\/takpraha.cz\/index.php\/wp-json\/wp\/v2\/pages\/1258\/revisions"}],"predecessor-version":[{"id":3573,"href":"https:\/\/takpraha.cz\/index.php\/wp-json\/wp\/v2\/pages\/1258\/revisions\/3573"}],"wp:attachment":[{"href":"https:\/\/takpraha.cz\/index.php\/wp-json\/wp\/v2\/media?parent=1258"}],"curies":[{"name":"wp","href":"https:\/\/api.w.org\/{rel}","templated":true}]}}