{"id":1297,"date":"2022-02-02T21:42:19","date_gmt":"2022-02-02T20:42:19","guid":{"rendered":"https:\/\/www.takpraha.cz\/wp\/?page_id=1297"},"modified":"2022-02-02T22:34:01","modified_gmt":"2022-02-02T21:34:01","slug":"akce","status":"publish","type":"page","link":"https:\/\/takpraha.cz\/index.php\/akce\/","title":{"rendered":"Akce"},"content":{"rendered":"\n<p class=\"has-text-align-center has-white-color has-text-color has-background\" style=\"background-color:#6ea4b5\"><strong>Roky, v nich\u017e se konaly prvn\u00ed ro\u010dn\u00edky akc\u00ed TAK,<br>akc\u00ed tzv. pro TAK a akc\u00ed  trasov\u00fdch otev\u0159en\u00fdch i lidem z jin\u00fdch Tras<\/strong><\/p>\n\n\n\n<figure class=\"wp-block-table\"><table><tbody><tr><td>2018<\/td><td>H\u00e9rakleidy<\/td><td><\/td><\/tr><tr><td>2010<\/td><td>Obnoven\u00e9 d\u011btsk\u00e9 Byst\u0159i\u010dky \u2013 Radvanec a Peruc<\/td><td><\/td><\/tr><tr><td>2007<\/td><td>Obnoven\u00e1 ko\u010d\u00e1rkov\u00e1 rallye<\/td><td><\/td><\/tr><tr><td>2004<\/td><td>Cesta jenom tam<\/td><td><\/td><\/tr><tr><td>2000<\/td><td>Shnil\u00e1 j\u00edzda<br>Cyklospanil\u00e1 j\u00edzda Antonie Tykolov\u00e9<\/td><td><\/td><\/tr><tr><td>1999<\/td><td>Jarn\u00ed v\u00fdstup na Velk\u00fd Blan\u00edk<\/td><td><\/td><\/tr><tr><td>1994<\/td><td>Zah\u00e1jen\u00ed cyklosez\u00f3ny<br>Zakon\u010den\u00ed cyklosez\u00f3ny<\/td><td><\/td><\/tr><tr><td>1993<\/td><td>B\u011bstvinsk\u00fd \u010dun\u00edk<\/td><td><\/td><\/tr><tr><td>1991<\/td><td>Lu\u010fkovy Alpy<br>Zp\u00edv\u00e1n\u00ed koled U Apolin\u00e1\u0159e<\/td><td><\/td><\/tr><tr><td>1990<\/td><td>Zimn\u00ed J\u00e1chymov na be\u017ek\u00e1ch<br>Cyklospanil\u00e1 j\u00edzda Anton\u00edna Tykola<\/td><td><\/td><\/tr><tr><td>1989<\/td><td>V\u00edt\u00e1n\u00ed l\u00e9ta<\/td><td><\/td><\/tr><tr><td>1987<\/td><td>V\u00fdlet do 16. stolet\u00ed<\/td><td><\/td><\/tr><tr><td>1986<\/td><td>Stezka \u2026 a p\u016fl<\/td><td><\/td><\/tr><tr><td>1985<\/td><td>Atletick\u00fd v\u00edceboj<\/td><td><\/td><\/tr><tr><td>1980<\/td><td>No\u010dn\u00ed cesta s l\u00e1hv\u00ed obl\u00edben\u00e9ho n\u00e1poje<br>D\u011btsk\u00fd t\u00e1bor v Keblanech<br>St\u0159\u00edbrn\u00e1 harfa<\/td><td><\/td><\/tr><tr><td>1979<\/td><td>Zalo\u017een\u00ed Horood\u00edlu<br>Fort Pishel<br>Lesn\u00ed hry u Zv\u016fle u Kun\u017eaku<\/td><td><\/td><\/tr><tr><td>1978<\/td><td>D\u011btsk\u00e1 Byst\u0159i\u010dka<\/td><td><\/td><\/tr><tr><td>1977<\/td><td>Nora<br>No pasaran<br>Tancova\u010dka<\/td><td><\/td><\/tr><tr><td>1976<\/td><td>Spanil\u00e1 j\u00edzda v Krkono\u0161\u00edch a Jizerk\u00e1ch<br>Sout\u011b\u017e trasov\u00fdch kapel<\/td><td><\/td><\/tr><tr><td>1974<\/td><td>Zimn\u00ed PanTAKov\u00e9 hry v Harrachov\u011b (a taky posledn\u00ed)<\/td><td><\/td><\/tr><tr><td>1973<\/td><td>Letn\u00ed PanTAKov\u00e9 hry v Sob\u011bslavi<br>TAKov\u00fd paras<\/td><td><\/td><\/tr><tr><td>1972<\/td><td>Staro\u010desk\u00fd b\u00e1l v Belvederu<br>Ko\u010d\u00e1rkov\u00e1 rallye<\/td><td><\/td><\/tr><tr><td>1970<\/td><td>DEZOB \u2013 Dezorienta\u010dn\u00ed b\u011bh Prahou<\/td><td><\/td><\/tr><tr><td>1964<\/td><td>Stezka v Krkono\u0161\u00edch, zakon\u010den\u00ed v Harrachov\u011b<\/td><td><\/td><\/tr><\/tbody><\/table><\/figure>\n","protected":false},"excerpt":{"rendered":"<p>Roky, v nich\u017e se konaly prvn\u00ed ro\u010dn\u00edky akc\u00ed TAK,akc\u00ed tzv. pro TAK a akc\u00ed trasov\u00fdch otev\u0159en\u00fdch i lidem z jin\u00fdch<\/p>\n","protected":false},"author":2,"featured_media":0,"parent":0,"menu_order":0,"comment_status":"closed","ping_status":"closed","template":"","meta":{"colormag_page_layout":"right_sidebar","inline_featured_image":false,"ngg_post_thumbnail":0,"footnotes":""},"class_list":["post-1297","page","type-page","status-publish","hentry"],"_links":{"self":[{"href":"https:\/\/takpraha.cz\/index.php\/wp-json\/wp\/v2\/pages\/1297","targetHints":{"allow":["GET"]}}],"collection":[{"href":"https:\/\/takpraha.cz\/index.php\/wp-json\/wp\/v2\/pages"}],"about":[{"href":"https:\/\/takpraha.cz\/index.php\/wp-json\/wp\/v2\/types\/page"}],"author":[{"embeddable":true,"href":"https:\/\/takpraha.cz\/index.php\/wp-json\/wp\/v2\/users\/2"}],"replies":[{"embeddable":true,"href":"https:\/\/takpraha.cz\/index.php\/wp-json\/wp\/v2\/comments?post=1297"}],"version-history":[{"count":11,"href":"https:\/\/takpraha.cz\/index.php\/wp-json\/wp\/v2\/pages\/1297\/revisions"}],"predecessor-version":[{"id":2002,"href":"https:\/\/takpraha.cz\/index.php\/wp-json\/wp\/v2\/pages\/1297\/revisions\/2002"}],"wp:attachment":[{"href":"https:\/\/takpraha.cz\/index.php\/wp-json\/wp\/v2\/media?parent=1297"}],"curies":[{"name":"wp","href":"https:\/\/api.w.org\/{rel}","templated":true}]}}