{"id":1471,"date":"2021-12-09T21:53:13","date_gmt":"2021-12-09T20:53:13","guid":{"rendered":"https:\/\/www.takpraha.cz\/wp\/?page_id=1471"},"modified":"2022-01-13T13:27:31","modified_gmt":"2022-01-13T12:27:31","slug":"ruzne","status":"publish","type":"page","link":"https:\/\/takpraha.cz\/index.php\/ruzne\/","title":{"rendered":"R\u016fzn\u00e9"},"content":{"rendered":"\n<p> Najdeme tu zpr\u00e1vy a odkazy, TAKov\u00fd pelmel p\u0159\u00edb\u011bh\u016f, akc\u00ed, aktovek a ud\u00e1lost\u00ed, pro kter\u00e9 nem\u00e1m\u011b \u0161katulku v hlavn\u00edm menu.   <\/p>\n\n\n\n<div class=\"wp-block-image\"><figure class=\"alignright size-large\"><img loading=\"lazy\" decoding=\"async\" width=\"1024\" height=\"732\" src=\"https:\/\/takpraha.cz\/wp-content\/uploads\/2021\/12\/2020-0300-adopcni-listina-1024x732.png\" alt=\"\" class=\"wp-image-1541\" srcset=\"https:\/\/takpraha.cz\/wp-content\/uploads\/2021\/12\/2020-0300-adopcni-listina-1024x732.png 1024w, https:\/\/takpraha.cz\/wp-content\/uploads\/2021\/12\/2020-0300-adopcni-listina-300x214.png 300w, https:\/\/takpraha.cz\/wp-content\/uploads\/2021\/12\/2020-0300-adopcni-listina-768x549.png 768w, https:\/\/takpraha.cz\/wp-content\/uploads\/2021\/12\/2020-0300-adopcni-listina.png 1214w\" sizes=\"auto, (max-width: 1024px) 100vw, 1024px\" \/><\/figure><\/div>\n\n\n\n<p>Za je\u0161t\u011b v\u011bt\u0161\u00ed sl\u00e1vu TAK<\/p>\n\n\n\n<p>Sponzoring<\/p>\n","protected":false},"excerpt":{"rendered":"<p>Najdeme tu zpr\u00e1vy a odkazy, TAKov\u00fd pelmel p\u0159\u00edb\u011bh\u016f, akc\u00ed, aktovek a ud\u00e1lost\u00ed, pro kter\u00e9 nem\u00e1m\u011b \u0161katulku v hlavn\u00edm menu. Za<\/p>\n","protected":false},"author":2,"featured_media":0,"parent":0,"menu_order":0,"comment_status":"closed","ping_status":"closed","template":"","meta":{"colormag_page_layout":"default_layout","inline_featured_image":false,"ngg_post_thumbnail":0,"footnotes":""},"class_list":["post-1471","page","type-page","status-publish","hentry"],"_links":{"self":[{"href":"https:\/\/takpraha.cz\/index.php\/wp-json\/wp\/v2\/pages\/1471","targetHints":{"allow":["GET"]}}],"collection":[{"href":"https:\/\/takpraha.cz\/index.php\/wp-json\/wp\/v2\/pages"}],"about":[{"href":"https:\/\/takpraha.cz\/index.php\/wp-json\/wp\/v2\/types\/page"}],"author":[{"embeddable":true,"href":"https:\/\/takpraha.cz\/index.php\/wp-json\/wp\/v2\/users\/2"}],"replies":[{"embeddable":true,"href":"https:\/\/takpraha.cz\/index.php\/wp-json\/wp\/v2\/comments?post=1471"}],"version-history":[{"count":10,"href":"https:\/\/takpraha.cz\/index.php\/wp-json\/wp\/v2\/pages\/1471\/revisions"}],"predecessor-version":[{"id":1873,"href":"https:\/\/takpraha.cz\/index.php\/wp-json\/wp\/v2\/pages\/1471\/revisions\/1873"}],"wp:attachment":[{"href":"https:\/\/takpraha.cz\/index.php\/wp-json\/wp\/v2\/media?parent=1471"}],"curies":[{"name":"wp","href":"https:\/\/api.w.org\/{rel}","templated":true}]}}