{"id":1484,"date":"2021-12-09T22:30:40","date_gmt":"2021-12-09T21:30:40","guid":{"rendered":"https:\/\/www.takpraha.cz\/wp\/?page_id=1484"},"modified":"2024-12-31T09:32:12","modified_gmt":"2024-12-31T08:32:12","slug":"za-jeste-vetsi-slavu-tak","status":"publish","type":"page","link":"https:\/\/takpraha.cz\/index.php\/za-jeste-vetsi-slavu-tak\/","title":{"rendered":"Ocen\u011bn\u00ed za je\u0161t\u011b v\u011bt\u0161\u00ed sl\u00e1vu TAKu"},"content":{"rendered":"\n<p>Pod\u011bkov\u00e1n\u00ed vyhla\u0161uje Rada na Valn\u00e9 hromad\u011b klubu a t\u00e9m\u011b\u0159 v\u017edy je pod\u011bkov\u00e1n\u00ed podpo\u0159eno i v\u011bcn\u00fdm darem. N\u00e1vrhy na pod\u011bkov\u00e1n\u00ed a odm\u011bnu m\u016f\u017ee pod\u00e1vat ka\u017ed\u00fd \u010dlen TAKu <a href=\"mailto:rada@takpraha.cz\" target=\"_blank\" rel=\"noreferrer noopener\">Rad\u011b<\/a>.<\/p>\n\n\n\n<p class=\"has-text-align-center\"><strong>2024<\/strong><\/p>\n\n\n\n<figure class=\"wp-block-table\"><table><tbody><tr><td><strong>Ivan \u0160im\u016fnek<\/strong><\/td><td>za pravidelnou IT podporu organiz\u00e1tor\u016f Stezky<\/td><\/tr><tr><td><strong>Andrea \u010capkov\u00e1 Jiravov\u00e1<\/strong><\/td><td>delnou pomoc s grafikou akc\u00ed a podporu p\u0159edtan\u010den\u00ed<\/td><\/tr><tr><td><strong>Petr \u0158eh\u00e1k<\/strong><\/td><td>za organizaci keblansk\u00fdch veter\u00e1n\u016f a p\u00e9\u010di o t\u00e1bo\u0159i\u0161t\u011b mimo sez\u00f3nu<\/td><\/tr><tr><td><strong>Jan Je\u0159\u00e1bek<\/strong><\/td><td>za organizaci keblansk\u00fdch veter\u00e1n\u016f a p\u00e9\u010di o t\u00e1bo\u0159i\u0161t\u011b mimo sez\u00f3nu<\/td><\/tr><\/tbody><\/table><\/figure>\n\n\n\n<p class=\"has-text-align-center\"><strong>2023<\/strong><\/p>\n\n\n\n<figure class=\"wp-block-table\"><table><tbody><tr><td><strong>Veronika Jiravov\u00e1<\/strong><\/td><td>za vzk\u0159\u00ed\u0161en\u00ed a udr\u017eov\u00e1n\u00ed PanTAKovek<\/td><\/tr><tr><td><strong>Monika Sn\u00edtilov\u00e1<\/strong><\/td><td>za vzk\u0159\u00ed\u0161en\u00ed a udr\u017eov\u00e1n\u00ed PanTAKovek<\/td><\/tr><tr><td><strong>Ivan Fridrich<\/strong><\/td><td>za dlouholet\u00e9 po\u0159\u00e1d\u00e1n\u00ed Cesty jenom TAM motor\u00e1\u010dkem Hurv\u00ednek<\/td><\/tr><tr><td><strong>Rudolf Mr\u00e1z<\/strong><\/td><td>za dlouholetou organizaci Shnil\u00fdch j\u00edzd<\/td><\/tr><\/tbody><\/table><\/figure>\n\n\n\n<p class=\"has-text-align-center\"><strong>2022<\/strong><\/p>\n\n\n\n<figure class=\"wp-block-table\"><table><tbody><tr><td><strong>Mirek Dvo\u0159\u00e1k<\/strong><\/td><td>za dlouholetou aktivn\u00ed&nbsp;\u010dinnost pro klub a ud\u011bluje mu \u010cestn\u00e9 uzn\u00e1n\u00ed za je\u0161t\u011b v\u011bt\u0161\u00ed sl\u00e1vu TAKu<\/td><\/tr><tr><td><strong>Tom\u00e1\u0161 Svoboda<\/strong><\/td><td>za aktivn\u00ed p\u0159\u00edstup k&nbsp;po\u0159\u00e1d\u00e1n\u00ed Stezek<\/td><\/tr><\/tbody><\/table><\/figure>\n\n\n\n<p class=\"has-text-align-center\"><strong>2020<\/strong><\/p>\n\n\n\n<figure class=\"wp-block-table\"><table><tbody><tr><td><strong>Ivan Pergler<\/strong><\/td><td>za dvacetilet\u00e9 organizov\u00e1n\u00ed houfce C na Spanil\u00e9 j\u00edzd\u011b a oce\u0148uje jejich dlouholetou aktivn\u00ed horolezeckou \u010dinnost    <\/td><\/tr><tr><td><strong>Jenda Toufar<\/strong><\/td><td>za dvacetilet\u00e9 organizov\u00e1n\u00ed houfce C na Spanil\u00e9 j\u00edzd\u011b a oce\u0148uje jejich dlouholetou aktivn\u00ed horolezeckou \u010dinnost    <\/td><\/tr><\/tbody><\/table><\/figure>\n\n\n\n<p class=\"has-text-align-center\"><strong>2018<\/strong><\/p>\n\n\n\n<figure class=\"wp-block-table\"><table><tbody><tr><td><strong><strong>Ji\u0159\u00ed Rada<\/strong> <\/strong> <\/td><td>za dlouholet\u00e9 organizov\u00e1n\u00ed akce \u201ely\u017ea\u0159sk\u00fd v\u00edkend\u201c v nov\u00e9m M\u011bst\u011b u J\u00e1chymova  <\/td><\/tr><tr><td><strong><strong>Vladim\u00edr \u0160vejda<\/strong> <\/strong> <\/td><td>za dlouholet\u00e9 organizov\u00e1n\u00ed organizov\u00e1n\u00ed akce \u201eJarn\u00ed v\u00fd\u0161lap na Velk\u00fd Blan\u00edk  <\/td><\/tr><\/tbody><\/table><\/figure>\n\n\n\n<p class=\"has-text-align-center\"><strong>2017<\/strong><\/p>\n\n\n\n<figure class=\"wp-block-table\"><table><tbody><tr><td><strong>Petr Lebenhart<\/strong><\/td><td>za nep\u0159etr\u017eit\u00fdch 40 let veden\u00ed Trasy 4  <\/td><\/tr><tr><td><strong>Ladislav Dolej\u0161\u00ed<\/strong><\/td><td>za 66 prodan\u00fdch almanach\u016f  <\/td><\/tr><tr><td><strong>Bed\u0159ich Nov\u00e1k<\/strong><\/td><td>za 25 let po\u0159\u00e1d\u00e1n\u00ed koledov\u00e1n\u00ed v kapli u Apolin\u00e1\u0159e  <\/td><\/tr><\/tbody><\/table><\/figure>\n\n\n\n<p class=\"has-text-align-center\"><strong>2016<\/strong><\/p>\n\n\n\n<figure class=\"wp-block-table\"><table><tbody><tr><td><strong>Jana St\u00e1dn\u00edkov\u00e1<\/strong><\/td><td>za dlouholet\u00e9 veden\u00ed \u00fa\u010detnictv\u00ed<\/td><\/tr><tr><td><strong>Andrea Jiravov\u00e1 \u010capkov\u00e1<\/strong><\/td><td>za podporu vyd\u00e1n\u00ed jubilejn\u00edho almanachu<\/td><\/tr><tr><td><strong>Jana Vorlov\u00e1<\/strong><\/td><td>za dlouholet\u00e9 veden\u00ed webov\u00fdch str\u00e1nek, tvorbu a rozes\u00edl\u00e1n\u00ed Poradn\u00edku a v\u00fdznamn\u00e9ho pod\u00edlu na dokon\u010den\u00ed Almanachu<\/td><\/tr><tr><td><strong>Ivan \u0160im\u016fnek<\/strong><\/td><td>za dlouholet\u00e9 z\u00e1pisy a jejich rozes\u00edl\u00e1n\u00ed z TAKov\u00fdch sch\u016fz\u00ed<\/td><\/tr><\/tbody><\/table><\/figure>\n\n\n\n<!--nextpage-->\n\n\n\n<p class=\"has-text-align-center\"><strong>2014<\/strong><\/p>\n\n\n\n<figure class=\"wp-block-table\"><table><tbody><tr><td><strong>Pavel Stul\u00edk<\/strong><\/td><td>za n\u00e1vrh a zprost\u0159edkov\u00e1n\u00ed um\u00edst\u011bn\u00ed pam\u011btn\u00ed desky k 50. v\u00fdro\u010d\u00ed zalo\u017een\u00ed TAKu v aule \u010cVUT fakult\u011b strojn\u00ed na Karlov\u011b n\u00e1m\u011bst\u00ed<\/td><\/tr><tr><td><strong>Ladislav Dolej\u0161\u00ed<\/strong><\/td><td>za n\u00e1vrh a zprost\u0159edkov\u00e1n\u00ed um\u00edst\u011bn\u00ed pam\u011btn\u00ed desky k 50. v\u00fdro\u010d\u00ed zalo\u017een\u00ed TAKu v aule \u010cVUT fakult\u011b strojn\u00ed na Karlov\u011b n\u00e1m\u011bst\u00ed<\/td><\/tr><tr><td><strong>Vladim\u00edr K\u00e1nsk\u00fd<\/strong><\/td><td>za n\u00e1vrh a zprost\u0159edkov\u00e1n\u00ed um\u00edst\u011bn\u00ed pam\u011btn\u00ed desky k 50. v\u00fdro\u010d\u00ed zalo\u017een\u00ed TAKu v aule \u010cVUT fakult\u011b strojn\u00ed na Karlov\u011b n\u00e1m\u011bst\u00ed<\/td><\/tr><tr><td><strong>Ji\u0159\u00ed \u0160lemr<\/strong><\/td><td>za uskute\u010dn\u011bn\u00fd n\u00e1pad doj\u00edt na 55. Stezku z Prahy do Krkono\u0161 p\u011b\u0161ky a za dlouholetou funkci vodn\u00edka p\u0159i V\u00edt\u00e1n\u00ed l\u00e9ta<\/td><\/tr><\/tbody><\/table><\/figure>\n\n\n\n<p class=\"has-text-align-center\"><strong>2013<\/strong><\/p>\n\n\n\n<figure class=\"wp-block-table\"><table><tbody><tr><td><strong>Libu\u0161e K\u00e1nsk\u00e1<\/strong><\/td><td>\u017ee se velkou m\u011brou zaslou\u017eila o dvacetilet\u00e9 po\u0159\u00e1d\u00e1n\u00ed zp\u00edv\u00e1n\u00ed koled v kapli porodnice U Apolin\u00e1\u0159e<\/td><\/tr><tr><td><strong>Zden\u011bk Moure\u010dek<\/strong><\/td><td>za n\u011bkolikalet\u00e9 zaji\u0161\u0165ov\u00e1n\u00ed stezkov\u00fdch vlak\u016f<\/td><\/tr><\/tbody><\/table><\/figure>\n\n\n\n<p class=\"has-text-align-center\"><strong>2012<\/strong><\/p>\n\n\n\n<figure class=\"wp-block-table\"><table><tbody><tr><td>Trasa 17<\/td><td>za dlouhodobou p\u00e9\u010di o sv\u00e9ho vedouc\u00edho Honzu Ma\u0148\u00e1ka<\/td><\/tr><tr><td>Lubo\u0161 \u010cech<\/td><td>za dlouholet\u00e9 star\u00e1n\u00ed se o t\u00e1borovou louku v Keblanech<\/td><\/tr><\/tbody><\/table><\/figure>\n\n\n\n<p class=\"has-text-align-center\"><strong>2011<\/strong><\/p>\n\n\n\n<figure class=\"wp-block-table\"><table><tbody><tr><td><strong>Petr Lebenhart<\/strong><\/td><td>za dlouholet\u00e9 \u0161\u00e9fov\u00e1n\u00ed Trase 4 \u2013 35 let<\/td><\/tr><tr><td><strong>Ivan Fridrich<\/strong><\/td><td>za dlouholet\u00e9 \u0161\u00e9fov\u00e1n\u00ed Trase 15 \u2013 31 let<\/td><\/tr><tr><td><strong>Petr K\u0159\u00ed\u017e<\/strong><\/td><td>za dlouholet\u00e9 \u0161\u00e9fov\u00e1n\u00ed Trase 18 \u2013 24 let<\/td><\/tr><tr><td><strong>Pavel Stul\u00edk<\/strong><\/td><td>za dlouholet\u00e9 \u0161\u00e9fov\u00e1n\u00ed Trase 1 \u2013 21 let<\/td><\/tr><tr><td><strong>Karel Obdr\u017e\u00e1lek<\/strong><\/td><td>za dlouholet\u00e9 \u0161\u00e9fov\u00e1n\u00ed Trase 2 \u2013 21 let<\/td><\/tr><tr><td><strong>Eva \u0160vestkov\u00e1<\/strong><\/td><td>za dlouholet\u00e9 \u0161\u00e9fov\u00e1n\u00ed Trase 8 \u2013 v\u00edce ne\u017e 21 let<\/td><\/tr><tr><td><strong>Bo\u0159ivoj Proke\u0161<\/strong><\/td><td>za dlouholet\u00e9 \u0161\u00e9fov\u00e1n\u00ed Trase 10 \u2013 v\u00edce ne\u017e 21 let<\/td><\/tr><tr><td><strong>Petr Havr\u00e1nek<\/strong><\/td><td>za dlouholet\u00e9 \u0161\u00e9fov\u00e1n\u00ed Trase 13 \u2013 19 let<\/td><\/tr><tr><td><strong>Vladim\u00edr Roith<\/strong><\/td><td>za dlouholet\u00e9 \u0161\u00e9fov\u00e1n\u00ed Trase 14 \u2013 19 let<\/td><\/tr><tr><td><strong>Ji\u0159\u00ed Valda ml.<\/strong><\/td><td>za dlouholet\u00e9 \u0161\u00e9fov\u00e1n\u00ed Trase 26 \u2013 18 let<\/td><\/tr><tr><td><strong>Lud\u011bk Ledvina<\/strong><\/td><td>za dlouholet\u00e9 \u0161\u00e9fov\u00e1n\u00ed Trase 16 \u2013 17 let<\/td><\/tr><tr><td><strong>Jakub St\u0159\u00edhavka<\/strong><\/td><td>za dlouholetou ob\u011btavou \u010dinnost v TOM odd\u00edlech<\/td><\/tr><tr><td><strong>Tom\u00e1\u0161 St\u0159\u00edhavka<\/strong><\/td><td>za dlouholetou ob\u011btavou \u010dinnost v TOM odd\u00edlech <\/td><\/tr><tr><td><strong>Marcela Mosteck\u00e1<\/strong><\/td><td>zaslou\u017eil\u00e9 stezka\u0159ce a organiz\u00e1torce tancova\u010dek<\/td><\/tr><tr><td><strong>Atletick\u00fd stadion Spartak Sob\u011bslav<\/strong><\/td><td>za dlouholetou podporu p\u0159i po\u0159\u00e1d\u00e1n\u00ed Pantakovek<\/td><\/tr><\/tbody><\/table><\/figure>\n\n\n\n<p class=\"has-text-align-center\"><strong>2010<\/strong><\/p>\n\n\n\n<figure class=\"wp-block-table\"><table><tbody><tr><td><strong>Josef  Soukup<\/strong><\/td><td>hejtmanovi Spanil\u00fdch j\u00edzd za organizaci a udr\u017eov\u00e1n\u00ed skv\u011bl\u00e9 tradice<\/td><\/tr><tr><td><strong>Michla Musil<\/strong><\/td><td>hejtmanovi Spanil\u00fdch j\u00edzd za organizaci a udr\u017eov\u00e1n\u00ed skv\u011bl\u00e9 tradice  <\/td><\/tr><tr><td><strong>Petr Navr\u00e1til<\/strong><\/td><td>hejtmanovi Spanil\u00fdch j\u00edzd za organizaci a udr\u017eov\u00e1n\u00ed skv\u011bl\u00e9 tradice  <\/td><\/tr><tr><td><strong>Tom\u00e1\u0161 rozs\u00edval<\/strong><\/td><td>hejtmanovi Spanil\u00fdch j\u00edzd za organizaci a udr\u017eov\u00e1n\u00ed skv\u011bl\u00e9 tradice <\/td><\/tr><tr><td><strong>Pavel Hrabal<\/strong><\/td><td>hejtmanovi Spanil\u00fdch j\u00edzd za organizaci a udr\u017eov\u00e1n\u00ed skv\u011bl\u00e9 tradice  <\/td><\/tr><tr><td><strong>Ivan Pergler<\/strong><\/td><td>hejtmanovi Spanil\u00fdch j\u00edzd za organizaci a udr\u017eov\u00e1n\u00ed skv\u011bl\u00e9 tradice <\/td><\/tr><tr><td><strong>Jan Toufar<\/strong><\/td><td>hejtmanovi Spanil\u00fdch j\u00edzd za organizaci a udr\u017eov\u00e1n\u00ed skv\u011bl\u00e9 tradice <\/td><\/tr><tr><td><strong>Anton\u00edn Peterka<\/strong><\/td><td>hejtmanovi Spanil\u00fdch j\u00edzd za organizaci a udr\u017eov\u00e1n\u00ed skv\u011bl\u00e9 tradice  <\/td><\/tr><tr><td><strong>Pavel Stul\u00edk<\/strong><\/td><td>hejtmanovi Spanil\u00fdch j\u00edzd za organizaci a udr\u017eov\u00e1n\u00ed skv\u011bl\u00e9 tradice <\/td><\/tr><tr><td><strong>Person\u00e1lu hospody v Nesm\u011bni<\/strong><\/td><td>za dlouholetou p\u00e9\u010di o d\u011btsk\u00e9 t\u00e1born\u00edky v Keblanech<\/td><\/tr><tr><td><strong>Miroslav Hoza<\/strong><\/td><td>za dlouholet\u00e9 po\u0159\u00e1d\u00e1n\u00ed zahradn\u00ed slavnosti V\u00edt\u00e1n\u00ed l\u00e9ta<\/td><\/tr><\/tbody><\/table><\/figure>\n\n\n\n<!--nextpage-->\n\n\n\n<p class=\"has-text-align-center\"><strong>2009<\/strong><\/p>\n\n\n\n<figure class=\"wp-block-table\"><table><tbody><tr><td><strong>Monika Moravcov\u00e1<\/strong><\/td><td>za dlouholet\u00e9 po\u0159\u00e1d\u00e1n\u00ed cyklistick\u00fdch akc\u00ed \u2013 Tykolka a Zakon\u010den\u00ed cyklosez\u00f3ny<\/td><\/tr><tr><td><strong>Karel Moravec<\/strong><\/td><td>za dlouholet\u00e9 po\u0159\u00e1d\u00e1n\u00ed cyklistick\u00fdch akc\u00ed \u2013 Tykolka a Zakon\u010den\u00ed cyklosez\u00f3ny <\/td><\/tr><tr><td><strong>Rudolf Mr\u00e1z<\/strong><\/td><td>za vymy\u0161len\u00ed a n\u00e1sledn\u00e9 po\u0159\u00e1d\u00e1n\u00ed ji\u017e 9. ro\u010dn\u00edku Shnil\u00e9 j\u00edzdy<\/td><\/tr><tr><td><strong>Ond\u0159ej \u0160im\u016fnek a t\u00fdm 30. Lesn\u00edch her<\/strong><\/td><td>za origin\u00e1ln\u00ed p\u0159\u00edstup k jejich organizaci \u2013 n\u011bkolik sc\u00e9nek na r\u016fzn\u00fdch m\u00edstech v Praze a Sob\u011bslavi<\/td><\/tr><tr><td><strong>Mirka Fridrichov\u00e1<\/strong><\/td><td>za mnoho grafick\u00fdch n\u00e1vrh\u016f odznak\u016f pro TAK<\/td><\/tr><tr><td><strong>t\u00fdmu po\u0159adatel\u016f Pantakov\u00fdch her<\/strong><\/td><td>za jejich reinkarnaci<\/td><\/tr><tr><td><strong>redak\u010dn\u00ed rad\u011b Almanachu<\/strong><\/td><td>za vyd\u00e1n\u00ed 3. Almanachu TAK<\/td><\/tr><\/tbody><\/table><\/figure>\n\n\n\n<p class=\"has-text-align-center\"><strong>2008<\/strong><\/p>\n\n\n\n<figure class=\"wp-block-table\"><table><tbody><tr><td><strong>Ji\u0159\u00ed Bendl<\/strong><\/td><td>za dlouholetou p\u00e9\u010di o p\u0159\u00edv\u011bsn\u00fd voz\u00edk a placen\u00ed poplatk\u016f za n\u011bj<\/td><\/tr><tr><td><strong>Miroslav Dvo\u0159\u00e1k<\/strong><\/td><td>za dlouholet\u00e9 veden\u00ed revizn\u00ed komise a kontakt s K\u010cT<\/td><\/tr><tr><td><strong>Ivan Fridrich<\/strong><\/td><td>za po\u0159\u00e1d\u00e1n\u00ed akce Cesta jenom tam<\/td><\/tr><tr><td><strong>Ivan \u0160im\u016fnek<\/strong><\/td><td>za starost o distribu\u010dn\u00ed server a p\u00e9\u010di o internet<\/td><\/tr><tr><td><strong>So\u0148a Va\u0161icov\u00e1<\/strong><\/td><td>za nev\u0161edn\u00ed aktivitu p\u0159i v\u00fdb\u011bru p\u0159\u00edsp\u011bvk\u016f TAK<\/td><\/tr><tr><td><strong>Jana Vorlov\u00e1<\/strong><\/td><td>za veden\u00ed Poradn\u00edku a p\u00e9\u010di o webov\u00e9 str\u00e1nky TAK<\/td><\/tr><\/tbody><\/table><\/figure>\n\n\n\n<p class=\"has-text-align-center\"><strong>2007<\/strong><\/p>\n\n\n\n<figure class=\"wp-block-table\"><table><tbody><tr><td><strong>Veronika jiravov\u00e1<\/strong><\/td><td>za podnikavost a el\u00e1n, se kter\u00fdm realizuje v\u0161echny sv\u00e9 n\u00e1pady pro TAK<\/td><\/tr><tr><td><strong>Ladislav Hlavat\u00fd<\/strong><\/td><td>za odvedenou dlouholetou pr\u00e1ci pro TAK<\/td><\/tr><tr><td><strong>Josef Brz\u00e1k<\/strong><\/td><td>za odvedenou pr\u00e1ci pro TAK v pr\u016fb\u011bhu dvan\u00e1cti let\u00e9ho p\u0159edsednictv\u00ed a za organizov\u00e1n\u00ed Stezek \u2026 a p\u016fl<\/td><\/tr><\/tbody><\/table><\/figure>\n\n\n\n<p class=\"has-text-align-center\"><strong>2006<\/strong><\/p>\n\n\n\n<figure class=\"wp-block-table\"><table><tbody><tr><td>Trasa 12<\/td><td>za zorganizov\u00e1n\u00ed prvn\u00ed zahrani\u010dn\u00ed Stezky v roce 2005 a za to, \u017ee se iniciativn\u011b ujala po\u0159\u00e1d\u00e1n\u00ed Stezky leto\u0161n\u00ed<\/td><\/tr><\/tbody><\/table><\/figure>\n\n\n\n<p class=\"has-text-align-center\"><strong>2005<\/strong><\/p>\n\n\n\n<figure class=\"wp-block-table\"><table><tbody><tr><td><strong>Petr \u0158eh\u00e1k<\/strong><\/td><td>za \u00fadr\u017ebu datab\u00e1ze, pravideln\u00e9 aktualizace a tisk adres\u00e1\u0159\u016f \u010dlen\u016f TAK<\/td><\/tr><tr><td><strong>Jana Vorlov\u00e1<\/strong><\/td><td>za iniciativn\u00ed chopen\u00ed se TAKov\u00fdch webov\u00fdch str\u00e1nek a v\u00fdrazn\u00e9 zlep\u0161en\u00ed jejich \u00farovn\u011b jak po vizu\u00e1ln\u00ed tak obsahov\u00e9 str\u00e1nce<\/td><\/tr><\/tbody><\/table><\/figure>\n\n\n\n<!--nextpage-->\n\n\n\n<p class=\"has-text-align-center\"><strong>2003<\/strong><\/p>\n\n\n\n<figure class=\"wp-block-table\"><table><tbody><tr><td><strong>Lud\u011bk Ledvina<\/strong><\/td><td>za \u0159editelov\u00e1n\u00ed Pantakovk\u00e1m<\/td><\/tr><tr><td><strong>Jan Popel<\/strong><\/td><td>za organizov\u00e1n\u00ed Spanil\u00fdch j\u00edzd<\/td><\/tr><tr><td><strong>Petr Vojt\u011bch<\/strong><\/td><td>za organizov\u00e1n\u00ed Spanil\u00fdch j\u00edzd <\/td><\/tr><\/tbody><\/table><\/figure>\n\n\n\n<p class=\"has-text-align-center\"><strong>2002<\/strong><\/p>\n\n\n\n<figure class=\"wp-block-table\"><table><tbody><tr><td><strong>Josef Havr\u00e1nek<\/strong><\/td><td>za p\u00e9\u010di o Keblany a mnoh\u00e9 z na\u0161ich d\u011bt\u00ed a za v\u011bt\u0161\u00ed sl\u00e1vu TAK<\/td><\/tr><\/tbody><\/table><\/figure>\n\n\n\n<p class=\"has-text-align-center\"><strong>2001<\/strong><\/p>\n\n\n\n<figure class=\"wp-block-table\"><table><tbody><tr><td><strong>Jan Ma\u0148\u00e1k<\/strong><\/td><td>nechal se t\u0159ikr\u00e1t znemo\u017enit od r\u016fzn\u00fdch \u00fa\u0159ednic a nakonec z\u00edskal k\u00fd\u017een\u00fd dokument \u2013 zm\u011bn\u011bn\u00e9 stanovy TAK<\/td><\/tr><\/tbody><\/table><\/figure>\n\n\n\n<p class=\"has-text-align-center\"><strong>2000<\/strong><\/p>\n\n\n\n<figure class=\"wp-block-table\"><table><tbody><tr><td><strong>Petr Kobi\u00e1n<\/strong><\/td><td>za uspo\u0159\u00e1d\u00e1n\u00ed se\u0161losti u p\u0159\u00edle\u017eitosti 20. v\u00fdro\u010d\u00ed t\u00e1bo\u0159en\u00ed v \u010e\u00e1bl\u00edku u Keblan<\/td><\/tr><\/tbody><\/table><\/figure>\n\n\n\n<!--nextpage-->\n\n\n\n<p class=\"has-text-align-center\"><strong>1999<\/strong><\/p>\n\n\n\n<figure class=\"wp-block-table\"><table><tbody><tr><td><strong>Zden\u011bk St\u0159\u00edhavka<\/strong><\/td><td>za dlouholet\u00e9 veden\u00ed d\u011btsk\u00fdch t\u00e1bor\u016f<\/td><\/tr><tr><td><strong>Petr \u0158eh\u00e1k<\/strong><\/td><td>za redakci a vyd\u00e1n\u00ed adres\u00e1\u0159e \u010dlen\u016f TAK<\/td><\/tr><tr><td><strong>Jan Je\u0159\u00e1bek<\/strong><\/td><td>za psan\u00ed a rozes\u00edl\u00e1n\u00ed Poradn\u00edk\u016f<\/td><\/tr><tr><td><strong>Josef Brz\u00e1k<\/strong><\/td><td>za Almanach a sp\u00e1ch\u00e1n\u00ed po\u0159\u00e1dku v \u010dlensk\u00e9 evidenci TAK<\/td><\/tr><\/tbody><\/table><\/figure>\n\n\n\n<p class=\"has-text-align-center\"><strong>1995<\/strong><\/p>\n\n\n\n<figure class=\"wp-block-table\"><table><tbody><tr><td><strong>Josef Havr\u00e1nek<\/strong><\/td><td>za nov\u00e9 stany pro Keblany \u2013 vymyslel, sehnal materi\u00e1l, p\u0159ipravil a zorganizoval v\u00fdrobu, sh\u00e1n\u011bl lidi a spoustu dal\u0161\u00edch v\u011bc\u00ed pro t\u00e1bor<\/td><\/tr><tr><td><strong>Zden\u011bk St\u0159\u00edhavka<\/strong><\/td><td>za nov\u00e9 stany pro Keblany \u2013 vymyslel, sehnal materi\u00e1l, p\u0159ipravil a zorganizoval v\u00fdrobu, sh\u00e1n\u011bl lidi a spoustu dal\u0161\u00edch v\u011bc\u00ed pro t\u00e1bor <\/td><\/tr><\/tbody><\/table><\/figure>\n\n\n\n<p><\/p>\n","protected":false},"excerpt":{"rendered":"<p>Pod\u011bkov\u00e1n\u00ed vyhla\u0161uje Rada na Valn\u00e9 hromad\u011b klubu a t\u00e9m\u011b\u0159 v\u017edy je pod\u011bkov\u00e1n\u00ed podpo\u0159eno i v\u011bcn\u00fdm darem. N\u00e1vrhy na pod\u011bkov\u00e1n\u00ed a<\/p>\n","protected":false},"author":4,"featured_media":0,"parent":0,"menu_order":0,"comment_status":"open","ping_status":"closed","template":"","meta":{"colormag_page_layout":"default_layout","inline_featured_image":false,"ngg_post_thumbnail":0,"footnotes":""},"class_list":["post-1484","page","type-page","status-publish","hentry"],"_links":{"self":[{"href":"https:\/\/takpraha.cz\/index.php\/wp-json\/wp\/v2\/pages\/1484","targetHints":{"allow":["GET"]}}],"collection":[{"href":"https:\/\/takpraha.cz\/index.php\/wp-json\/wp\/v2\/pages"}],"about":[{"href":"https:\/\/takpraha.cz\/index.php\/wp-json\/wp\/v2\/types\/page"}],"author":[{"embeddable":true,"href":"https:\/\/takpraha.cz\/index.php\/wp-json\/wp\/v2\/users\/4"}],"replies":[{"embeddable":true,"href":"https:\/\/takpraha.cz\/index.php\/wp-json\/wp\/v2\/comments?post=1484"}],"version-history":[{"count":23,"href":"https:\/\/takpraha.cz\/index.php\/wp-json\/wp\/v2\/pages\/1484\/revisions"}],"predecessor-version":[{"id":6535,"href":"https:\/\/takpraha.cz\/index.php\/wp-json\/wp\/v2\/pages\/1484\/revisions\/6535"}],"wp:attachment":[{"href":"https:\/\/takpraha.cz\/index.php\/wp-json\/wp\/v2\/media?parent=1484"}],"curies":[{"name":"wp","href":"https:\/\/api.w.org\/{rel}","templated":true}]}}