{"id":1532,"date":"2021-12-10T01:46:53","date_gmt":"2021-12-10T00:46:53","guid":{"rendered":"https:\/\/www.takpraha.cz\/wp\/?page_id=1532"},"modified":"2022-02-15T18:51:27","modified_gmt":"2022-02-15T17:51:27","slug":"sponzoring","status":"publish","type":"page","link":"https:\/\/takpraha.cz\/index.php\/sponzoring\/","title":{"rendered":"Sponzoring"},"content":{"rendered":"\n<div class=\"wp-block-image\"><figure class=\"alignright size-large is-resized\"><img loading=\"lazy\" decoding=\"async\" src=\"https:\/\/takpraha.cz\/wp-content\/uploads\/2021\/12\/2020-0300-adopcni-listina-1024x732.png\" alt=\"\" class=\"wp-image-1541\" width=\"370\" height=\"264\" srcset=\"https:\/\/takpraha.cz\/wp-content\/uploads\/2021\/12\/2020-0300-adopcni-listina-1024x732.png 1024w, https:\/\/takpraha.cz\/wp-content\/uploads\/2021\/12\/2020-0300-adopcni-listina-300x214.png 300w, https:\/\/takpraha.cz\/wp-content\/uploads\/2021\/12\/2020-0300-adopcni-listina-768x549.png 768w, https:\/\/takpraha.cz\/wp-content\/uploads\/2021\/12\/2020-0300-adopcni-listina.png 1214w\" sizes=\"auto, (max-width: 370px) 100vw, 370px\" \/><\/figure><\/div>\n\n\n\n<p><strong>2022<\/strong><br>\u2013 sponzorsk\u00fd dar 5000 K\u010d pro sovici sn\u011b\u017enou pro Zoopark Z\u00e1jezd<\/p>\n\n\n\n<p><strong>2021<\/strong><br>  \u2013 sponzorsk\u00fd dar 3000 K\u010d pro sovici sn\u011b\u017enou pro Zoopark Z\u00e1jezd  <\/p>\n\n\n\n<p><strong>2020<\/strong><br> \u2013 sponzorsk\u00fd dar 3000 K\u010d pro sovici sn\u011b\u017enou pro Zoopark Z\u00e1jezd <\/p>\n\n\n\n<div class=\"wp-block-group is-layout-flow wp-block-group-is-layout-flow\">\n<p><strong>2019 <\/strong><br>\u2013  3000 K\u010d na adopci pu\u0161t\u00edka br\u00fdlat\u00e9ho v pra\u017esk\u00e9 ZOO <br>\u2013  2019 sponzorsk\u00fd dar pro vytvo\u0159en\u00ed nov\u00e9 mapy okol\u00ed t\u00e1bora v Keblanech \u010d\u00e1stkou 21000 K\u010d<\/p>\n<\/div>\n\n\n\n<p><strong>2018<\/strong><br> \u2013 3000 K\u010d na adopci pu\u0161t\u00edka br\u00fdlat\u00e9ho v pra\u017esk\u00e9 ZOO<\/p>\n\n\n\n<p><strong>2017<\/strong><br> \u2013  3000 K\u010d na adopci pu\u0161t\u00edka br\u00fdlat\u00e9ho v pra\u017esk\u00e9 ZOO<\/p>\n\n\n\n<p><strong>2016<\/strong><br> \u2013  3000 K\u010d na adopci pu\u0161t\u00edka br\u00fdlat\u00e9ho v pra\u017esk\u00e9 ZOO<\/p>\n\n\n\n<p><strong>2014 <\/strong><br> \u2013  3000 K\u010d na adopci pu\u0161t\u00edka br\u00fdlat\u00e9ho v pra\u017esk\u00e9 ZOO<\/p>\n\n\n\n<p><strong>2013 <\/strong><br> \u2013  3000 K\u010d na adopci pu\u0161t\u00edka br\u00fdlat\u00e9ho v pra\u017esk\u00e9 ZOO<\/p>\n\n\n\n<figure class=\"wp-block-image size-large\"><img loading=\"lazy\" decoding=\"async\" width=\"1024\" height=\"719\" src=\"https:\/\/takpraha.cz\/wp-content\/uploads\/2021\/12\/2012-0310-pustik-pametni-listina-1024x719.jpg\" alt=\"\" class=\"wp-image-1533\" srcset=\"https:\/\/takpraha.cz\/wp-content\/uploads\/2021\/12\/2012-0310-pustik-pametni-listina-1024x719.jpg 1024w, https:\/\/takpraha.cz\/wp-content\/uploads\/2021\/12\/2012-0310-pustik-pametni-listina-300x211.jpg 300w, https:\/\/takpraha.cz\/wp-content\/uploads\/2021\/12\/2012-0310-pustik-pametni-listina-768x540.jpg 768w, https:\/\/takpraha.cz\/wp-content\/uploads\/2021\/12\/2012-0310-pustik-pametni-listina-1536x1079.jpg 1536w, https:\/\/takpraha.cz\/wp-content\/uploads\/2021\/12\/2012-0310-pustik-pametni-listina-2048x1439.jpg 2048w, https:\/\/takpraha.cz\/wp-content\/uploads\/2021\/12\/2012-0310-pustik-pametni-listina-130x90.jpg 130w\" sizes=\"auto, (max-width: 1024px) 100vw, 1024px\" \/><\/figure>\n\n\n\n<p><strong>2012<\/strong><br> \u2013  3000 K\u010d na adopci pu\u0161t\u00edka br\u00fdlat\u00e9ho v pra\u017esk\u00e9 ZOO  \u2013 valn\u00e1 hromada schv\u00e1lila \u010d\u00e1stku 20000 K\u010d na dobro\u010dinn\u00e9 \u00fa\u010dely<\/p>\n\n\n\n<p><strong>2002<\/strong><br> \u2013 5000 K\u010d jist\u00e9 nesm\u011b\u0148sk\u00e9 nadaci, kter\u00e1 pom\u00e1hala po t\u00e9, co byli Vlci vyplaveni z t\u00e1bora<\/p>\n\n\n\n<p><strong>2001<\/strong><br> \u2013 v\u00fdt\u011b\u017eek z tancova\u010dky v M\u00e1nesu ve v\u00fd\u0161i 10078 K\u010d zasl\u00e1n spole\u010dnosti Arkadie, spole\u010dnost pro komplexn\u00ed p\u00e9\u010di o zdravotn\u011b posti\u017een\u00e9<\/p>\n\n\n\n<p><strong>1995<\/strong><br> \u2013 10000 K\u010d do Fondu ohro\u017een\u00fdch d\u011bt\u00ed a fondu D\u00edt\u011b v nouzi<\/p>\n","protected":false},"excerpt":{"rendered":"<p>2022\u2013 sponzorsk\u00fd dar 5000 K\u010d pro sovici sn\u011b\u017enou pro Zoopark Z\u00e1jezd 2021 \u2013 sponzorsk\u00fd dar 3000 K\u010d pro sovici sn\u011b\u017enou<\/p>\n","protected":false},"author":2,"featured_media":0,"parent":0,"menu_order":0,"comment_status":"closed","ping_status":"closed","template":"","meta":{"colormag_page_layout":"default_layout","inline_featured_image":false,"ngg_post_thumbnail":0,"footnotes":""},"class_list":["post-1532","page","type-page","status-publish","hentry"],"_links":{"self":[{"href":"https:\/\/takpraha.cz\/index.php\/wp-json\/wp\/v2\/pages\/1532","targetHints":{"allow":["GET"]}}],"collection":[{"href":"https:\/\/takpraha.cz\/index.php\/wp-json\/wp\/v2\/pages"}],"about":[{"href":"https:\/\/takpraha.cz\/index.php\/wp-json\/wp\/v2\/types\/page"}],"author":[{"embeddable":true,"href":"https:\/\/takpraha.cz\/index.php\/wp-json\/wp\/v2\/users\/2"}],"replies":[{"embeddable":true,"href":"https:\/\/takpraha.cz\/index.php\/wp-json\/wp\/v2\/comments?post=1532"}],"version-history":[{"count":5,"href":"https:\/\/takpraha.cz\/index.php\/wp-json\/wp\/v2\/pages\/1532\/revisions"}],"predecessor-version":[{"id":2057,"href":"https:\/\/takpraha.cz\/index.php\/wp-json\/wp\/v2\/pages\/1532\/revisions\/2057"}],"wp:attachment":[{"href":"https:\/\/takpraha.cz\/index.php\/wp-json\/wp\/v2\/media?parent=1532"}],"curies":[{"name":"wp","href":"https:\/\/api.w.org\/{rel}","templated":true}]}}