{"id":1877,"date":"2022-01-13T14:12:10","date_gmt":"2022-01-13T13:12:10","guid":{"rendered":"https:\/\/takpraha.cz\/?page_id=1877"},"modified":"2022-02-02T22:36:12","modified_gmt":"2022-02-02T21:36:12","slug":"zanikle-akce","status":"publish","type":"page","link":"https:\/\/takpraha.cz\/index.php\/zanikle-akce\/","title":{"rendered":"Akce zanikl\u00e9"},"content":{"rendered":"\n<div class=\"wp-block-columns is-layout-flex wp-container-core-columns-is-layout-28f84493 wp-block-columns-is-layout-flex\">\n<div class=\"wp-block-column is-layout-flow wp-block-column-is-layout-flow\">\n<p class=\"has-text-align-center has-white-color has-text-color has-background\" style=\"background-color:#6ea4b5\"><strong>ZANIKL\u00c9, NEBO JEDNOR\u00c1ZOV\u00c9 AKCE<\/strong><\/p>\n<\/div>\n<\/div>\n\n\n\n<figure class=\"wp-block-table\"><table><tbody><tr><td><\/td><td><\/td><td><\/td><\/tr><tr><td><\/td><td><\/td><td><\/td><\/tr><tr><td><\/td><td><\/td><td><\/td><\/tr><tr><td>1993<\/td><td>B\u011bstvinsk\u00fd \u010dun\u00edk do r. 1999<\/td><td><\/td><\/tr><tr><td>1990<\/td><td>Zimn\u00ed J\u00e1chymov na be\u017ek\u00e1ch do r. 2019<br>Pra\u017esk\u00e9 podsv\u011bt\u00ed (a je\u0161t\u011b jednou o n\u011bkolik let pozd\u011bji)<\/td><td><\/td><\/tr><tr><td>1985<\/td><td>Atletick\u00fd v\u00edceboj do r. 1988<\/td><td><\/td><\/tr><tr><td>1984<\/td><td>P\u0159\u00edtel vep\u0159e do r. 1987<br>Utajen\u00fd podnik<\/td><td><\/td><\/tr><tr><td>1983<\/td><td>Potopen\u00ed bitevn\u00ed lodi Bismarck<br>Sn\u011bhov\u00e1 bou\u0159e<\/td><td><\/td><\/tr><tr><td>1979<\/td><td>Fort Pishel do r. 1984<\/td><td><\/td><\/tr><tr><td>1978<\/td><td>Cesta na severoz\u00e1pad do r. 1979<\/td><td><\/td><\/tr><tr><td>1977<\/td><td>Nora do r. 2016<br>No pasaran do r. 1986<\/td><td><\/td><\/tr><tr><td>1976<\/td><td>Sout\u011b\u017e trasov\u00fdch kapel do r. 1988<\/td><td><\/td><\/tr><tr><td>1974<\/td><td>Zimn\u00ed PanTAKov\u00e9 hry v Harrachov\u011b, jeden ro\u010dn\u00edk<br>Zlat\u00e1 hore\u010dka<\/td><td><\/td><\/tr><tr><td>1973<\/td><td>Nichtb\u00fcrgerova sout\u011b\u017e<\/td><td><\/td><\/tr><\/tbody><\/table><\/figure>\n","protected":false},"excerpt":{"rendered":"<p>ZANIKL\u00c9, NEBO JEDNOR\u00c1ZOV\u00c9 AKCE 1993 B\u011bstvinsk\u00fd \u010dun\u00edk do r. 1999 1990 Zimn\u00ed J\u00e1chymov na be\u017ek\u00e1ch do r. 2019Pra\u017esk\u00e9 podsv\u011bt\u00ed (a<\/p>\n","protected":false},"author":2,"featured_media":0,"parent":0,"menu_order":0,"comment_status":"closed","ping_status":"closed","template":"","meta":{"colormag_page_layout":"default_layout","inline_featured_image":false,"ngg_post_thumbnail":0,"footnotes":""},"class_list":["post-1877","page","type-page","status-publish","hentry"],"_links":{"self":[{"href":"https:\/\/takpraha.cz\/index.php\/wp-json\/wp\/v2\/pages\/1877","targetHints":{"allow":["GET"]}}],"collection":[{"href":"https:\/\/takpraha.cz\/index.php\/wp-json\/wp\/v2\/pages"}],"about":[{"href":"https:\/\/takpraha.cz\/index.php\/wp-json\/wp\/v2\/types\/page"}],"author":[{"embeddable":true,"href":"https:\/\/takpraha.cz\/index.php\/wp-json\/wp\/v2\/users\/2"}],"replies":[{"embeddable":true,"href":"https:\/\/takpraha.cz\/index.php\/wp-json\/wp\/v2\/comments?post=1877"}],"version-history":[{"count":4,"href":"https:\/\/takpraha.cz\/index.php\/wp-json\/wp\/v2\/pages\/1877\/revisions"}],"predecessor-version":[{"id":2004,"href":"https:\/\/takpraha.cz\/index.php\/wp-json\/wp\/v2\/pages\/1877\/revisions\/2004"}],"wp:attachment":[{"href":"https:\/\/takpraha.cz\/index.php\/wp-json\/wp\/v2\/media?parent=1877"}],"curies":[{"name":"wp","href":"https:\/\/api.w.org\/{rel}","templated":true}]}}