{"id":2795,"date":"2022-06-15T14:23:00","date_gmt":"2022-06-15T12:23:00","guid":{"rendered":"https:\/\/takpraha.cz\/?page_id=2795"},"modified":"2025-11-23T09:19:36","modified_gmt":"2025-11-23T08:19:36","slug":"oddily","status":"publish","type":"page","link":"https:\/\/takpraha.cz\/index.php\/oddily\/","title":{"rendered":"Odd\u00edly"},"content":{"rendered":"\n<p class=\"has-text-align-center has-white-color has-text-color has-background\" style=\"background-color:#6ea4b5\"><strong>Turistick\u00fd odd\u00edl ml\u00e1de\u017ee \u2013 TOM<\/strong><\/p>\n\n\n\n<div class=\"wp-block-columns is-layout-flex wp-container-core-columns-is-layout-28f84493 wp-block-columns-is-layout-flex\">\n<div class=\"wp-block-column is-layout-flow wp-block-column-is-layout-flow\">\n<p class=\"has-text-align-center has-medium-font-size\"><strong>\u010e\u00c1BL\u00cdCI<\/strong><\/p>\n\n\n\n<figure class=\"wp-block-image aligncenter size-full\"><img loading=\"lazy\" decoding=\"async\" width=\"860\" height=\"168\" src=\"https:\/\/takpraha.cz\/wp-content\/uploads\/2022\/06\/header1.jpg\" alt=\"\" class=\"wp-image-2801\" srcset=\"https:\/\/takpraha.cz\/wp-content\/uploads\/2022\/06\/header1.jpg 860w, https:\/\/takpraha.cz\/wp-content\/uploads\/2022\/06\/header1-300x59.jpg 300w, https:\/\/takpraha.cz\/wp-content\/uploads\/2022\/06\/header1-768x150.jpg 768w\" sizes=\"auto, (max-width: 860px) 100vw, 860px\" \/><\/figure>\n<\/div>\n<\/div>\n\n\n\n<div class=\"wp-block-columns is-layout-flex wp-container-core-columns-is-layout-28f84493 wp-block-columns-is-layout-flex\">\n<div class=\"wp-block-column is-vertically-aligned-top is-layout-flow wp-block-column-is-layout-flow\">\n<p class=\"has-text-align-center has-medium-font-size\"><strong>VLCI<\/strong><\/p>\n<\/div>\n<\/div>\n\n\n\n<div class=\"wp-block-columns is-layout-flex wp-container-core-columns-is-layout-28f84493 wp-block-columns-is-layout-flex\">\n<div class=\"wp-block-column is-layout-flow wp-block-column-is-layout-flow\" style=\"flex-basis:100%\">\n<figure class=\"wp-block-image aligncenter size-full is-resized\"><a href=\"https:\/\/vlcikeblany.cz\/\"><img loading=\"lazy\" decoding=\"async\" src=\"https:\/\/takpraha.cz\/wp-content\/uploads\/2023\/03\/Vlci-web-nahled-1-e1678481432711.png\" alt=\"\" class=\"wp-image-3888\" width=\"930\" height=\"176\" srcset=\"https:\/\/takpraha.cz\/wp-content\/uploads\/2023\/03\/Vlci-web-nahled-1-e1678481432711.png 930w, https:\/\/takpraha.cz\/wp-content\/uploads\/2023\/03\/Vlci-web-nahled-1-e1678481432711-300x57.png 300w, https:\/\/takpraha.cz\/wp-content\/uploads\/2023\/03\/Vlci-web-nahled-1-e1678481432711-768x145.png 768w\" sizes=\"auto, (max-width: 930px) 100vw, 930px\" \/><\/a><\/figure>\n<\/div>\n<\/div>\n\n\n\n<div class=\"wp-block-columns is-layout-flex wp-container-core-columns-is-layout-28f84493 wp-block-columns-is-layout-flex\">\n<div class=\"wp-block-column is-layout-flow wp-block-column-is-layout-flow\">\n<p class=\"has-text-align-center has-medium-font-size\"><strong>F\u00c9NIXOV\u00c9<\/strong><\/p>\n\n\n\n<figure class=\"wp-block-image aligncenter size-large\"><a href=\"https:\/\/sites.google.com\/view\/fenixove\/domovsk%C3%A1-str%C3%A1nka\" target=\"_blank\" rel=\"noopener\"><img loading=\"lazy\" decoding=\"async\" width=\"1024\" height=\"210\" src=\"https:\/\/takpraha.cz\/wp-content\/uploads\/2022\/06\/tabor-fenix-logo-1024x210.jpg\" alt=\"\" class=\"wp-image-2804\" srcset=\"https:\/\/takpraha.cz\/wp-content\/uploads\/2022\/06\/tabor-fenix-logo-1024x210.jpg 1024w, https:\/\/takpraha.cz\/wp-content\/uploads\/2022\/06\/tabor-fenix-logo-300x61.jpg 300w, https:\/\/takpraha.cz\/wp-content\/uploads\/2022\/06\/tabor-fenix-logo-768x157.jpg 768w, https:\/\/takpraha.cz\/wp-content\/uploads\/2022\/06\/tabor-fenix-logo-1536x314.jpg 1536w, https:\/\/takpraha.cz\/wp-content\/uploads\/2022\/06\/tabor-fenix-logo.jpg 1647w\" sizes=\"auto, (max-width: 1024px) 100vw, 1024px\" \/><\/a><\/figure>\n<\/div>\n<\/div>\n\n\n\n<div class=\"wp-block-columns is-layout-flex wp-container-core-columns-is-layout-28f84493 wp-block-columns-is-layout-flex\">\n<div class=\"wp-block-column is-layout-flow wp-block-column-is-layout-flow\">\n<p class=\"has-text-align-center has-medium-font-size\"><strong>OLD \u010e\u00c1BL\u00cdCI<\/strong><\/p>\n\n\n\n<figure class=\"wp-block-image size-large\"><a href=\"https:\/\/sites.google.com\/view\/dablici\/home\" target=\"_blank\" rel=\"noopener\"><img loading=\"lazy\" decoding=\"async\" width=\"1024\" height=\"270\" src=\"https:\/\/takpraha.cz\/wp-content\/uploads\/2022\/06\/tabor-old-dablici-1024x270.jpg\" alt=\"\" class=\"wp-image-2814\" srcset=\"https:\/\/takpraha.cz\/wp-content\/uploads\/2022\/06\/tabor-old-dablici-1024x270.jpg 1024w, https:\/\/takpraha.cz\/wp-content\/uploads\/2022\/06\/tabor-old-dablici-300x79.jpg 300w, https:\/\/takpraha.cz\/wp-content\/uploads\/2022\/06\/tabor-old-dablici-768x203.jpg 768w, https:\/\/takpraha.cz\/wp-content\/uploads\/2022\/06\/tabor-old-dablici.jpg 1352w\" sizes=\"auto, (max-width: 1024px) 100vw, 1024px\" \/><\/a><\/figure>\n<\/div>\n<\/div>\n\n\n\n<p>HORO<\/p>\n\n\n\n<p>CYKLO<\/p>\n","protected":false},"excerpt":{"rendered":"<p>Turistick\u00fd odd\u00edl ml\u00e1de\u017ee \u2013 TOM \u010e\u00c1BL\u00cdCI VLCI F\u00c9NIXOV\u00c9 OLD \u010e\u00c1BL\u00cdCI HORO CYKLO<\/p>\n","protected":false},"author":2,"featured_media":0,"parent":0,"menu_order":0,"comment_status":"closed","ping_status":"closed","template":"","meta":{"colormag_page_layout":"right_sidebar","inline_featured_image":false,"ngg_post_thumbnail":0,"footnotes":""},"class_list":["post-2795","page","type-page","status-publish","hentry"],"_links":{"self":[{"href":"https:\/\/takpraha.cz\/index.php\/wp-json\/wp\/v2\/pages\/2795","targetHints":{"allow":["GET"]}}],"collection":[{"href":"https:\/\/takpraha.cz\/index.php\/wp-json\/wp\/v2\/pages"}],"about":[{"href":"https:\/\/takpraha.cz\/index.php\/wp-json\/wp\/v2\/types\/page"}],"author":[{"embeddable":true,"href":"https:\/\/takpraha.cz\/index.php\/wp-json\/wp\/v2\/users\/2"}],"replies":[{"embeddable":true,"href":"https:\/\/takpraha.cz\/index.php\/wp-json\/wp\/v2\/comments?post=2795"}],"version-history":[{"count":10,"href":"https:\/\/takpraha.cz\/index.php\/wp-json\/wp\/v2\/pages\/2795\/revisions"}],"predecessor-version":[{"id":8210,"href":"https:\/\/takpraha.cz\/index.php\/wp-json\/wp\/v2\/pages\/2795\/revisions\/8210"}],"wp:attachment":[{"href":"https:\/\/takpraha.cz\/index.php\/wp-json\/wp\/v2\/media?parent=2795"}],"curies":[{"name":"wp","href":"https:\/\/api.w.org\/{rel}","templated":true}]}}