{"id":286,"date":"2021-02-19T11:37:30","date_gmt":"2021-02-19T10:37:30","guid":{"rendered":"http:\/\/www.takpraha.cz\/wp\/?p=286"},"modified":"2021-02-19T11:54:29","modified_gmt":"2021-02-19T10:54:29","slug":"informace-o-63-stezce","status":"publish","type":"page","link":"https:\/\/takpraha.cz\/index.php\/informace-o-63-stezce\/","title":{"rendered":"Informace o 63. stezce"},"content":{"rendered":"\n<div class=\"wp-block-group\"><div class=\"wp-block-group__inner-container is-layout-flow wp-block-group-is-layout-flow\">\n<h2 class=\"wp-block-heading\">63. STEZKA \u2013 P\u00edsecko \u2013 24. \u2013 28. z\u00e1\u0159\u00ed 2021<\/h2>\n\n\n\n<p>Mil\u00ed Stezka\u0159i,<br>Zakon\u010den\u00ed p\u0159ipravujeme na sv. V\u00e1clava 28. 9. 2021 na P\u00edsecku.<br>Za po\u0159adatelsk\u00fd t\u00fdm Dvac\u00edtky zdrav\u00ed Veronika<\/p>\n<\/div><\/div>\n\n\n\n<p><a href=\"https:\/\/takpraha.cz\/index.php\/2021\/02\/19\/tabu-noclehy-63-stezka\/\" data-type=\"post\" data-id=\"289\">\u00bb Tabu noclehy<\/a><\/p>\n","protected":false},"excerpt":{"rendered":"<p>63. STEZKA \u2013 P\u00edsecko \u2013 24. \u2013 28. z\u00e1\u0159\u00ed 2021 Mil\u00ed Stezka\u0159i,Zakon\u010den\u00ed p\u0159ipravujeme na sv. V\u00e1clava 28. 9. 2021 na<\/p>\n","protected":false},"author":1,"featured_media":0,"parent":0,"menu_order":0,"comment_status":"closed","ping_status":"open","template":"page-templates\/page-without-title.php","meta":{"colormag_page_layout":"default_layout","inline_featured_image":false,"ngg_post_thumbnail":0,"footnotes":""},"class_list":["post-286","page","type-page","status-publish","hentry"],"_links":{"self":[{"href":"https:\/\/takpraha.cz\/index.php\/wp-json\/wp\/v2\/pages\/286","targetHints":{"allow":["GET"]}}],"collection":[{"href":"https:\/\/takpraha.cz\/index.php\/wp-json\/wp\/v2\/pages"}],"about":[{"href":"https:\/\/takpraha.cz\/index.php\/wp-json\/wp\/v2\/types\/page"}],"author":[{"embeddable":true,"href":"https:\/\/takpraha.cz\/index.php\/wp-json\/wp\/v2\/users\/1"}],"replies":[{"embeddable":true,"href":"https:\/\/takpraha.cz\/index.php\/wp-json\/wp\/v2\/comments?post=286"}],"version-history":[{"count":2,"href":"https:\/\/takpraha.cz\/index.php\/wp-json\/wp\/v2\/pages\/286\/revisions"}],"predecessor-version":[{"id":291,"href":"https:\/\/takpraha.cz\/index.php\/wp-json\/wp\/v2\/pages\/286\/revisions\/291"}],"wp:attachment":[{"href":"https:\/\/takpraha.cz\/index.php\/wp-json\/wp\/v2\/media?parent=286"}],"curies":[{"name":"wp","href":"https:\/\/api.w.org\/{rel}","templated":true}]}}