{"id":338,"date":"2021-03-02T11:39:23","date_gmt":"2021-03-02T10:39:23","guid":{"rendered":"https:\/\/www.takpraha.cz\/wp\/?page_id=338"},"modified":"2021-10-18T22:14:37","modified_gmt":"2021-10-18T20:14:37","slug":"historie-stezek-1964-1969","status":"publish","type":"page","link":"https:\/\/takpraha.cz\/index.php\/historie-stezek-1964-1969\/","title":{"rendered":"Historie Stezek 1964\u20131969"},"content":{"rendered":"\n<h2 class=\"wp-block-heading\">Velk\u00e9 Stezky 1964\u20131969<\/h2>\n\n\n\n<h3 class=\"wp-block-heading\" id=\"s1\">1. KRKONO\u0160E | 23.\u201326. 4. 1964 | Harrachov<\/h3>\n\n\n\n<div class=\"wp-block-image is-style-default\"><figure class=\"alignright size-large\"><img loading=\"lazy\" decoding=\"async\" width=\"120\" height=\"97\" src=\"https:\/\/takpraha.cz\/wp-content\/uploads\/2021\/03\/image.jpeg\" alt=\"\" class=\"wp-image-347\"\/><\/figure><\/div>\n\n\n\n<p>1. Harrachov, \u0160pindler\u016fv Ml\u00fdn, Labsk\u00e1 bouda, Dvora\u010dky<br>2. Doln\u00ed Mar\u0161ov, Pomezn\u00ed boudy, Kl\u00ednovka, Labsk\u00e1 bouda<br>3. Svoboda nad \u00dapou, N\u00e1chodsk\u00e1 bouda, \u0160pindler\u016fv Ml\u00fdn, M\u00edse\u010dky<br>4. D\u00edv\u010d\u00ed l\u00e1vky, \u0160pindler\u016fv Ml\u00fdn, Pec pod Sn\u011b\u017ekou, H. Boudy<\/p>\n\n\n\n<h3 class=\"wp-block-heading\" id=\"s2\">2. ORLICK\u00c9 HORY | 8.\u201311. 10. 1964 | Zdobnice<\/h3>\n\n\n\n<div class=\"wp-block-image is-style-default\"><figure class=\"alignright size-large\"><img loading=\"lazy\" decoding=\"async\" width=\"128\" height=\"78\" src=\"https:\/\/takpraha.cz\/wp-content\/uploads\/2021\/03\/image-1.jpeg\" alt=\"\" class=\"wp-image-348\"\/><\/figure><\/div>\n\n\n\n<p>1. Brann\u00e1, Brann\u00e1, Kr\u00e1l\u00edky, Hani\u010dka<br>2. Star\u00e9 M\u011bsto, Doln\u00ed Morava, \u010cih\u00e1k, \u0158\u00ed\u010dky<br>3. Adr\u0161pach, Teplice, N\u00e1chod, De\u0161tn\u00e9<br>4. Adr\u0161pach, Such\u00fd D\u016fl, N\u00e1chod, \u0160erlich<br>5. Jamn\u00e9 nad Orlic\u00ed, Petrovice, Pr. Rokytnice, Zdobnice<br>6. N\u00e1chod, Ole\u0161nice, Orlick\u00e9 Z\u00e1ho\u0159\u00ed, Rokytnice<\/p>\n\n\n\n<h3 class=\"wp-block-heading\" id=\"s3\">3. JIZERSK\u00c9 HORY | 22.\u201325. 4. 1965 | Harrachov<\/h3>\n\n\n\n<div class=\"wp-block-image is-style-default\"><figure class=\"alignright size-large\"><img loading=\"lazy\" decoding=\"async\" width=\"68\" height=\"98\" src=\"https:\/\/takpraha.cz\/wp-content\/uploads\/2021\/03\/image-2.jpeg\" alt=\"\" class=\"wp-image-349\"\/><\/figure><\/div>\n\n\n\n<p>1. Liberec, Filipka, Josef\u016fv d\u016fl, Jizerka<br>2. Liberec, Hejnice, Bed\u0159ichov, Polubn\u00fd&nbsp;<br>3. Pomezn\u00ed b., Pec pod Sn\u011b\u017ekou, \u0160pindler\u016fv Ml\u00fdn, M\u00edse\u010dky<br>4. Harrachov, Fu\u010d\u00edkova bouda, \u017dal\u00fd, Jest\u0159\u00e1b\u00ed bouda<br>5. Liberec, B\u00edl\u00fd kostel, Hejnice, Polubn\u00fd<br>6. Old\u0159ichov, Nov\u00e9 M\u011bsto, Bed\u0159ichov, Tanvald<\/p>\n\n\n\n<h3 class=\"wp-block-heading\" id=\"s4\">4. \u0160UMAVA | 21.\u201324. 10. 1965 | Velhartice<\/h3>\n\n\n\n<div class=\"wp-block-image is-style-default\"><figure class=\"alignright size-large\"><img loading=\"lazy\" decoding=\"async\" width=\"96\" height=\"96\" src=\"https:\/\/takpraha.cz\/wp-content\/uploads\/2021\/03\/image-3.jpeg\" alt=\"\" class=\"wp-image-350\"\/><\/figure><\/div>\n\n\n\n<p>1. Bohuslavice, Horsk\u00e1 Kvilda, Kochanov, M\u016fstek<br>2. Prachatice, Vimperk, Horsk\u00e1 Kvilda, Hartmanice&nbsp;<br>3. Stachy, Ren\u0161tejn, Javorn\u00e1, M\u016fstek<br>4. Vimperk, Horsk\u00e1 Kvilda, Ka\u0161persk\u00e9 Hory, Ftrant. Ves<br>5. Lenora, Horn\u00ed Vltavice, Filipov\u00e1 Hu\u0165, Hartmanice<br>6. Volary, Lipka, Stra\u0161\u00edn, Frant. Vse<br>7. Volary, Z\u00e1to\u0148, Horn\u00ed Kvilda, Su\u0161ice<br>8. Volary, Lenora, Kvilda, Ren\u0161tejn<br>9. Rohanov, Lenora, Modrava, Rej\u0161tejn<br>10. Volary, Vimperk, Stachy, Petrovice<\/p>\n\n\n\n<h3 class=\"wp-block-heading\" id=\"s5\"><strong>5. JESEN\u00cdKY | 21.\u201324. 4. 1966 | Horn\u00ed Brann\u00e1<\/strong><\/h3>\n\n\n\n<div class=\"wp-block-image is-style-default\"><figure class=\"alignright size-large\"><img loading=\"lazy\" decoding=\"async\" width=\"75\" height=\"96\" src=\"https:\/\/takpraha.cz\/wp-content\/uploads\/2021\/03\/image-4.jpeg\" alt=\"\" class=\"wp-image-351\"\/><\/figure><\/div>\n\n\n\n<p>1. Velk\u00e9 Losiny, Paprsek, \u010cesnekova chata, V\u0159esov\u00e1 stud.<br>2. Sobot\u00edn, Sk\u0159\u00edtek, Barborka, \u0160er\u00e1k<br>3. \u010cerven\u00fd Potok, Paprsek, \u0160er\u00e1k, Kouty<br>4. Hanu\u0161ovice, Sk\u0159\u00edtek, \u0160v\u00fdcarka, Ostru\u017en\u00e1<br>5. Lipov\u00e1, Rejv\u00edz, Karlova Stud\u00e1nka, V\u0159esov\u00e1 stud\u00e1nka<br>6. Jesen\u00edk, Vrbno, \u010cerven\u00e9 sedlo, Ramzov\u00e1<br>7. Jind\u0159ichiov, Kouty nad Desnou, Ov\u010d\u00e1rna, V\u0159esov\u00e1 stud\u00e1nka<br>8. Ramzov\u00e1, Kouty n. D., Karlova stud., Rejv\u00edz, \u0160er\u00e1k<\/p>\n\n\n\n<h3 class=\"wp-block-heading\" id=\"s6\">6. KRKONO\u0160E | 3.\u20136. 11. 1966 | Horn\u00ed Mar\u0161ov<\/h3>\n\n\n\n<div class=\"wp-block-image is-style-default\"><figure class=\"alignright size-large\"><img loading=\"lazy\" decoding=\"async\" width=\"67\" height=\"96\" src=\"https:\/\/takpraha.cz\/wp-content\/uploads\/2021\/03\/image-5.jpeg\" alt=\"\" class=\"wp-image-352\"\/><\/figure><\/div>\n\n\n\n<p>1. Doln\u00ed Brann\u00e1, Zvoni\u010dka, Zvoni\u010dka, Vyhl\u00eddka nad Pec\u00ed<br>2. Jilemnice, Starokol\u00ednsk\u00e1, Svat\u00fd Petr, Bob\u00ed louky<br>3. Doln\u00ed Rokytnice, Fu\u010d\u00edkova bouda, V\u00fdrovka, Horn\u00ed Mar\u0161ov<br>4. Harrachov, Horn\u00ed M\u00edse\u010dky, Lu\u010dn\u00ed bouda, Hoffmannova bouda<br>5. Jablonec nad Jizerou, \u0160pindler\u016fv Ml\u00fdn, Pec pod Sn\u011b\u017ekou, Pomez\u00ed<br>6. Harrachov, Staroslezsk\u00e1 bouda, St\u0159echa Akad., Horn\u00ed Mal\u00e1 \u00dapa<br>7. Jablonec na. J., Harrachov, \u0160pindler\u016fv Ml\u00fdn, Pes pod Sn\u011b\u017ekou<br>8. Horn\u00ed Brann\u00e1, M\u00edse\u010dky, \u0160pindler\u016fv Ml\u00fdn, Pec pod Sn\u011b\u017ekou<br>9. Svoboda, V\u00fdrovka, Fu\u010d\u00edkovy boudy, Pomez\u00ed<br>10. Svoboda, Pomezn\u00ed boudy, \u0160pindler\u016fv Ml\u00fdn, chata Na vyhl\u00eddce<br>11. Svoboda, Friesovky, Friesovky, Pomez\u00ed<\/p>\n\n\n\n<h3 class=\"wp-block-heading\" id=\"s7\">7. VYSO\u010cINA | 13.\u201316. 4. 1967 | P\u0159edhrad\u00ed<\/h3>\n\n\n\n<div class=\"wp-block-image is-style-default\"><figure class=\"alignright size-large\"><img loading=\"lazy\" decoding=\"async\" width=\"128\" height=\"57\" src=\"https:\/\/takpraha.cz\/wp-content\/uploads\/2021\/03\/image-6.jpeg\" alt=\"\" class=\"wp-image-353\"\/><\/figure><\/div>\n\n\n\n<p>1. Hlinsko, Cikh\u00e1j, Pust\u00e1 Rybn\u00e1, Budislav<br>2. \u017dd\u00edrec, Str\u017eanov, Sn\u011b\u017en\u00e9, \u010cachnov<br>3. Hlinsko, T\u0159i studn\u011b, Milovy, Prose\u010d<br>4. \u017dd\u00edrec, Karlov, Sn\u011b\u017en\u00e9, Krouna<br>5. Hlinsko, Svratka, Sp\u011blkov, Prose\u010d<br>6. Hlinsko, \u0160krdlovice, Her\u00e1lec, Budislav<br>7. \u017dd\u00edrec, \u017d\u010f\u00e1r nad S\u00e1zavou, Svratka, Pol\u00e1nka<br>8. \u017d\u010f\u00e1rec u Sk., Prose\u010d, K\u0159i\u017e\u00e1nky, Kameni\u010dky<br>9. Hlinsko, Kameni\u010dky, Budislav, Her\u00e1lec<br>10. \u017dd\u00edrec, Ra\u010d\u00edn, Svratka, Bor<br>11. Hlinsko, Pust\u00e1 Rybn\u00e1, Fry\u0161ava, Her\u00e1lec<br>12. Skute\u010d, Krouna, Svratouch, K\u0159\u00ed\u017eov\u00e1&nbsp;<\/p>\n\n\n\n<h3 class=\"wp-block-heading\" id=\"s8\"><strong>8. D\u011a\u010c\u00cdNSKO | 26.\u201329. 10. 1967 | Tol\u0161tejn<\/strong><\/h3>\n\n\n\n<div class=\"wp-block-image is-style-default\"><figure class=\"alignright size-large\"><img loading=\"lazy\" decoding=\"async\" width=\"49\" height=\"97\" src=\"https:\/\/takpraha.cz\/wp-content\/uploads\/2021\/03\/image-7.jpeg\" alt=\"\" class=\"wp-image-354\"\/><\/figure><\/div>\n\n\n\n<p>1. H\u0159ensko, Doubice, L\u00edska, Horn\u00ed Sv\u011btl\u00e1 u Podlu\u017e\u00ed<br>2. Vesel\u00fd p. R., R\u016f\u017eov\u00e1, V. L\u00edpa, Ji\u0159et\u00edn<br>3. \u010cesk\u00e1 Kamenice, Mezn\u00e1, Studen\u00fd, Na v\u00fdslun\u00ed<br>4. Telnice, Sn\u011b\u017en\u00edk, Doln\u00ed \u017eleb, Na v\u00fdslun\u00ed<br>5. D\u011b\u010d\u00edn, H\u0159ensko, Jet\u0159ichovice, Ch\u0159ibsk\u00e1<br>6. D\u011b\u010d\u00edn, Doln\u00ed \u017dleb, Jet\u0159ichovice, Ch\u0159ibsk\u00e1<br>7. Rybni\u0161t\u011b, Brtn\u00edky, H\u0159ensko, Ch\u0159ibsk\u00e1<br>8. \u010cesk\u00e1 Kamenice, Doubice, Doln\u00ed Sv\u011btl\u00e1 p. L., Kytlice<br>9. D\u011b\u010d\u00edn, Mezn\u00e1, \u010c. Kamenice, Ch\u0159ibsk\u00e1<br>10. D\u011b\u010d\u00edn, Sn\u011b\u017en\u00edk, Mezn\u00ed Louka, Doubice<br>11. \u010c. Kamenice, Jet\u0159ichovice, Kamenick\u00fd \u0160enov, Kr\u00e1sn\u00e1 L\u00edpa<br>12. Vesel\u00ed p. R., Jet\u0159ichovice, Jet\u0159ichovice, Kytlice<\/p>\n\n\n\n<h3 class=\"wp-block-heading\" id=\"s9\">9. CHODSKO | 25.\u201328. 4. 1968 | R\u00fdzmberk nad Kdyn\u00ed<\/h3>\n\n\n\n<div class=\"wp-block-image is-style-default\"><figure class=\"alignright size-large\"><img loading=\"lazy\" decoding=\"async\" width=\"128\" height=\"66\" src=\"https:\/\/takpraha.cz\/wp-content\/uploads\/2021\/03\/image-8.jpeg\" alt=\"\" class=\"wp-image-355\"\/><\/figure><\/div>\n\n\n\n<p>1. Star\u00e9 Sedli\u0161t\u011b, Smolov, Chodov, Nov\u00e1 Ves<br>2. Doma\u017elice, Pase\u010dnice, Pase\u010dnice, Oprechtice<br>3. T\u0159emo\u0161n\u00e1, Bezv\u011brov, Bybylon, Nov\u00e1 Ves<br>4. Doma\u017elice, Babylon, Kdyn\u011b, Kor\u00e1b<br>5. \u017delezn\u00e1 Ruda, Jelen\u00ed Lhota, Starec, Pelechy<br>6. P\u0159imda, Pivo\u0148, Babylon, H\u00e1jek<br>7. Poc\u00ednovice, Kdyn\u011b, Babylon, Kdyn\u011b<br>8. T\u0159eme\u0161n\u00e1, T\u0159eme\u0161n\u00e1, Pivo\u0148, Pase\u010dnice<br>9. \u0160pi\u010d\u00e1k, Hojsova Str\u00e1\u017e, N\u00fdrsko, Kdyn\u011b<br>10. Doma\u017elice, \u010cesk\u00e1 Kubice, H\u00e1jek, Lou\u010d\u00edm<br>11. \u0160pi\u010d\u00e1k, Hojsova Str\u00e1\u017e, Poc\u00ednovice, N\u011bm\u010dice<br>12. Doma\u017elice, Kout, Kor\u00e1b, Kdyn\u011b<br>13. Milav\u010de, Klen\u010d\u00ed, V\u0161eruby, Poc\u00ednovice<\/p>\n\n\n\n<h3 class=\"wp-block-heading\" id=\"s10\">10. BESKYDY | 7.\u201310. 11. 1968 | Fr\u00fddlant nad Ostravic\u00ed<\/h3>\n\n\n\n<div class=\"wp-block-image is-style-default\"><figure class=\"alignright size-large\"><img loading=\"lazy\" decoding=\"async\" width=\"75\" height=\"96\" src=\"https:\/\/takpraha.cz\/wp-content\/uploads\/2021\/03\/image-9.jpeg\" alt=\"\" class=\"wp-image-356\"\/><\/figure><\/div>\n\n\n\n<p>1. Fren\u0161t\u00e1t pod Radho\u0161t\u011bm, Gr\u016f\u0148, T\u0159e\u0161t\u00edn, Tane\u010dnice<br>2. Marti\u0148\u00e1k, \u0160varn\u00e1 Hanka, Lys\u00e1 hora<br>3. Vep\u0159ovice, Pustevny, Gr\u016f\u0148, Lys\u00e1 hora<br>4. \u010celadn\u00e1, Star\u00e9 Hamry, Ostravsk\u00e1 bouda<br>5. T\u0159e\u0161t\u00edk, Horn\u00ed Be\u010dva, Radegast<br>6. Hlavat\u00e1, Kone\u010dn\u00e1, Gr\u016f\u0148<br>7. Ro\u017enov pod Radho\u0161t\u011bm, R\u00e1ztoka, Zavadilka, Ostravice<br>8. Ro\u017enov pod Radho\u0161t\u011bm, T\u0159e\u0161t\u00edk, Visolaje, Ostravice<br>9. Fren\u0161t\u00e1t pod Radho\u0161t\u011bm, T\u0159e\u0161t\u00edk, Star\u00e9 Hamry, Ostravice<br>10. Ve\u0159ovice, Ro\u017enov pod Radho\u0161t\u011bm, Pustevny, Pstru\u017e\u00ed<br>11. Fren\u0161t\u00e1t pod Radho\u0161t\u011bm, Star\u00e9 Hamry, Star\u00e9 Hamry, Ostravice<br>12. Trojanovice, Radho\u0161\u0165, R\u00e1ztoka, Pustevny<br>13. Hlavat\u00e1, Kone\u010dn\u00e1, Ostravice<\/p>\n\n\n\n<h3 class=\"wp-block-heading\" id=\"s11\">11. JI\u017dN\u00cd \u010cECHY | 24.\u201327. 4. 1969 | D\u00edv\u010d\u00ed K\u00e1men<\/h3>\n\n\n\n<div class=\"wp-block-image is-style-default\"><figure class=\"alignright size-large\"><img loading=\"lazy\" decoding=\"async\" width=\"56\" height=\"96\" src=\"https:\/\/takpraha.cz\/wp-content\/uploads\/2021\/03\/image-10.jpeg\" alt=\"\" class=\"wp-image-357\"\/><\/figure><\/div>\n\n\n\n<p>1. Nov\u00e9 Hrady, L\u00ed\u010dov, Silni\u010dn\u00ed Domky, \u010cernice<br>2. Lipno, Ro\u017emberk nad Vltavou, Po\u0159e\u0161inec, Plav<br>3. Kaplice, Doln\u00ed Dvo\u0159i\u0161t\u011b, Z\u00e1to\u0148, R\u00e1jov<br>4. Rybn\u00edk, Lipno, Slavkov, Kle\u0165<br>5. Bor\u0161ov, \u0158\u00edmov, \u010cesk\u00fd Krumlov, K\u0159em\u017ee<br>6. Nov\u00e9 Hrady, Bene\u0161ov nad \u010cernou, \u0158\u00edmov, K\u00e1jov<br>7. Vele\u0161\u00edn, Kaplice, Ro\u017emberk nad Vltavou, \u010cesk\u00fd Krumlov<br>8. Vy\u0161\u0161\u00ed Brod, \u010cernice, K\u0159em\u017ee, \u0158\u00edmov<br>9. Borovany, Slav\u010de, Kaplice, Zahr\u00e1dky<br>10. Rybn\u00edk, Frymburk, Sv\u011btl\u00edk, \u010cesk\u00fd Krumlov<br>11. Vy\u0161\u0161\u00ed Brod, Sv\u011btl\u00edk, Kle\u0165, Bor\u0161ov<br>12. \u010cesk\u00e9 Bud\u011bjovice, Lip\u00ed, K\u0159em\u017ee, Chlum<br>13. Trocnov, Kaplice, Ro\u017emit\u00e1l, K\u00e1jov<\/p>\n\n\n\n<figure class=\"wp-block-embed aligncenter is-type-video is-provider-youtube wp-block-embed-youtube wp-embed-aspect-4-3 wp-has-aspect-ratio\"><div class=\"wp-block-embed__wrapper\">\n<iframe loading=\"lazy\" title=\"11.STEZKA-7.TRASA-1969\" width=\"800\" height=\"600\" src=\"https:\/\/www.youtube.com\/embed\/Bwom6tyIf5A?feature=oembed\" frameborder=\"0\" allow=\"accelerometer; autoplay; clipboard-write; encrypted-media; gyroscope; picture-in-picture; web-share\" allowfullscreen><\/iframe>\n<\/div><\/figure>\n\n\n\n<h3 class=\"wp-block-heading\" id=\"s12\">12. \u0161lo se individu\u00e1ln\u011b po tras\u00e1ch | podzim 1969<\/h3>\n\n\n\n<div class=\"wp-block-image is-style-default\"><figure class=\"alignright size-large\"><img loading=\"lazy\" decoding=\"async\" width=\"80\" height=\"96\" src=\"https:\/\/takpraha.cz\/wp-content\/uploads\/2021\/03\/image-11.jpeg\" alt=\"\" class=\"wp-image-358\"\/><\/figure><\/div>\n\n\n\n<p>1. Nejdek, Mari\u00e1nsk\u00e1 bouda<br>2. Brdy: Velk\u00fd Chlum, Kyt\u00edn<br>3. Z\u00e1to\u0148, Horn\u00ed Vltavice, Zadov, Rej\u0161tejn, Nemilkov<br>4. \u0160pi\u010d\u00e1k<br>5. Stredn\u00e1 Rev\u00faca, Smrekovica, Luboch\u0148a<br>6. Teplice nad Metuj\u00ed, Adr\u0161pach, \u010cesk\u00e1 Skalice, \u00dapice<br>7. K\u00e1rov, Ohrobec<br>8. Kraslice, Horn\u00ed Blatn\u00e1, Kl\u00ednovec, P\u0159\u00edse\u010dnice<br>9. Ji\u010d\u00edn, Troskovice, Turnov<br>10. Vesel\u00e9 pod Rab., Jet\u0159ichovice, V\u0161emily, Kytlice<br>11. Nov\u00e9 M\u011bsto nad Metuj\u00ed, Mart\u00ednkovice, Hv\u011bzda, K\u0159imice<br>12. Broumov, K\u0159imice, Hv\u011bzda, \u017d\u010f\u00e1r<br>13. \u010cer\u010dany, S\u00e1zava nad S\u00e1zavou, \u010cesk\u00fd \u0160ternberk \u00a0<\/p>\n\n\n\n<div class=\"wp-block-buttons is-layout-flex wp-block-buttons-is-layout-flex\">\n<div class=\"wp-block-button\"><a class=\"wp-block-button__link\" href=\"https:\/\/takpraha.cz\/index.php\/historie-stezek-1970-1979\/\">1970\u20131979 \u00bb<\/a><\/div>\n<\/div>\n","protected":false},"excerpt":{"rendered":"<p>Velk\u00e9 Stezky 1964\u20131969 1. KRKONO\u0160E | 23.\u201326. 4. 1964 | Harrachov 1. Harrachov, \u0160pindler\u016fv Ml\u00fdn, Labsk\u00e1 bouda, Dvora\u010dky2. Doln\u00ed Mar\u0161ov,<\/p>\n","protected":false},"author":2,"featured_media":0,"parent":0,"menu_order":1,"comment_status":"closed","ping_status":"closed","template":"page-templates\/page-without-title.php","meta":{"colormag_page_layout":"default_layout","inline_featured_image":false,"ngg_post_thumbnail":0,"footnotes":""},"class_list":["post-338","page","type-page","status-publish","hentry"],"_links":{"self":[{"href":"https:\/\/takpraha.cz\/index.php\/wp-json\/wp\/v2\/pages\/338","targetHints":{"allow":["GET"]}}],"collection":[{"href":"https:\/\/takpraha.cz\/index.php\/wp-json\/wp\/v2\/pages"}],"about":[{"href":"https:\/\/takpraha.cz\/index.php\/wp-json\/wp\/v2\/types\/page"}],"author":[{"embeddable":true,"href":"https:\/\/takpraha.cz\/index.php\/wp-json\/wp\/v2\/users\/2"}],"replies":[{"embeddable":true,"href":"https:\/\/takpraha.cz\/index.php\/wp-json\/wp\/v2\/comments?post=338"}],"version-history":[{"count":13,"href":"https:\/\/takpraha.cz\/index.php\/wp-json\/wp\/v2\/pages\/338\/revisions"}],"predecessor-version":[{"id":1094,"href":"https:\/\/takpraha.cz\/index.php\/wp-json\/wp\/v2\/pages\/338\/revisions\/1094"}],"wp:attachment":[{"href":"https:\/\/takpraha.cz\/index.php\/wp-json\/wp\/v2\/media?parent=338"}],"curies":[{"name":"wp","href":"https:\/\/api.w.org\/{rel}","templated":true}]}}