{"id":41,"date":"2021-11-18T14:14:00","date_gmt":"2021-11-18T13:14:00","guid":{"rendered":"http:\/\/www.takpraha.cz\/wp\/?page_id=41"},"modified":"2021-11-26T22:53:37","modified_gmt":"2021-11-26T21:53:37","slug":"brief-history-of-tak","status":"publish","type":"page","link":"https:\/\/takpraha.cz\/index.php\/brief-history-of-tak\/","title":{"rendered":"Brief history of TAK"},"content":{"rendered":"\n<figure class=\"wp-block-image alignfull size-full\"><img loading=\"lazy\" decoding=\"async\" width=\"881\" height=\"18\" src=\"https:\/\/takpraha.cz\/wp-content\/uploads\/2021\/11\/linka-modra.png\" alt=\"\" class=\"wp-image-1323\" srcset=\"https:\/\/takpraha.cz\/wp-content\/uploads\/2021\/11\/linka-modra.png 881w, https:\/\/takpraha.cz\/wp-content\/uploads\/2021\/11\/linka-modra-300x6.png 300w, https:\/\/takpraha.cz\/wp-content\/uploads\/2021\/11\/linka-modra-768x16.png 768w\" sizes=\"auto, (max-width: 881px) 100vw, 881px\" \/><\/figure>\n\n\n\n<div class=\"wp-block-media-text alignwide is-stacked-on-mobile\"><figure class=\"wp-block-media-text__media\"><img loading=\"lazy\" decoding=\"async\" width=\"820\" height=\"620\" src=\"https:\/\/takpraha.cz\/wp-content\/uploads\/2021\/11\/160508118.jpg\" alt=\"\" class=\"wp-image-1063 size-full\" srcset=\"https:\/\/takpraha.cz\/wp-content\/uploads\/2021\/11\/160508118.jpg 820w, https:\/\/takpraha.cz\/wp-content\/uploads\/2021\/11\/160508118-300x227.jpg 300w, https:\/\/takpraha.cz\/wp-content\/uploads\/2021\/11\/160508118-768x581.jpg 768w\" sizes=\"auto, (max-width: 820px) 100vw, 820px\" \/><\/figure><div class=\"wp-block-media-text__content\">\n<h6 class=\"wp-block-heading\"><strong><span style=\"color:#6ea4b5\" class=\"has-inline-color\">What is Stezka (Path)<\/span><\/strong><\/h6>\n\n\n\n<p>\u00bb Answer to the call of the wild<br>\u00bb Hope, love and belief<br>\u00bb Physical exertion and spiritual uplifting<br>\u00bb Joy of the sun and rain<br>\u00bb Social event<br>\u00bb Stress for the kidneys and vocal cords<br>\u00bb Burst of anything<br>\u00bb Medicine against pessimism<br>\u00bb Return to the depths of student&#8217;s soul<br>\u00bb Sleeping bag, hiking boots and guitar<br>\u00bb Drained purse<br>\u00bb Source of friends<br>\u00bb Beautifully served toil<\/p>\n\n\n\n<p><\/p>\n<\/div><\/div>\n\n\n\n<blockquote class=\"wp-block-quote is-layout-flow wp-block-quote-is-layout-flow\"><p>STEZKA cannot be described in words, you must experience it!<\/p><\/blockquote>\n\n\n\n<h5 class=\"wp-block-heading\"><strong><span style=\"color:#6ea4b5\" class=\"has-inline-color\">Some History<\/span><\/strong><\/h5>\n\n\n\n<p>It is the beginning of the 60&#8217;s, students start their studies at the Faculty of Mechanical Engineering of the Prague Technical Institute. The Cold War is thawing. Here we can find the roots of what was called later the &#8222;D\u00e9tente&#8220;.<\/p>\n\n\n\n<p>In these events are caught the non-resident boys in the Hl\u00e1vkova and Podolsk\u00e1 Student Hostel. From one day to the next in the big city, alone for everything, from filling one&#8217;s stomach to ten exams of the first year. They soak up the atmosphere of the theatre &#8222;Semafor&#8220;, of the beerhouse &#8222;U Flek\u016f&#8220;, they dance, play football and marriage. Next year they find old and new friends in the pub &#8222;Na Sibi\u0159i&#8220;. Life is not only struggle, but also search for and creation of joy.br&gt;In autumn 1962 things get moving, when the Czech-Polish Convention on Small-Scale Border Contacts is concluded and a few friends leave for the unknown to the jubilee &#8222;X. Og\u00f3lnopolski rajd studentski&#8220;. Beautiful atmosphere, unknown until that time, drives boys into action also at home, but the initiative of their final years ends with their diploma. In autumn 1963 there is another rally, the third rally in which our students participate. A few groups are formed, going together to the mountains. Under the auspices of \u010cSM (the Czechoslovak Union of Youth) they reach a good position at the Faculty and are invited to the Dean&#8217;s College, Tonda Rosick\u00fd as a representative of the class, Va\u0161ek Kobylka as deputy chairman of the Faculty Committee, and establish close contracts with the Student Hostel Council in Podol\u00ed. The post-rally initiative is taken over by Honza Nov\u00e1k. Also other people come to the meetings at the Podol\u00ed Student Hostel, to see their acquaintances from the rallies. We agree upon the principles of the activities and formal organization of the club. We accept the name &#8222;Tourist Academic Club&#8220; (TAK) (according to the Polish &#8222;Akademicki klub turystyczny&#8220; &#8211; AKT). In 1964 the Faculty Committee of the Czechoslovak Union of Youth approves the articles of association of TAK. The first event is organized in spring 1964 in the Krkono\u0161e Mountains and here Jen\u00edk first pronounces the word &#8222;STEZKA&#8220; (path). At that time we have also some money to deposit on our own account. The first four Routes begin their activities.<\/p>\n\n\n\n<h5 class=\"wp-block-heading\"><strong><span style=\"color:#6ea4b5\" class=\"has-inline-color\">Search For An Identity<\/span><\/strong><\/h5>\n\n\n\n<p>The first period of TAK activities is considerably influenced by the Polish example. We maintain very close friendly relations with the students of the Wroclaw Polytechnic. We draw on the advice and experience of Francek Kawcy\u0148ski, Marek Wilczy\u0148ski and the legendary girl Jagoda.<\/p>\n\n\n\n<p>The organization of the first Paths does not cause any problems, since few people take part in the event. Accommodation is arranged personally, correspondence and agreements are on the blank forms of the Faculty Committee, it is not necessary to order train. Most often we use the night train &#8222;Flamendr expres&#8220;, the legendary train leaving around midnight from the now non-existing railway station Praha -T\u011b\u0161nov.<\/p>\n\n\n\n<p>Badges are a problem. Owing to the small series, the production of badges at Znak is expensive and thus we use the faculty workshops &#8211; three half-days of work and enthusiasm of each of us.<br>The weather for the first Path is not good, but the Path reaches the highest density of mechanical engineers per one square meter &#8211; 116 persons and knapsacks in the Krkono\u0161e Mountains.&nbsp;<br>The fame of the first Path spreads quickly and brings its fruit. A loan of the Student Hostel Council changes into a subsidy, there is a display case with TAK&#8217;s advertising material in the Charles Square, the Student Hostel Council lends us a basement room for a clubroom and the first Prague people not residing in the student hostel are coming to the meetings. From Route No. 1 there separates Route No. 5, from Route No. 4 Route No.6.<\/p>\n\n\n\n<p>The first DEZOB in 1968 is called &#8222;Disorienteering Run through Night Prague&#8220;, later we accept its translation as &#8222;Disorienteering Run to the Lesser Town&#8220;. February 24, 1970 sees the approval of the application for transfer to \u010cTO (Czech Union of Tourists), so that our name is TJ TAK. There follows the first cooperation with NOHYB (established in 1969) and the title &#8222;Model Group&#8220;. In 1972 we organize the first ball at \u017dof\u00edn in Prague. There arises the basis of PANTAKOVKY and the first event of that name takes place in Sob\u011bslav in 1973. With our first babies there comes the first pram rally, also in 1973. The first &#8222;BORDER RAID OF THE HUSSITE ARMY&#8220; takes place in 1976 in the Krkono\u0161e Mountains and Jizersk\u00e9 Mountains. There follow two Routes of cross-country skiers against each other and also the first ROUTE BANDS Competition, each year with a guest (M\u00edle, Chudinkov\u00e9 W. Ryvola). In winter 1977 we organize the first NORA (den) (winter weekend with accommodation in the open, on the snow). Our children are growing and since 1978 there exist &#8222;Byst\u0159i\u010dky&#8220; (Smarties) (summer camp for children and their parents), since 1980 &#8222;\u010e\u00e1bl\u00edk&#8220; (Little Devil) (summer camp), children&#8217;s trips and other TOM activities (Youth Tourist Group within TJ TAK, established in 1978).<br>&nbsp; In 1979 Tom\u00e1\u0161 H\u00e4ckl becomes chairman of TAK and we organize the first Route Bands Competition. In 1980 we organize the first FOREST GAMES. The competitions change each year, but &#8222;Dr. Vo\u0161t\u011bp&#8220;, &#8222;Prometheus&#8216; Regatta&#8220; (impressive night race with burning torches) and the &#8222;Night Hunt&#8220; become classics. Since 1987 we organize &#8222;WELCOMING SUMMER&#8220; in the Prague park Vojanovy sady every year. It is a meeting of Route Bands and goodies, mostly also of good weather.<\/p>\n\n\n\n<blockquote class=\"wp-block-quote is-style-default is-layout-flow wp-block-quote-is-layout-flow\"><p>&#8230;.The beautiful event we are talking about is called STEZKA &#8211; for many years, when I pronounce this word, I get pleasantly excited &#8211; it is the excitement experienced only by young men before their first date.<\/p><cite><strong>Ing. J. Koz\u00e1k<\/strong><\/cite><\/blockquote>\n\n\n\n<p><\/p>\n","protected":false},"excerpt":{"rendered":"<p>What is Stezka (Path) \u00bb Answer to the call of the wild\u00bb Hope, love and belief\u00bb Physical exertion and spiritual<\/p>\n","protected":false},"author":2,"featured_media":0,"parent":0,"menu_order":0,"comment_status":"closed","ping_status":"closed","template":"","meta":{"colormag_page_layout":"default_layout","inline_featured_image":false,"ngg_post_thumbnail":0,"footnotes":""},"class_list":["post-41","page","type-page","status-publish","hentry"],"_links":{"self":[{"href":"https:\/\/takpraha.cz\/index.php\/wp-json\/wp\/v2\/pages\/41","targetHints":{"allow":["GET"]}}],"collection":[{"href":"https:\/\/takpraha.cz\/index.php\/wp-json\/wp\/v2\/pages"}],"about":[{"href":"https:\/\/takpraha.cz\/index.php\/wp-json\/wp\/v2\/types\/page"}],"author":[{"embeddable":true,"href":"https:\/\/takpraha.cz\/index.php\/wp-json\/wp\/v2\/users\/2"}],"replies":[{"embeddable":true,"href":"https:\/\/takpraha.cz\/index.php\/wp-json\/wp\/v2\/comments?post=41"}],"version-history":[{"count":10,"href":"https:\/\/takpraha.cz\/index.php\/wp-json\/wp\/v2\/pages\/41\/revisions"}],"predecessor-version":[{"id":1422,"href":"https:\/\/takpraha.cz\/index.php\/wp-json\/wp\/v2\/pages\/41\/revisions\/1422"}],"wp:attachment":[{"href":"https:\/\/takpraha.cz\/index.php\/wp-json\/wp\/v2\/media?parent=41"}],"curies":[{"name":"wp","href":"https:\/\/api.w.org\/{rel}","templated":true}]}}