{"id":422,"date":"2021-03-04T18:29:51","date_gmt":"2021-03-04T17:29:51","guid":{"rendered":"https:\/\/www.takpraha.cz\/wp\/?page_id=422"},"modified":"2023-03-10T20:40:32","modified_gmt":"2023-03-10T19:40:32","slug":"historie-trasy-ctyri","status":"publish","type":"page","link":"https:\/\/takpraha.cz\/index.php\/historie-trasy-ctyri\/","title":{"rendered":"Historie Trasy \u010cty\u0159i"},"content":{"rendered":"\n<h2 class=\"wp-block-heading\">Historie Trasy \u010cty\u0159i<\/h2>\n\n\n\n<p class=\"has-text-align-center\"><strong>Jak to v\u0161echno za\u010dalo&#8230;<\/strong><br>Vzpom\u00ednkov\u00fd text pro 1. TAKov\u00fd almanach napsan\u00fd n\u011bkdy v roce 1983\/4 (k dvacetilet\u00ed TAKu) m\u00edrn\u011b dopln\u011bn\u00fd n\u011bkolika pozn\u00e1mkami v roce 2008<\/p>\n\n\n\n<p>&nbsp; &nbsp; Na po\u010d\u00e1tku jsme byli u toho &#8211; tedy 1. Stezka Krkono\u0161e jaro 1964. Mezi zakladatele pat\u0159\u00ed Miki Schwertner, Jan \u010capek a ur\u010dit\u011b \u0159ada dal\u0161\u00edch, kte\u0159\u00ed se na mne na\u0161tvou. Vedouc\u00edm a\u017e do 6. Stezky byl Miki, na 7.- 9. Stezce Pepa Obrhel, na 10. Venca Zyk\u00e1n a Lud\u011bk B\u00e1rtl (Vobr\u00e1zek), od 11. do 15. Lud\u011bk B\u00e1rtl a pak je\u0161t\u011b na podzim 1972 soukrom\u00e1 stezka, Jirka \u0160kvor (Kn\u00edr\u00e1\u010d) od 16. do 17. Stezky, Vlast\u00edk Pa\u0159\u00edzek (Bund\u00e1\u0161) do 19. Stezky a od n\u00ed a\u017e dosud Petr Lebenhart (Mal\u00fd Pet\u0159\u00edk).<br>&nbsp; &nbsp; Pam\u011btn\u00edk 1. Stezky je u\u017e mezi n\u00e1m jen jeden &#8211; Tonda \u0160ach, ale ten ji tenkr\u00e1t \u0161el s dvojkou. 2. Stezku se \u010dty\u0159kou pamatuj\u00ed Magda Sou\u010dkov\u00e1 a Ji\u0159ka Kunzov\u00e1, od 3. Stezky se \u010dty\u0159kou jezd\u00ed Mira Malcov\u00e1.<br>&nbsp; &nbsp; Pozn. Magda Sou\u010dkov\u00e1, sestra spoluzakladatele 4.trasy &#8211; Honzy \u010capka, chodila do roku 1972 se \u010dty\u0159kou, kdy se &#8222;provdala&#8220; na jeden\u00e1ctku, po \u00farazu nohy s TAKem na Korsice &#8222;pajdala&#8220; na Stezk\u00e1ch s r\u016fzn\u00fdmi trasami a posledn\u00ed l\u00e9ta se vyskytuje na jedni\u010dce. Ji\u0159ina Kunzov\u00e1 (tehdy \u017divn\u00e1) se dnes jmenuje \u0160ancov\u00e1 a po letech odmlky snad zase chod\u00ed na sleziny se sedmi\u010dkou nebo dev\u00edtkou?? Mimochodem na zm\u00edn\u011bnou Stezku za n\u00ed co host m\u011bl dojet \u0160erlok. Mira &#8222;Maminka&#8220; Malcov\u00e1 zem\u0159ela nedlouho po sv\u00e9 pades\u00e1tce v roce 1997&#8230;<br>&nbsp; &nbsp; Jak \u0161el \u010das zakladatel\u00e9 stroja\u0159i dostudovali a odch\u00e1zeli z Prahy. V l\u00e9tech 1967-68 nastal jak\u00fdsi exodus ze \u010dty\u0159ky na jin\u00e9 trasy.<br>&nbsp; &nbsp; (Pozn. : V roce 2008 se d\u00e1 ji\u017e napsat, \u017ee dosti lid\u00ed taky emigrovalo).<br>&nbsp; &nbsp; V\u0161e se upravilo kolem 10. Stezky, trasa se za\u010dala p\u0159em\u011b\u0148ovat na ekonomickou. Za\u010dali p\u0159ich\u00e1zet ekonomov\u00e9 z Jarova .- parta kolem Vobr\u00e1zka a F\u00fazyho &#8211; Petra Malce. 13. a 15. Stezka znamenala dal\u0161\u00ed p\u0159\u00edsun lid\u00ed z p\u0159\u00edrodov\u011bdy, elektrotechniky a pr\u00e1v. Kn\u00edr\u00e1\u010d se nau\u010dil na kytaru a p\u0159ivedl kolegy muzikanty z Albertova.<br>&nbsp; &nbsp; Velice v\u00fdznamn\u00e1 byla 16. Stezka, kdy se \u010dty\u0159ka nap\u0159ed vz\u00e1jemn\u011b nah\u00e1zela do potoka a pak vyhr\u00e1la zakon\u010den\u00ed &#8211; tam se asi upevnila nyn\u011bj\u0161\u00ed parta. Na mal\u00e9 Stezce v Adr\u0161pachu se dotvo\u0159ila kapela, basu osobn\u011b koupil Vl\u00e1\u010fa Nosek &#8211; a hr\u00e1lo se fest. S Bund\u00e1\u0161em a jeho kamar\u00e1dy proniklo na trasu i jak\u00e9si trampsk\u00e9 podhoub\u00ed, jezdilo se na vandry a hr\u00e1l se Ryvola a Pacifik. Kooptovali jsme i kus osady Alabama, \u010d\u00edm\u017e jsme m\u011bli za kamar\u00e1dy trampy &#8211; a v TAKu zlidov\u011bla p\u00edse\u0148 o &#8222;pr\u00e1ci, kter\u00e1 je nejv\u011bt\u0161\u00ed nebezpe\u010d\u00ed&#8220;. Taky se chodily d\u00e1lkov\u00e9 pochody. To byly v\u011bt\u0161ina lid\u00ed svobodn\u00fdch a d\u011bti se daly spo\u010d\u00edtat na prstech. Kolem roku 1977 se do TAKu za\u010dali hl\u00e1sit \u010dty\u0159kov\u00ed lid\u00e9 a \u010dty\u0159ka se za\u010dala v\u00edce zaj\u00edmat o TAKov\u00e9 d\u011bn\u00ed. Na trase za\u010dala svatba st\u00edhat svatbu, \u010dasu za\u010dalo b\u00fdt m\u00e9n\u011b. V roce 1980 n\u00e1m zbourali Viktorku (Pozn. : M\u00edstn\u00ed hospoda na stadionu na \u017di\u017ekov\u011b &#8211; dlouhodob\u00e9 m\u00edsto trasov\u00fdch slezin) a trvalo skoro jeden a p\u016fl roku, ne\u017e jsme zase zakotvili. Nyn\u00ed je stav d\u00e1 se \u0159\u00edci a\u017e moc setrval\u00fd.<br>&nbsp; &nbsp; V sou\u010dasn\u00e9 dob\u011b je v adres\u00e1\u0159i cca 90 pom\u011brn\u011b &#8222;\u017eiv\u00fdch&#8220; lid\u00ed, s t\u011bmi, kte\u0159\u00ed se objev\u00ed 1-2x za rok na Stezce \u010di na PTH je n\u00e1s kolem stovky. Dnes jezd\u00ed na Stezky kolem 80 lid\u00ed. Siln\u00e9 mimopra\u017esk\u00e9 sekce s\u00eddl\u00ed v Py\u0161el\u00edch a v \u00dast\u00ed nad Labem, \u0159ada dal\u0161\u00edch je roztrou\u0161ena po cel\u00fdch \u010cech\u00e1ch &#8211; Hradec Kr\u00e1lov\u00e9, Liberec, Brand\u00fds atd.<br>&nbsp; &nbsp; Vysoko\u0161kol\u00e1ci maj\u00ed p\u0159evahu, hlavn\u011b ekonomov\u00e9 p\u0159ed elektrotechniky a stroja\u0159i a chemiky obou \u0161kol. Zastoupena je i medic\u00edna, pedagogov\u00e9, filosofie, FTVS, stava\u0159i, zem\u011bd\u011blci, pr\u00e1vn\u00edci. Asi t\u0159etina trasy jsou st\u0159edo\u0161kol\u00e1ci, last but not least i d\u011bln\u00edci. Jsou mezi n\u00e1mi i \u010dty\u0159i studenti (z toho dva p\u0159ed ukon\u010den\u00edm) a jezd\u00ed s n\u00e1mi i jedna nast\u00e1vaj\u00edc\u00ed babi\u010dka. Svobodn\u00fdch lid\u00ed z\u016fstalo dvacet, ka\u017ed\u00fd t\u0159et\u00ed na trase je bu\u010f svobodn\u00fd nebo rozveden\u00fd. Sou\u010dasn\u00fd v\u011bkov\u00fd pr\u016fm\u011br je 32 let, d\u011bt\u00ed je celkem asi sedmdes\u00e1t.<br>&nbsp; &nbsp; M\u00e1me historick\u00fd p\u016fvodn\u00ed prapor trasy &#8211; p\u016fvodn\u00ed. Vzhledem ke zte\u0159elosti je v\u0161ak rozvinov\u00e1n pouze na zakon\u010den\u00ed Stezek, b\u011b\u017en\u011b chod\u00edme s jeho kopi\u00ed. Dr\u017e\u00edme tradice a lp\u00edme na tane\u010dc\u00edch. Nem\u00e1me mal\u00fdch ani pidi-Stezek- i ty soukrom\u00e9, trasov\u00e9 podnik\u00e1me nejm\u00e9n\u011b na t\u0159i noclehy (ale u\u017e taky na p\u011bt). Cel\u00e9 trasov\u00e9 Stezky se z\u00fa\u010dast\u0148uje kolem 30 lid\u00ed. Moc si zakl\u00e1d\u00e1me na Val\u010d\u00edku na rozlou\u010denou v kruhu spojen\u00fdch dlan\u00ed p\u0159i lou\u010den\u00ed na n\u00e1dra\u017e\u00ed. Mezi v\u00fdznamn\u00e9 po\u010diny (aspo\u0148 si to o nich mysl\u00edme) pat\u0159\u00ed zejm\u00e9na: Na ko\u010d\u00e1\u0159e p\u0159ivezla trasa svou kapelu a vedouc\u00edho na zakon\u010den\u00ed 16. Stezky. V roce 1973 jsme na jedn\u00e9 Stezce nalezli griotku a nechali ji zlidov\u011bt. Na ja\u0159e 1977 jsem vyjeli na soukromou Stezku do Slovensk\u00e9ho Rudoho\u0159\u00ed &#8211; mimochodem velmi \u00fasp\u011b\u0161nou a v l\u00e9t\u011b v\u00fdprava Argonaut\u016f sjela durch S\u00e1zavu z K\u00e1cova do \u010cer\u010dan v historick\u00fdch \u00faborech. Snad jsme taky p\u0159isp\u011bli k pos\u00edlen\u00ed pantakov\u00e9ho ducha podniky, otev\u0159en\u00fdmi i pro jin\u00e9 trasy (Ft. Pishel, volejbalov\u00fd turnaj &#8222;O velkou cenu 4. trasy&#8220;), Zapomenout nelze ani na kapelu R.C. Folk, kter\u00e1 ovliv\u0148ovala a ovliv\u0148uje muzic\u00edrov\u00e1n\u00ed na trase. T\u0159eba p\u0159ipomenout i dv\u011b zakon\u010den\u00ed na Stezce, kter\u00e1 jsme zaji\u0161\u0165ovali. (Pozn.: \u0160lo o 21. Stezku T\u0159ebo\u0148sko jaro 1979 &#8211; rybn\u00edk Ro\u017emberk a 24. Stezku Plze\u0148 jih jaro 1982 &#8211; Velhartice).<br>&nbsp; &nbsp; M\u00e1me i sportovce, nev\u00e1haj\u00edc\u00ed se zni\u010dit pro sl\u00e1vu trasy. Na LPH jsou v\u00fdborn\u00e9 oba fotb\u00e1lky, d\u00e1my a d\u00edvky byly n\u011bkolikr\u00e1t p\u0159ebornicemi, o \u0161pici bojuje volejbal, boduj\u00ed \u0161tafety a i kvalitn\u00ed yalmara. Jednotlivci z trasy n\u011bkolikr\u00e1t vyhr\u00e1li v\u00edceboje. U\u017e t\u0159ikr\u00e1t jsme vyhr\u00e1li Lau\u0159\u00ed poh\u00e1r pro nejlep\u0161\u00ed trasu na LPH.<br>&nbsp; &nbsp; Na ja\u0159e 1974 jsme m\u011bli soukromou Stezku v \u010cesk\u00e9m r\u00e1ji se spole\u010dn\u00fdm noclehem s 5. trasou. V\u016fbec s p\u011btkou n\u00e1s poj\u00ed jak\u00e9si spojenectv\u00ed, dan\u00e9 spole\u010dn\u00fdm n\u00e1zorem na dost v\u011bc\u00ed i spole\u010dn\u00fdmi p\u00edsni\u010dkami (&#8222;45,45&#8220;). Bl\u00edzko m\u00e1me i k trase \u0161estn\u00e1ct\u00e9, jedn\u00edm z po\u010d\u00e1tk\u016f sbl\u00ed\u017een\u00ed byla i spole\u010dn\u00e1 \u00fa\u010dast na Haltrav\u011b (Pozn.: \u0160lo o p\u0159eslesn\u00ed b\u011bh s n\u00e1zvem &#8222;B\u011bh osvobozen\u00ed Chodska&#8220; &#8211; co\u017e v t\u00e9 dob\u011b bylo docela drz\u00e9).<br>&nbsp; &nbsp; M\u00e1me i sv\u00e9 mal\u00e9ry &#8211; mezi nejpam\u011btihodn\u011bj\u0161\u00ed pat\u0159\u00ed pe\u010den\u00ed ku\u0159ete v rezervaci u Vydry a zastaven\u00ed stezkov\u00e9ho vlaku na 20. Stezce. Chyb\u00ed n\u00e1m v\u00edce mlad\u00e9 krve a v\u00edce trasov\u00fdch akc\u00ed pro d\u011bti.<br>&nbsp; &nbsp; Jak\u00e1 jsme trasa ? Vyrovnan\u00e1, v\u00edcem\u00e9n\u011b uzav\u0159en\u00e1 spole\u010dnost, tr\u00e1v\u00edc\u00ed spolu p\u0159ev\u00e1\u017enou \u010d\u00e1st voln\u00e9ho \u010dasu. Sch\u00e1z\u00edme se krom Stezek a jin\u00fdch podnik\u016f t\u00e9\u017e na akc\u00edch weekendov\u00fdch (hlavn\u011b ti svobodn\u00ed \u010di jinak voln\u00ed), na volejbale a fotbale ka\u017ed\u00fd t\u00fdden a ka\u017edou st\u0159edu na slezin\u011b. Na sleziny chod\u00ed tak kolem t\u0159iceti lid\u00ed, v\u011bt\u0161inou se hraje, n\u011bkdy jen tak kec\u00e1, n\u011bkdy oboj\u00ed dohromady. Ob\u010das se prom\u00edt\u00e1 film \u010di diapozitivy z cest. N\u00e1v\u0161t\u011bvy z ostatn\u00edch tras p\u0159ij\u00edm\u00e1me r\u00e1di, pokud jich nen\u00ed 20 ks, sal\u00f3nek je mal\u00fd (Pozn. : Chodili jsme na Komutovku v \u0158eho\u0159ov\u011b ulici na \u017di\u017ekov\u011b). Proto\u017ee je n\u00e1s moc, zakr\u00e1tko bychom se neve\u0161li na Stezce do \u017e\u00e1dn\u00e9ho noclehu, proto nov\u00e9 lidi na trasu p\u0159ij\u00edm\u00e1me opatrn\u011b. Osou stezkov\u00fdch ve\u010der\u016f je kapela, kter\u00e1 je p\u0159es rok roztrou\u0161en\u00e1 po cel\u00fdch \u010cech\u00e1ch, na Stezku se tedy muzikanti sj\u00ed\u017ed\u011bj\u00ed pat\u0159i\u010dn\u011b &#8222;nadr\u017een\u00ed&#8220; a hraje se nad\u0161en\u011b. N\u011bkdy se d\u00e1 dohromady a\u017e 17\u010dlenn\u00e9 t\u011bleso a stezkov\u00fd ve\u010der p\u0159ech\u00e1z\u00ed v tane\u010dn\u00ed z\u00e1bavu a \u010dasem v r\u00e1no.<br>&nbsp; &nbsp; Romantikou jsme v\u011bt\u0161inou na\u010dichl\u00ed, na Stezce jsou lidi nad\u0161eni z piknik\u016f v p\u0159\u00edrod\u011b, nejl\u00e9pe kolem ohn\u011b s kapelou, p\u00edsni\u010dkami, ku\u0159etem v Seton-Neck\u00e1\u0159ov\u011b hrnci a vhodn\u00fdm n\u00e1pojem v lahvi. Dost \u010dty\u0159kov\u00fdch lid\u00ed se dostalo aktivn\u011b k trampingu, vypl\u00fdv\u00e1 z toho z\u00e1liba v &#8222;drsn\u00fdch podnic\u00edch&#8220;, jsou-li na\u010dichl\u00e9 aspo\u0148 trochu srandou. (Obliba Lesn\u00edch her, Nory apod. je na trase zna\u010dn\u00e1). Organizuje i pro TAKovou ve\u0159ejnost (Utajen\u00fd podnik, Bismarck). Hospod\u00e1m se nevyh\u00fdb\u00e1me, zejm\u00e9na kdy\u017e v nich m\u016f\u017eeme hr\u00e1t a zp\u00edvat, maj\u00ed tam dobr\u00e9 pivo a griotku.<br>&nbsp; &nbsp; M\u00e1me r\u00e1di vandry, \u010dili \u010dundry pod \u0161ir\u00e1k, a\u0165 u\u017e v r\u00e1mci dovolen\u00e9 v l\u00e9t\u011b, o weekendu v listopadu \u010di v prosinci (Pozn.: \u0158\u00edkalo se tomu &#8222;Drsnej vandr&#8220;). Pronikli jsme i do zahrani\u010dn\u00edch horstev, trasov\u00e9 expedice nav\u0161t\u00edvily Fagara\u0161, Retezat, Rodnei, Rilu, Julsk\u00e9 Alpy, Proklet\u00e9 hory, t\u0159\u00ed\u010dlenn\u00fd team p\u0159e\u0161el i Korsiku. Pozn. V Almanachu se pozapomn\u011blo na n\u011bkolik expedic do dunajsk\u00e9 delty.<br>&nbsp; &nbsp; Z 1.Almanachu opsal a n\u011bkolika pozn\u00e1mkami doplnil MaPe a malinko \u0160\u00edma.&nbsp;<\/p>\n\n\n\n<figure class=\"wp-block-image aligncenter size-large\"><img loading=\"lazy\" decoding=\"async\" width=\"500\" height=\"338\" src=\"https:\/\/takpraha.cz\/wp-content\/uploads\/2021\/03\/image-15.jpeg\" alt=\"\" class=\"wp-image-424\" srcset=\"https:\/\/takpraha.cz\/wp-content\/uploads\/2021\/03\/image-15.jpeg 500w, https:\/\/takpraha.cz\/wp-content\/uploads\/2021\/03\/image-15-300x203.jpeg 300w\" sizes=\"auto, (max-width: 500px) 100vw, 500px\" \/><\/figure>\n\n\n\n<p><strong>P\u0159\u00edsp\u011bvek o trase, kter\u00fd byl publikov\u00e1n ve 2. Almanachu TAKu koncem XX. stolet\u00ed&#8230;.<br>&nbsp; &nbsp;&nbsp;<\/strong>Za t\u0159in\u00e1ct let od prvn\u00edho Almanachu p\u00e1nsk\u00e1 \u010d\u00e1st \u010dty\u0159ky v\u00fdrazn\u011b pro\u0161ediv\u011bla a zt\u011b\u017ekla. D\u00e1msk\u00e1 polovina je st\u00e1le stejn\u011b kr\u00e1sn\u00e1, jako byla v\u017edycky. Pr\u016fm\u011brn\u00fd v\u011bk se ji\u017e v\u00fdrazn\u011b p\u0159ekulil p\u0159es \u010dty\u0159ic\u00edtku. Dosa\u017een\u00ed t\u00e9to v\u011bkov\u00e9 hranice znamenalo pro jubiluj\u00edc\u00edho \u010dty\u0159ka\u0159e(ku) p\u0159evzet\u00ed putovn\u00edho symbolu \u010dty\u0159kov\u00fdch \u010dty\u0159ic\u00e1tn\u00edk\u016f(nic), co\u017e je Am\u00e1lka pro p\u00e1ny a Alfons pro d\u00e1my (oba jsou p\u016fvodem figur\u00edny z v\u00fdlohy). Zat\u00edm ne\u010detn\u00ed pades\u00e1tn\u00edci m\u011bli pr\u00e1vo odvozu v poj\u00edzdn\u00e9m k\u0159esle kamkoliv, kdykoliv a k\u00fdmkoliv podle vlastn\u00edho v\u00fdb\u011bru.<br>&nbsp; &nbsp; Lidi, co se \u010dty\u0159kou p\u0159ed t\u0159in\u00e1cti lety chodili, z valn\u00e9 \u010d\u00e1sti z\u016fstali nebo alespo\u0148 doch\u00e1zej\u00ed a jsou p\u0159i sv\u00fdch ob\u010dasn\u00fdch n\u00e1v\u0161t\u011bv\u00e1ch na slezin\u011b nebo Stezce dojemn\u011b v\u00edt\u00e1ni. P\u0159i\u0161li i nov\u00ed a n\u011bkte\u0159\u00ed i z\u016fstali.<br>&nbsp; &nbsp; Ani \u010dty\u0159ce se nevyhnuly ty nejsmutn\u011bj\u0161\u00ed ud\u00e1losti, na Stezku u\u017e s n\u00e1mi nikdy nevyjedou Petr Same\u0161 (Sam), Zden\u011bk Nosek a M\u00e1ma (Mira) Malcov\u00e1..<br>&nbsp; &nbsp; \u010cty\u0159ka se tradi\u010dn\u011b stahovala kolem kapely a tak je tomu dosud. V kapele p\u0159ibyl klarinet (Franta Kahoun), p\u0159\u00ed\u010dn\u00e1 fl\u00e9tna (Jana \u0160t\u011bp\u00e1nkov\u00e1) a ke kytarov\u00fdm d\u0159\u00ed\u010d\u016fm Honza Kos. Vl\u00e1\u010fa Nosek p\u0159ivedl z Liberce n\u011bkolik nad\u0161en\u00fdch muzikant\u016f. Velkou posilou a radost\u00ed jsou i na\u0161e muzik\u00e1ln\u00ed odrostl\u00e1 d\u00edtka, kter\u00fdm se kupodivu ve spole\u010denstv\u00ed nevelebn\u00fdch &#8222;kmet\u016f&#8220; zal\u00edbilo a se sv\u00fdmi nemuzik\u00e1ln\u00edmi vrstevn\u00edky jezd\u00ed na Stezku i jinam.<br>&nbsp; &nbsp; Trasa m\u00e1 nyn\u00ed 3 hlavn\u00ed centra : Prahu, \u00dast\u00ed nad Labem a Liberec. Svoje lidi m\u00e1me v Jablonci, Hradci a Py\u0161el\u00edch.<br>&nbsp; &nbsp; Ekonomick\u00e1 svoboda n\u00e1m sebrala voln\u00fd \u010das a p\u0159idala starosti. Na Stezk\u00e1ch se to v\u0161ak neprojevilo, b\u00fdv\u00e1 n\u00e1s pravideln\u011b kolem 60, z toho v\u00edce ne\u017e polovina na cel\u00e9 Stezce. Zachovali jsme tradi\u010dn\u00ed ka\u017edot\u00fddenn\u00ed sleziny (nyn\u00ed st\u0159\u00eddav\u011b U Vlasty na Sm\u00edchov\u011b a U Maxe v Polsk\u00e9 na Vinohradech), na nich\u017e hosty r\u00e1di v\u00edt\u00e1me.<br>&nbsp; &nbsp; Nem\u00e1me mal\u00fdch Stezek, i pidi m\u00e1me 3 noclehov\u00e9. Proto\u017ee si Stezky \u010d\u00edslujeme, tak jak jdou za sebou, dosp\u011bli jsme na podzim 1996 k \u010d\u00edslu 66. Pades\u00e1tou stezku jsme oslavili v poho\u0159\u00ed Harz v tehdej\u0161\u00ed NDR. Pro TAKov\u00e9 spole\u010denstv\u00ed jsme jako trasa organizovali 32.Stezku &#8211; prvn\u00ed svobodnou na ja\u0159e 1990.<br>&nbsp; &nbsp; Trasov\u00e9 obl\u00edben\u00e9 podniky: Mikul\u00e1\u0161 pro d\u011bti i dosp\u011bl\u00e9, l\u00e9ta po\u0159\u00e1dan\u00fd Jirkou M\u016frou \u0160lemrem. Piknik &#8222;N\u00e1dra\u017e\u00ed&#8220; (M\u0161en\u00e9 L\u00e1zn\u011b) po\u0159\u00e1dan\u00fd pro muzikanty i ostatn\u00ed Frantou Kahounem. Pan-tat\u00edkovy hry v Petrov\u011b d\u011bl\u00e1 Jirka Rump\u00e1l Vot\u00e1nek. D\u011btsk\u00e9 vandry o pr\u00e1zdnin\u00e1ch, z nich\u017e na ko\u010d\u00e1rkovou &#8222;p\u00e1nskou j\u00edzdu&#8220; brat\u0159\u00ed Bund\u00e1\u0161\u016f tat\u00ednkov\u00e9 i d\u011bti r\u00e1di vzpom\u00ednaj\u00ed. Atd. (ur\u010dit\u011b jsem n\u011bco nenapsal). Weekendy na chalup\u00e1ch, kam si majitel\u00e9 neboj\u00ed kamar\u00e1dy pozvat. Hodn\u011b v\u011bc\u00ed pro posiln\u011bn\u00ed \u010dty\u0159kov\u00e9ho ducha vymyslel a vykonal Vojt\u011bch (Pavel) Donth.<br>&nbsp; &nbsp; Mysl\u00edm, \u017ee rok 2000 jako trasa p\u0159e\u017eijeme. K tomu bude \u010dty\u0159ka pot\u0159ebovat zejm\u00e9na: abychom se po\u0159\u00e1d m\u011bli r\u00e1di, ust\u00e1lenou cenu griotky, dobrej paj\u0161l a nov\u00e9ho vedouc\u00edho.<br>&nbsp; &nbsp; Pet\u0159\u00edk<\/p>\n\n\n\n<p><strong>Text publikovan\u00fd ve 3. Almanachu, kter\u00fd mapuje obdob\u00ed 1998-2007<br>&nbsp; &nbsp;&nbsp;<\/strong>\u010cty\u0159ka? \u010cty\u0159ka. J\u00f3, to je ta trasa co odeb\u00edr\u00e1 asi desetinu Stezkov\u00fdch odznak\u016f a hned tak do ka\u017ed\u00e9 hospody se nevejde&#8230; a jak v\u016fbec tolik lid\u00ed dr\u017e\u00ed (a vydr\u017e\u00ed) pohromad\u011b?<br>&nbsp; &nbsp; Ka\u017ed\u00fd \u010dty\u0159ka\u0159 v\u00e1m odpov\u00ed, \u017ee d\u016fvod\u016f je n\u011bkolik a hlavn\u00ed jsou &#8211; jak jinak \u010cty\u0159i.<br>&nbsp; &nbsp; Jedn\u00edm je jist\u011b kapela. Za t\u011bch v\u00edce ne\u017e 40 let, co TAK a 4. trasa existuj\u00ed, pro\u0161la i kapela z\u00e1konit\u011b v\u00fdvojem, aby se dostala do dne\u0161n\u00edho st\u00e1dia, kdy muzikant p\u0159ich\u00e1z\u00ed na slezinu, stezku, \u010di trasovou akci, aby SE spolu s dal\u0161\u00edmi muzikanty bavil a pokud se p\u0159idaj\u00ed i dal\u0161\u00ed p\u0159\u00edchoz\u00ed, tak pro\u010d ne. A kdy\u017e si p\u0159ijde zahr\u00e1t i n\u011bkdo jin\u00fd, tak pro\u010d by nem\u011bl dostat z \u010dasu na \u010das s\u00f3lo, i kdyby m\u011bl n\u00e1stroj, kter\u00fd nen\u00ed zrovna p\u0159\u00edli\u0161 sly\u0161et. V\u00fdsledek takov\u00e9ho spole\u010dn\u00e9ho sna\u017een\u00ed a hecov\u00e1n\u00ed je kupodivu \u010dasto mnohem lep\u0161\u00ed, ne\u017e kdyby t\u0159eba p\u0159i\u0161el i 100% prof\u00edk a vystupoval tak n\u011bjak ve stylu &#8222;zmlkn\u011bte, te\u010f hraji j\u00e1, abych v\u00e1s bavil&#8230;&#8220;.<br>&nbsp; &nbsp; N\u011bkdy se ov\u0161em stane, \u017ee za muzikanty p\u0159ijdou i lidi, kte\u0159\u00ed o TAKu a tras\u00e1ch do t\u00e9 doby v\u016fbec nic netu\u0161ili. (Pravda, pana radu Vac\u00e1tka sice na t\u00e9 \u010dty\u0159ce neo\u010dek\u00e1vali, ale co kdyby&#8230;) N\u011bkte\u0159\u00ed si poslechnou hran\u00ed a zp\u00edv\u00e1n\u00ed a ji\u017e nep\u0159ijdou. Dal\u0161\u00ed si vyzkou\u0161\u00ed p\u00e1r trasov\u00fdch \u010di TAKov\u00fdch akc\u00ed a n\u011bkdy se uk\u00e1\u017ee, \u017ee jsou lidmi podobn\u00e9 krevn\u00ed skupiny a uv\u00e1znou natrvalo.<br>&nbsp; &nbsp; Dal\u0161\u00edm d\u016fvodem soudr\u017enosti trasy je zcela nepochybn\u011b vedouc\u00ed trasy &#8222;Mal\u00fd Pet\u0159\u00edk&#8220;. Skute\u010dnost, \u017ee to vydr\u017eel &#8222;ve vedouc\u00ed funkci&#8220; &#8211; a my ostatn\u00ed s n\u00edm &#8211; p\u0159es 30 let, p\u0159esahuje norm\u00e1ln\u00ed lidsk\u00e9 ch\u00e1p\u00e1n\u00ed. Jeho autorita je zalo\u017eena na t\u00e9m\u011b\u0159 bezb\u0159eh\u00e9, le\u010d nikoli nekone\u010dn\u00e9, toleranci. A \u010dty\u0159ka\u0159i si zvykli, \u017ee je vedouc\u00ed nikdy zbyte\u010dn\u011b nesek\u00fdruje, ale naopak, pokud vyhl\u00e1s\u00ed, \u017ee se n\u011bco ud\u011bl\u00e1, tak s t\u00edm \u010dty\u0159ka\u0159i n\u011bco ud\u011blaj\u00ed.<br>&nbsp; &nbsp; Od posledn\u00edho Almanachu trasa pro\u0161la n\u011bkolika st\u00e1dii. Na p\u0159elomu tis\u00edcilet\u00ed byla na trase pom\u011brn\u011b v\u00fdznamn\u00e1 skupina dorostu, kter\u00e1 si chodila zahr\u00e1t a zazp\u00edvat a ani ob\u010dasn\u00fd &#8222;rodi\u010dovsk\u00fd sponzoring&#8220; nebyl nezaj\u00edmav\u00fd. Nyn\u00ed jsou vesm\u011bs ekonomicky samostatn\u00ed, sdru\u017eili se do sv\u00fdch tras, kter\u00e9 si \u0159\u00edd\u00ed podle sebe, a na \u010dty\u0159ku zav\u00edtaj\u00ed jen z\u0159\u00eddka. Z tohoto pohledu \u010dty\u0159ka mo\u017en\u00e1 trochu zest\u00e1rla, ale duchem ur\u010dit\u011b ne. Krom\u011b pravideln\u00fdch \u00fatern\u00edch slezin, se potk\u00e1v\u00e1me nejen na TAKov\u00fdch akc\u00edch, jako jsou zejm\u00e9na Stezky, b\u00e1ly, LH, V\u00edt\u00e1n\u00ed l\u00e9ta a dal\u0161\u00ed, ale i na na\u0161ich Stezk\u00e1ch (100. \u010dty\u0159kov\u00e1 Stezka u\u017e pomalu za\u010dne klepat na dve\u0159e) a jin\u00fdch trasov\u00fdch akc\u00edch, jako jsou V\u00e1no\u010dn\u00ed ochutn\u00e1vkov\u00e9 sleziny, Mikul\u00e1\u0161, Lochovice, spole\u010dn\u00e9 \u010dty\u0159kov\u00e9 dovolen\u00e9, v\u00fdznamn\u00e9 narozeniny, spolu s p\u011btkou p\u0159edjarn\u00ed Benecko a dal\u0161\u00ed. Kolektivn\u00edm po\u010dinem do TAKov\u00e9ho d\u011bn\u00ed \u010dtvrt\u00e9 trasy v posledn\u00edch deseti letech, kter\u00e9 stoj\u00ed snad za v\u011bt\u0161\u00ed zm\u00ednku, byla organizace zakon\u010den\u00ed 44. (jak jinak) Stezky na Velhartick\u00e9m hrad\u011b, kdy mezi stezka\u0159e zav\u00edtal s\u00e1m Karel IV., v sout\u011b\u017ei kr\u00e1l\u016f byl nas\u00e1v\u00e1n Bu\u0161ek z Velhartic a vnadn\u00e9 my\u0161i oh\u00fdbaly \u017eelezn\u00e9 pruty.<br>&nbsp; &nbsp; Tak\u017ee pro\u010d \u010cty\u0159ka dr\u017e\u00ed pohromad\u011b? Hlavn\u011b d\u00edky vz\u00e1jemn\u00e9 toleranci a respektu k jedinci. A \u017ee jsem se zm\u00ednil na za\u010d\u00e1tku o \u010dty\u0159ech principech &#8211; tak ty dal\u0161\u00ed si nech\u00e1m do dal\u0161\u00edch Almanach\u016f, anebo prost\u011b p\u0159ij\u010fte na \u010dty\u0159ku, bavte se a p\u0159isp\u011bjte k z\u00e1bav\u011b v\u0161ech.&nbsp;<\/p>\n\n\n\n<p><strong>Pro\u010d jsem se stala vysoko\u0161kola\u010dkou aneb vzpom\u00ednka na m\u00e9ho bratra, kter\u00fd spoluzakl\u00e1dal 4ku&#8230;<br>&nbsp; &nbsp;&nbsp;<\/strong>P\u0159esn\u011b si pamatuji ten den na podzim roku 1963, kdy p\u0159i\u0161el m\u016fj bratr Honza \u010capek dom\u016f, rozv\u00e1\u017en\u011b si uvolnil kravatu na krku a prohl\u00e1sil &#8211; &#8222;tak jsme zalo\u017eili Turistick\u00fd akademick\u00fd klub a budeme m\u00edt Stezku!&#8220; Jak j\u00e1 jsem s n\u00edm (a s jeho jist\u011b p\u011bkn\u00fdmi spolu\u017e\u00e1ky) cht\u011bla j\u00edt! &#8222;A\u017e bude\u0161 vysoko\u0161kola\u010dka, tak T\u011b mo\u017en\u00e1 vezmu s sebou!&#8220; Dostate\u010dn\u00fd motiv, a tak u\u017e rok na to jsem s nimi kr\u00e1\u010dela na svou prvn\u00ed, v po\u0159ad\u00ed druhou Stezku do Orli\u010dek r. 1964. Jak j\u00e1, zelen\u00e1\u010d, na ty b\u00e1je\u010dn\u00e9 stroja\u0159e vzhl\u00ed\u017eela a jak j\u00e1 byla py\u0161n\u00e1, kdy\u017e se bratr stal prvn\u00edm \u0161umavsk\u00fdm kr\u00e1lem na zakon\u010den\u00ed ve Velhartic\u00edch (4. Stezka 1965 &#8211; \u0160umava)!<br>&nbsp; &nbsp; Honza svou plechovou korunu s p\u0159iletovanou 1 korunou \u010deskoslovenskou na n\u00ed pietn\u011b uchov\u00e1val a\u017e do konce sv\u00e9ho p\u0159ed\u010dasn\u011b skon\u010den\u00e9ho \u017eivota. Je\u0161t\u011b vzd\u00e1len\u011b vn\u00edmal z nemocni\u010dn\u00ed postele mou povzbuzuj\u00edc\u00ed zdravici od zakl\u00e1daj\u00edc\u00edch \u010dlen\u016f TAKu na 40. oslav\u00e1ch TAKu v Pr\u00e1\u0161ilech r. 2003&#8230;.<br>&nbsp; &nbsp; Magda Sou\u010dkov\u00e1 (2008 &#8211; pro 3. Almanach) \u00b7<\/p>\n\n\n\n<p><a rel=\"noreferrer noopener\" href=\"http:\/\/trasa4.takpraha.cz\/\" target=\"_blank\">P\u0159evzato <\/a><a href=\"https:\/\/4trasa.cz\/\" target=\"_blank\" rel=\"noreferrer noopener\">ze s<\/a><a rel=\"noreferrer noopener\" href=\"http:\/\/trasa4.takpraha.cz\/\" target=\"_blank\">tr\u00e1nek T4<\/a><\/p>\n","protected":false},"excerpt":{"rendered":"<p>Historie Trasy \u010cty\u0159i Jak to v\u0161echno za\u010dalo&#8230;Vzpom\u00ednkov\u00fd text pro 1. TAKov\u00fd almanach napsan\u00fd n\u011bkdy v roce 1983\/4 (k dvacetilet\u00ed TAKu)<\/p>\n","protected":false},"author":1,"featured_media":0,"parent":0,"menu_order":0,"comment_status":"open","ping_status":"closed","template":"","meta":{"colormag_page_layout":"default_layout","inline_featured_image":false,"ngg_post_thumbnail":0,"footnotes":""},"class_list":["post-422","page","type-page","status-publish","hentry"],"_links":{"self":[{"href":"https:\/\/takpraha.cz\/index.php\/wp-json\/wp\/v2\/pages\/422","targetHints":{"allow":["GET"]}}],"collection":[{"href":"https:\/\/takpraha.cz\/index.php\/wp-json\/wp\/v2\/pages"}],"about":[{"href":"https:\/\/takpraha.cz\/index.php\/wp-json\/wp\/v2\/types\/page"}],"author":[{"embeddable":true,"href":"https:\/\/takpraha.cz\/index.php\/wp-json\/wp\/v2\/users\/1"}],"replies":[{"embeddable":true,"href":"https:\/\/takpraha.cz\/index.php\/wp-json\/wp\/v2\/comments?post=422"}],"version-history":[{"count":5,"href":"https:\/\/takpraha.cz\/index.php\/wp-json\/wp\/v2\/pages\/422\/revisions"}],"predecessor-version":[{"id":3865,"href":"https:\/\/takpraha.cz\/index.php\/wp-json\/wp\/v2\/pages\/422\/revisions\/3865"}],"wp:attachment":[{"href":"https:\/\/takpraha.cz\/index.php\/wp-json\/wp\/v2\/media?parent=422"}],"curies":[{"name":"wp","href":"https:\/\/api.w.org\/{rel}","templated":true}]}}