{"id":43,"date":"2021-11-17T14:14:56","date_gmt":"2021-11-17T13:14:56","guid":{"rendered":"http:\/\/www.takpraha.cz\/wp\/?page_id=43"},"modified":"2024-03-29T01:34:30","modified_gmt":"2024-03-29T00:34:30","slug":"rada-taku","status":"publish","type":"page","link":"https:\/\/takpraha.cz\/index.php\/rada-taku\/","title":{"rendered":"TAK Rada"},"content":{"rendered":"\n<p class=\"has-text-align-center has-background has-medium-font-size\" style=\"background-color:#6ea4b5\"><strong><mark style=\"background-color:rgba(0, 0, 0, 0)\" class=\"has-inline-color has-white-color\"><a href=\"mailto:rada@takpraha.cz\" target=\"_blank\" rel=\"noreferrer noopener\">Rada TAKu<\/a><\/mark><\/strong><\/p>\n\n\n\n<figure class=\"wp-block-table is-style-regular\"><table><thead><tr><th>Volebn\u00ed obdob\u00ed<\/th><th>P\u0159edseda \u2013 majitel<\/th><th>Zvolen\u00ed radn\u00ed, Trasa, po\u010det hlas\u016f a funkce v Rad\u011b<\/th><\/tr><\/thead><tbody><tr><td>2024 &#8211; 2026<\/td><td>Petr K\u0159\u00ed\u017e T 18 (80\/66), pkriz001(at)icloud.com<\/td><td>Lenka Borgesov\u00e1 T18 (75), l.borgesova(at)seznam.cz<br>\u0160\u00e1rka Fuchsov\u00e1 T13 (75),  13sarka13(at)seznam.cz<br>Veronika Jiravov\u00e1 T20 (77) &#8211; <strong>webmaster<\/strong>, veronika20(at)centrum.cz<br>Kate\u0159ina Re\u017en\u00e1 T20 (81), <strong>Poradn\u00edk<\/strong>, katerina.rezna(at)gmail.com<br>Vladim\u00edr Roith T14 (71), v.roith(at)seznam.cz<br>So\u0148a Va\u0161icov\u00e1 T17 (78) <strong>agenda \u010dlensk\u00e9 z\u00e1kladny<\/strong>, svasicova(at)seznam.cz\u00a0<br><em>Revizn\u00ed komise: Hanka Kotschov\u00e1, Jarmila Ledvinov\u00e1, Jan <\/em>Min\u00e1\u0159<\/td><\/tr><tr><td>2022 \u2013 2024<\/td><td>Petr K\u0159\u00ed\u017e T 18 (69\/62), pkriz001(at)icloud.com<\/td><td>Lenka Borgesov\u00e1 T18 (73), l.borgesova(at)seznam.cz<br>Veronika Jiravov\u00e1 T20 (69) &#8211; <strong>webmaster<\/strong>, veronika20(at)centrum.cz<br>Kate\u0159ina Re\u017en\u00e1 T20 (75), <strong>Poradn\u00edk<\/strong>, katerina.rezna(at)gmail.com<br>Vladim\u00edr Roith T14 (71), v.roith(at)seznam.cz<br>So\u0148a Va\u0161icov\u00e1 T17 (73) <strong>agenda \u010dlensk\u00e9 z\u00e1kladny<\/strong>, svasicova(at)seznam.cz&nbsp;<br><em>Revizn\u00ed komise: Hanka Kotschov\u00e1, Jarmila Ledvinov\u00e1, Jana St\u00e1dn\u00edkov\u00e1<\/em><\/td><\/tr><tr><td>2019 \u2013 2022<\/td><td>Vladim\u00edr Roith T14 (66\/54), &nbsp;<br>v.roith(at)seznam.cz  <\/td><td>Lenka Borgesov\u00e1 T18 (58)<br>Petr K\u0159\u00ed\u017e T 18 (62)<br>Kate\u0159ina Re\u017en\u00e1 T20 (67)<br>Ji\u0159\u00ed Valda T26 (73) \u2013 m\u00edstop\u0159edseda<br>So\u0148a Va\u0161icov\u00e1 T17 (65) \u2013 agenda \u010dlensk\u00e9 z\u00e1kladny<br>Jana Vorlov\u00e1 T14 (63) \u2013 webmaster, Poradn\u00edk, archiv<br><em>Revizn\u00ed komise: Miroslav Dvo\u0159\u00e1k, <em>Hana Kotschov\u00e1<\/em><\/em>, <em>Jarmila Ledvinov\u00e1<\/em> <\/td><\/tr><tr><td>2017 \u2013 2019<\/td><td>Vladim\u00edr Roith T14 (67\/58)<\/td><td>Lenka Borgesov\u00e1 T18 (59)<br>Petr K\u0159\u00ed\u017e T 18 (51)<br>Ond\u0159ej \u0160im\u016fnek T26 (63)<br>Ji\u0159\u00ed Valda T26 (66) \u2013 m\u00edstop\u0159edseda<br>So\u0148a Va\u0161icov\u00e1 T17 (60) \u2013  evidence \u010dlensk\u00e9 z\u00e1kladny <br>Jana Vorlov\u00e1 T14 (68) \u2013 web master, Poradn\u00edk, archiv<br><em>Revizn\u00ed komise: Miroslav Dvo\u0159\u00e1k, <em>Hana Kotschov\u00e1<\/em><\/em>, <em>Jarmila Ledvinov\u00e1<\/em> <\/td><\/tr><tr><td>2015 \u2013 2017<\/td><td>Vladim\u00edr Roith T14 (80\/55)<\/td><td>Eli\u0161ka Fuchsov\u00e1 T23 (65)<br>Petr Jirava T3 (72)<br>Ond\u0159ej \u0160im\u016fnek T26 (67)<br>Ji\u0159\u00ed Valda T26 (72) \u2013 m\u00edstop\u0159edseda<br>So\u0148a Va\u0161icov\u00e1 T17 (66) \u2013 evidence \u010dlensk\u00e9 z\u00e1kladny <br>Jana Vorlov\u00e1 T14 (86) \u2013 web master, Poradn\u00edk, archiv<br><em>Revizn\u00ed komise: Miroslav Dvo\u0159\u00e1k, <em>Hana Kotschov\u00e1<\/em><\/em>, <em>Jarmila Ledvinov\u00e1<\/em> <\/td><\/tr><tr><td>2013 \u2013 2015<\/td><td>Petr Jirava T3 (78)<\/td><td>Lenka Borgesov\u00e1 T18 (63)<br>Vladim\u00edr Roith T14 (71)<br>Petr \u0158eh\u00e1k T12 (80)<br>Ji\u0159\u00ed Valda ml. T26 (79)  \u2013 m\u00edstop\u0159edseda <br>So\u0148a Va\u0161icov\u00e1 T17 (70) \u2013 evidence \u010dlensk\u00e9 z\u00e1kladny <br>Jana Vorlov\u00e1 T14 (73) \u2013  web master, Poradn\u00edk, archiv<br><em>Revizn\u00ed komise: Miroslav Dvo\u0159\u00e1k, <em>Hana Kotschov\u00e1<\/em><\/em>, <em>Jarmila Ledvinov\u00e1<\/em> <\/td><\/tr><tr><td>2011 \u2013 2013<\/td><td>Petr Jirava T3 (62\/58)<\/td><td>Lenka Borgesov\u00e1 T18 (46)<br>Vladim\u00edr Roith (34, v aklamaci 58)<br>Petr \u0158eh\u00e1k T12 (46)<br>Ji\u0159\u00ed Valda ml. T26 (53) \u2013 m\u00edstop\u0159edseda  <br>So\u0148a Va\u0161icov\u00e1 T17 (50) \u2013 evidence \u010dlensk\u00e9 z\u00e1kladny <br>Jana Vorlov\u00e1 T14 (55) \u2013 web master, Poradn\u00edk, archiv<br><em>Revizn\u00ed komise: Miroslav Dvo\u0159\u00e1k, <em>Hana Kotschov\u00e1<\/em><\/em>, <em>Jarmila Ledvinov\u00e1<\/em> <\/td><\/tr><tr><td>2009 \u2013 2011<\/td><td>Petr Jirava T3 (72\/58)<\/td><td>Lenka Borgesov\u00e1 T18 (62)<br>Jan Ma\u0148\u00e1k T17 (49)<br>Petr \u0158eh\u00e1k T12 (54)<br>Ji\u0159\u00ed Valda ml. T26 (51) \u2013 m\u00edstop\u0159edseda<br>So\u0148a Va\u0161icov\u00e1 T17 (57) \u2013 evidence \u010dlensk\u00e9 z\u00e1kladny <br>Jana Vorlov\u00e1 T14 (51)  \u2013   web master, Poradn\u00edk, archiv<br><em>Revizn\u00ed komise: Miroslav Dvo\u0159\u00e1k, <em>Hana Kotschov\u00e1<\/em><\/em>, <em>Jarmila Ledvinov\u00e1<\/em> <\/td><\/tr><tr><td>2007 \u2013 2009<\/td><td>Petr Jirava T3 (59\/49)<\/td><td>Lenka Borgesov\u00e1 (45)<br>Jan Ma\u0148\u00e1k (51)<br>Karel Obdr\u017e\u00e1lek (39)<br>Ji\u0159\u00ed Valda ml. (51)<br>So\u0148a Va\u0161icov\u00e1 (57) \u2013 pokladn\u00ed<br><em>Revizn\u00ed komise: Miroslav Dvo\u0159\u00e1k, <em>Hana Kotschov\u00e1<\/em><\/em>, <em>Jarmila Ledvinov\u00e1<\/em><\/td><\/tr><tr><td>2005 \u2013 2007<\/td><td>Josef Brz\u00e1k T2 (51\/30)<\/td><td>Ivan Fridrich T15 (49)<br>Ladislav Hlavat\u00fd T15 (39)<br>Jan Ma\u0148\u00e1k T17 (33)<br>Ji\u0159\u00ed Valda ml. T26 (34)<br>So\u0148a Va\u0161icov\u00e1 T17 (49) \u2013 evidence \u010dlensk\u00e9 z\u00e1kladny <br><em>Revizn\u00ed komise: Miroslav Dvo\u0159\u00e1k &#8211; p\u0159edseda, Josef Beran, Ivana Proke\u0161ov\u00e1<\/em><\/td><\/tr><tr><td>2003 \u2013 2005<\/td><td> Josef Brz\u00e1k T2 (45\/31) <\/td><td>Ivan Fridrich T15 (43)<br>Petr Havr\u00e1nek T13, od 10\/2003 \u2013 Poradn\u00edk<br>Ladislav Hlavat\u00fd T15 (46)<br>Jan Ma\u0148\u00e1k T17 (45)<br>Karel Obdr\u017e\u00e1lek T2 (45) \u2013  evidence \u010dlensk\u00e9 z\u00e1kladny, z pracovn\u00edch d\u016fvod\u016f do 10\/2003<br>So\u0148a Va\u0161icov\u00e1 T17, od 10\/2003 \u2013  evidence \u010dlensk\u00e9 z\u00e1kladny <br><em>Spr\u00e1vce klubovny: Michal Borger T10<\/em><\/td><\/tr><tr><td><strong>Volebn\u00ed obdob\u00ed<\/strong><\/td><td><strong>P\u0159edseda \u2013 majitel<\/strong><\/td><td><strong>Zvolen\u00ed radn\u00ed, Trasa, po\u010det hlas\u016f a funkce v Rad\u011b<\/strong><\/td><\/tr><\/tbody><\/table><\/figure>\n","protected":false},"excerpt":{"rendered":"<p>Rada TAKu Volebn\u00ed obdob\u00ed P\u0159edseda \u2013 majitel Zvolen\u00ed radn\u00ed, Trasa, po\u010det hlas\u016f a funkce v Rad\u011b 2024 &#8211; 2026 Petr<\/p>\n","protected":false},"author":4,"featured_media":0,"parent":0,"menu_order":0,"comment_status":"closed","ping_status":"closed","template":"","meta":{"colormag_page_layout":"no_sidebar_content_centered","inline_featured_image":false,"ngg_post_thumbnail":0,"footnotes":""},"class_list":["post-43","page","type-page","status-publish","hentry"],"_links":{"self":[{"href":"https:\/\/takpraha.cz\/index.php\/wp-json\/wp\/v2\/pages\/43","targetHints":{"allow":["GET"]}}],"collection":[{"href":"https:\/\/takpraha.cz\/index.php\/wp-json\/wp\/v2\/pages"}],"about":[{"href":"https:\/\/takpraha.cz\/index.php\/wp-json\/wp\/v2\/types\/page"}],"author":[{"embeddable":true,"href":"https:\/\/takpraha.cz\/index.php\/wp-json\/wp\/v2\/users\/4"}],"replies":[{"embeddable":true,"href":"https:\/\/takpraha.cz\/index.php\/wp-json\/wp\/v2\/comments?post=43"}],"version-history":[{"count":19,"href":"https:\/\/takpraha.cz\/index.php\/wp-json\/wp\/v2\/pages\/43\/revisions"}],"predecessor-version":[{"id":5605,"href":"https:\/\/takpraha.cz\/index.php\/wp-json\/wp\/v2\/pages\/43\/revisions\/5605"}],"wp:attachment":[{"href":"https:\/\/takpraha.cz\/index.php\/wp-json\/wp\/v2\/media?parent=43"}],"curies":[{"name":"wp","href":"https:\/\/api.w.org\/{rel}","templated":true}]}}