{"id":45,"date":"2021-11-17T14:14:57","date_gmt":"2021-11-17T13:14:57","guid":{"rendered":"http:\/\/www.takpraha.cz\/wp\/?page_id=45"},"modified":"2026-04-02T08:33:36","modified_gmt":"2026-04-02T06:33:36","slug":"clenove","status":"publish","type":"page","link":"https:\/\/takpraha.cz\/index.php\/clenove\/","title":{"rendered":"TAK \u010dlenstv\u00ed"},"content":{"rendered":"\n<h2 class=\"wp-block-heading has-text-align-center\"><strong>V\u00fd\u0161e \u010dlensk\u00fdch p\u0159\u00edsp\u011bvk\u016f<\/strong> <strong>na rok 2026 a n\u00e1sleduj\u00edc\u00ed<\/strong>: <br><br><strong>280 K\u010d \/rok <\/strong>za <strong>dosp\u011bl\u00e9ho \u010dlena<\/strong> <br><strong>150 K\u010d <\/strong>za <strong>\u010dlena mlad\u0161\u00edho 18 let<\/strong>.<\/h2>\n\n\n\n<p class=\"has-text-align-center\">P\u0159\u00edsp\u011bvky pla\u0165te p\u0159evodem na \u00fa\u010det \u010d. <strong>2000317496\/2010<\/strong>, <strong>variabiln\u00ed symbol 2026xx<\/strong>, <strong>kde xx je dvoum\u00edstn\u00e9 \u010d\u00edslo trasy<\/strong>.\u00a0<\/p>\n\n\n\n<p class=\"has-text-align-center\">Platby lze sdru\u017eit, do zpr\u00e1vy pro p\u0159\u00edjemce uve\u010fte, za koho plat\u00edte.<\/p>\n\n\n\n<p class=\"has-text-align-center\"><img loading=\"lazy\" decoding=\"async\" width=\"202\" height=\"191\" src=\"https:\/\/lh7-us.googleusercontent.com\/wgv8zf1aboXn16j_i4ZzKx64IEGqfQMsIWFvTZbd57XzXyAiG98BnFJ9QWK-uTHZPOF5lvbvOprH7bJh-i4YzGy1nN8kZBc5NapHl8h2SyXnhvw0NAeCM377GL3Y9wvrwabkBvQY_MRpattxGw55Fg\"><br><\/p>\n\n\n\n<div class=\"wp-block-group is-layout-constrained wp-block-group-is-layout-constrained\">\n<p><strong>NOV\u00c9 \u010cLENSTV\u00cd<\/strong><\/p>\n\n\n\n<ul class=\"wp-block-list\">\n<li>Vstupn\u00ed poplatek 50 K\u010d pro nov\u00e9 \u010dleny (kovov\u00fd \u010d\u00edslovan\u00fd odznak + textiln\u00ed n\u00e1\u0161ivka).<\/li>\n\n\n\n<li>Vstoup\u00ed-li nov\u00fd \u010dlen do TAKu v&nbsp;2. polovin\u011b roku, plat\u00ed 140 K\u010d, resp. 75 K\u010d.&nbsp;<br><\/li>\n<\/ul>\n<\/div>\n\n\n\n<div class=\"wp-block-group is-layout-constrained wp-block-group-is-layout-constrained\">\n<p><\/p>\n\n\n\n<p><strong>PEN\u00c1LE<\/strong><br><strong>Posledn\u00ed term\u00edn \u0159\u00e1dn\u00e9ho zaplacen\u00ed \u010dlensk\u00fdch p\u0159\u00edsp\u011bvk\u016f je \u010dervencov\u00e1 sch\u016fze<\/strong>. \u010clensk\u00e9 p\u0159\u00edsp\u011bvky je mo\u017en\u00e9 zaplatit i po tomto term\u00ednu s&nbsp;t\u00edm, \u017ee k&nbsp;uveden\u00fdm \u010d\u00e1stk\u00e1m bude p\u0159ipo\u010dteno pen\u00e1le v&nbsp;n\u00e1sleduj\u00edc\u00ed v\u00fd\u0161i:<\/p>\n\n\n\n<ul class=\"wp-block-list\">\n<li>do z\u00e1\u0159ijov\u00e9 sch\u016fze &nbsp;            30 K\u010d<\/li>\n\n\n\n<li>do \u0159\u00edjnov\u00e9 sch\u016fze &nbsp;              60 K\u010d<\/li>\n\n\n\n<li>do listopadov\u00e9 sch\u016fze &nbsp;      90 K\u010d<\/li>\n\n\n\n<li>do prosincov\u00e9 sch\u016fze       120 K\u010d<\/li>\n\n\n\n<li>do n\u00e1sleduj\u00edc\u00ed v\u00fdro\u010dn\u00ed VH 150 K\u010d<\/li>\n\n\n\n<li>Nevyrovn\u00e1-li \u010dlen dlu\u017enou \u010d\u00e1stku do term\u00ednu kon\u00e1n\u00ed v\u00fdro\u010dn\u00ed valn\u00e9 hromady, bude mu ukon\u010deno \u010dlenstv\u00ed.<\/li>\n<\/ul>\n<\/div>\n\n\n\n<div class=\"wp-block-buttons is-layout-flex wp-block-buttons-is-layout-flex\">\n<div class=\"wp-block-button\"><a class=\"wp-block-button__link wp-element-button\" href=\"https:\/\/takpraha.cz\/wp-content\/uploads\/2025\/02\/2025-02-VH_Clenska-zakladna-k-3.2.2025.pdf\">\u010clensk\u00e1 z\u00e1kladna ke dni 3.2.2025<\/a><\/div>\n\n\n\n<div class=\"wp-block-button\"><a class=\"wp-block-button__link has-cyan-bluish-gray-background-color has-background wp-element-button\" href=\"https:\/\/takpraha.cz\/wp-content\/uploads\/2024\/02\/2024-VH-_-Stav-clenske-zakladny.pdf\">\u010clensk\u00e1 z\u00e1kladna TAKu ke dni 19. 2. 2024<\/a><\/div>\n\n\n\n<div class=\"wp-block-button\"><a class=\"wp-block-button__link has-cyan-bluish-gray-background-color has-background wp-element-button\" href=\"https:\/\/takpraha.cz\/wp-content\/uploads\/2023\/04\/Clenove-TAKu.pdf\" target=\"_blank\" rel=\"noreferrer noopener\"><strong>Seznam v\u0161ech \u010dlen\u016f TAK<\/strong><br> k 1. 1. 2022 rozd\u00e1no 541 odznak\u016f<\/a><\/div>\n<\/div>\n\n\n\n<p><\/p>\n","protected":false},"excerpt":{"rendered":"<p>V\u00fd\u0161e \u010dlensk\u00fdch p\u0159\u00edsp\u011bvk\u016f na rok 2026 a n\u00e1sleduj\u00edc\u00ed: 280 K\u010d \/rok za dosp\u011bl\u00e9ho \u010dlena 150 K\u010d za \u010dlena mlad\u0161\u00edho 18<\/p>\n","protected":false},"author":4,"featured_media":0,"parent":0,"menu_order":0,"comment_status":"closed","ping_status":"closed","template":"","meta":{"colormag_page_layout":"default_layout","inline_featured_image":false,"ngg_post_thumbnail":0,"footnotes":""},"class_list":["post-45","page","type-page","status-publish","hentry"],"_links":{"self":[{"href":"https:\/\/takpraha.cz\/index.php\/wp-json\/wp\/v2\/pages\/45","targetHints":{"allow":["GET"]}}],"collection":[{"href":"https:\/\/takpraha.cz\/index.php\/wp-json\/wp\/v2\/pages"}],"about":[{"href":"https:\/\/takpraha.cz\/index.php\/wp-json\/wp\/v2\/types\/page"}],"author":[{"embeddable":true,"href":"https:\/\/takpraha.cz\/index.php\/wp-json\/wp\/v2\/users\/4"}],"replies":[{"embeddable":true,"href":"https:\/\/takpraha.cz\/index.php\/wp-json\/wp\/v2\/comments?post=45"}],"version-history":[{"count":45,"href":"https:\/\/takpraha.cz\/index.php\/wp-json\/wp\/v2\/pages\/45\/revisions"}],"predecessor-version":[{"id":9137,"href":"https:\/\/takpraha.cz\/index.php\/wp-json\/wp\/v2\/pages\/45\/revisions\/9137"}],"wp:attachment":[{"href":"https:\/\/takpraha.cz\/index.php\/wp-json\/wp\/v2\/media?parent=45"}],"curies":[{"name":"wp","href":"https:\/\/api.w.org\/{rel}","templated":true}]}}