{"id":47,"date":"2021-11-17T14:14:57","date_gmt":"2021-11-17T13:14:57","guid":{"rendered":"http:\/\/www.takpraha.cz\/wp\/?page_id=47"},"modified":"2024-02-29T10:09:12","modified_gmt":"2024-02-29T09:09:12","slug":"dokumenty","status":"publish","type":"page","link":"https:\/\/takpraha.cz\/index.php\/tak\/dokumenty\/","title":{"rendered":"Valn\u00e9 hromady &#8211; Usnesen\u00ed a zpr\u00e1vy _ archiv"},"content":{"rendered":"\n<h5 class=\"has-text-align-center has-white-color has-text-color has-background wp-block-heading\" style=\"background-color:#6ea4b5\"><strong><span class=\"has-inline-color has-white-color\">Zpr\u00e1vy o \u010dinnosti a hospoda\u0159en\u00ed klubu<\/span><\/strong> \u2013 Valn\u00e9 hromady<\/h5>\n\n\n\n<p>*) odkaz na star\u00fd web<\/p>\n\n\n\n<div class=\"wp-block-columns is-layout-flex wp-container-core-columns-is-layout-28f84493 wp-block-columns-is-layout-flex\">\n<div class=\"wp-block-column is-layout-flow wp-block-column-is-layout-flow\" style=\"flex-basis:100%\">\n<figure class=\"wp-block-table is-style-regular\"><table><tbody><tr><td>2022<\/td><td> <img loading=\"lazy\" decoding=\"async\" width=\"20\" height=\"20\" class=\"wp-image-973\" style=\"width: 20px;\" src=\"https:\/\/takpraha.cz\/wp-content\/uploads\/2021\/11\/icon-znak-tak.gif\" alt=\"\">  Usnesen\u00ed VVH z 14. 2. 2022 v Restauraci U Boud\u016f, Kolovraty, p\u0159\u00edtomno 77 \u010dlen\u016f, zm\u011bna majitele TAKu, po sch\u016fzi se hr\u00e1lo \u00bb <a href=\"https:\/\/takpraha.cz\/wp-content\/uploads\/2022\/05\/2022-0214-vh-usneseni.pdf\" target=\"_blank\" rel=\"noreferrer noopener\">\u010dti v\u00edce \u00bb<\/a><br> <img loading=\"lazy\" decoding=\"async\" width=\"20\" height=\"20\" class=\"wp-image-973\" style=\"width: 20px;\" src=\"https:\/\/takpraha.cz\/wp-content\/uploads\/2021\/11\/icon-znak-tak.gif\" alt=\"\">  Usnesen\u00ed VH z 4. 4. 2022 v Tyr\u0161ov\u011b dom\u011b \u00bb <a href=\"https:\/\/takpraha.cz\/wp-content\/uploads\/2022\/05\/2022-0404-usneseni-vh.pdf\" target=\"_blank\" rel=\"noreferrer noopener\">\u010dti v\u00edce \u00bb<\/a><\/td><\/tr><tr><td>2021<\/td><td><img loading=\"lazy\" decoding=\"async\" width=\"20\" height=\"20\" class=\"wp-image-970\" style=\"width: 20px;\" src=\"https:\/\/takpraha.cz\/wp-content\/uploads\/2021\/11\/icon-platba.gif\" alt=\"\"> Zpr\u00e1va o hospoda\u0159en\u00ed 2020 \u00bb zisk 5761,00 \u00bb <a rel=\"noreferrer noopener\" href=\"https:\/\/old.takpraha.cz\/2021\/2020-hospodareni-tak.pdf\" target=\"_blank\">\u010dti v\u00edce<\/a> *) <\/td><\/tr><tr><td>2020<\/td><td><img loading=\"lazy\" decoding=\"async\" width=\"20\" height=\"20\" class=\"wp-image-961\" style=\"width: 20px;\" src=\"https:\/\/takpraha.cz\/wp-content\/uploads\/2021\/11\/icon-info.gif\" alt=\"\">  <strong>Zpr\u00e1va o \u010dinnosti klubu<\/strong> v roce 2019 \u00bb letos v\u00e1m nebudu tady su\u0161e vypo\u010d\u00edt\u00e1vat, co jsme loni absolvovali, a \u017ee m\u00edsto toho v\u00e1m rad\u0161i pov\u00edm jeden p\u0159\u00edb\u011bh \u00bb <a rel=\"noreferrer noopener\" href=\"https:\/\/old.takpraha.cz\/2020\/200203-zprava-o-cinnosti-za-2019.pdf\" target=\"_blank\">\u010dti v\u00edce<\/a> *)<br><img loading=\"lazy\" decoding=\"async\" width=\"20\" height=\"20\" class=\"wp-image-973\" style=\"width: 20px;\" src=\"https:\/\/takpraha.cz\/wp-content\/uploads\/2021\/11\/icon-znak-tak.gif\" alt=\"\">  <strong>Usnesen\u00ed <\/strong>VH z 3. 2. 2020 Na O\u0159echovce \u00bb <a rel=\"noreferrer noopener\" href=\"https:\/\/old.takpraha.cz\/2020\/200203-vv-usneseni.pdf\" target=\"_blank\">\u010dti v\u00edce<\/a> *) <\/td><\/tr><tr><td>2019<\/td><td><img loading=\"lazy\" decoding=\"async\" width=\"20\" height=\"20\" class=\"wp-image-965\" style=\"width: 20px;\" src=\"https:\/\/takpraha.cz\/wp-content\/uploads\/2021\/11\/icon-lupa.gif\" alt=\"\"> Volebn\u00ed \u0159\u00e1d 2019 \u00bb pr\u00e1vo volit maj\u00ed pouze \u010dlenov\u00e9 TAK \u00bb <a rel=\"noreferrer noopener\" href=\"https:\/\/old.takpraha.cz\/2019\/190225-volebni-rad.pdf\" target=\"_blank\">\u010dti v\u00edce<\/a> *)<br><img loading=\"lazy\" decoding=\"async\" width=\"20\" height=\"20\" class=\"wp-image-973\" style=\"width: 20px;\" src=\"https:\/\/takpraha.cz\/wp-content\/uploads\/2021\/11\/icon-znak-tak.gif\" alt=\"\"> <strong>Usnesen\u00ed <\/strong>VVH z 25. 2. 2019 Na O\u0159echovce \u00bb <a rel=\"noreferrer noopener\" href=\"https:\/\/old.takpraha.cz\/2019\/190225-vvh-usneseni.pdf\" target=\"_blank\">\u010dti v\u00edce<\/a> *) <\/td><\/tr><tr><td>2018<\/td><td><img loading=\"lazy\" decoding=\"async\" width=\"20\" height=\"20\" class=\"wp-image-961\" style=\"width: 20px;\" src=\"https:\/\/takpraha.cz\/wp-content\/uploads\/2021\/11\/icon-info.gif\" alt=\"\"> Zpr\u00e1va revizn\u00ed komise za rok 2017 \u00bb <a rel=\"noreferrer noopener\" href=\"https:\/\/old.takpraha.cz\/2018\/180219-vh-zprava-revizni-komise.pdf\" target=\"_blank\">\u010dti v\u00edce<\/a> *)<br><img loading=\"lazy\" decoding=\"async\" width=\"20\" height=\"20\" class=\"wp-image-973\" style=\"width: 20px;\" src=\"https:\/\/takpraha.cz\/wp-content\/uploads\/2021\/11\/icon-znak-tak.gif\" alt=\"\"> <strong>Usnesen\u00ed <\/strong>VH z 19. 2. 2018 Na O\u0159echovce p\u0159\u00edtomno 74 \u010dlen\u016f \u00bb <a rel=\"noreferrer noopener\" href=\"https:\/\/old.takpraha.cz\/2018\/180219-vh-usneseni.pdf\" target=\"_blank\">\u010dti v\u00edce<\/a> *) <\/td><\/tr><tr><td>2017<\/td><td><img loading=\"lazy\" decoding=\"async\" width=\"20\" height=\"20\" class=\"wp-image-965\" style=\"width: 20px;\" src=\"https:\/\/takpraha.cz\/wp-content\/uploads\/2021\/11\/icon-lupa.gif\" alt=\"\"> Volebn\u00ed \u0159\u00e1d 2017 \u00bb volby \u0159\u00edd\u00ed volebn\u00ed komise \u00bb <a rel=\"noreferrer noopener\" href=\"https:\/\/old.takpraha.cz\/2017\/170213volebni-rad.pdf\" target=\"_blank\">\u010dti v\u00edce<\/a> *) <br><img loading=\"lazy\" decoding=\"async\" width=\"20\" height=\"20\" class=\"wp-image-973\" style=\"width: 20px;\" src=\"https:\/\/takpraha.cz\/wp-content\/uploads\/2021\/11\/icon-znak-tak.gif\" alt=\"\"> <strong>Usnesen\u00ed<\/strong> Volebn\u00ed valn\u00e9 hromady \u00bb p\u0159\u00edtomno 78 \u010dlen\u016f \u00bb <a rel=\"noreferrer noopener\" href=\"https:\/\/old.takpraha.cz\/2017\/170213-vvh-usneseni.pdf\" target=\"_blank\">\u010dti v\u00edce<\/a> *) <img decoding=\"async\" src=\"https:\/\/takpraha.cz\/wp-content\/uploads\/2021\/11\/icon-pdf.png\" alt=\"\" style=\"width: 20px;\"><\/td><\/tr><tr><td>2016<\/td><td><img loading=\"lazy\" decoding=\"async\" width=\"20\" height=\"20\" class=\"wp-image-973\" style=\"width: 20px;\" src=\"https:\/\/takpraha.cz\/wp-content\/uploads\/2021\/11\/icon-znak-tak.gif\" alt=\"\"> <strong>Usnesen\u00ed <\/strong>Valn\u00e9 hromady 15. 2. 2016 v Hotelu Svornost \u00bb p\u0159\u00edtomno bylo 76 \u010dlen\u016f s hlasovac\u00edm pr\u00e1vem podle prezen\u010dn\u00ed listiny \u00bb <a rel=\"noreferrer noopener\" href=\"https:\/\/old.takpraha.cz\/2016\/160215vh-usneseni.pdf\" target=\"_blank\">\u010dti v\u00edce<\/a> *)<\/td><\/tr><tr><td>2015<\/td><td><img loading=\"lazy\" decoding=\"async\" width=\"20\" height=\"20\" class=\"wp-image-973\" style=\"width: 20px;\" src=\"https:\/\/takpraha.cz\/wp-content\/uploads\/2021\/11\/icon-znak-tak.gif\" alt=\"\"> <strong>Usnesen\u00ed<\/strong> VVH z 2. 2. 2015 v restauraci Na O\u0159echovce \u00bb p\u0159\u00edtomno 100 \u010dlen\u016f \u00bb <a rel=\"noreferrer noopener\" href=\"https:\/\/old.takpraha.cz\/2015\/150202vvh-usneseni.pdf\" target=\"_blank\">\u010dti v\u00edce<\/a> *)<\/td><\/tr><tr><td>2014<\/td><td><img loading=\"lazy\" decoding=\"async\" width=\"20\" height=\"20\" class=\"wp-image-973\" style=\"width: 20px;\" src=\"https:\/\/takpraha.cz\/wp-content\/uploads\/2021\/11\/icon-znak-tak.gif\" alt=\"\"> <strong>Usnesen\u00ed <\/strong>VH z 17. 2. 2014 \u00bb p\u0159\u00edtomno 68 \u010dlen\u016f \u00bb <a rel=\"noreferrer noopener\" href=\"https:\/\/old.takpraha.cz\/2014\/20140217vh-usneseni.pdf\" target=\"_blank\">\u010dti v\u00edce<\/a> *)<\/td><\/tr><tr><td>2013<\/td><td><img loading=\"lazy\" decoding=\"async\" width=\"20\" height=\"20\" class=\"wp-image-971\" style=\"width: 20px;\" src=\"https:\/\/takpraha.cz\/wp-content\/uploads\/2021\/11\/icon-rozcestnik.gif\" alt=\"\">  <strong>V\u00fdro\u010dn\u00ed zpr\u00e1va<\/strong> o \u010dinnosti TAK, ale i zpov\u011b\u010f odch\u00e1zej\u00edc\u00edho majitele \u00bb Jak\u00fd byl uplynul\u00fd TAKov\u00fd rok? P\u011bkn\u00fd, pohodov\u00fd, pln\u00fd setk\u00e1n\u00ed s prima kamar\u00e1dy, vlastn\u011b sv\u00fdm zp\u016fsobem dost podobn\u00fd tomu minul\u00e9mu. Je to dob\u0159e, nebo \u0161patn\u011b? P\u0159ehled akc\u00ed je obdivuhodn\u00fd, \u00bb <a rel=\"noreferrer noopener\" href=\"https:\/\/old.takpraha.cz\/2015\/150202vvh-zprava-o-cinnosti-2014.pdf\" target=\"_blank\">\u010dti v\u00edce<\/a> *)<br><img loading=\"lazy\" decoding=\"async\" width=\"20\" height=\"20\" class=\"wp-image-973\" style=\"width: 20px;\" src=\"https:\/\/takpraha.cz\/wp-content\/uploads\/2021\/11\/icon-znak-tak.gif\" alt=\"\">  <strong>Usnesen\u00ed <\/strong>VVH z 4. 2. 2013 v restauraci Na Vlachovce \u00bb p\u0159\u00edtomno 96 \u010dlen\u016f \u00bb <a rel=\"noreferrer noopener\" href=\"https:\/\/old.takpraha.cz\/2013\/20130204vvh-usneseni.pdf\" target=\"_blank\">\u010dti v\u00edce<\/a> *)<\/td><\/tr><tr><td>2012<\/td><td><img loading=\"lazy\" decoding=\"async\" width=\"20\" height=\"20\" class=\"wp-image-961\" style=\"width: 20px;\" src=\"https:\/\/takpraha.cz\/wp-content\/uploads\/2021\/11\/icon-info.gif\" alt=\"\"> Zpr\u00e1va <strong>revizn\u00ed komise <\/strong>za rok 2011 \u00bb komise nezjistila \u017e\u00e1dn\u00e9 nedostatky \u00bb <a rel=\"noreferrer noopener\" href=\"https:\/\/old.takpraha.cz\/2012\/120206zprava-revizni-komise.pdf\" target=\"_blank\">\u010dti v\u00edce<\/a> *)<br><img loading=\"lazy\" decoding=\"async\" width=\"20\" height=\"20\" class=\"wp-image-965\" style=\"width: 20px;\" src=\"https:\/\/takpraha.cz\/wp-content\/uploads\/2021\/11\/icon-lupa.gif\" alt=\"\"> <strong>Zpr\u00e1va o \u010dinnosti <\/strong>za rok 2011 \u00bb pokud v\u00edm, tak v\u0161echny akce prob\u011bhly bez probl\u00e9m\u016f a jejich \u00fa\u010dastn\u00edci i po\u0159adatel\u00e9 byli spokojen\u00ed, co\u017e je pro TAKov\u00e9 akce norm\u00e1ln\u00ed. Ale p\u0159esto si neodpust\u00edm p\u00e1r slov o n\u011bkolika, kter\u00e9 m\u011b pot\u011b\u0161ily nejv\u00edc. \u00bb <a rel=\"noreferrer noopener\" href=\"https:\/\/old.takpraha.cz\/2012\/120206zprava-o-cinnosti-2011.pdf\" target=\"_blank\">\u010dti v\u00edce<\/a> *)<br><img loading=\"lazy\" decoding=\"async\" width=\"20\" height=\"20\" class=\"wp-image-973\" style=\"width: 20px;\" src=\"https:\/\/takpraha.cz\/wp-content\/uploads\/2021\/11\/icon-znak-tak.gif\" alt=\"\"> <strong>Usnesen\u00ed<\/strong> VH z 6. 2. 2012 v restauraci Na Slamn\u00edku \u00bb p\u0159\u00edtomno 82 \u010dlen\u016f \u00bb <a rel=\"noreferrer noopener\" href=\"https:\/\/old.takpraha.cz\/2012\/120206usneseni-vh.pdf\" target=\"_blank\">\u010dti v\u00edce<\/a> *)<\/td><\/tr><tr><td>2011<\/td><td><img loading=\"lazy\" decoding=\"async\" width=\"20\" height=\"20\" class=\"wp-image-965\" style=\"width: 20px;\" src=\"https:\/\/takpraha.cz\/wp-content\/uploads\/2021\/11\/icon-lupa.gif\" alt=\"\"><strong> V\u00fdro\u010dn\u00ed zpr\u00e1va<\/strong> \u00bb Slovo majitele z roku 2010 \u00bb \u0158ekl bych, \u017ee rok 2010 byl norm\u00e1ln\u00ed, tud\u00ed\u017e pohodov\u00fd a poveden\u00ed \u00bb <a rel=\"noreferrer noopener\" href=\"https:\/\/old.takpraha.cz\/2011\/110211vvh-vyrocni-zprava-petrof.pdf\" target=\"_blank\">\u010dti v\u00edce<\/a> *)<br><img loading=\"lazy\" decoding=\"async\" width=\"20\" height=\"20\" class=\"wp-image-965\" style=\"width: 20px;\" src=\"https:\/\/takpraha.cz\/wp-content\/uploads\/2021\/11\/icon-lupa.gif\" alt=\"\">  <strong>Zpr\u00e1va o \u010dinnosti odd\u00edl\u016f<\/strong> Horo, Cyklo a TOM \u00bb <a rel=\"noreferrer noopener\" href=\"https:\/\/old.takpraha.cz\/2011\/110211vvh-vyrocni-zpravy-oddilu.pdf\" target=\"_blank\">\u010dti v\u00edce<\/a> *)<br><img loading=\"lazy\" decoding=\"async\" width=\"20\" height=\"20\" class=\"wp-image-973\" style=\"width: 20px;\" src=\"https:\/\/takpraha.cz\/wp-content\/uploads\/2021\/11\/icon-znak-tak.gif\" alt=\"\"> <strong>Usnesen\u00ed <\/strong>VVH z 11. 2. 2011 v hotelu Svornost, Doln\u00ed Po\u010dernice \u00bb p\u0159\u00edtomno 66 \u010dlen\u016f \u00bb <a rel=\"noreferrer noopener\" href=\"https:\/\/old.takpraha.cz\/2011\/110211vvh-usneseni.pdf\" target=\"_blank\">\u010dti v\u00edce<\/a> *)<br><img loading=\"lazy\" decoding=\"async\" width=\"20\" height=\"20\" class=\"wp-image-961\" style=\"width: 20px;\" src=\"https:\/\/takpraha.cz\/wp-content\/uploads\/2021\/11\/icon-info.gif\" alt=\"\"> <strong>\u00davaha<\/strong> o budoucnosti Valn\u00e9 hromady z 21. 2. 2011 \u00bb  sch\u016fze prob\u011bhla svi\u017en\u011b, ale\u2026 \u00bb <a rel=\"noreferrer noopener\" href=\"https:\/\/old.takpraha.cz\/2011\/110221budoucnost-valne-hromady-rada.pdf\" target=\"_blank\">\u010dti v\u00edce<\/a> *)<\/td><\/tr><tr><td>2010<\/td><td><img loading=\"lazy\" decoding=\"async\" width=\"20\" height=\"20\" class=\"wp-image-973\" style=\"width: 20px;\" src=\"https:\/\/takpraha.cz\/wp-content\/uploads\/2021\/11\/icon-znak-tak.gif\" alt=\"\"> <strong>Usnesen\u00ed <\/strong>VH z 12. 2. 2010, hotel Svornost, Doln\u00ed Po\u010dernice \u00bb p\u0159\u00edtomno 73 \u010dlen\u016f \u00bb <a rel=\"noreferrer noopener\" href=\"https:\/\/old.takpraha.cz\/2010\/100212vv-usneseni.pdf\" target=\"_blank\">\u010dti v\u00edce<\/a> *)<\/td><\/tr><tr><td>2009<\/td><td><img loading=\"lazy\" decoding=\"async\" width=\"20\" height=\"20\" class=\"wp-image-961\" style=\"width: 20px;\" src=\"https:\/\/takpraha.cz\/wp-content\/uploads\/2021\/11\/icon-info.gif\" alt=\"\"> <strong>V\u00fdro\u010dn\u00ed zpr\u00e1va<\/strong> za rok 2008 \u00bb Kdy\u017e jsem si rozm\u00fd\u0161lel, na co by Rada nem\u011bla ve sv\u00e9 v\u00fdro\u010dn\u00ed zpr\u00e1v\u011b zapomenout, listoval jsem pochopiteln\u011b Poradn\u00edky \u00bb <a rel=\"noreferrer noopener\" href=\"https:\/\/old.takpraha.cz\/2009\/090213vyrocni.zprava2008.pdf\" target=\"_blank\">\u010dti d\u00e1le<\/a> *)<br><img loading=\"lazy\" decoding=\"async\" width=\"20\" height=\"20\" class=\"wp-image-973\" style=\"width: 20px;\" src=\"https:\/\/takpraha.cz\/wp-content\/uploads\/2021\/11\/icon-znak-tak.gif\" alt=\"\"> <strong>Usnesen\u00ed <\/strong>VVH z 13. 2. 2009 v restauraci Na H\u0159i\u0161ti, Satalice \u00bb p\u0159\u00edtomno 75 \u010dlen\u016f \u00bb <a rel=\"noreferrer noopener\" href=\"https:\/\/old.takpraha.cz\/2009\/090213vvh_usneseni.pdf\" target=\"_blank\">\u010dti v\u00edce<\/a> *)<\/td><\/tr><tr><td>2008<\/td><td><img loading=\"lazy\" decoding=\"async\" width=\"20\" height=\"20\" class=\"wp-image-965\" style=\"width: 20px;\" src=\"https:\/\/takpraha.cz\/wp-content\/uploads\/2021\/11\/icon-lupa.gif\" alt=\"\">  <strong>V\u00fdro\u010dn\u00ed zpr\u00e1va <\/strong>za rok 2007 \u00bb m\u00e1me za sebou spoustu akc\u00ed \u00bb <a rel=\"noreferrer noopener\" href=\"https:\/\/old.takpraha.cz\/2008\/080201vh.cinnost2007.pdf\" target=\"_blank\">\u010dti v\u00edce<\/a> *)<br><img loading=\"lazy\" decoding=\"async\" width=\"20\" height=\"20\" class=\"wp-image-973\" style=\"width: 20px;\" src=\"https:\/\/takpraha.cz\/wp-content\/uploads\/2021\/11\/icon-znak-tak.gif\" alt=\"\"> <strong>Usnesen\u00ed <\/strong>VH z 1. 2. 2008 v restauraci Na H\u0159i\u0161ti, Satalice \u00bb p\u0159\u00edtomno 64 \u010dlen\u016f \u00bb <a rel=\"noreferrer noopener\" href=\"https:\/\/old.takpraha.cz\/2008\/080201usnesenivh.pdf\" target=\"_blank\">\u010dti d\u00e1le<\/a> *)<br><img loading=\"lazy\" decoding=\"async\" width=\"20\" height=\"20\" class=\"wp-image-961\" style=\"width: 20px;\" src=\"https:\/\/takpraha.cz\/wp-content\/uploads\/2021\/11\/icon-info.gif\" alt=\"\"> <strong>Stezkov\u00e1 kucha\u0159ka<\/strong> z 3. 6. 2008 \u00bb doporu\u010dujeme vz\u00edt v \u00favahu nejkrat\u0161\u00ed interval mezi podzimn\u00ed a jarn\u00ed Stezkou \u00bb <a rel=\"noreferrer noopener\" href=\"https:\/\/old.takpraha.cz\/2008\/080603harmonogram_priprav_vs.pdf\" target=\"_blank\">\u010dti v\u00edce<\/a> *)<br><img loading=\"lazy\" decoding=\"async\" width=\"20\" height=\"20\" class=\"wp-image-971\" style=\"width: 20px;\" src=\"https:\/\/takpraha.cz\/wp-content\/uploads\/2021\/11\/icon-rozcestnik.gif\" alt=\"\"> <strong>Oslava 45. v\u00fdro\u010d\u00ed vzniku TAK<\/strong>, Pr\u00e1\u0161ily 14. \u2013 17. 11. 2008 \u00bb Bylo n\u00e1s 122, piv jsme vypili celkem 1100 (800 Gambrinus\u016f a 300 Prazdroj\u016f), zazp\u00edvali des\u00edtky p\u00edsni\u010dek a shl\u00e9dli mnoho filme\u010dk\u016f, prodalo se spousta odznak\u016f a v\u0161ech 60 Almanach\u016f, za t\u0159i dny jsme nachodili skoro 50 km \u00bb <a rel=\"noreferrer noopener\" href=\"https:\/\/old.takpraha.cz\/2008\/081117prasily.php\" target=\"_blank\">\u010dti v\u00edce<\/a> *)<\/td><\/tr><tr><td>2007<\/td><td><img loading=\"lazy\" decoding=\"async\" width=\"20\" height=\"20\" class=\"wp-image-965\" style=\"width: 20px;\" src=\"https:\/\/takpraha.cz\/wp-content\/uploads\/2021\/11\/icon-lupa.gif\" alt=\"\"> <strong>Desatero <\/strong>p\u0159edstava o vet\u0161\u00ed sl\u00e1v\u011b a sm\u011b\u0159ov\u00e1n\u00ed TAK od Tondy Rosick\u00e9ho T1 \u00bb <a rel=\"noreferrer noopener\" href=\"https:\/\/old.takpraha.cz\/2007\/070209desatero.pdf\" target=\"_blank\">\u010dti v\u00edce<\/a> *)<br><img loading=\"lazy\" decoding=\"async\" width=\"20\" height=\"20\" class=\"wp-image-973\" style=\"width: 20px;\" src=\"https:\/\/takpraha.cz\/wp-content\/uploads\/2021\/11\/icon-znak-tak.gif\" alt=\"\"> <strong>Usnesen\u00ed <\/strong>VVH z 9. 2. 2007 v restauraci Na Kope\u010dku, Doln\u00ed B\u0159e\u017eany \u00bb p\u0159\u00edtomno 71 \u010dlen\u016f \u00bb <a rel=\"noreferrer noopener\" href=\"https:\/\/old.takpraha.cz\/2007\/070200usnesenivh.php\" target=\"_blank\">\u010dti v\u00edce<\/a> *)<\/td><\/tr><tr><td>2006<\/td><td><img loading=\"lazy\" decoding=\"async\" width=\"20\" height=\"20\" class=\"wp-image-973\" style=\"width: 20px;\" src=\"https:\/\/takpraha.cz\/wp-content\/uploads\/2021\/11\/icon-znak-tak.gif\" alt=\"\"> <strong>Usnesen\u00ed <\/strong>VH z 3. 2. 2006 v restauraci Sokolovna, \u00dan\u011btice \u00bb p\u0159\u00edtomno 59 \u010dlen\u016f \u00bb <a rel=\"noreferrer noopener\" href=\"https:\/\/old.takpraha.cz\/2006\/060203usesenivh.pdf\" target=\"_blank\">\u010dti d\u00e1le<\/a> *)<\/td><\/tr><tr><td>2005<\/td><td><img loading=\"lazy\" decoding=\"async\" width=\"20\" height=\"20\" class=\"wp-image-973\" style=\"width: 20px;\" src=\"https:\/\/takpraha.cz\/wp-content\/uploads\/2021\/11\/icon-znak-tak.gif\" alt=\"\"> <strong>Usnesen\u00ed <\/strong>VVH z 28. 1. 2005 v restauraci U Knotk\u016f, Holyn\u011b \u00bb p\u0159\u00edtomno 55 \u010dlen\u016f \u00bb <a rel=\"noreferrer noopener\" href=\"https:\/\/old.takpraha.cz\/2005\/050128vhusneseni.pdf\" target=\"_blank\">\u010dti v\u00edce<\/a> *)<\/td><\/tr><tr><td>2003<\/td><td><img loading=\"lazy\" decoding=\"async\" width=\"20\" height=\"20\" class=\"wp-image-973\" style=\"width: 20px;\" src=\"https:\/\/takpraha.cz\/wp-content\/uploads\/2021\/11\/icon-znak-tak.gif\" alt=\"\"> <strong>Usnesen\u00ed <\/strong>VVH t 7. 2. 2003, Hostinec Na h\u0159i\u0161ti, Doln\u00ed Chabry \u00bb p\u0159\u00edtomno 52 \u010dlen\u016f \u00bb <a rel=\"noreferrer noopener\" href=\"https:\/\/old.takpraha.cz\/2003\/030207usnesenivh.pdf\" target=\"_blank\">\u010dti v\u00edce<\/a> *)<\/td><\/tr><\/tbody><\/table><\/figure>\n<\/div>\n<\/div>\n\n\n\n<div class=\"wp-block-columns is-layout-flex wp-container-core-columns-is-layout-28f84493 wp-block-columns-is-layout-flex\">\n<div class=\"wp-block-column is-layout-flow wp-block-column-is-layout-flow\" style=\"flex-basis:66.66%\">\n<p>Nen\u00ed v\u017edy jednoduch\u00e9 z\u00edskat od lid\u00ed informace, proto mnoh\u00e9 zpr\u00e1vy \u010di fotografie chyb\u00ed. Archiv\u00e1\u0159ka TAK nasazuje r\u016fzn\u00e9 p\u00e1ky. N\u011bkter\u00e9 dokumenty se poda\u0159\u00ed z\u00edskat a budou postupn\u011b dopl\u0148ov\u00e1ny.<\/p>\n<\/div>\n\n\n\n<div class=\"wp-block-column is-layout-flow wp-block-column-is-layout-flow\" style=\"flex-basis:33.33%\">\n<figure class=\"wp-block-image size-full\"><img loading=\"lazy\" decoding=\"async\" width=\"640\" height=\"480\" src=\"https:\/\/takpraha.cz\/wp-content\/uploads\/2021\/03\/image-16.jpeg\" alt=\"\" class=\"wp-image-431\" srcset=\"https:\/\/takpraha.cz\/wp-content\/uploads\/2021\/03\/image-16.jpeg 640w, https:\/\/takpraha.cz\/wp-content\/uploads\/2021\/03\/image-16-300x225.jpeg 300w\" sizes=\"auto, (max-width: 640px) 100vw, 640px\" \/><\/figure>\n<\/div>\n<\/div>\n","protected":false},"excerpt":{"rendered":"<p>Zpr\u00e1vy o \u010dinnosti a hospoda\u0159en\u00ed klubu \u2013 Valn\u00e9 hromady *) odkaz na star\u00fd web 2022 Usnesen\u00ed VVH z 14. 2.<\/p>\n","protected":false},"author":2,"featured_media":0,"parent":752,"menu_order":0,"comment_status":"open","ping_status":"closed","template":"","meta":{"colormag_page_layout":"no_sidebar_full_width","inline_featured_image":false,"ngg_post_thumbnail":0,"footnotes":""},"class_list":["post-47","page","type-page","status-publish","hentry"],"_links":{"self":[{"href":"https:\/\/takpraha.cz\/index.php\/wp-json\/wp\/v2\/pages\/47","targetHints":{"allow":["GET"]}}],"collection":[{"href":"https:\/\/takpraha.cz\/index.php\/wp-json\/wp\/v2\/pages"}],"about":[{"href":"https:\/\/takpraha.cz\/index.php\/wp-json\/wp\/v2\/types\/page"}],"author":[{"embeddable":true,"href":"https:\/\/takpraha.cz\/index.php\/wp-json\/wp\/v2\/users\/2"}],"replies":[{"embeddable":true,"href":"https:\/\/takpraha.cz\/index.php\/wp-json\/wp\/v2\/comments?post=47"}],"version-history":[{"count":61,"href":"https:\/\/takpraha.cz\/index.php\/wp-json\/wp\/v2\/pages\/47\/revisions"}],"predecessor-version":[{"id":5484,"href":"https:\/\/takpraha.cz\/index.php\/wp-json\/wp\/v2\/pages\/47\/revisions\/5484"}],"up":[{"embeddable":true,"href":"https:\/\/takpraha.cz\/index.php\/wp-json\/wp\/v2\/pages\/752"}],"wp:attachment":[{"href":"https:\/\/takpraha.cz\/index.php\/wp-json\/wp\/v2\/media?parent=47"}],"curies":[{"name":"wp","href":"https:\/\/api.w.org\/{rel}","templated":true}]}}