{"id":607,"date":"2021-10-18T21:55:58","date_gmt":"2021-10-18T19:55:58","guid":{"rendered":"https:\/\/www.takpraha.cz\/wp\/?page_id=607"},"modified":"2022-01-08T18:28:41","modified_gmt":"2022-01-08T17:28:41","slug":"historie-stezek-1970-1979","status":"publish","type":"page","link":"https:\/\/takpraha.cz\/index.php\/historie-stezek-1970-1979\/","title":{"rendered":"Historie Stezek 1970\u20131979"},"content":{"rendered":"\n<h2 class=\"wp-block-heading\">Velk\u00e9 stezky 1970-1979<\/h2>\n\n\n\n<h3 class=\"wp-block-heading\" id=\"s13\">13. ORLICK\u00c9 HORY | 23.\u201328. 4. 1970 | Dobro\u0161ov<\/h3>\n\n\n\n<div class=\"wp-block-image\"><figure class=\"alignright size-full\"><img loading=\"lazy\" decoding=\"async\" width=\"128\" height=\"59\" src=\"https:\/\/takpraha.cz\/wp-content\/uploads\/2021\/10\/13vs.jpg\" alt=\"\" class=\"wp-image-629\"\/><\/figure><\/div>\n\n\n\n<p>1. Adr\u0161pach, Broumovsk\u00e9 sk\u00e1ly, chata Hv\u011bzda, Bukovina<br>2. P\u011b\u010d\u00edn, Ose\u010dnice, Ose\u010dnice, Bystr\u00e9<br>3. P\u011b\u010d\u00edn, Rychnov nad Kn\u011b\u017enou, Lomy, Nov\u00fd Hr\u00e1dek<br>4. Kunvald, De\u0161tn\u00e9, Janov<br>5. Adr\u0161pach, Teplice nad Metuj\u00ed, Mar\u0161ov nad Metuj\u00ed, Hronov<br>6. Rokytnice, Orlick\u00e9 Z\u00e1ho\u0159\u00ed, De\u0161tn\u00e9, Borov\u00e1<br>7. \u010castolovice, Kvasiny, Ohni\u0161ov, N\u00e1chod<br>8. Doudleby nad Orlic\u00ed, Vyhl\u00eddka, De\u0161tn\u00e9, Ole\u0161nice<br>9. M. Svato\u0148ov, Osta\u0161, Teplice nad Metuj\u00ed, Hronov<br>10. Slatina nad Zdobnic\u00ed, Horn\u00ed Rokytnice, De\u0161tn\u00e9, Ole\u0161nice<br>11. De\u0161tn\u00e9, Tr\u010dkov, De\u0161tn\u00e9<br>12. Rokytnice, Orlick\u00e9 Z\u00e1ho\u0159\u00ed, Tr\u010dkov, De\u0161tn\u00e9<br>13. Rokytnice, Pot\u0161tejn, \u0158\u00ed\u010dky, Sedlo\u0148ov<\/p>\n\n\n\n<h3 class=\"wp-block-heading\" id=\"s14\">14. \u0160UMAVA | 28.\u201331. 10. 1971 | Velhartice<\/h3>\n\n\n\n<div class=\"wp-block-image\"><figure class=\"alignright size-full\"><img loading=\"lazy\" decoding=\"async\" width=\"51\" height=\"96\" src=\"https:\/\/takpraha.cz\/wp-content\/uploads\/2021\/10\/14vs.jpg\" alt=\"\" class=\"wp-image-630\"\/><\/figure><\/div>\n\n\n\n<p>1. Ovesn\u00e1, Turnerova chata, Rejn\u0161tejn, Petrovice<br>2. Vimperk, Kvilda, Ka\u0161persk\u00e9 Hory, Vol\u0161ovy<br>3. Klatovy, Poc\u00ednovice, \u017delezn\u00e1 Ruda, \u010cachrov<br>4. \u010ckyn\u011b, Stachy, Srn\u00ed, Doln\u00ed Kru\u0161ec<br>5. Lenora, Horn\u00ed Vltavice, Filipova Hu\u0165, \u0160t\u011bpanice<br>6. Lenora, Nov\u00e9 Hut\u011b, Turnerova chata, Ann\u00edn<br>7. Vimperk, Horsk\u00e1 Kvilda, Dlouh\u00e1 Ves<br>8. Vimperk, Modrava, Rejn\u0161tejn, Frant. Ves<br>9. Kubova Hu\u0165, Srn\u00ed, Srn\u00ed, Srn\u00ed<br>10. Lipka, Kvilda, Ann\u00edn, Javorn\u00e1<br>11. Nemilkov, Hojsova Str\u00e1\u017e, \u017delezn\u00e1 Ruda, Lukavice<br>12. Kubova Hu\u0165, Filipova Hu\u0165, Modrava, Hr\u00e1dek u Su\u0161ice<br>13. Lenora, Lipka, Horsk\u00e1 Kvilda, Hartmanice<br>14. Kubova Hu\u0165, Vimperk, Modrava, Dlouh\u00e1 Ves<br>15. Z\u00e1to\u0148, Nov\u00e9 Hut\u011b, Turnerova chata, Ann\u00edn<\/p>\n\n\n\n<h3 class=\"wp-block-heading\" id=\"s15\">15. VYSO\u010cINA | 6.\u20139. 5. 1972 | Ro\u0161tejn<\/h3>\n\n\n\n<div class=\"wp-block-image\"><figure class=\"alignright size-full\"><img loading=\"lazy\" decoding=\"async\" width=\"67\" height=\"96\" src=\"https:\/\/takpraha.cz\/wp-content\/uploads\/2021\/10\/15vs.jpg\" alt=\"\" class=\"wp-image-631\"\/><\/figure><\/div>\n\n\n\n<p>1. Pelh\u0159imopv, Kostelec, R\u016f\u017een\u00e1, Dobr\u00e1 Voda<br>2. V\u010delni\u010dka, Palup\u00edn, Vanov, Rohozn\u00e1<br>3. Jind\u0159ich\u016fv Hradec, H\u016frky, Valt\u00ednov, Mr\u00e1kot\u00edn<br>4. Albe\u0159, \u010cesk\u00fd Rudolec, He\u0159mane\u010d, Doup\u011b<br>5. Horn\u00ed Cerekev, Horn\u00ed Dubeny, Salavice, \u0158\u00e1sn\u00e1<br>6. Jaro\u0161ov nad Ne\u017e\u00e1rkou, Mr\u00e1kot\u00edn, Jihl\u00e1vka, Jezdovice<br>7. Pelh\u0159imov, mlad\u00e9 B\u0159i\u0161t\u011b, S\u00e1zava, Stona\u0159ov<br>8. Jind\u0159ichuv Hradec, Kun\u017eak, Slavonice, Velk\u00fd Pa\u0159ezit\u00fd rybn\u00edk<br>9. Slavonice, Valt\u00ednov, Studen\u00e1, R\u016f\u017een\u00e1<br>10. Zaj\u00ed\u010dkov, \u010ce\u0159\u00ednek, Ran\u010d\u00ed\u0159ov , P. Rozs\u00ed\u010dka<br>11. Jind\u0159ich\u016fv Hradec, Land\u0161tejn, Ol\u0161any, Lhotka<br>12. Nov\u00e1 Byst\u0159ice, Lov\u011bt\u00edn, Mr\u00e1kot\u00edn, Lipolec<br>13. Jind\u0159ich\u016fv Hradec, Lomy, V. Lhota, Volev\u010dice<br>14. Jihl\u00e1vka, Kosteln\u00ed Myslov\u00e1, \u017deletava, Stona\u0159ov<br>15. Jaro\u0161ov, Vl\u010dice, Studen\u00e1, Lhotka<\/p>\n\n\n\n<h3 class=\"wp-block-heading\" id=\"s16\">16. JESEN\u00cdKY | 3.\u20136. 5. 1973 | Lou\u010dn\u00e1 nad Desnou<\/h3>\n\n\n\n<div class=\"wp-block-image\"><figure class=\"alignright size-full\"><img loading=\"lazy\" decoding=\"async\" width=\"93\" height=\"96\" src=\"https:\/\/takpraha.cz\/wp-content\/uploads\/2021\/10\/16vs.jpg\" alt=\"\" class=\"wp-image-632\"\/><\/figure><\/div>\n\n\n\n<p>1. Jesen\u00edk, chata p. Jesen, chata N\u00e1vr\u0161\u00ed, V\u0159es. Stud\u00e1nka<br>2. Ramzov\u00e1, Brann\u00e1, Kouty nad Desnou, Brann\u00e1<br>3. \u010cerven\u00fd potok, St\u0159\u00edbrnice, V\u0159es. stud\u00e1vnka, Klep\u00e1\u010dov<br>4. Brann\u00e1, \u010cerven\u00e9 sedlo , Doln\u00ed Moravice, Vern\u00ed\u0159ovice<br>5. L\u00e1zn\u011b Lipov\u00e1, M. Mor\u00e1vka, Rejv\u00edz, \u010cervenohorsk\u00e9 sedlo<br>6. \u010cervenohorsk\u00e9 sedlo, Karlov, Janovice, N. Mal\u00edn<br>7. Ramzov\u00e1, V\u0159esov\u00e1 stud\u00e1nka, Vern\u00ed\u0159ovice, Vik\u00fd\u0159ovice<br>8. Javorn\u00edk, Lipov\u00e1, \u0160v\u00fdc\u00e1rna, Kouty nad Desnou<br>9. Hanu\u0161ovice, \u017dib\u0159idovice, \u0160er\u00e1k, Kurzovn\u00ed chata<br>10. Lipov\u00e1, Ramzovsk\u00e9 sedlo, Filipovice, Rudoltice<br>11. Ostru\u017en\u00e1, Kouty nad Desnou, Karlov, N. Mal\u00edn<br>12. St\u0159\u00edbrnice, Ostru\u017en\u00e1, \u010cervenohorsk\u00e9 sedlo, Ov\u010d\u00e1rna<br>13. \u017dib\u0159idovice, Ostru\u017en\u00e1, Kouty nad Desnou, Klep\u00e1\u010dov<br>14. Brann\u00e1, Lipka, Lou\u010dn\u00e1, Lou\u010dn\u00e1 nad Desnou<br>15. Star\u00e9 M\u011bsto, Pet\u0159\u00edkov, Pet\u0159\u00edkov, \u0160v\u00fdc\u00e1rna<br>15. \u010cerv. Voda, Star\u00e9 M\u011bsto, Lipv\u00e1 l\u00e1zn\u011b, Star\u00e9 M\u011bsto&nbsp;&nbsp;<\/p>\n\n\n\n<h3 class=\"wp-block-heading\" id=\"s17\">17. SLAVKOVSK\u00dd LES | 3.\u20136. 10. 1974 | Pion\u00fdrsk\u00e9 u Lokte<\/h3>\n\n\n\n<div class=\"wp-block-image\"><figure class=\"alignright size-full\"><img loading=\"lazy\" decoding=\"async\" width=\"76\" height=\"97\" src=\"https:\/\/takpraha.cz\/wp-content\/uploads\/2021\/10\/17vs.jpg\" alt=\"\" class=\"wp-image-633\"\/><\/figure><\/div>\n\n\n\n<p>1. T\u0159eme\u0161n\u00e9, Lesn\u00e1, T\u0159i Sekery, Nov\u00e1 Ves<br>2. Svoj\u0161\u00edn, Plan\u00e1 u Mari\u00e1nsk\u00fdch L\u00e1zn\u00ed, Mari\u00e1nsk\u00e9 L\u00e1zn\u011b, Loket<br>3. Mari\u00e1nsk\u00e9 L\u00e1zn\u011b, Libavsk\u00e9 \u00fadol\u00ed, St\u0159\u00edbrn\u00e1, Nov\u00e9 Hamry<br>4. Chodov\u00e1 Plan\u00e1, Mnichov, Javorn\u00e1, Ta\u0161ovice<br>5. Cheb, Skaln\u00e1, Star\u00e1 Voda, Kr\u00e1sno<br>6. Bezdru\u017eice, Tepl\u00e1, Prameny, Horn\u00ed Slavkov<br>7. Mari\u00e1nsk\u00e9 L\u00e1zn\u011b, Nov\u00e1 Ves, Dra\u017eov, Dra\u017eov<br>8. Strahov, Beroun, Loket, Loket<br>9. Ple\u0161nice, \u00dater\u00fd, Tepl\u00e1, Kolov\u00e1<br>10. Mari\u00e1nsk\u00e9 L\u00e1zn\u011b, Doln\u00ed \u017dandov, Horn\u00ed B\u0159\u00edza, Nadles\u00ed<br>11. Mari\u00e1nsk\u00e9 L\u00e1zn\u011b, Horn\u00ed Lazy, Be\u010dov, Pila<br>12. Mnichov, Kamenice, And\u011blsk\u00e1 Hora, Pion\u00fdrsk\u00e9 u Lokte<br>13. Cheb, Kyn\u0161perk, Prameny, Horn\u00ed Slavkov<br>14. Mari\u00e1nsk\u00e9 L\u00e1zn\u011b, Kyn\u017evart, Cheb, Lomnice<br>15. Chodov\u00e1 Plan\u00e1, Prameny, Kr\u00e1sno, Stanovice<br>16. Bor u Tachova, Star\u00e9 Sedli\u0161t\u011b, Trst\u011bnice, Doln\u00ed \u017dandov<\/p>\n\n\n\n<h3 class=\"wp-block-heading\" id=\"s18\">18. HALAS\u016eV KRAJ | 9.\u201312. 10. 1975 | Auer\u0161perk<\/h3>\n\n\n\n<div class=\"wp-block-image\"><figure class=\"alignright size-full\"><img loading=\"lazy\" decoding=\"async\" width=\"71\" height=\"97\" src=\"https:\/\/takpraha.cz\/wp-content\/uploads\/2021\/10\/18vs.jpg\" alt=\"\" class=\"wp-image-634\"\/><\/figure><\/div>\n\n\n\n<p>1. Ole\u0161n\u00e1, Un\u010d\u00edn, Ole\u0161nice, Byst\u0159ice pod Pern\u0161tejnem<br>2. Nov\u00e9 M\u011bsto nad Metuj\u00ed, K\u0159\u00eddla, Mar\u0161ovice, Pivonice<br>3. Nedv\u011bdice, Zbraslavice, Star\u00fd Svojanov, Proset\u00edn<br>4. Nihov, La\u017e\u00e1nky, Doln\u00ed Lou\u010dky, Ro\u017en\u00e1<br>5. Ti\u0161nov, Sedlo\u0148ov, Zdobnice, Rybn\u00e1 nad Zdobnic\u00ed<br>6. Ti\u0161nov, La\u017e\u00e1nky, \u0160t\u011bp\u00e1novice, Uj\u010dov<br>7. Os. Bit\u00fd\u0161ka, Mar\u0161ov, Lomnice, B\u00fd\u0161ovec<br>8. Ti\u0161nov, Kun\u0161t\u00e1t, Jobova Lhota, V\u00fdr<br>9. Ti\u0161nov, Ol\u0161\u00ed, Ti\u0161nov, Kun\u0161t\u00e1t<br>10. Ti\u0161nov, K\u0159eptov, Rozse\u010d u Kun\u0161t\u00e1tu, Doln\u00ed \u010cep\u00ed<br>11. Ti\u0161nov, Str\u00e1\u017eek, Doubravn\u00edk, \u0160t\u011bp\u00e1nov<br>12. Podles\u00ed, Sn\u011b\u017en\u00e9, Samot\u00edn, Karas\u00edn<br>13. \u010cesk\u00e1, La\u017e\u00e1nky, R\u00e1jec &#8211; Jest\u0159eb\u00ed, Hodon\u00edn<br>14. Ti\u0161nov, Str\u00e1\u017eek, Tasovice, Svojanov<br>15. Ti\u0161nov, Nedv\u011bdice, Nedv\u011bdice, Ole\u0161nice<br>16. Nov\u00e9 M\u011bsto n. M., Sn\u011b\u017en\u00e9, V\u00edtochov, Korou\u017en\u00e9<br>17. Nov\u00e9 M\u011bsto n. M., Svratka, Poli\u010dka, \u0160t\u011bp\u00e1nov<\/p>\n\n\n\n<h3 class=\"wp-block-heading\" id=\"s19\">19. VALA\u0160SKO | 14.\u201317. 10. 1976 | Ro\u017enov pod Radho\u0161t\u011bm<\/h3>\n\n\n\n<div class=\"wp-block-image\"><figure class=\"alignright size-full\"><img loading=\"lazy\" decoding=\"async\" width=\"70\" height=\"95\" src=\"https:\/\/takpraha.cz\/wp-content\/uploads\/2021\/10\/19vs.jpg\" alt=\"\" class=\"wp-image-635\"\/><\/figure><\/div>\n\n\n\n<p>1. Byst\u0159ice pod Host\u00fdnem, Vizovice, Zd\u011bchov, Sol\u00e1\u0148<br>2. Lide\u010dko, Vysok\u00fd Javorn\u00edk, Bumb\u00e1lka, Sol\u00e1\u0148<br>3. Vset\u00edn Port\u00e1\u0161, Port\u00e1\u0161, Pod\u0165at\u00e9, Sol\u00e1\u0148<br>4. Vset\u00edn, Brat\u0159ejov, Huslenky, Velk\u00e1 Lhota<br>5. Fr\u00fddlant n. O., Visalaje, T\u0159e\u0161t\u00edk, Horn\u00ed Be\u010dva<br>6. Vala\u0161sk\u00e9 Mezi\u0159\u00ed\u010d\u00ed, Tes\u00e1k, Hov\u011bz\u00ed, Velk\u00e9 Karlovice<br>7. Byst\u0159ice pod Host\u00fdnem, Lipt\u00e1l, Nov\u00fd Hrozenkov, Vala\u0161sk\u00e1 Byst\u0159ice<br>8. Vala\u0161sk\u00e9 Klobouky, Vizovice, Halenkov, Vala\u0161sk\u00e9 Mezi\u0159\u00ed\u010d\u00ed<br>9. Byst\u0159ice pod Host\u00fdnem, Slu\u0161ovice, Lide\u010dko, Velk\u00e9 Karlovice<br>10. Ostravice, chata Na Gr\u016fni, chata Na kas\u00e1rni, Karolinka<br>11. Pr\u017eno, Mor\u00e1vka, Sulov, Star\u00e9 Hamry<br>12. Doln\u00ed Hri\u010dov, Semete\u010d, Na kas\u00e1rni, Horn\u00ed Be\u010dva<br>13. Byst\u0159ice pod Host\u00fdnem, Host\u00fdn, Vset\u00edn, Nov\u00fd Hrozenkov<br>14. Horn\u00ed Lide\u010d, Hov\u011bz\u00ed, Hutisko, Trojanovice<br>15. Byst\u0159ice pod Host\u00fdnem, Rajnochovice, Byst\u0159i\u010dka, Byst\u0159i\u010dka<br>16. Ostravice, B\u00edl\u00e1 &#8211; Konen\u010d\u00e1, Velk\u00e9 Karlovice, Velk\u00e9 Karlovice<br>17. T\u0159inec, B\u00edl\u00fd K\u0159\u00ed\u017e, Ostravice, Trojanovice<\/p>\n\n\n\n<h3 class=\"wp-block-heading\" id=\"s20\">20. MEZIHO\u0158\u00cd | 29. 9. \u2014 2. 10. 1977 | Pot\u0161tejn<\/h3>\n\n\n\n<div class=\"wp-block-image\"><figure class=\"alignright size-full\"><img loading=\"lazy\" decoding=\"async\" width=\"128\" height=\"89\" src=\"https:\/\/takpraha.cz\/wp-content\/uploads\/2021\/10\/20vs.jpg\" alt=\"\" class=\"wp-image-636\"\/><\/figure><\/div>\n\n\n\n<p>1. N\u00e1m\u011b\u0161\u0165 na Han\u00e9, Bouzov, Trn\u00e1vka, \u0158\u00ed\u010dky<br>2. Podz\u00e1m\u010d\u00ed u Opavy, Nov\u00e9 M\u011bsto nad Metuj\u00ed, De\u0161tn\u00e1 &#8211; Kostelec<br>3. Hanu\u0161ovice, Kocanda, Ml\u00e1dkov, \u017dampach<br>4. Doln\u00ed Lipka, Kunvald, Liberk, Rove\u0148<br>5. Nov\u00e9 M\u011bsto nad Metuj\u00ed, Nov\u00fd Hr\u00e1dek, Zdobnice, Rove\u0148<br>6. Doln\u00ed Lipka, Kr\u00e1l\u00edky, Janou\u0161ov, Hn\u00e1tnice<br>7. Ml\u00e1dkov, Slatina, Slatina, Hejnice<br>8. \u010cesk\u00e1 T\u0159ebov\u00e1, Janou\u0161ov, \u010cerven\u00e1 Voda, \u017damberk<br>9. Nov\u00e9 M\u011bsto nad Metuj\u00ed, Ole\u0161nice, Orlick\u00e9 Z\u00e1ho\u0159\u00ed, Rokytnice<br>10. Star\u00e9 M\u011bsto pod Smrkem, Doln\u00ed Lipka, Mistrovice, Letohrad<br>11. Ramzov\u00e1, St\u0159\u00edbrnice, Kr\u00e1l\u00edky, Pastviny<br>12. Rozhran\u00ed, Vor\u0161ov, Lukov\u00e1, Doln\u00ed Libchavy<br>13. Mladkov, \u00dadol\u00ed\u010dko, Ka\u010derov, P\u011b\u010d\u00edn<br>14. \u010cerven\u00fd Potok, Doln\u00ed Morava, Mladkov, \u017dampach<br>15. Letohrad, \u010cesk\u00e9 Petrovice, Kunvald, Liberk<br>16. Rokytnice, Rokytnice, Sedlo\u0148ov, \u017damberk<br>17. Star\u00e9 M\u011bsto, Kr\u00e1l\u00edky, Kl\u00e1\u0161terec nad Orlic\u00ed, \u017damberk<br>C &nbsp; Mladkov, Moravsk\u00e1 T\u0159ebov\u00e1, \u010castolovice, \u017damberk<\/p>\n\n\n\n<h3 class=\"wp-block-heading\" id=\"s21\">21. T\u0158EBO\u0147SKO | 17.\u201320. 5. 1979 | rybn\u00edk Ro\u017emberk<\/h3>\n\n\n\n<div class=\"wp-block-image\"><figure class=\"alignright size-full\"><img loading=\"lazy\" decoding=\"async\" width=\"75\" height=\"97\" src=\"https:\/\/takpraha.cz\/wp-content\/uploads\/2021\/10\/21vs.jpg\" alt=\"\" class=\"wp-image-637\"\/><\/figure><\/div>\n\n\n\n<p>1. Roudn\u00e1, Z\u00e1l\u0161\u00ed, Ml\u00e1ka, Ludov\u00e1<br>2. Kaplice, Bene\u0161ov nad \u010cernou, Pet\u0159\u00edkov, Cep<br>3. Chlum u T\u0159ebon\u011b, St\u0159\u00edb\u0159e\u010d, Frahel\u017e, Slovilice<br>4. Rybn\u00edk, Hradi\u0161t\u011b, Bukov\u00e1, Koj\u00e1kovice<br>5. \u010cesk\u00e9 Bud\u011bjovice, Svat\u00fd Jan nad Mal\u0161\u00ed, \u0160almanovice, Brann\u00e1<br>6. Kaplice, Bene\u0161ov nad \u010cernou, Nov\u00e9 Hrady, Majdal\u00e9na<br>7. Roudn\u00e1, Choustn\u00edk, Ji\u017en\u00e1, Novosedly n. L.<br>8. Kaplice, Ole\u0161nice, Tu\u0161\u0165, Chlum u T\u0159ebon\u011b<br>9. Hlubok\u00e1 nad vltavou, T\u00fdn nad Vltavou, Dr\u00e1chov, Smr\u017eov<br>10. Kaplice, Malonty, Hojn\u00e1 Voda, \u0160almanovice<br>11. Kaplice, Trhov\u00e9 Sviny, Borovany, T\u0159ebo\u0148<br>12. Jihl\u00e1bka, Da\u010dice, \u010clunek, Plavsko<br>13. \u010cesk\u00e9 Bud\u011bjovice, Bujanov, \u0158\u00edmov, Borovany<br>14. Nov\u00e9 Hrady, Bene\u0161ov nad \u010cernou, Rejta, Mlado\u0161ovice<br>15. Trocnov, Sob\u011bnov, Horn\u00ed Stropnice, Cep<br>16. Vele\u0161\u00edn, Bene\u0161ov nad \u010cernou, Nov\u00e9 Hrady, Borovany<br>17. Lou\u010dovice, Rychnov nad Mal\u0161\u00ed, Hojn\u00e1 Voda, Mlado\u0161ovice<br>C &nbsp; \u010cesk\u00e9 Bud\u011bjovice, Vy\u0161\u0161\u00ed Brod, Rychnov u \u010c. H., Jind\u0159ich\u016fv Hradec<\/p>\n\n\n\n<div class=\"wp-block-buttons is-layout-flex wp-block-buttons-is-layout-flex\">\n<div class=\"wp-block-button\"><a class=\"wp-block-button__link\" href=\"https:\/\/takpraha.cz\/index.php\/historie-stezek-1964-1969\/\">\u00ab 1964\u20131969<\/a><\/div>\n\n\n\n<div class=\"wp-block-button is-style-fill\"><a class=\"wp-block-button__link\" href=\"https:\/\/takpraha.cz\/index.php\/historie-stezek-1980-1989\/\">1980\u20131989 \u00bb<\/a><\/div>\n<\/div>\n","protected":false},"excerpt":{"rendered":"<p>Velk\u00e9 stezky 1970-1979 13. ORLICK\u00c9 HORY | 23.\u201328. 4. 1970 | Dobro\u0161ov 1. Adr\u0161pach, Broumovsk\u00e9 sk\u00e1ly, chata Hv\u011bzda, Bukovina2. P\u011b\u010d\u00edn,<\/p>\n","protected":false},"author":2,"featured_media":0,"parent":0,"menu_order":2,"comment_status":"closed","ping_status":"closed","template":"page-templates\/page-without-title.php","meta":{"colormag_page_layout":"default_layout","inline_featured_image":false,"ngg_post_thumbnail":0,"footnotes":""},"class_list":["post-607","page","type-page","status-publish","hentry"],"_links":{"self":[{"href":"https:\/\/takpraha.cz\/index.php\/wp-json\/wp\/v2\/pages\/607","targetHints":{"allow":["GET"]}}],"collection":[{"href":"https:\/\/takpraha.cz\/index.php\/wp-json\/wp\/v2\/pages"}],"about":[{"href":"https:\/\/takpraha.cz\/index.php\/wp-json\/wp\/v2\/types\/page"}],"author":[{"embeddable":true,"href":"https:\/\/takpraha.cz\/index.php\/wp-json\/wp\/v2\/users\/2"}],"replies":[{"embeddable":true,"href":"https:\/\/takpraha.cz\/index.php\/wp-json\/wp\/v2\/comments?post=607"}],"version-history":[{"count":7,"href":"https:\/\/takpraha.cz\/index.php\/wp-json\/wp\/v2\/pages\/607\/revisions"}],"predecessor-version":[{"id":667,"href":"https:\/\/takpraha.cz\/index.php\/wp-json\/wp\/v2\/pages\/607\/revisions\/667"}],"wp:attachment":[{"href":"https:\/\/takpraha.cz\/index.php\/wp-json\/wp\/v2\/media?parent=607"}],"curies":[{"name":"wp","href":"https:\/\/api.w.org\/{rel}","templated":true}]}}