{"id":66,"date":"2021-11-19T14:14:58","date_gmt":"2021-11-19T13:14:58","guid":{"rendered":"http:\/\/www.takpraha.cz\/wp\/?page_id=66"},"modified":"2022-01-08T17:58:20","modified_gmt":"2022-01-08T16:58:20","slug":"stezka-a-pul","status":"publish","type":"page","link":"https:\/\/takpraha.cz\/index.php\/stezka-a-pul\/","title":{"rendered":"Stezka \u2026 a p\u016fl"},"content":{"rendered":"\n<h2 class=\"wp-block-heading\"><\/h2>\n\n\n\n<blockquote class=\"wp-block-quote is-layout-flow wp-block-quote-is-layout-flow\"><p>Tak zvan\u00e9 p\u016flt\u00e9 Stezky se zrodily proto, abychom vyplnili mezeru mezi Velk\u00fdmi Stezkami n\u011bjakou celotakovou akc\u00ed a tak\u00e9 proto, abychom se Trasy mezi sebou v\u00edce poznali. Hlavn\u00ed duchovn\u00ed otec t\u00e9to my\u0161lenky je snad \u0160t\u011bp\u00e1n \u0158e\u017e. Jednotliv\u00ed \u00fa\u010dastn\u00edci jsou losov\u00e1ni organiz\u00e1tory P\u016flky, muzikanti se p\u0159id\u011bluj\u00ed tak, aby \u017e\u00e1dn\u00e1 Trasa nestr\u00e1dala (posledn\u00ed l\u00e9ta tomu tak bohu\u017eel neb\u00fdv\u00e1). V ur\u010dit\u00e9m m\u00edst\u011b a dobe se v\u0161ichni z\u00fa\u010dastn\u011bn\u00ed sejdou a pak zase rozjdou do sv\u00fdch Tras (bohu\u017eel se ujalo p\u0159eb\u00edh\u00e1n\u00ed). Hned od po\u010d\u00e1tku se ze Stezky \u2026 a p\u016fl stala vyhled\u00e1van\u00e1 akce.<\/p><\/blockquote>\n\n\n\n<p><\/p>\n\n\n\n<figure class=\"wp-block-table is-style-regular\"><table><thead><tr><th class=\"has-text-align-right\" data-align=\"right\">ID<\/th><th>Datum kon\u00e1n\u00ed<\/th><th><strong>N\u00e1zev, m\u00edsto kon\u00e1n\u00ed<\/strong> <\/th><th><strong><strong>M\u00edsto kon\u00e1n\u00ed, noclehy<\/strong> <\/strong><\/th><th>Hejtman<\/th><th>Pozn\u00e1mka<\/th><\/tr><\/thead><tbody><tr><td class=\"has-text-align-right\" data-align=\"right\">35.<\/td><td><\/td><td><\/td><td><\/td><td><\/td><td><\/td><\/tr><tr><td class=\"has-text-align-right\" data-align=\"right\"><\/td><td>2021<\/td><td>jaro<\/td><td>z d\u016fvodu pandemie SARS-COV-19 se nekonala<\/td><td><\/td><td> <\/td><\/tr><tr><td class=\"has-text-align-right\" data-align=\"right\"><\/td><td>2020<\/td><td>podzim<\/td><td>z d\u016fvodu pandemie SARS-COV-19 se nekonala<\/td><td><\/td><td><\/td><\/tr><tr><td class=\"has-text-align-right\" data-align=\"right\">34.<\/td><td>17. \u2013 19. 5. 2019<\/td><td>T\u0159ebo\u0148sko<\/td><td>spole\u010dn\u00fd ve\u010der v ATC Kosky<\/td><td>Lenka Borgesov\u00e1, Jana Vorlov\u00e1  <\/td><td>2 houfce; Zima a d\u00e9\u0161\u0165 mezi rybn\u00edky, loukami, mok\u0159ady a v les\u00edch T\u0159ebo\u0148ska, ve\u010der a ned\u011ble kr\u00e1sn\u011b; vedouc\u00ed kempu n\u00e1s bezosty\u0161n\u011b opakovan\u011b okr\u00e1dala<\/td><\/tr><tr><td class=\"has-text-align-right\" data-align=\"right\">33.<\/td><td>28. \u2013 30. 9. 2018<\/td><td><\/td><td>pro nez\u00e1jem se nekonala<\/td><td><\/td><td><\/td><\/tr><tr><td class=\"has-text-align-right\" data-align=\"right\">32.<\/td><td>5. \u2013 8. 5. 2017<\/td><td>\u00dadol\u00edm Ne\u017e\u00e1rky, Jind\u0159icho-hradecko<\/td><td>3 noclehy<\/td><td>Lenka Borgesov\u00e1, Jana Vorlov\u00e1 <\/td><td>2 houfce, \u00fast\u0159ed\u011bn\u00ed v ned\u011bli ve\u010der;<a href=\"https:\/\/old.takpraha.cz\/2017\/170508stezka-32pul-prihlaska.php\" target=\"_blank\" rel=\"noreferrer noopener\"> informace<\/a> *)<\/td><\/tr><tr><td class=\"has-text-align-right\" data-align=\"right\">31.<\/td><td>30. 9. \u2013 2. 10. 2016<\/td><td><\/td><td><\/td><td>So\u0148a Va\u0161icov\u00e1, Ji\u0159\u00ed Doml\u00e1til&nbsp;<\/td><td>Noclehy pro dv\u011b trasy v Turistick\u00e9 ubytovn\u011b a Domov\u011b ml\u00e1de\u017ee. Maxim\u00e1ln\u00ed d\u00e9lka sobotn\u00ed trasy je 17 km<\/td><\/tr><tr><td class=\"has-text-align-right\" data-align=\"right\">30.<\/td><td>8. \u2013 10. 5. 2015<\/td><td>Mari\u00e1nsko\u2013l\u00e1\u017ee\u0148sko; \u00fast\u0159ed\u011bn\u00ed T\u0159i Sekery<\/td><td>nav\u0161t\u00edvili jsme Cheb, Dyle\u0148, Chodovou Planou, v\u011bt\u0161ina byla v L\u00e1zn\u00edch Kyn\u017evart a \u00fapln\u011b v\u0161ichni v Mari\u00e1nsk\u00fdch L\u00e1zn\u00edch<\/td><td>Jana Vorlov\u00e1, Lenka Borgesov\u00e1<\/td><td>72 lid\u00ed, d\u00e9\u0161\u0165 n\u00e1s v \u00fast\u0159eden\u00ed nezasko\u010dil, U R\u016f\u017eenky bylo skv\u011ble, sezen\u00ed nat\u011bsno a kumulace muzikant\u016f ve v\u00fd\u010depn\u00ed m\u00edstnosti nadm\u00edru rozjasnilo tv\u00e1\u0159e v\u0161ech \u00fa\u010dastn\u00edk\u016f, n\u011bkter\u00e9 i rozja\u0159ilo<\/td><\/tr><tr><td class=\"has-text-align-right\" data-align=\"right\">29.<\/td><td>26. \u2013 28. 9. 2014<\/td><td>Ro\u017emit\u00e1lsko<\/td><td>B\u011bl\u010dice, T\u0159eme\u0161\u00edn<\/td><td>So\u0148a Va\u0161icov\u00e1<\/td><td>54 lid\u00ed; span\u00ed v klasick\u00e9m stylu, \u010dili karimatky, spac\u00e1ky<strong>, <\/strong>slunce a pohody bylo dostatek; odznak navrhla Mirka Fridrichova T15;  <a href=\"http:\/\/old.takpraha.cz\/2014\/f140928\/index.htm\"><strong>Fotoalbuum<\/strong><\/a> \u00bb <a href=\"https:\/\/takpraha.cz\/index.php\/2014\/10\/19\/stezka-29-a-pul\/\">Koment\u00e1\u0159e<\/a><\/td><\/tr><tr><td class=\"has-text-align-right\" data-align=\"right\">28.<\/td><td>10. \u2013 12. 5. 2013<\/td><td>Jistebnicko; \u00fast\u0159ed\u011bn\u00ed v kempu Mon\u00ednec<\/td><td>Mili\u010d\u00edn, Chotoviny, Javorov\u00e1 sk\u00e1la<\/td><td>Jana Vorlov\u00e1, Lenka Borgesov\u00e1<\/td><td>1. nocleh je na karimatce ve vlastn\u00edm spac\u00e1ku, 2. v post\u00fdlk\u00e1ch chati\u010dek ve vlastn\u00edm spac\u00e1ku. Sobotn\u00ed trasa m\u00e1 minim\u00e1ln\u011b 15 km; 75 lid\u00ed; so d\u00e9\u0161\u0165, ne kr\u00e1sn\u011b; grilovan\u00e1 \u0161unka v kempu<\/td><\/tr><tr><td class=\"has-text-align-right\" data-align=\"right\">27.<\/td><td>26. \u2013 28. 10. 2012<\/td><td>podh\u016f\u0159\u00ed Lu\u017eick\u00fdch hor; \u00fast\u0159ed\u011bn\u00ed v Radvanci<\/td><td>Nov\u00fd Bor, Sloup v \u010cech\u00e1ch, Radvanec<\/td><td> So\u0148a Va\u0161icov\u00e1, Jana Vorlov\u00e1, Lenka Borgesov\u00e1, \u0160\u00e1rka Fuchsov\u00e1, <\/td><td>97 lid\u00ed, zima, d\u00e9\u0161\u0165, dokonce sn\u011b\u017eilo, poda\u0159ilo se dohodnout \u00fast\u0159ed\u011bn\u00ed v hospod\u011b v Radvanci<\/td><\/tr><tr><td class=\"has-text-align-right\" data-align=\"right\">26.<\/td><td>5. \u2013 8. 5. 2011<\/td><td>Kamenn\u00e1, Lounsko<\/td><td>Mut\u011bjovice, Domou\u0161ice a Milost\u00edn;  ust\u0159ed\u011bn\u00ed kostel\u00edka Sv. Vojt\u011bcha<\/td><td>Ji\u0159\u00ed Valda ml., David Daf Melichar<\/td><td>Kounovsk\u00e9 \u0159ady, hrad D\u017eb\u00e1n, kr\u00e1sn\u00e9 po\u010das\u00ed; <a rel=\"noreferrer noopener\" href=\"https:\/\/old.takpraha.cz\/2011\/110508pulta-pozvanka.pdf\" target=\"_blank\">pozv\u00e1nka<\/a><\/td><\/tr><tr><td class=\"has-text-align-right\" data-align=\"right\">25.<\/td><td>24. \u2013 28. 9. 2010<\/td><td>Jubilejn\u00ed; Kralovicko<\/td><td><br>\u00fast\u0159ed\u011bn\u00ed Kralovice; noclehy \u010cist\u00e1, Ko\u017elany, \u017dihle, Blatno, Vysok\u00e1 Libyn\u011b, Jesenice<\/td><td>So\u0148a Va\u0161icov\u00e1, Lenka Borgesov\u00e1, \u0160\u00e1rka Fuchsov\u00e1, Jana Vorlov\u00e1<\/td><td><a href=\"https:\/\/old.takpraha.cz\/2010\/100829pulta25informace.php\">informace<\/a> *)<br><a href=\"https:\/\/old.takpraha.cz\/2010\/f100928\/index.htm\"><strong>fotoalbum<\/strong><\/a> *)<\/td><\/tr><tr><td class=\"has-text-align-right\" data-align=\"right\">24.<\/td><td>8. \u2013 10. 5. 2009<\/td><td>Blanicko; \u00fast\u0159ed\u011bn\u00ed v Jankov\u011b<\/td><td>\u010c: Vel\u00ed\u0161, Pavlovice; Z: Ne\u00fastupov, Vel\u00ed\u0161; \u017d: Popivice, Kondrac<\/td><td>Josef Brz\u00e1k, Ji\u0159\u00ed Doml\u00e1til, Eva \u0160vestkov\u00e1<\/td><td>t\u00e9m\u011b\u0159 120 lid\u00ed, kr\u00e1sn\u00e9 po\u010das\u00ed, 3 houfce \u2013 \u010derven\u00fd, zelen\u00fd, \u017elut\u00fd; <a href=\"https:\/\/old.takpraha.cz\/2009\/f090510\/index.htm\" target=\"_blank\" rel=\"noreferrer noopener\"><strong>Fotoalbum<\/strong><\/a> *)<\/td><\/tr><tr><td class=\"has-text-align-right\" data-align=\"right\">23.<\/td><td>26. \u2013 28. 9. 2008<\/td><td>Podzim se t\u0159emi Gr\u00e1ciemi<\/td><td>Pos\u00e1zav\u00ed (?), Zbraslavice, \u00fast\u0159eden\u00ed u Pansk\u00e9ho rybn\u00edka<\/td><td>So\u0148a Va\u0161icov\u00e1, Lenka Borgesov\u00e1, Jana Vorlov\u00e1 <\/td><td>pochod polomy, \u00fast\u0159ed\u011bn\u00ed ve vedru, m\u00f3dn\u00ed p\u0159ehl\u00eddka<\/td><\/tr><tr><td class=\"has-text-align-right\" data-align=\"right\">22.<\/td><td>5. \u2013 8. 5. 2007<\/td><td>Roverky<\/td><td>Holany, Krava\u0159e, Tuha\u0148, \u00fast\u0159ed\u011bn\u00ed na louce ve Vlho\u0161\u0165sk\u00e9m dole<\/td><td>Josef Brz\u00e1k, So\u0148a Va\u0161icov\u00e1, Ji\u0159\u00ed Doml\u00e1til, Ji\u0159\u00ed Kl\u00edma<\/td><td>po\u010das\u00ed polojasn\u00e9 bez de\u0161t\u011b, Han\u010da Malinov\u00e1 si zlomila kotn\u00edk; <s>\u010dl\u00e1nek o kraji<\/s>\u00a0*) p\u0159ipravil Pepa; <strong><a rel=\"noreferrer noopener\" href=\"https:\/\/old.takpraha.cz\/foto\/070508\/index.htm\" target=\"_blank\">Fotoalbum<\/a><\/strong> *)<\/td><\/tr><tr><td class=\"has-text-align-right\" data-align=\"right\">21.<\/td><td>28. 9. \u2013 1. 10. 2006<\/td><td>Kada\u0148sko a Doupovsk\u00e9 hory<\/td><td><\/td><td>Ji\u0159\u00ed Roulin Pape\u017e, Ji\u0159\u00ed Kl\u00edma<\/td><td>cca 100 lid\u00ed, n\u00e1dhern\u00e9 po\u010das\u00ed<\/td><\/tr><tr><td class=\"has-text-align-right\" data-align=\"right\">20.<\/td><td>6. \u2013 8. 5. 2005<\/td><td>Pelh\u0159imovsko, ust\u0159ed\u011bn\u00ed na K\u0159eme\u0161n\u00edku<\/td><td>J &#8211; Z\u00e1les\u00ed, Ryn\u00e1rec, trasa T. &#8211; Vyskytn\u00e1 Z\u00e1les\u00ed, trasa E &#8211; Ryn\u00e1rec, Vyskytn\u00e1<\/td><td>Josef Brz\u00e1k, Tom\u00e1\u0161 Rozs\u00edval, Eva \u0160vestkov\u00e1<\/td><td>varhann\u00ed koncert;&nbsp;po\u010das\u00ed apr\u00edlov\u00e9 &#8211; chv\u00edli slunce, pak zas d\u00e9\u0161\u0165 a dokonce sn\u00edh, a po\u0159\u00e1d studen\u00fd v\u00edtr <br><a href=\"https:\/\/old.takpraha.cz\/foto\/050508\/index.htm\" target=\"_blank\" rel=\"noreferrer noopener\"><strong>Fotoalbum<\/strong><\/a> *)<\/td><\/tr><tr><td class=\"has-text-align-right\" data-align=\"right\">19.<\/td><td>24. \u2013 28. 9. 2004<\/td><td>Broumovsko \u2013 Javo\u0159\u00ed hory<\/td><td>Rumprechtsk\u00fd \u0160pi\u010d\u00e1k<\/td><td>Josef Brz\u00e1k<\/td><td>zaml\u017een\u00e9 v\u00fdhledy do POlska os zav\u0159en\u00e9 hospody<\/td><\/tr><tr><td class=\"has-text-align-right\" data-align=\"right\">18.<\/td><td>8. \u2013 11. 5. 2003<\/td><td>Brdy \u2013 T\u0159eme\u0161\u00ednsko, Ro\u017emit\u00e1lsko, ust\u0159ed\u011bn\u00ed u rybn\u00edka Div\u00e1k<\/td><td>J &#8211; Sedlice, B\u011bl\u010dice, Rado\u0161ice; K &#8211; Nov\u00e9 Mitrovice, Star\u00fd Smolivec, B\u011bl\u010dice; L &#8211; \u017dd\u00edrec, Rado\u0161ice, Star\u00fd Smolivec;<\/td><td>Josef Brz\u00e1k, Karel Obdr\u017e\u00e1lek, Lud\u011bk Ledvina<\/td><td>po\u010das\u00ed: tepl\u00e9, ob\u010das p\u0159eh\u00e1\u0148ky<br><strong><a href=\"https:\/\/old.takpraha.cz\/foto\/030511\/index.htm\" target=\"_blank\" rel=\"noreferrer noopener\">Fotoalbum<\/a><\/strong> *)<\/td><\/tr><tr><td class=\"has-text-align-right\" data-align=\"right\">17.<\/td><td>27. \u2013 29. 9. 2002<\/td><td>M\u00e1ch\u016fv kraj<\/td><td>podh\u016f\u0159\u00ed Orlick\u00fdch hor<\/td><td><\/td><td><\/td><\/tr><tr><td class=\"has-text-align-right\" data-align=\"right\">16.<\/td><td>11. \u2013 13. 5. 2001<\/td><td>\u010cesk\u00fd r\u00e1j<\/td><td>\u00fast\u0159ed\u011bn\u00ed hrad Kost<\/td><td>Ji\u0159\u00ed Roulin Pape\u017e, Ji\u0159\u00ed Kl\u00edma<\/td><td>skv\u011bl\u00e9 po\u010das\u00ed<\/td><\/tr><tr><td class=\"has-text-align-right\" data-align=\"right\">15.<\/td><td>12. \u2013 15. 10. 2000<\/td><td>Bene\u0161ovsko<\/td><td>Vrchotovy Janovice, Mili\u010d\u00edn (?), Pr\u010dice<\/td><td>Ji\u0159\u00ed Roulin Pape\u017e, Ji\u0159\u00ed Kl\u00edma<\/td><td><\/td><\/tr><tr><td class=\"has-text-align-right\" data-align=\"right\">14.<\/td><td>30. 4. \u2013 2. 5. 1999<\/td><td>Blansk\u00fd les<\/td><td>Brloh<\/td><td>Ji\u0159\u00ed Roulin Pape\u017e, Ji\u0159\u00ed Kl\u00edma<\/td><td><\/td><\/tr><tr><td class=\"has-text-align-right\" data-align=\"right\">13.<\/td><td>2. \u2013 4. 10. 1998<\/td><td>Doupovsk\u00e1 pahorkatina<\/td><td><\/td><td><\/td><td><\/td><\/tr><tr><td class=\"has-text-align-right\" data-align=\"right\">12.<\/td><td>15. \u2013 18. 5. 1997<\/td><td>Evropsk\u00e9 rozvod\u00ed Labe \u2013 Dunaj<\/td><td>\u017delezn\u00e9 hory, <\/td><td>Eva \u0160vestkov\u00e1<\/td><td>\u0161\u00edlen\u00fd p\u016fl\u00edc\u00ed test a z\u00e1kaz ku\u0159\u00e1k\u016f; 1. nocleh spole\u010dn\u00fd<\/td><\/tr><tr><td class=\"has-text-align-right\" data-align=\"right\">11.<\/td><td>3. \u2013 6. 10. 1996<\/td><td>Plze\u0148 \u2013 sever<\/td><td>jeden houfec P\u0148ovany, Konstantinovy L\u00e1zn\u011b, Vid\u017e\u00edn<\/td><td>Pepa Brz\u00e1k, Eva \u0160vestkov\u00e1, Ji\u0159\u00ed Roulin Pape\u017e<\/td><td>2 trasy,<br>90 lid\u00ed asi<\/td><\/tr><tr><td class=\"has-text-align-right\" data-align=\"right\">10.<\/td><td>5. \u2013 8. 5. 1995<\/td><td>\u017delezn\u00e9 hory, ve\u010der \u00fast\u0159ed\u011bn\u00ed na z\u00e1mku Libice<\/td><td>1. He\u0159man\u016fv M\u011bstec, T\u0159emo\u0161nice, K\u0159\u00ed\u017eovka, Libice; 2. T\u0159emo\u0161nice, K\u0159\u00ed\u017eovka, Libkov, Libice; 3. Zaje\u010dice, K\u0159i\u017eanovice, Libice<\/td><td>Eva \u0160vestkov\u00e1, Vl\u00e1\u010fa \u0160vestka, Mirek Drobe\u010dek Zikuda, Marcela Mosteck\u00e1<\/td><td>126 lid\u00ed rozd\u011bleno dle gastronomicko-psychologick\u00e9ho testu do t\u0159\u00ed v\u011btv\u00ed &#8211; Severn\u00ed (\u0160vestka), Z\u00e1padn\u00ed (Drobe\u010dek Zikuda),  V\u00fdchodn\u00ed (Mosteck\u00e1); po\u010das\u00ed skv\u011bl\u00e9<\/td><\/tr><tr><td class=\"has-text-align-right\" data-align=\"right\">9.<\/td><td>29. 9. \u2013 1. 10. 1994<\/td><td>\u010cesk\u00e9 st\u0159edoho\u0159\u00ed, \u00fast\u0159ed\u011bn\u00ed na Lovo\u0161i <\/td><td><\/td><td><\/td><td><strong>\u00fast\u0159ed\u011bn\u00ed<\/strong> na Lovo\u0161i &#8211; velk\u00e1 tla\u010denice a v noci d\u00e9\u0161\u0165<\/td><\/tr><tr><td class=\"has-text-align-right\" data-align=\"right\">8.<\/td><td>14. \u2013 16. 5. 1993<\/td><td>Doksk\u00e1 vrchovina<\/td><td>1. Tupadly, Vrabcov; 2. (?)<\/td><td>Pepa Brz\u00e1k, Ji\u0159\u00ed Roulin Pape\u017e<\/td><td><\/td><\/tr><tr><td class=\"has-text-align-right\" data-align=\"right\">7.<\/td><td>9. \u2013 11. 10. 1992<\/td><td>K\u0159ivokl\u00e1tsko, \u00fast\u0159ed\u011bn\u00ed pod \u017debr\u00e1kem (?)<\/td><td><\/td><td>Zden\u011bk St\u0159\u00edhavka, Ivan Birndt, <\/td><td><\/td><\/tr><tr><td class=\"has-text-align-right\" data-align=\"right\">6.<\/td><td>24. \u2013 26. 5. 1991<\/td><td>\u010cesk\u00e9 st\u0159edoho\u0159\u00ed, \u00fast\u0159ed\u011bn\u00ed na Lovo\u0161i<\/td><td><\/td><td>Ivan Birndt, Jarda T\u0159\u00edska, Radek Chloupek<\/td><td>Za kr\u00e1sn\u00e9ho po\u010das\u00ed n\u00e1dhern\u00e9 \u00fast\u0159ed\u011bn\u00ed s obrovskou kapelou a je\u0161t\u011b v\u011bt\u0161\u00edm sborem<\/td><\/tr><tr><td class=\"has-text-align-right\" data-align=\"right\">5.<\/td><td>12. \u2013 14. 10. 1990<\/td><td>Pion\u00fdrsk\u00e1 ma\u0161le<\/td><td>St\u0159edn\u00ed Povltav\u00ed, \u00fast\u0159ed\u011bn\u00ed ve\u010der  v rekrea\u010dn\u00edm st\u0159edisku ROH<\/td><td>Pepa Brz\u00e1k, Eva \u0160vestkov\u00e1, Ji\u0159\u00ed Roulin Pape\u017e<\/td><td>Zelen\u00e1, \u010cerven\u00e1, Modr\u00e1 ma\u0161le (\u010der. a mod. m\u011bli 1. nocleh v T\u00e1l\u00edn\u011b; \u010der. 2. Ch\u0159e\u0161\u0165ovice; puding a budovatelsk\u00e9 p\u00edsn\u011b pod Podolsk\u00fdm mostem; od t\u00e9to P\u016flky nejsou odznaky <\/td><\/tr><tr><td class=\"has-text-align-right\" data-align=\"right\">4.<\/td><td>19. \u2013 21. 5. 1989<\/td><td>Zdravice P\u0159emyslovy &amp; variace na Star\u00e9 \u010desk\u00e9 pov\u011bsti<\/td><td>\u010cesk\u00e9 st\u0159edoho\u0159\u00ed, \u00fast\u0159ed\u011bn\u00ed na Lovo\u0161i; Lu \u2013 Love\u010dkovice, Stebno, \u0158ehlovice; P\u0161 \u2013 Ploskovice, Nov\u00e1 Ves, \u0158ehlovice; 3. T\u0159ebenice &#8211; Jen\u010dice, Lhrnice, Chot\u00fd\u0161ov; 4. Litom\u011b\u0159ice, Brn\u00e1, Mal\u00e9 \u017dernoseky<\/td><td>Jan Rosenauer, Bob \u0160m\u00edd<\/td><td>Houfce D\u011b\u010dan\u00e9, Litom\u011b\u0159ici, Lu\u010dan\u00e9, P\u0161ovan\u00e9; \u0161\u00e9fov\u00e9 St\u0159\u00edhavka, Roithov\u00e1, Brz\u00e1k, T\u0159\u00edska (3), Rosenauer, \u0160m\u00edd (4); v ned\u011bli se \u010d\u00e1st lid\u00ed se\u0161lo v Dubi\u010dk\u00e1ch, skv\u011bl\u00e1 p\u00e1rty; po\u010das\u00ed n\u00e1dhern\u00e9; cca 100 lid\u00ed<\/td><\/tr><tr><td class=\"has-text-align-right\" data-align=\"right\">3.<\/td><td>7. \u2013 9. 10. 1988<\/td><td>Barevn\u00e1<\/td><td>\u010cesk\u00e1 Sibi\u0159,<br>\u00fast\u0159ed\u00ed u hradu \u0160elmberk<\/td><td>Jan Pelich a Ruda \u010ciha\u0159<\/td><td>Oran\u017eov\u00fd houfec \u2013 noclehy: He\u0159mani\u010dky, Mal\u00fd Je\u017eov; Modr\u00fd, Zelen\u00fd a \u010cern\u00fd noclehy: Na\u010deradec, Velk\u00fd Je\u017eov; chladno, ale slune\u010dno, B\u00edl\u00fd a \u017dlut\u00fd houfec pro men\u0161\u00ed z\u00e1jem zru\u0161en<\/td><\/tr><tr><td class=\"has-text-align-right\" data-align=\"right\">2.<\/td><td>8. \u2013 10. 5. 2087<\/td><td>\u010cesk\u00e9 st\u0159edoho\u0159\u00ed<\/td><td><\/td><td>Jan Rosenauer, Bob \u0160m\u00edd<\/td><td>P\u016flka byla na posledn\u00ed chv\u00edli zru\u0161en\u00e1<\/td><\/tr><tr><td class=\"has-text-align-right\" data-align=\"right\">1.<\/td><td>9. \u2013 12. 10. 1986<\/td><td>\u010cesk\u00fd r\u00e1j<\/td><td>noclehy jedn\u00e9 trasy: Turnov, Mal\u00e1 Sk\u00e1la, Kyje, Bouzov<\/td><td>\u0160t\u011bp\u00e1n \u0158e\u017e, Tom\u00e1\u0161 H\u00e4ckl<\/td><td>10 houfc\u016f, 201 lid\u00ed, z toho 30 muzikant\u016f, \u00fast\u0159ed\u00ed v sobotu u skokansk\u00e9ho m\u016fstku<\/td><\/tr><\/tbody><tfoot><tr><td class=\"has-text-align-right\" data-align=\"right\"><strong>ID<\/strong><\/td><td><strong>Datum kon\u00e1n\u00ed<\/strong><\/td><td><strong>N\u00e1zev, m\u00edsto kon\u00e1n\u00ed<\/strong><\/td><td><strong>M\u00edsto kon\u00e1n\u00ed, noclehy<\/strong><\/td><td><strong>Hejtman<\/strong><\/td><td><strong>Pozn\u00e1mka<\/strong><\/td><\/tr><\/tfoot><\/table><\/figure>\n","protected":false},"excerpt":{"rendered":"<p>Tak zvan\u00e9 p\u016flt\u00e9 Stezky se zrodily proto, abychom vyplnili mezeru mezi Velk\u00fdmi Stezkami n\u011bjakou celotakovou akc\u00ed a tak\u00e9 proto, abychom<\/p>\n","protected":false},"author":2,"featured_media":0,"parent":0,"menu_order":0,"comment_status":"closed","ping_status":"closed","template":"","meta":{"colormag_page_layout":"no_sidebar_full_width","inline_featured_image":false,"ngg_post_thumbnail":0,"footnotes":""},"class_list":["post-66","page","type-page","status-publish","hentry"],"_links":{"self":[{"href":"https:\/\/takpraha.cz\/index.php\/wp-json\/wp\/v2\/pages\/66","targetHints":{"allow":["GET"]}}],"collection":[{"href":"https:\/\/takpraha.cz\/index.php\/wp-json\/wp\/v2\/pages"}],"about":[{"href":"https:\/\/takpraha.cz\/index.php\/wp-json\/wp\/v2\/types\/page"}],"author":[{"embeddable":true,"href":"https:\/\/takpraha.cz\/index.php\/wp-json\/wp\/v2\/users\/2"}],"replies":[{"embeddable":true,"href":"https:\/\/takpraha.cz\/index.php\/wp-json\/wp\/v2\/comments?post=66"}],"version-history":[{"count":38,"href":"https:\/\/takpraha.cz\/index.php\/wp-json\/wp\/v2\/pages\/66\/revisions"}],"predecessor-version":[{"id":1760,"href":"https:\/\/takpraha.cz\/index.php\/wp-json\/wp\/v2\/pages\/66\/revisions\/1760"}],"wp:attachment":[{"href":"https:\/\/takpraha.cz\/index.php\/wp-json\/wp\/v2\/media?parent=66"}],"curies":[{"name":"wp","href":"https:\/\/api.w.org\/{rel}","templated":true}]}}