{"id":670,"date":"2021-10-20T09:59:17","date_gmt":"2021-10-20T07:59:17","guid":{"rendered":"https:\/\/www.takpraha.cz\/wp\/?page_id=670"},"modified":"2024-01-04T14:57:13","modified_gmt":"2024-01-04T13:57:13","slug":"historie-stezek-1990-1999","status":"publish","type":"page","link":"https:\/\/takpraha.cz\/index.php\/historie-stezek-1990-1999\/","title":{"rendered":"Historie Stezek 1990\u20131999"},"content":{"rendered":"\n<h2 class=\"wp-block-heading\">Velk\u00e9 Stezky 1990\u20131999<\/h2>\n\n\n\n<h3 class=\"wp-block-heading\" id=\"s32\">32. \u010cESK\u00c1 KANADA | 9.\u201313. 5. 1990 | Tel\u010d<\/h3>\n\n\n\n<figure class=\"wp-block-image alignright size-full\"><img loading=\"lazy\" decoding=\"async\" width=\"48\" height=\"96\" src=\"https:\/\/takpraha.cz\/wp-content\/uploads\/2021\/10\/32vs.jpg\" alt=\"\" class=\"wp-image-675\"\/><\/figure>\n\n\n\n<p>1. Jind\u0159ich\u016fv Hradec, \u017dirovnice, \u0158\u00e1sn\u00e1, \u0158\u00e1sn\u00e1<br>2. B\u00edtov, Jemnice, \u017deletava, Dyjice<br>3. Lesn\u00e1, De\u0161ov, De\u0161tn\u00e1, Nov\u00e1 \u0158\u00ed\u0161e<br>4. \u0160ebkovice, \u017deletava, Jemice, Kosteln\u00ed Vyd\u0159\u00ed<br>5. Mikulovice, P\u0159ibyslavice, Opatov, Sedlejov<br>6. V\u010delni\u010dka, Houserovka, Doln\u00ed Cerekev, Velk\u00fd Pa\u0159ezit\u00fd rybn\u00edk<br>7. Jind\u0159ich\u016fv Hradec, Nov\u00fd Bozd\u011bchov, Mal\u00fd Ratm\u00ednov, Valt\u00ednov<br>8. \u010c\u00ed\u017eov, &#8222;Rakousko&#8220;, Slavonice, Da\u010dice<br>9. \u010cesk\u00fd Rudolec, Slavonice, Da\u010dice, O\u0159echov<br>10. Voj\u00ed\u0159ov, Voj\u00ed\u0159ov, Hobz\u00ed, \u0158e\u010dice<br>11. Land\u0161tejn, Ol\u0161any, \u0158\u00e1sn\u00e1, \u0158\u00e1sn\u00e1<br>12. Slavonice, Vnorovice, H\u0159\u00ed\u0161ice, Krahul\u010d\u00ed<br>13. \u010c\u00edm\u011b\u0159, \u010c\u00edm\u011b\u0159, Star\u00e9 M\u011bsto pod Land\u0161tejnem, Velk\u00e1 Lhota&nbsp;<br>14. Bohdat\u00edn, Ustra\u0161\u00edn, S\u00e1zava, Doln\u00ed Cerekev<br>15. B\u00edtovice, Rant\u00ed\u0159ov &#8211; Rounek, Hodice, \u0158\u00e1sn\u00e1<br>16. \u017deletava, Jalovec, Dlouh\u00e1 Brtnice, Doln\u00ed Vil\u00edme\u010d<br>17. Hosp\u0159\u00edz, Blato, Kun\u017eak, Mr\u00e1kot\u00edn<br>18. Str\u00e1\u017e nad Ne\u017e\u00e1rkou, Nov\u00e1 Byst\u0159ice, Slavonice, Da\u010dice<br>C T\u0159eb\u00ed\u010d, Mikulov, Laa an der Thaya, Slavonice<\/p>\n\n\n\n<h3 class=\"wp-block-heading\" id=\"s33\">33. ORLICK\u00c9 HORY \u2013 JESEN\u00cdKY | 24.\u201328. 10. 1991 | Kr\u00e1l\u00edky<\/h3>\n\n\n\n<figure class=\"wp-block-image alignright size-full\"><img loading=\"lazy\" decoding=\"async\" width=\"53\" height=\"95\" src=\"https:\/\/takpraha.cz\/wp-content\/uploads\/2021\/10\/33vs.jpg\" alt=\"\" class=\"wp-image-676\"\/><\/figure>\n\n\n\n<p>1. Uh\u0159\u00ednov, Uh\u0159\u00ednov, Rokytnice v Orlick\u00fdch hor\u00e1ch, Jablonn\u00e9 nad Orlic\u00ed<br>2. Sp\u00e1len\u00fd, Rudn\u00e1, Kouty, Kop\u0159ivn\u00e1<br>3. Horn\u00ed Lipov\u00e1, Velk\u00e9 Vrbno, St\u0159\u00edbrnice, Zlat\u00fd Potok<br>4. Litice, Hn\u00e1tice, Jemn\u00e9, Heroltice<br>5. Mladkov, Horn\u00ed \u010cermn\u00e1, L\u00e1zek, Byst\u0159ec<br>6. Dob\u0159any, Zdobnice, \u010cih\u00e1k, Horn\u00ed Oelice<br>7. Sedlo\u0148ov, Zdobnice, Rokytnice, T\u011bchon\u00edn<br>8. Skoro\u0161ice, Pet\u0159\u00edkov, N\u00e1vr\u0161\u00ed u St\u0159\u00edbra, Doln\u00ed Morava<br>9. Zdelov, Rybn\u00e1 nad Zdobnic\u00ed, Rokytnice v Orlick\u00fdch hor\u00e1ch, Pastviny<br>10. De\u0161tn\u00e9, \u0158\u00ed\u010dky, Kl\u00e1\u0161terec, Orlice<br>11. Rampu\u0161e, Peklo, \u017damberk, Mladkov<br>12. Skoro\u0161ice, Lipov\u00e1 &#8211; l\u00e1zn\u011b, Brann\u00e1, Doln\u00ed Morava<br>13. Sn\u011b\u017en\u00e9, Orlick\u00e9 Z\u00e1ho\u0159\u00ed, Barto\u0161ovice, Bo\u0159\u00edkovice<br>14. Peklo, P\u00edse\u010dn\u00e1, Horn\u00ed \u010cermn\u00e1, Jemn\u00e9<br>15. Stra\u017eisko, L\u00ed\u0161nice, Ho\u0161tejn, P\u00edsa\u0159ov<br>16. Javornice, Barto\u0161ovice, Mistrivice, \u010cenkovice<br>17. Ostru\u017en\u00e1, \u010cervenohorsk\u00e9 sedlo, Velk\u00e9 Vrbno, Sklen\u00e9<br>18. \u0160erlich, \u0158\u00ed\u010dky, \u010cesk\u00e9 Petrovice, Jablonn\u00e9 nad Orlic\u00ed<br>C Bohum\u00edn, Krnov, Mikulovice, Ostru\u017en\u00e1<\/p>\n\n\n\n<h3 class=\"wp-block-heading\" id=\"s34\">34. \u0160UMAVA | 6.\u201310. 5. 1992 | Velhartice<\/h3>\n\n\n\n<figure class=\"wp-block-image alignright size-full\"><img loading=\"lazy\" decoding=\"async\" width=\"92\" height=\"96\" src=\"https:\/\/takpraha.cz\/wp-content\/uploads\/2021\/10\/34vs.jpg\" alt=\"\" class=\"wp-image-677\"\/><\/figure>\n\n\n\n<p>1. Jaro\u0161kov, Jaro\u0161kov, Dlouh\u00e1 Ves,<br>2. Vimperk, L\u00e1zny, &#8211; ? &#8211;<br>3. Vimperk, Turnerova chata, Javorn\u00e1<br>4. Stachy, Pern\u0161tejn, Uj\u010d\u00edn<br>5. Poc\u00ednovice, B\u011b\u0161iny, Frent. Ves<br>6. De\u0161enice, \u017delezn\u00e1 Ruda, B\u011b\u0161iny<br>7. Str\u00e1\u017eovice, Nal\u017eovsk\u00e9 Hory, Hory Matky Bo\u017e\u00ed<br>8. Vimperk, Nov\u00fd Dv\u016fr, Nov\u00fd Dv\u016fr<br>9. Pr\u00e1\u0161ily, Gerlova Hu\u0165, \u010cerchov<br>10. Kvilda, Turnerova chata, Hlav\u0148ovice<br>11. Blovice, Neurazy, Zavlekov<br>12. Pr\u00e1\u0161ily, Javorn\u00e1, Malonice<br>13. Kvilda, Rej\u0161tejn, Hartmanice<br>14. Kunkovice, Kundratice, Kol\u00ednec<br>15. N\u00fdrsko, \u010cachrov, Petrovice<br>16. Borov\u00e1 Lada, Borov\u00e1 Lada, Hr\u00e1dek u Su\u0161ice<br>17. Nicov, Hartmanice, Kol\u00ednec<br>18. Vimperk, Nov\u00fd Dv\u016fr, Rej\u0161tejn<br>C Waldm\u00fcnchen, P\u0159imda, Kdyn\u011b<\/p>\n\n\n\n<h3 class=\"wp-block-heading\" id=\"s35\">35. MORAVSK\u00c9 SLOV\u00c1CKO | 30. 9. \u2013 3. 10. 1993 | Velk\u00e1 nad Veli\u010dkou<\/h3>\n\n\n\n<figure class=\"wp-block-image alignright size-full\"><img loading=\"lazy\" decoding=\"async\" width=\"63\" height=\"96\" src=\"https:\/\/takpraha.cz\/wp-content\/uploads\/2021\/10\/35vs.jpg\" alt=\"\" class=\"wp-image-678\"\/><\/figure>\n\n\n\n<p>1. Bojkovice, Bojkovice, Bojkovice<br>2. \u010cejkovice, \u010cejkovice, \u010cejkovice<br>3. Doln\u00ed Lhota, Doln\u00ed Lhota, Doln\u00ed N\u011bm\u010d\u00ed<br>4 Medlovice, Doman\u00edn, Lid\u00e9\u0159ovice<br>5. &#8211; ? -, Pyt\u00edn, Mal\u00e1 Vrbka<br>6. Jese\u0148ovsk\u00e1, Lopen\u00edk, V\u00e1penky<br>7. &#8211; ? &#8211;<br>8. Rasov\u00e1, Luha\u010dovice, Nivnice<br>9. Lopen\u00edk, Uhersk\u00fd Brod, Blatnice<br>10. &#8211; ? &#8211;<br>11. &#8211; ? -, &#8211; ? -, Blatni\u010dka<br>12. Str\u00e1n\u00ed, Nov\u00e1 Lhota, Hrub\u00e1 Vrbka<br>13. Slavi\u010d\u00edn, Mikul\u010din Vrch, Blatni\u010dka<br>14. Paseky u Osv\u011bti\u0148an, Bzenec, Hroznov\u00e1 Lhota<br>15. B\u0159ezov\u00e1, B\u0159ezov\u00e1, Nov\u00e1 Lhota<br>16. Rohatec kolonie, Rohatec kolonie, chata Na Lu\u010din\u011b<br>17. Star\u00fd Hrozenkov, Kv\u011btn\u00e1, Ku\u017eelov<br>18. \u017ditkov\u00e1, Str\u00e1n\u00ed, Suchovsk\u00e9 Ml\u00fdny<br>C &#8211; ? &#8211;<\/p>\n\n\n\n<h3 class=\"wp-block-heading\" id=\"s36\">36. T\u0158EBO\u0147SKO &#8211; NOVOHRADSKO | 19.\u201322. 5. 1994 | Borovansk\u00fd ml\u00fdn<\/h3>\n\n\n\n<figure class=\"wp-block-image alignright size-full\"><img loading=\"lazy\" decoding=\"async\" width=\"100\" height=\"96\" src=\"https:\/\/takpraha.cz\/wp-content\/uploads\/2021\/10\/36vs.jpg\" alt=\"\" class=\"wp-image-679\"\/><\/figure>\n\n\n\n<p>1. Hos\u00edn, Hos\u00edn, Radostice<br>2. Nov\u00fd voj\u00ed\u0159ov, Majdalena, J\u00edlovice<br>3. Sob\u011bnov, Otkovick\u00fd \u00dajezd, Otkovick\u00fd \u00dajezd<br>4. Sta\u0148kov, Rap\u0161ach, Pet\u0159\u00edkov<br>5. Mojn\u00e9, Nesm\u011b\u0148, T\u0159ebe\u010d<br>6. &#8211; ? &#8211;<br>7. Majdalena, T\u0159ebo\u0148, Ledenice<br>8. Rychnov nad Mal\u0161\u00ed, Pohorsk\u00e1 Ves, Nov\u00e9 Hrady<br>9. Majdalena, Str\u00e1\u017e n.Ne\u017e\u00e1rkou, Vesel\u00ed n. Lu\u017enic\u00ed, Nov\u00e1 Ves<br>10. Nov\u00e9 Hrady, Sob\u011bnov, \u0158\u00edmov<br>11. Rychnov nad Mal\u0161\u00ed, Pohorsk\u00e1 Ves, Nov\u00e9 Hrady<br>12. Omleni\u010dka, Svat\u00fd Jan, Str\u00e1\u017ekovice<br>13. Lhenice, Jankov, Plav<br>14. \u010cesk\u00fd Krumlov, Lo\u010denice, Borovany<br>15. Rycnov nad Mal\u0161\u00ed, Klen\u00ed, Borovany<br>16. Nov\u00e9 Hrady, Hr\u00e1dek, Trhov\u00e9 Sviny<br>26. Nesm\u011b\u0148, Klen\u00ed, Nov\u00e9 Hrady<br>C &#8211; ? &#8211;<\/p>\n\n\n\n<h3 class=\"wp-block-heading\" id=\"s37\">37. SEVEROV\u00ddCHODN\u00cd \u010cECHY | 28. 9. \u2013 1. 10. 1995 | Kuks<\/h3>\n\n\n\n<figure class=\"wp-block-image alignright size-full\"><img loading=\"lazy\" decoding=\"async\" width=\"63\" height=\"96\" src=\"https:\/\/takpraha.cz\/wp-content\/uploads\/2021\/10\/37vs.jpg\" alt=\"\" class=\"wp-image-680\"\/><\/figure>\n\n\n\n<p>1. Dolce u Trutnova, Dolce, Dolce<br>2. Bohdane\u010d, Vl\u010dice, Choustn. hradi\u0161t\u011b<br>3. Studnice, Lib\u0148atov, Velk\u00e1 Bukovina<br>4. \u010cesk\u00e1 Metuje, Radvanice, Bohda\u0161\u00edn, Lhota pod Ho\u0159i\u010dkami<br>5. Lu\u017eany, Horn\u00ed Nov\u00e1 Ves, Doln\u00ed Brusnice<br>6. Rozko\u0161, Kohoutov, Svini\u0161\u0165any<br>7. Such\u00fd D\u016fl, Horn\u00ed Rtyn\u011b, Brznice<br>8. Machov, Rtyn\u011b, n\u011bkde 12km od Kuksu &nbsp;<br>9. Jarom\u011b\u0159, T\u0159ebe\u0161ov, Havlovice, \u017d\u00edre\u010d<br>10. &#8211; ? &#8211;<br>11. Dv\u016fr Kr\u00e1lov\u00e9, Dv\u016fr Kr\u00e1lov\u00e9, Dv\u016fr Kr\u00e1lov\u00e9<br>12. Nov\u00e1 Paka, \u010cist\u00e1, Zvi\u010dina, H\u0159ibojedy<br>13. Skuhrov, \u010cesk\u00e1 \u010cefven\u00e1, Studnice<br>14. Plou\u017enice, Nov\u00e1 Paka, Horn\u00ed Brusnice, Doubravice<br>15. \u010cesk\u00e1 Metuje, Such\u00fd D\u016fl, Nesyta<br>16. \u0158e\u0161etov\u00e1 Lhota, Havlovice, Vl\u010dkovice<br>17. Adr\u0161pach, J\u00edvka, \u0158e\u0161etov\u00e1 Lhota, Kohoutov<br>18. Machov, Nov\u00e9 M\u011bsto nad Metuj\u00ed<br>20. Kn\u011b\u017enice, L\u00e1zn\u011b B\u011blohrad, \u017dire\u010d<br>26. \u017deleznice, Pecka, \u017d\u00edre\u010d<br>C &#8211; ? &#8211;<\/p>\n\n\n\n<h3 class=\"wp-block-heading\" id=\"s38\">38. ST\u0158EDN\u00cd \u010cECHY \u2013 Z \u010cech a\u017e na konec stezky | 8.\u201312. 5. 1996 | z\u00e1mek Blatn\u00e1, po\u0159adatel T9<\/h3>\n\n\n\n<figure class=\"wp-block-image alignright size-full\"><img loading=\"lazy\" decoding=\"async\" width=\"75\" height=\"97\" src=\"https:\/\/takpraha.cz\/wp-content\/uploads\/2021\/10\/38vs.jpg\" alt=\"\" class=\"wp-image-681\"\/><\/figure>\n\n\n\n<p>1. La\u0161kovice, La\u0161kovice, Kop\u0159ivnice<br>2. Myslkov, P\u0159edho\u0159ice, Kr\u00e1lova Lhota, Uzeni\u010dky<br>3. &#8211; ? &#8211;&nbsp;<br>4. K\u00e1jov, Sto\u017eec, Horn\u00ed Vltavice, chata na Pile<br>5. &#8211; ? &#8211;<br>6. &#8211; ? &#8211; &nbsp; 7. Nov\u00e9 Mitrovice, Nepomuk u Ro\u017emberka, Koup\u011b, \u0160kvo\u0159etice<br>8. Roztoky u K\u0159ivokl\u00e1tu, Jince, Ro\u017emit\u00e1l pod T\u0159em\u0161\u00ednem, Ln\u00e1\u0159e<br>9. Hut\u011b pod T\u0159em\u0161\u00ednem, Nov\u00e9 Mitrovice, Nepomuk, Tcho\u0159ovice<br>10. Ro\u017emit\u00e1l pod T\u0159em\u0161\u00ednem, Chr\u00e1\u0161\u0165any, Kostelec, Mirotice<br>11. &#8211; ? &#8211; 12. Bohumil, \u0160umavsk\u00e9 Ho\u0161tice, Nim\u0161ovice, Novosedly, Z\u00e1ho\u0159\u00ed<br>13. Kl\u00e1\u0161ter u Nepomuku, Kl\u00e1\u0161ter, Kvasetice, Ol\u0161any, Pole<br>14. Nal\u017eovsk\u00e9 Hory, Velk\u00fd Bor, Vrbno<br>15. Starosedlsk\u00fd Hr\u00e1dek, Sob\u011b\u0148\u00e1k, Star\u00fd Smolivec, Tcho\u0159ovice<br>16. Svatkovice, Ku\u010de\u0159, Varva\u0159ov, My\u0161tice<br>17. Velk\u00fd Bor, Nepomuk, Hvo\u017e\u010fany, Koup\u011b<br>18. ???<br>20. Kolod\u011bje, Jet\u011btice, Smetanova Lhota, Lom<br>26. Nezv\u011bstice, \u017delezn\u00fd \u00dajezd, Nepomuk, Z\u00e1hrob\u00ed<br>C Praha, Dob\u0159\u00ed\u0161, Zbiroh, Kasejovice<\/p>\n\n\n\n<h3 class=\"wp-block-heading\" id=\"s39\">39. BESKYDY | 25.\u201328. 9. 1997 | \u0160tramberk<\/h3>\n\n\n\n<figure class=\"wp-block-image alignright size-full\"><img loading=\"lazy\" decoding=\"async\" width=\"71\" height=\"96\" src=\"https:\/\/takpraha.cz\/wp-content\/uploads\/2021\/10\/39vs.jpg\" alt=\"\" class=\"wp-image-682\"\/><\/figure>\n\n\n\n<p>1. Ra\u0161kovice, Ra\u0161kovice, Ra\u0161kovice<br>2. Nov\u00fd Hrozenkov, Prost\u0159edn\u00ed Be\u010dva, Mo\u0159kov<br>3. Kop\u0159ivnice, Kop\u0159ivnice, Kop\u0159ivnioce<br>4. Vala\u0161sk\u00e1 Byst\u0159ice, hotel Radegast, Bordovice<br>5. B\u00edl\u00e1, Pustevny, Bordovice<br>6. Sol\u00e1\u0148,, Horn\u00ed Be\u010dva, Trojanovice<br>7. Velk\u00e9 Karlovice, Prost\u0159edn\u00ed Be\u010dva, Prost\u0159edn\u00ed Be\u010dva<br>8. Janov\u00e1, Prost\u0159edn\u00ed Be\u010dva, Mo\u0159kov<br>9. Kun\u010dice pod Ond\u0159ejn\u00edkem, Hukvaldy, \u0160tramberk<br>10. Vizovice, Troj\u00e1k, Vala\u0161sk\u00e9 Mezi\u0159\u00ed\u010d\u00ed<br>11. Byst\u0159i\u010dka, \u010cern\u00e1 Hora nad. Ro\u017enovem, Fren\u0161t\u00e1t pod Radho\u0161t\u011bm<br>12. St\u0159\u00edte\u017e nad Ludinou, Poho\u0159, Star\u00fd Ji\u010d\u00edn<br>13. Mal\u00e1 Lhota, Trojanovice, \u0160tramberk<br>14. Byst\u0159i\u010dka, Ro\u017enov pod Radho\u0161t\u011bm, Frenst\u00e1t pod Radho\u0161t\u011bm<br>15. Tes\u00e1k, Tes\u00e1k, Svinec<br>16. Rajnochovice, Mikul\u016fvka, Hodslavice<br>17. Horn\u00ed Be\u010dva, Ro\u017enov pod Radho\u0161t\u011bm, \u017dilina (u \u0160tramberku)<br>18. &#8211; ? &#8211;&nbsp;<br>20. Janovice, \u010celadn\u00e1, Ve\u0159ovice<br>26. &#8211; ? &#8211; C &nbsp; &#8211; ? &#8211;<\/p>\n\n\n\n<h3 class=\"wp-block-heading\" id=\"s40\">40. LU\u017dICK\u00c9 HORY | 22.\u201324. 5. 1998 | Pl\u00e1n\u011b pod Je\u0161t\u011bdem<\/h3>\n\n\n\n<figure class=\"wp-block-image alignright size-full\"><img loading=\"lazy\" decoding=\"async\" width=\"128\" height=\"58\" src=\"https:\/\/takpraha.cz\/wp-content\/uploads\/2021\/10\/40vs.jpg\" alt=\"\" class=\"wp-image-683\"\/><\/figure>\n\n\n\n<p>4. Polevsko (\u010d\u00e1st Nov\u00e9ho Boru), Doln\u00ed Sv\u011btl\u00e1 (Podlu\u017e\u00ed), \u010cern\u00e1 Lou\u017ee, Rozst\u00e1n\u00ed<br>9. Nov\u00fd Bor, Nad\u011bje, Poles\u00ed, Prose\u010d, Pl\u00e1n\u011b pod Je\u0161t\u011bdem (v\u00edt\u011bz trasov\u00e9 sout\u011b\u017ee)<br>14. Radvanec, Krompach, Jetrava, Liberec<br>15. Lu\u017e, Horn\u00ed Sedlo, K\u0159\u00ed\u017eany<br>20. Doln\u00ed Sv\u011btl\u00e1, Cvikov, Hr\u00e1dek nad Nisou, Ose\u010dn\u00e1<br>26. &#8212;, Sam\u010dina, Neb\u00e1kov, Ohrazenice<\/p>\n\n\n\n<h3 class=\"wp-block-heading\" id=\"s41\">41. CHODSKO | 22.\u201326. 9. 1999 | Babylon, po\u0159adatel T9<\/h3>\n\n\n\n<p>4. Svoj\u0161\u00edn, Olbramov, Pavlovice, Brod n\/Tichou<br>5. Rudolfova Pila, Rudolfova Pila, Rudolfova Pila<br>9. \u0160pi\u010d\u00e1k &#8211; N\u00fdrsko &#8211; V\u0161eruby- Babylon<br>14. Nov\u00e1 Ves u Kdyn\u011b, Filipova Hora, Post\u0159ekov<br>15. Klen\u010d\u00ed pod \u010cerchovem, Mut\u011bn\u00edn, Post\u0159ekov, Capartice<br>20. Mut\u011bn\u00edn, Pob\u011b\u017eovice, Klen\u010d\u00ed pod \u010cerchovem\u00a0<\/p>\n\n\n\n<div class=\"wp-block-buttons is-layout-flex wp-block-buttons-is-layout-flex\">\n<div class=\"wp-block-button\"><a class=\"wp-block-button__link wp-element-button\" href=\"https:\/\/takpraha.cz\/index.php\/historie-stezek-1980-1989\/\">\u00ab 1980\u20131989<\/a><\/div>\n\n\n\n<div class=\"wp-block-button is-style-outline is-style-outline--2\"><a class=\"wp-block-button__link wp-element-button\">2000\u20132019 \u00bb<\/a><\/div>\n<\/div>\n","protected":false},"excerpt":{"rendered":"<p>Velk\u00e9 Stezky 1990\u20131999 32. \u010cESK\u00c1 KANADA | 9.\u201313. 5. 1990 | Tel\u010d 1. Jind\u0159ich\u016fv Hradec, \u017dirovnice, \u0158\u00e1sn\u00e1, \u0158\u00e1sn\u00e12. B\u00edtov, Jemnice,<\/p>\n","protected":false},"author":2,"featured_media":0,"parent":0,"menu_order":4,"comment_status":"closed","ping_status":"closed","template":"","meta":{"colormag_page_layout":"default_layout","inline_featured_image":false,"ngg_post_thumbnail":0,"footnotes":""},"class_list":["post-670","page","type-page","status-publish","hentry"],"_links":{"self":[{"href":"https:\/\/takpraha.cz\/index.php\/wp-json\/wp\/v2\/pages\/670","targetHints":{"allow":["GET"]}}],"collection":[{"href":"https:\/\/takpraha.cz\/index.php\/wp-json\/wp\/v2\/pages"}],"about":[{"href":"https:\/\/takpraha.cz\/index.php\/wp-json\/wp\/v2\/types\/page"}],"author":[{"embeddable":true,"href":"https:\/\/takpraha.cz\/index.php\/wp-json\/wp\/v2\/users\/2"}],"replies":[{"embeddable":true,"href":"https:\/\/takpraha.cz\/index.php\/wp-json\/wp\/v2\/comments?post=670"}],"version-history":[{"count":4,"href":"https:\/\/takpraha.cz\/index.php\/wp-json\/wp\/v2\/pages\/670\/revisions"}],"predecessor-version":[{"id":5198,"href":"https:\/\/takpraha.cz\/index.php\/wp-json\/wp\/v2\/pages\/670\/revisions\/5198"}],"wp:attachment":[{"href":"https:\/\/takpraha.cz\/index.php\/wp-json\/wp\/v2\/media?parent=670"}],"curies":[{"name":"wp","href":"https:\/\/api.w.org\/{rel}","templated":true}]}}