{"id":69,"date":"2021-11-26T09:55:58","date_gmt":"2021-11-26T08:55:58","guid":{"rendered":"http:\/\/www.takpraha.cz\/wp\/?page_id=69"},"modified":"2022-09-01T20:05:02","modified_gmt":"2022-09-01T18:05:02","slug":"lesni-hry","status":"publish","type":"page","link":"https:\/\/takpraha.cz\/index.php\/lesni-hry\/","title":{"rendered":"Lesn\u00ed hry"},"content":{"rendered":"\n<figure class=\"wp-block-table is-style-regular\"><table><thead><tr><th class=\"has-text-align-right\" data-align=\"right\">D<\/th><th>N\u00e1zev, datum<\/th><th>M\u00edsto<\/th><th>Po\u0159adatel<\/th><th>Pozn\u00e1mka<\/th><th><\/th><\/tr><\/thead><tbody><tr><td class=\"has-text-align-right\" data-align=\"right\">44.<\/td><td>Hry bez hranic <br>16. \u2013 18. 9. 2022<\/td><td><\/td><td>Roman Cheef Hysek 23<\/td><td><a href=\"https:\/\/takpraha.cz\/index.php\/2022\/08\/29\/44-lesni-hry-hry-bez-hranic\/\">Informace\u2026<\/a><\/td><td><\/td><\/tr><tr><td class=\"has-text-align-right\" data-align=\"right\">43.<\/td><td>N\u00e1vrat do \u017eivota<br>11. \u2013 12. 9. 2021<\/td><td>v bl\u00edzkosti Lu\u017enice u obce Be\u010dice, okres T\u00e1bor<\/td><td>Tom\u00e1\u0161 S\u00fdc Sou\u010dek<\/td><td>Akce byla komorn\u011bj\u0161\u00ed \u2013 12 \u00fa\u010dastn\u00edk\u016f, 3 po\u0159adatel\u00e9, ale byl to kr\u00e1sn\u00fd v\u00edkend. V pr\u016fb\u011bhu LH nebylo ubl\u00ed\u017eeno \u017e\u00e1dn\u00e9mu lidsk\u00e9mu tvoru, ale o t\u0159ech z\u00e1stupc\u00edch zv\u00ed\u0159ec\u00ed \u0159\u00ed\u0161e se to u\u017e tak \u00fapln\u011b \u0159\u00edci ned\u00e1. K tomu je\u0161t\u011b mal\u00e9 vysv\u011btlen\u00ed, zejm\u00e9na pro p\u0159\u00edpadn\u00e9 citliv\u011bj\u0161\u00ed z\u00e1jemce o \u00fa\u010dast na dal\u0161\u00edch ro\u010dn\u00edc\u00edch LH; uveden\u00e1 \u010dinnost je na LH velmi, velmi v\u00fdjime\u010dn\u00e1, ke kter\u00e9 doch\u00e1z\u00ed maxim\u00e1ln\u011b dvakr\u00e1t za posledn\u00edch 43 let, tak\u017ee si mysl\u00edm, \u017ee k dal\u0161\u00ed podobn\u00e9 dojde mo\u017en\u00e1 a\u017e za dal\u0161\u00edch cca 30 let.<\/td><td><\/td><\/tr><tr><td class=\"has-text-align-right\" data-align=\"right\">42.<\/td><td>\u00da\u017easn\u00fd z\u00e1vod kolem sv\u011bta<br>18. \u2013 20. 9. 2020<\/td><td>kousek od Nezabudic<\/td><td>T\u0159iadvac\u00edtka<\/td><td>V r\u00e1mci bezpe\u010dnostn\u00edch opat\u0159en\u00ed jsme jeli rovnou na start \u0161tvanice, kter\u00e1 byla pohodov\u00e1, za jasn\u00e9 oblohy narvan\u00e9 hv\u011bzdami asi sedm kilometr\u016f dlouh\u00e1 \u00bb <a href=\"https:\/\/takpraha.cz\/index.php\/2020\/10\/06\/lesni-hry-2020\/\">\u010dti v\u00edce<\/a>. Tady je <a rel=\"noreferrer noopener\" href=\"https:\/\/old.takpraha.cz\/2020\/f200920\/index.htm\" target=\"_blank\">fotodokumentace<\/a> *)<\/td><td><\/td><\/tr><tr><td class=\"has-text-align-right\" data-align=\"right\">41.<\/td><td>Zachra\u0148te Sn\u011bhurku!<br>13. \u2013 9. 2019<\/td><td>t\u00e1bo\u0159i\u0161t\u011b L\u00edsek-h\u00e1j z\u00e1padn\u011b od Oslova<\/td><td>Sa\u0161a Fuchs 13 a Vl\u00e1\u010fa Roith 14<\/td><td>Kr\u00e1sn\u00e9 po\u010das\u00ed, hrav\u00e9 discipl\u00edny, <a rel=\"noreferrer noopener\" href=\"http:\/\/ctrnactka.net\/41lh\/\" target=\"_blank\">str\u00e1nky her<\/a><\/td><td><\/td><\/tr><tr><td class=\"has-text-align-right\" data-align=\"right\">40.<\/td><td>Kdy\u017e v b\u00e1ru houstne d\u00fdm<br>14. \u2013 16. 9. 2018<\/td><td><\/td><td>Dvac\u00edtka<\/td><td>Kde jsou ty \u010dasy, kdy jsme sd\u00edleli smutn\u00fd osud nalezenc\u016f, nalezen\u00fdch v pr\u00e9rii po \u010dertech drsn\u00fdmi buvolobijci? Kdy\u017e jsme se potloukali vesel\u00fdmi m\u011bste\u010dky na\u0161eho pohrani\u010d\u00ed, kdy\u017e jsme p\u0159epadali dostavn\u00edky, vylupovali banky, st\u0159\u00edleli \u0161erify\u2026 Mladost &#8211; radost!<br>V na\u0161ich hr\u00e1ch je m\u00edsto pro ka\u017ed\u00e9ho, dr\u017e\u00edme se hesla: \u201cPadouch nebo hrdina, my jsme jedna rodina\u201d.<\/td><td><\/td><\/tr><tr><td class=\"has-text-align-right\" data-align=\"right\">39.<\/td><td>P\u0159\u00edsn\u011b tajn\u00e9<br>15. \u2013 17. 9. 2017<\/td><td>skautsk\u00e9 t\u00e1bo\u0159i\u0161t\u011b Jest\u0159ebka  <\/td><td>Valda a \u0160\u00edma a \u0160estadvac\u00edtka<\/td><td>Jest\u0159ebka je pobl\u00ed\u017e Led\u010de n. S\u00e1zavou, 39 \u00fa\u010dastn\u00edk\u016f; po\u010das\u00ed \u2013 sobota snesiteln\u011b vlhk\u00e1, ob\u011b noci a ned\u011ble v pohod\u011b; jen 6 (resp. 4 v ned\u011bli) po\u0159adatel\u016f, m\u00edsto no\u010dn\u00ed Prometheovky byla Poseidonovka ve dne;  hry sp\u00ed\u0161e p\u0159em\u00fd\u0161liv\u00e9 ne\u017e b\u011bhac\u00ed; hry pohodov\u00e9 pro m\u00e9n\u011b pohybliv\u00e9, dvojit\u00ed agenti v t\u00fdmech; <a rel=\"noreferrer noopener\" href=\"https:\/\/prisnetajne.26.cz\/\" target=\"_blank\">str\u00e1nky P\u0159\u00edsn\u011b tajn\u00e9<\/a><\/td><td><\/td><\/tr><tr><td class=\"has-text-align-right\" data-align=\"right\">38.<\/td><td>Nadace 23<br>9. \u2013 11. 9. 2016<\/td><td>skautsk\u00e1 z\u00e1kladna Na D\u011bdku<\/td><td>T\u0159iadvac\u00edtka<\/td><td>Na D\u011bdku u Fran\u0161t\u00e1tu pod T\u0159em\u0161\u00ednem , 35 \u00fa\u010dastn\u00edk\u016f, z toho jen 8 lid\u00ed, ostatn\u00ed zomb\u00edci, <a rel=\"noreferrer noopener\" href=\"http:\/\/nadace.tak23.cz\/index.php\" target=\"_blank\">str\u00e1nky Nadace 23<\/a><\/td><td><\/td><\/tr><tr><td class=\"has-text-align-right\" data-align=\"right\">37.<\/td><td>O \u0161\u00e1tek Ferdy Mravence<br>11. \u2013 13. 9. 2015<\/td><td>skautsk\u00e1 z\u00e1kladna Chvalov<\/td><td>Sa\u0161a Fuchs 13 a Vl\u00e1\u010fa Roith 14<\/td><td>Lesn\u00ed se konaly na t\u00e1bo\u0159i\u0161ti skautsk\u00e9 z\u00e1kladny Chvalov le\u017e\u00edc\u00ed 10&nbsp;km od Blatn\u00e9 mezi vesnicemi Ma\u010dkov, Jind\u0159ichovice a Bratronice. T\u00e1bo\u0159i\u0161t\u011b je ze t\u0159\u00ed stran obklopeno lesem, jako stvo\u0159en\u00fdm pro hry. Ze \u010dtvrt\u00e9 strany je obklopeno loukou, pod n\u00ed\u017e je rybn\u00edk. V&nbsp;bl\u00edzkosti t\u00e1bo\u0159i\u0161t\u011b je i&nbsp;hrobka rodu Battagli\u016f. <a rel=\"noreferrer noopener\" href=\"http:\/\/37lesnihry.ctrnactka.net\/\" target=\"_blank\">Str\u00e1nky Ferdy Mravence<\/a><\/td><td><\/td><\/tr><tr><td class=\"has-text-align-right\" data-align=\"right\">36.<\/td><td>Po stop\u00e1ch Marca Pola<br>12. \u2013 14. 9. 2014<\/td><td>skautsk\u00e1 z\u00e1kladna v lese u St\u0159\u00edbrn\u00e9 Skalice<\/td><td>Dvac\u00edtka<\/td><td>t\u00fdmy se d\u00e1valy dohromady a\u017e po cest\u011b ve vlaku; nakupov\u00e1n\u00ed vz\u00e1cn\u00e9ho zbo\u017e\u00ed, na z\u00e1v\u011br po po\u0159adatel\u00e9 m\u00edsto ve vod\u011b koupali v \u0161ampusu nevaln\u00e9 kvality,<\/td><td><\/td><\/tr><tr><td class=\"has-text-align-right\" data-align=\"right\">35.<\/td><td>Monty Python a (nejenom) svat\u00fd gr\u00e1l <br>13. \u2013 15. 9. 2013<\/td><td>M\u011bs\u00ed\u010dn\u00ed \u00fadol\u00ed u Vla\u0161imi<\/td><td>Valda 26 a Sa\u0161\u00e1k 23<\/td><td>p\u0159esun mezi sout\u011b\u017eemi po okol\u00ed prob\u00edhal z\u00e1sadn\u011b ko\u0148mo, kdy v\u011brn\u00ed pano\u0161i klapali tak v\u011brn\u011b, \u017ee okolojdouc\u00ed se ptali, kolik tam t\u011bch ko\u0148\u016f m\u00e1te? a okolojdouc\u00ed kon\u011b se pla\u0161ili \u00bb <a href=\"https:\/\/takpraha.cz\/index.php\/2013\/10\/16\/lesni-hry-2013\/\">\u010dti v\u00edce<\/a><\/td><td><\/td><\/tr><tr><td class=\"has-text-align-right\" data-align=\"right\">34.<\/td><td>Dobrodru\u017estv\u00ed kriminalistiky<br>14. \u2013 16. 9. 2012<\/td><td>mysliveck\u00e1 st\u0159elnice u Mal\u00e9 Ameriky<\/td><td>\u0160\u00e1rka Fuchsov\u00e1 s T\u0159in\u00e1ctkou<\/td><td>co sta\u0159\u00ed \u00fa\u010dastn\u00edci cht\u011bli ob\u011bhnout \u010di marn\u011b vydolovat z pam\u011bti, mlad\u00ed obratem na\u0161li p\u0159es mobil na internetu, jinak naprost\u00e1 pohoda<\/td><td><\/td><\/tr><tr><td class=\"has-text-align-right\" data-align=\"right\">33.<\/td><td>9. \u2013 11. 9. 2011<\/td><td>V\u011bze\u0148sk\u00e9<\/td><td>\u010ctrn\u00e1ctka<\/td><td>P\u0159\u00edpadn\u00ed po\u0161etilci, kte\u0159\u00ed budou m\u00edt tu odvahu neplnit kol\u00e1\u010de sledovanosti superak\u010dn\u00edch televizn\u00edch film\u016f a i p\u0159es varov\u00e1n\u00ed se dostav\u00ed v p\u00e1tek 9. z\u00e1\u0159\u00ed na m\u00edsto nepovolen\u00e9ho srazu pod z\u00e1minkou \u00fa\u010dastnit se jak\u00fdchsi 33. lesn\u00edch her, budou okam\u017eit\u011b zat\u010deni, obvin\u011bni, odsouzen\u00ed a deportov\u00e1ni do n\u00e1pravn\u00edch za\u0159\u00edzen\u00ed, odkud pak budou m\u00edt (mo\u017en\u00e1) v sobotu 10. a v ned\u011bli 11. z\u00e1\u0159\u00ed p\u0159\u00edle\u017eitost (ov\u0161em velmi, velmi malou) k zosnov\u00e1n\u00ed \u00fat\u011bku a k p\u0159\u00edpadn\u00e9mu n\u00e1vratu ke sv\u00fdm bl\u00edzk\u00fdm.<\/td><td><\/td><\/tr><tr><td class=\"has-text-align-right\" data-align=\"right\">32.<\/td><td>Lesn\u00ed br\u00e1na<br>17. \u2013 19. 9. 2010<\/td><td><\/td><td>Sa\u0161a Fuchs s T\u0159iadvac\u00edtkou<\/td><td><a rel=\"noreferrer noopener\" href=\"https:\/\/old.takpraha.cz\/2010\/f100919\/index.htm\" target=\"_blank\">Fotoalbum<\/a> *) od Jany Vorlov\u00e9 14<\/td><td><\/td><\/tr><tr><td class=\"has-text-align-right\" data-align=\"right\">31.<\/td><td>Kosmick\u00e9 \u2013 Huston, Lyndon B. Johnson Space Center<br>11. \u2013 13. 9. 2009<\/td><td>Borek u \u017dlutic<\/td><td>\u0160\u00e1rka a Sa\u0161a Fuchsovi s T\u0159in\u00e1ctkou<\/td><td><\/td><td><\/td><\/tr><tr><td class=\"has-text-align-right\" data-align=\"right\">30.<\/td><td>30. l\u00e9ta v Chicagu<br>12. \u2013 14. 9. 2008<\/td><td>pobl\u00ed\u017e K\u0159ivokl\u00e1tu<\/td><td>Ji\u0159\u00ed Valda ml. s \u0160estadvac\u00edtkou <\/td><td>byly moc p\u011bkn\u00e9 v\u010detn\u011b v\u00fdb\u011bru m\u00edsta, po\u010das\u00ed, j\u00eddla i prostor pro hygienu. WC pro hochy, d\u00edvky, vedouc\u00ed, kucha\u0159e a spr\u00e1vce nem\u011bly chybu. \u00da\u017easn\u00e1 discipl\u00edna prob\u00edhala v um\u00fdv\u00e1rn\u011b, kde pumpa na vodu byla vzd\u00e1len\u00e1 od kohoutku t\u0159i metry \u00bb <a href=\"https:\/\/takpraha.cz\/index.php\/2008\/09\/26\/lesni-hry-2008\/\">\u010dti v\u00edce<\/a><\/td><td><\/td><\/tr><tr><td class=\"has-text-align-right\" data-align=\"right\">29.<\/td><td>Husitsk\u00e9<br>14. \u2013 16. 9. 2007<\/td><td>u hradu Sion<\/td><td>Jan Ma\u0148\u00e1k s Sedmn\u00e1ctkou <\/td><td><\/td><td><\/td><\/tr><tr><td class=\"has-text-align-right\" data-align=\"right\">28.<\/td><td>LokoHr\u00e1tky<br>15. \u2013 17. 9. 2006<\/td><td><\/td><td>Dvac\u00edtka<\/td><td>\u0158\u00edd\u00edc\u00ed v\u00fdbor akciov\u00e9 spole\u010dnosti LokoHr\u00e1tky \u00bb <a href=\"https:\/\/takpraha.cz\/index.php\/0206\/11\/26\/lesni-hry-2006\/\">\u010dti v\u00edce<\/a><\/td><td><\/td><\/tr><tr><td class=\"has-text-align-right\" data-align=\"right\">27.<\/td><td>Saturnin<br>z\u00e1\u0159\u00ed 2005<\/td><td><\/td><td>Roman Hysek s T\u0159iadvac\u00edtkou<\/td><td><\/td><td><\/td><\/tr><tr><td class=\"has-text-align-right\" data-align=\"right\">26.<\/td><td>Hlava XXII<br>10. \u2013 12. 9. 2004<\/td><td>n\u011bkde u Humpolce<\/td><td>Ji\u0159\u00ed Valda ml. s \u0160estadvac\u00edtkou<\/td><td><\/td><td><\/td><\/tr><tr><td class=\"has-text-align-right\" data-align=\"right\">25.<\/td><td>Azt\u00e9ck\u00fd poklad<br>14. \u2013 16. 9. 2003<\/td><td>louka a jeskyn\u011b u Svitavy u \u010cesk\u00e9 L\u00edpy<\/td><td>Vl\u00e1\u010fa Roith s \u010ctrn\u00e1ctkou <\/td><td>p\u0159i \u0161tvanici a v sobotu d\u00e9\u0161\u0165, v ned\u011bli slunce; kr\u00e1sn\u00e9 prost\u0159ed\u00ed; kr\u00e1sn\u00e9; dekorov\u00e1n\u00ed \u2013 jedin\u00ed M\u00ed\u0161a a Tom\u00e1\u0161 H\u0103cklovi byli na v\u0161ech LH \u00bb <a href=\"https:\/\/takpraha.cz\/index.php\/2003\/09\/20\/lesni-hry-2003\/\">\u010dti v\u00edce<\/a>; skoro v\u0161echno se dozv\u00ed\u0161 na <a rel=\"noreferrer noopener\" href=\"http:\/\/www.trasa.ctrnactka.net\/25lhry\/25lh_uvod.htm\" target=\"_blank\">str\u00e1nk\u00e1ch LH<\/a><\/td><td><\/td><\/tr><tr><td class=\"has-text-align-right\" data-align=\"right\">24.<\/td><td>Krh\u00fatsk\u00e1 kronika<br>18. \u2013 20. 9. 2002<\/td><td><\/td><td>Pac\u00ednek<\/td><td><\/td><td><\/td><\/tr><tr><td class=\"has-text-align-right\" data-align=\"right\">23.<\/td><td>Jak jsem vyhr\u00e1l v\u00e1lku<br>14. \u2013 17. 9. 2001<\/td><td><\/td><td>Ivan I\u0161tv\u00e1n \u0160vach s T\u0159in\u00e1ctkou <\/td><td>4. Mu\u0161ket\u00fdrsk\u00fd pluk se na Palmovce nalodil do dvou v\u00fdsadkov\u00fdch \u010dlun\u016f v p\u00e1tek po 19 hodin\u011b \u00bb <a href=\"https:\/\/takpraha.cz\/index.php\/2001\/09\/30\/lesni-hry-2001\/\">\u010dti v\u00edce<\/a><\/td><td><\/td><\/tr><tr><td class=\"has-text-align-right\" data-align=\"right\">22.<\/td><td>Rychl\u00e9 \u0161\u00edpy<br>15. \u2013 17. 9. 2000<\/td><td><\/td><td>Zden\u011bk Moure\u010dek, Veronika Jiravov\u00e1 a Dvac\u00edtka <\/td><td>opravdu se povedly \u00bb <a href=\"https:\/\/takpraha.cz\/index.php\/2002\/01\/05\/lesni-hry-2000\/\">\u010dti v\u00edce<\/a><\/td><td><\/td><\/tr><tr><td class=\"has-text-align-right\" data-align=\"right\">21.<\/td><td>Co se d\u011bje v tr\u00e1v\u011b<br>10. \u2013 12. 9. 1999<\/td><td><\/td><td>Ji\u0159\u00ed Valda ml. s \u0160estadvac\u00edtkou<\/td><td><\/td><td><\/td><\/tr><tr><td class=\"has-text-align-right\" data-align=\"right\">20.<\/td><td>Z poh\u00e1dky do poh\u00e1dky<br>z\u00e1\u0159\u00ed 1998<\/td><td><\/td><td>Zden\u011bk Moure\u010dek, Veronika Jiravov\u00e1 a Dvac\u00edtka<\/td><td><\/td><td><\/td><\/tr><tr><td class=\"has-text-align-right\" data-align=\"right\">19.<\/td><td>\u0160vejk a jeho osudy<br>z\u00e1\u0159\u00ed 1997<\/td><td>\u010e\u00e1bl\u00edk<\/td><td>veter\u00e1ni \u2013 H\u0103cklovi, Pac\u00ednek, Havr\u00e1nek<\/td><td>po\u010das\u00ed oboje; s hrami spokojenost, tak\u017ee kouzlo se veter\u00e1n\u016fm povedlo<\/td><td><\/td><\/tr><tr><td class=\"has-text-align-right\" data-align=\"right\">18.<\/td><td>Cesta do Art\u011bku<\/td><td>T\u00e1borsko<\/td><td>Ivan I\u0161tv\u00e1n \u0160vach s T\u0159in\u00e1ctkou <\/td><td>hrozn\u00e9 po\u010das\u00ed na \u0161tvanici; tak\u017ee sobotn\u00ed ve\u010der poprv\u00e9 bez ohn\u011b; vystoupen\u00ed v hospod\u011b; hry jinak pohodov\u00e9; dru\u017einy: Abch\u00e1zci, Burjati, \u010cuk\u010dov\u00e9, Evenkov\u00e9 (1.), Ingu\u0161i, Jakuti, Kalmyci, N\u011bnci, Ujgu\u0159i<\/td><td><\/td><\/tr><tr><td class=\"has-text-align-right\" data-align=\"right\">17.<\/td><td>Podnikatelsk\u00e9 hry<br>15. \u2013 17. 9. 1995<\/td><td>L\u00ed\u0161no u Bene\u0161ova<\/td><td>Jan Ma\u0148\u00e1k s Sedmn\u00e1ctkou<\/td><td>po\u010das\u00ed i hry v pohod\u011b; posledn\u00ed firma dostala odbor\u00e1\u0159skou legitimaci ta\u0165ky Falbra; zakon\u010den\u00ed v hospod\u011b<\/td><td><\/td><\/tr><tr><td class=\"has-text-align-right\" data-align=\"right\">16.<\/td><td>K\u0159\u00ed\u017eem kr\u00e1\u017eem s Julesem Vernem<br>16. \u2013 9. 1994<\/td><td>rybn\u00edk pod kopcem Zvi\u010dn\u00e1, Doln\u00ed Brusnice<\/td><td>Monika a Karel Moravcovi s \u0160estn\u00e1ctkou<\/td><td>po\u010das\u00ed pohoda; p\u0159ejezd \u00fazk\u00e9 l\u00e1vky na d\u011btsk\u00e9m kole; p\u0159ejezd rybn\u00edka v igelitov\u00e9m pytli; lety horkovzdu\u0161n\u00fdch bal\u00f3n\u016f<\/td><td><\/td><\/tr><tr><td class=\"has-text-align-right\" data-align=\"right\">15.<\/td><td>Cesta kolem sv\u011bta za 75 dn\u00ed s Cimrmanem<br>17. \u2013 19. 9. 1993<\/td><td>\u00fadol\u00ed u Bla\u017eimi pobl\u00ed\u017e Slapsk\u00e9 p\u0159ehrady<\/td><td>Ivan Fridrich s Patn\u00e1ctkou<\/td><td>zah\u00e1jen\u00ed na poledn\u00edku na Starom\u011bstsk\u00e9m n\u00e1m.; hry pohoda; sbsolutn\u00ed rekord p\u0159\u00edchodu ze \u0161tvanice, hn\u011bd\u00ed p\u0159i\u0161li po sta\u017een\u00ed vlajky v Mokrovratech, kam se dojelo lodi a busem; 67 \u00fa\u010dastn\u00edk\u016f<\/td><td><\/td><\/tr><tr><td class=\"has-text-align-right\" data-align=\"right\">14.<\/td><td>Dobrodru\u017estv\u00ed \u0161esti tramp\u016f<br>13. \u2013 15. 9. 1991<\/td><td>Pt\u00e1ck\u00fd rybn\u00edk u Sem\u010dic<\/td><td>Vl\u00e1\u010fa Roith s \u010ctrn\u00e1ctkou<\/td><td>pohodov\u00e9 hry; discipl\u00edny se vyhr\u00e1valy v\u011bt\u0161inou hlavou; posledn\u00ed t\u0159i sout\u011b\u017ee v hospod\u011b; zakon\u010den\u00ed hostinou; 45 \u00fa\u010dastn\u00edk\u016f<\/td><td><\/td><\/tr><tr><td class=\"has-text-align-right\" data-align=\"right\">13.<\/td><td>Hobit &amp; V\u00fdlet do St\u0159edozem\u011b<br>18. \u2013 20. 9. 1992<\/td><td>Star\u00e1 Hu\u0165<\/td><td>Petr Petrof Jirava s T\u0159in\u00e1ctkou<\/td><td>v noci mrzlo, p\u0159es den kr\u00e1sn\u011b; setk\u00e1n\u00ed s bojovn\u00edky z americk\u00e9 ob\u010dansk\u00e9 v\u00e1lky; 48 \u00fa\u010dastn\u00edk\u016f<\/td><td><\/td><\/tr><tr><td class=\"has-text-align-right\" data-align=\"right\">12.<\/td><td>14. \u2013 16. 9. 1990<\/td><td>Mokrovrata<\/td><td>Ivan Birndt s Dvan\u00e1ctkou<\/td><td>po\u010das\u00ed dobr\u00e9; velk\u00e1 honi\u010dka p\u0159i kanadsk\u00e9 \u0161tvanici; st\u011bhov\u00e1n\u00ed z m\u00edsta na m\u00edsto<\/td><td><\/td><\/tr><tr><td class=\"has-text-align-right\" data-align=\"right\">11.<\/td><td>15. \u2013 17. 9. 1989<\/td><td>Antick\u00e9 hry<\/td><td>Jean Je\u017eek, Ji\u0159\u00ed Valda st. s Jeden\u00e1ctkou<\/td><td>d\u00e9\u0161\u0165 a mlha p\u0159i \u0161tvanici, v ned\u011bli kr\u00e1sn\u011b; velmi tvrd\u00e9 hry; M\u00ed\u0161a Musil zachr\u00e1nil tonouc\u00edho Argonauta; d\u011bsn\u00fd z\u00e1v\u011br ve vypu\u0161t\u011bn\u00e9m rybn\u00edce; pe\u010den\u00ed prasat na otev\u0159en\u00e9m ohni; dru\u017einy: Pegasov\u00e9, Ionov\u00e9, Lapithov\u00e9, D\u00f3rov\u00e9, Satyrov\u00e9, Achajov\u00e9, Elegyov\u00e9, Kentaurov\u00e9<\/td><td><\/td><\/tr><tr><td class=\"has-text-align-right\" data-align=\"right\">10.<\/td><td>Expedice Takymalaya<br>16. \u2013 18. 9. 1988<\/td><td>Borek u \u017dlutic<\/td><td>Ivan I\u0161tv\u00e1n \u0160vach s T\u0159in\u00e1ctkou<\/td><td>po\u010das\u00ed dobr\u00e9; no\u010dn\u00ed \u0161tvanice na Messnera; Yettiho nikdo nevid\u011bl; 90 \u00fa\u010dastn\u00edk\u016f<\/td><td><\/td><\/tr><tr><td class=\"has-text-align-right\" data-align=\"right\">9.<\/td><td>Cesta do prav\u011bku  \u2013 doba bronzov\u00e1<br>14. \u2013 16. 9. 1987<\/td><td>Prachaticko<\/td><td>Zden\u011bk B\u00edlek s Dev\u00edtkou a TOM<\/td><td>bou\u0159ka p\u0159i no\u010dn\u00ed \u0161tvanici<\/td><td><\/td><\/tr><tr><td class=\"has-text-align-right\" data-align=\"right\">8.<\/td><td>12. \u2013 14. 9. 1986<\/td><td>sv. Hubert u Karlov\u00fdch Var\u016f<\/td><td>Fous Waraus s Dvan\u00e1ctkou<\/td><td>stra\u0161n\u00e9 po\u010das\u00ed; netradi\u010dn\u00ed no\u010dn\u00ed \u0161tvanice anulovan\u00e1; v p\u00e1 a so nejstar\u0161\u00ed TOM\u00edci poprv\u00e9 na hr\u00e1ch; 1. rekord p\u0159\u00edchodu ze \u0161tvanice &#8211; p\u0159i zapalov\u00e1n\u00ed ve\u010dern\u00edho ohn\u011b<\/td><td><\/td><\/tr><tr><td class=\"has-text-align-right\" data-align=\"right\">7.<\/td><td>Indi\u00e1nsk\u00e9 hry, 6. \u2013 8. 9. 1985<\/td><td>rybn\u00edk Sta\u0161ov, Dobev u P\u00edsku<\/td><td>Pac\u00ednek, Lojza<\/td><td>po\u010das\u00ed chladn\u011bj\u0161\u00ed; stav\u011bla se teepee; Honza Koci\u00e1n si o\u0161kliv\u011b rozsekl nohu; 73 \u00fa\u010dastn\u00edk\u016f; kmeny: Delewarov\u00e9, Miamiov\u00e9, Mohyk\u00e1ni, \u0160aunov\u00e9, \u010cerok\u00e9zov\u00e9, Huroni, Irok\u00e9zov\u00e9, Powatanov\u00e9<\/td><td><\/td><\/tr><tr><td class=\"has-text-align-right\" data-align=\"right\">6.<\/td><td>Ze star\u00fdch pov\u011bst\u00ed \u010desk\u00fdch<br>14. \u2013 19. 9. 1984<\/td><td>\u0158\u00e1sn\u00e1, u rybn\u00edka Mrzatec<\/td><td>Je\u017eek, Valda, Bivot s Jeden\u00e1ctkou<\/td><td>po\u010das\u00ed dobr\u00e9; v ned\u011bli na z\u00e1v\u011br obrovsk\u00e1 \u017eranice ze zabit\u00e9ho kance<\/td><td><\/td><\/tr><tr><td class=\"has-text-align-right\" data-align=\"right\">5.<\/td><td>16. \u2013 18. 9. 1983<\/td><td>Helfenburg<\/td><td>Ivan I\u0161tv\u00e1n \u0160vach s T\u0159in\u00e1ctkou<\/td><td>po\u010das\u00ed dobr\u00e9; hrad a hry bez alkoholu; velk\u00e1 hra v ned\u011bli za\u010dala vra\u017ed\u011bn\u00ed brojler\u016f<\/td><td><\/td><\/tr><tr><td class=\"has-text-align-right\" data-align=\"right\">4.<\/td><td>Cesta za zlatem<br>24. \u2013 26. 9. 1982<\/td><td>D\u00edv\u010d\u00ed K\u00e1men<\/td><td>Pepa Beran s Dvan\u00e1ctkou<\/td><td>no\u010dn\u00ed \u0161tvanice pojat\u00e1 jako memori\u00e1l Jen\u00ed\u010dka a Ma\u0159enky; z\u00e1vody ps\u00edch sp\u0159e\u017een\u00ed \u2013 psy poj\u00eddali syrov\u00e9 ryby<\/td><td><\/td><\/tr><tr><td class=\"has-text-align-right\" data-align=\"right\">3.<\/td><td>11. \u2013 13. 9. 1981<\/td><td>Lipnice<\/td><td>Lojza Bl\u00e1ha<\/td><td>n\u00e1ro\u010dn\u00e1 finsk\u00e1 stezka, po\u010das\u00ed dobr\u00e9<\/td><td><\/td><\/tr><tr><td class=\"has-text-align-right\" data-align=\"right\">2.<\/td><td>19. \u2013 21- 9. 1980<\/td><td>D\u00e1\u0159ko<\/td><td>Mlado\u0161 Doucha<\/td><td>velmi nevl\u00eddn\u00e9 po\u010das\u00ed, m\u00e1lo nad\u0161en\u00ed<\/td><td><\/td><\/tr><tr><td class=\"has-text-align-right\" data-align=\"right\">1.<\/td><td>17. \u2013 19. 9. 1979<\/td><td>Zv\u016fle u Kun\u017eaku<\/td><td>Tonda Rosick\u00fd<\/td><td>p\u0159epaden\u00ed vlaku z Jind\u0159ichova Hradce, n\u00e1dhern\u00e9 po\u010das\u00ed i prost\u0159ed\u00ed<\/td><td><\/td><\/tr><\/tbody><tfoot><tr><td class=\"has-text-align-right\" data-align=\"right\"><strong>ID<\/strong><\/td><td><strong>T\u00e9ma, datum<\/strong><\/td><td><strong>M\u00edsto<\/strong><\/td><td><strong>Po\u0159adatel<\/strong><\/td><td><strong>Pozn\u00e1mka<\/strong><\/td><td><\/td><\/tr><\/tfoot><\/table><\/figure>\n\n\n\n<p>*) odkaz na star\u00fd web<\/p>\n","protected":false},"excerpt":{"rendered":"<p>D N\u00e1zev, datum M\u00edsto Po\u0159adatel Pozn\u00e1mka 44. Hry bez hranic 16. \u2013 18. 9. 2022 Roman Cheef Hysek 23 Informace\u2026<\/p>\n","protected":false},"author":2,"featured_media":0,"parent":0,"menu_order":0,"comment_status":"closed","ping_status":"closed","template":"","meta":{"colormag_page_layout":"no_sidebar_full_width","inline_featured_image":false,"ngg_post_thumbnail":0,"footnotes":""},"class_list":["post-69","page","type-page","status-publish","hentry"],"_links":{"self":[{"href":"https:\/\/takpraha.cz\/index.php\/wp-json\/wp\/v2\/pages\/69","targetHints":{"allow":["GET"]}}],"collection":[{"href":"https:\/\/takpraha.cz\/index.php\/wp-json\/wp\/v2\/pages"}],"about":[{"href":"https:\/\/takpraha.cz\/index.php\/wp-json\/wp\/v2\/types\/page"}],"author":[{"embeddable":true,"href":"https:\/\/takpraha.cz\/index.php\/wp-json\/wp\/v2\/users\/2"}],"replies":[{"embeddable":true,"href":"https:\/\/takpraha.cz\/index.php\/wp-json\/wp\/v2\/comments?post=69"}],"version-history":[{"count":37,"href":"https:\/\/takpraha.cz\/index.php\/wp-json\/wp\/v2\/pages\/69\/revisions"}],"predecessor-version":[{"id":2993,"href":"https:\/\/takpraha.cz\/index.php\/wp-json\/wp\/v2\/pages\/69\/revisions\/2993"}],"wp:attachment":[{"href":"https:\/\/takpraha.cz\/index.php\/wp-json\/wp\/v2\/media?parent=69"}],"curies":[{"name":"wp","href":"https:\/\/api.w.org\/{rel}","templated":true}]}}