{"id":70,"date":"2022-01-11T14:55:58","date_gmt":"2022-01-11T13:55:58","guid":{"rendered":"http:\/\/www.takpraha.cz\/wp\/?page_id=70"},"modified":"2022-06-06T13:40:24","modified_gmt":"2022-06-06T11:40:24","slug":"spanila-jizda","status":"publish","type":"page","link":"https:\/\/takpraha.cz\/index.php\/spanila-jizda\/","title":{"rendered":"Spanil\u00e1 j\u00edzda"},"content":{"rendered":"\n<p><strong>Vyspi se p\u0159edem, mal\u00e1tnost nebude\u0161 pot\u0159ebovat!<\/strong><br>Spanil\u00e1 j\u00edzda je trochu drsn\u011bj\u0161\u00ed obdoba Stezky, tedy ly\u017ea\u0159sk\u00fd p\u0159ejezd hor s b\u00e1glem na z\u00e1dech. V\u011bt\u0161inou se span\u00edm ve spac\u00e1ku na zemi po hospod\u00e1ch \u010di t\u011blocvi\u010dn\u00e1ch, jen n\u011bkdy \u010d\u00e1ste\u010dn\u011b na postel\u00edch. A p\u0159itom (to hlavn\u011b) se spoustou zp\u011bvu a muziky. V z\u00e1sad\u011b je preferovan\u00e1 sportovn\u00ed trasa 30 &#8211; 40 km p\u0159es den a vy\u010derp\u00e1vaj\u00edc\u00ed spole\u010densko-hudebn\u00ed produkce ve\u010der. Osv\u011bd\u010dilo se sch\u00e9ma, \u017ee proti sob\u011b jedou po t\u0159i dny dv\u011b trasy, kter\u00e9 si vyst\u0159\u00eddaj\u00ed m\u00edsta nocleh\u016f a pokud se neminou, tak se v p\u016flce setkaj\u00ed. Vzhledem ke vzr\u016fstaj\u00edc\u00ed oblib\u011b akce jsou ji\u017e v posledn\u00ed dob\u011b trasy t\u0159i: A,B,C. P\u0159i shled\u00e1n\u00ed v\u0161ech tras se p\u016fvodn\u011b po\u0159\u00e1daly r\u016fzn\u00e9 sout\u011b\u017ee, pot\u00e9 jsme va\u0159ili na ohni \u0161vestkov\u00e9 knedl\u00edky a dal\u0161\u00ed pochoutky, od r. 1995 byl zalo\u017een kr\u00e1sn\u00fd zvyk, \u017ee ka\u017ed\u00fd jezdec p\u0159ed\u00e1 n\u011bjakou &#8222;n\u00f3bl&#8220; sva\u010dinku p\u0159edem nezn\u00e1memu kolegovi z protitrasy, pop\u0159. ka\u017ed\u00e1 trasa p\u0159iprav\u00ed na sn\u011bhu n\u00f3bl tabuli pro jinou trasu.<br>Zapsal Honza Popel T6<\/p>\n\n\n\n<figure class=\"wp-block-table\"><table><thead><tr><th>ID<\/th><th>Datum kon\u00e1n\u00ed<\/th><th>M\u00edsto kon\u00e1n\u00ed<\/th><th>Hejtmani<\/th><th>Pozn\u00e1mka<\/th><\/tr><\/thead><tbody><tr><td>45.<\/td><td>3. \u2013 5. 2. 2023<\/td><td><\/td><td><\/td><td><\/td><\/tr><tr><td>44.<\/td><td>4. \u2013 6. 2. 2022<\/td><td>Beskydy<\/td><td>A \u2013 S. Va\u0161icov\u00e1, J. Navr\u00e1til; B \u2013 P. Hrabal, T. Rozs\u00edval; C \u2013 I. Pergler, J. Toufar; D \u2013 T. Kub\u00e1t, P.  Stul\u00edk <\/td><td>So\u0148a sv\u016fj houfec podporovala v karant\u00e9n\u011b z domova<\/td><\/tr><tr><td>\u2013<\/td><td>2021<\/td><td><\/td><td><\/td><td>z d\u016fvodu pandemie SAR-COV-19 se nekonala<\/td><\/tr><tr><td>43.<\/td><td>7. \u2013 9. 2. 2020<\/td><td>\u010cesk\u00fd les<\/td><td>A \u2013 S. Va\u0161icov\u00e1, J. Navr\u00e1til; B \u2013 P. Hrabal, T. Rozs\u00edval; C \u2013 I. Pergler, J. Toufar; D \u2013 T. Kub\u00e1t, P.  Stul\u00edk<\/td><td><\/td><\/tr><tr><td>42.<\/td><td>1. \u2013 3. 2. 2019<\/td><td>Jesen\u00edky<\/td><td>T. Rozs\u00edval, I. Pergler, P. Hrabal, T. Peterka <\/td><td><\/td><\/tr><tr><td>41.<\/td><td>9. \u2013 11. 2. 2018<\/td><td>Kru\u0161n\u00e9 hory<\/td><td>T. Rozs\u00edval, I. Pergler, P. Hrabal, T. Peterka<\/td><td><\/td><\/tr><tr><td>40.<\/td><td>10. \u2013 12. 2. 2017<\/td><td>Kru\u0161n\u00e9 hory<\/td><td>A \u2013 Josef Soukup, Michal Musil; B \u2013 Pavel Hrabal, Tom\u00e1\u0161 Rozs\u00edval; C \u2013 Ivan Pergler, Jen\u00edk Toufar; D \u2013 Tonda Peterka, Pavel Stul\u00edk<\/td><td><\/td><\/tr><tr><td>39.<\/td><td>5. \u2013 7. 2. 2016<\/td><td>\u0160umava, p\u0159ev\u00e1\u017en\u011b n\u011bmeck\u00e1 strana<\/td><td>A \u2013 J. Soukup, M. Musil; B \u2013 P. Hrabal, T. Rozs\u00edval; C \u2013 I. Pergler, J. Toufar; D \u2013 T. Peterka, P. Stul\u00edk <\/td><td><\/td><\/tr><tr><td>38.<\/td><td>6. \u2013 8. 2. 2015<\/td><td>\u017d\u010f\u00e1rsk\u00e9 vrchy<\/td><td> A \u2013 J. Soukup, M. Musil; B \u2013 P. Hrabal, T. Rozs\u00edval; C \u2013 I. Pergler, J. Toufar; D \u2013 T. Peterka, P. Stul\u00edk  <\/td><td>Jedna zlomen\u00e1 ruka a n\u011bkolik r\u00fdmi\u010dek; sn\u00edh a dobr\u00e1 pohoda byly<\/td><\/tr><tr><td>37.<\/td><td>7. \u2013 9. 2. 2014<\/td><td>Orlick\u00e9 hory<\/td><td>A \u2013 J. Soukup, M. Musil; B \u2013 P. Hrabal, T. Rozs\u00edval; C \u2013 I. Pergler, J. Toufar; D \u2013 T. Peterka, P. Stul\u00edk  <\/td><td>T\u00e9m\u011b\u0159 bez sn\u011bhu a bez ly\u017e\u00ed, ale zase bezvadn\u00e1<\/td><\/tr><tr><td>36.<\/td><td>8. \u2013 10. 2. 2013<\/td><td>\u0160umava v\u00fdchod<\/td><td>A \u2013 J. Soukup, M. Musil; B \u2013 P. Hrabal, T. Rozs\u00edval; C \u2013 I. Pergler, J. Toufar; D \u2013 T. Peterka, P. Stul\u00edk  <\/td><td><\/td><\/tr><tr><td>35.<\/td><td>3. \u2013 5. 2. 2012<\/td><td>Krkono\u0161e<\/td><td>A \u2013 J. Soukup, M. Musil; B \u2013 P. Hrabal, T. Rozs\u00edval; C \u2013 I. Pergler, J. Toufar; D \u2013 T. Peterka, P. Stul\u00edk  <\/td><td>Prvn\u00ed spole\u010dn\u00e9 span\u00ed na Lu\u010dn\u00ed boud\u011b. Restaurace Lu\u010dn\u00ed je nejv\u00fd\u0161e polo\u017een\u00fdm restaura\u010dn\u00edm za\u0159\u00edzen\u00edm v \u010cech\u00e1ch a proto pivo stoj\u00ed 56 K\u010d.<\/td><\/tr><tr><td>34.<\/td><td>4. \u2013 6. 2. 2011<\/td><td>Kru\u0161n\u00e9 hory<\/td><td>A \u2013 J. Soukup, M. Musil; B \u2013 P. Hrabal, T. Rozs\u00edval; C \u2013 I. Pergler, J. Toufar; D \u2013 T. Peterka, P. Stul\u00edk  <\/td><td>Bo\u017e\u00ed Dar, Pernink, Nov\u00e9 Hamry, b\u00fdval\u00fd c\u00ednov\u00fd d\u016fl &#8211; \u00fast\u0159ed\u011bn\u00ed, P\u0159ebuz, St\u0159\u00edbrn\u00e1, Bublava, M\u00fchlleithen, Sch\u00f6neck<\/td><\/tr><tr><td>33.<\/td><td>5. \u2013 7. 2. 2010<\/td><td>Krkono\u0161e<\/td><td>A \u2013 J. Soukup, M. Musil; B \u2013 P. Hrabal, T. Rozs\u00edval; C \u2013 I. Pergler, J. Toufar; D \u2013 T. Peterka, P. Stul\u00edk  <\/td><td>Jizerka, Orle, Novosv\u011btsk\u00fd pr\u016fsmyk, Voseck\u00e1 bouda, Richterovy Boudy, Tet\u0159ev\u00ed bouda, Zrcadlovky, Jansk\u00e9 L\u00e1zn\u011b<\/td><\/tr><tr><td>32.<\/td><td>6. \u2013 8. 2. 2009<\/td><td>Jesen\u00edky<\/td><td>A \u2013 J. Soukup, M. Musil; B \u2013 P. Hrabal, T. Rozs\u00edval; C \u2013 I. Pergler, J. Toufar; D \u2013 T. Peterka, P. Stul\u00edk  <\/td><td><\/td><\/tr><tr><td>31.<\/td><td>8. \u2013 10. 2. 2008<\/td><td>\u010cesk\u00fd les<\/td><td>A \u2013 J. Soukup, M. Musil; B \u2013 P. Hrabal, T. Rozs\u00edval; C \u2013 I. Pergler, J. Toufar; D \u2013 T. Peterka, P. Stul\u00edk  <\/td><td>Houfec A: Vysok\u00e1 &#8211; Ctibo\u0159; houfec B proti houfci A; C: Rozvadov &#8211; Silberh\u00fctte; houfec D proti trase C; setk\u00e1n\u00ed houfc\u016f A a B u b\u00fdval\u00e9 Pavlovy huti &#8211; Lesn\u00e1 &#8211; Georgenstadt; setk\u00e1n\u00ed houfc\u016f C a D u b\u00fdval\u00e9 Pavlovy huti &#8211; Hal\u017ee &#8211; T\u0159i sekery<\/td><\/tr><tr><td>30.<\/td><td>2. \u2013 4. 2. 2007<\/td><td>Kru\u0161n\u00e9 hory z\u00e1pad<\/td><td>A \u2013 J. Soukup, M. Musil; B \u2013 P. Hrabal, T. Rozs\u00edval; C \u2013 I. Pergler, J. Toufar; D \u2013 T. Peterka, P. Stul\u00edk  <\/td><td>Houfec D \u2013 cesta vedla od Hory sv. \u0160ebasti\u00e1na p\u0159es sv. Kate\u0159inu na Kom\u00e1\u0159\u00ed v\u00ed\u017eku&nbsp;<\/td><\/tr><tr><td>29.<\/td><td>10. \u2013 12. 2. 2006<\/td><td>\u0160umava v\u00fdchod (na po\u010dest podruh\u00e9)<\/td><td>A \u2013 J. Soukup, M. Musil; B \u2013 P. Hrabal, T. Rozs\u00edval; C \u2013 I. Pergler, J. Toufar; D \u2013 T. Peterka, P. Stul\u00edk  <\/td><td>houfec A \u2013 Nov\u00e1 Pec &#8211; \u0158\u00edji\u0161t\u011b &#8211; Hrani\u010dn\u00ed k\u00e1men &#8211; Jelen\u00ed vrchy &#8211; \u010cern\u00fd K\u0159\u00ed\u017e &#8211; Sto\u017eec (27,4 km); Sto\u017eeck\u00e1 luka &#8211; Radvanovick\u00e9 sedlo &#8211; Lenora &#8211; (vl\u00e1\u010dek) &#8211; Kubova Hu\u0165 (10,4 km); \u0160vajglova Lada &#8211; \u0160indlov &#8211; Nov\u00e9 Hut\u011b &#8211; Star\u00e9 Hut\u011b &#8211; Pl\u00e1n\u011b &#8211; Zadov (27,2 km)<br>Houfec B \u2013 <\/td><\/tr><tr><td>28.<\/td><td>4. \u2013 6. 2. 2005<\/td><td>\u0160umava v\u00fdchod <\/td><td>A \u2013 H. Popel, J. Soukup; B \u2013 P. Vojt\u011bch, T. Rozs\u00edval; C \u2013 I. Pergler, J. Toufar  <\/td><td>A &#8211; 42, B &#8211; 47, C &#8211; 30 lid\u00ed; A &#8211; 42 lid\u00ed, Borov\u00e1 Lada, Kubova Hu\u0165, Boub\u00edn, Lenora; B &#8211; 47 lid\u00ed, \u010cesk\u00e9 \u017dleby, Sto\u017eec, Ple\u0161n\u00e9 jezero, (T\u0159\u00edstoli\u010dn\u00edk); C &#8211; 30 lid\u00ed, Nov\u00e1 Pec; modr\u00e1k a pohoda, doprava autobusy<\/td><\/tr><tr><td>27.<\/td><td>6. \u2013 8. 2. 2004<\/td><td>\u0160umava z\u00e1pad <\/td><td>A \u2013 H. Popel, J. Soukup; B \u2013 P. Vojt\u011bch, T. Rozs\u00edval; C \u2013 I. Pergler, J. Toufar  <\/td><td>trasa: \u017delezn\u00e1 Ruda, Pr\u00e1\u0161ily, Javo\u0159\u00ed Pila (tabule s dobrotami pro protitrasu), (Rokyta), Turnerova chata, Borov\u00e1 Lada; sn\u00edh nakonec byl a \u00farazy taky, v houfci A koleno L. Bl\u00e1ha, zlomen\u00e9 rameno V. Val\u00e1\u0161ek, doprava autobusy<\/td><\/tr><tr><td>26.<\/td><td>31. 1. \u2013 2. 2. 2003<\/td><td>Beskydy zp\u011bt<\/td><td>A \u2013 H. Popel, J. Soukup; B \u2013 P. Vojt\u011bch, T. Rozs\u00edval; C \u2013 I. Pergler, J. Toufar  <\/td><td>A &#8211; 37, B &#8211; 54, C &#8211; 23 lid\u00ed; trasa: Ro\u017enov, Marti\u0148\u00e1k, Bumb\u00e1lka (spole\u010dn\u00e1 tabule uvnit\u0159), Kone\u010dn\u00e1, Ostravice, v\u0161echny houfce se samolepkami, sn\u011bhu dost, slunce st\u00e1le<\/td><\/tr><tr><td>25.<\/td><td>8. \u2013 10. 2. 2002<\/td><td>Beskydy tam<\/td><td>A \u2013 H. Popel, J. Soukup; B \u2013 P. Vojt\u011bch, T. Rozs\u00edval; C \u2013 I. Pergler, J. Toufar <\/td><td>A &#8211; 38, B &#8211; 49, C &#8211; 25 lid\u00ed; trasa: Ostravice, Kone\u010dn\u00e1, Bumb\u00e1lka (na srazu se se\u0161li jen n\u011bkte\u0159\u00ed), Marti\u0148\u00e1k, Ro\u017enov, houfec C se samolepkami, sn\u011bhu m\u00e1lo, de\u0161t\u011b dost, vesel\u00e1 historka na A: Pepa Soukup zjistil, \u017ee si vzal o \u010dty\u0159i \u010d\u00edsla men\u0161\u00ed b\u011b\u017ekov\u00e9 boty (man\u017eelky<\/td><\/tr><tr><td>24.<\/td><td>8. \u2013 10. 2. 2001<\/td><td>Jesen\u00edky sever, Rychlebsk\u00e9 vrchy<\/td><td>A \u2013 H. Popel, J. Soukup; B \u2013 P. Vojt\u011bch, T. Rozs\u00edval; C \u2013 I. Pergler, J. Toufar<\/td><td>A &#8211; 36, B &#8211; 39, C &#8211; 25 lid\u00ed; trasa Javorn\u00edk, Lipov\u00e1 L\u00e1zn\u011b, Smrk (ohe\u0148 a tabule pro protitrasu), St. M\u011bsto, Kral. Sn\u011b\u017en\u00edk, Prost\u0159. Lipka, horo odd\u00edl zakl\u00e1d\u00e1 novou trasu C, p\u0159ejezd byl obzvl\u00e1\u0161\u0165 n\u00e1ro\u010dn\u00fd, polomy, v\u00edtr, mr\u00e1z i omrzliny<\/td><\/tr><tr><td>23.<\/td><td>4. \u2013 6. 2. 2000<\/td><td>\u0160umava v\u00fdchod<\/td><td>A \u2013 H. Popel, J. Soukup; B \u2013 P. Vojt\u011bch, T. Rozs\u00edval <\/td><td>A i B 51 lid\u00ed; trasa: N. Pec, T\u0159\u00edstoli\u010dn\u00edk, Sto\u017eec, Str\u00e1\u017en\u00e9 (tabule pro protitrasu), Borov\u00e1 Lada (nocleh na zemi u \u010cern\u00e9ho vlka), Modrava (Srn\u00ed), najat\u00fd autobus<\/td><\/tr><tr><td>22.<\/td><td>12. \u2013 14. 2. 1999<\/td><td>Kru\u0161n\u00e9 hory z\u00e1pad<\/td><td>A \u2013 H. Popel, J. Soukup; B \u2013 P. Vojt\u011bch, T. Rozs\u00edval<\/td><td>A &#8211; 46, B &#8211; 54 lid\u00ed; trasa: Nejdek, Abertamy, Bo\u017e\u00ed Dar; \u00fast\u0159ed\u011bn\u00ed a zp\u011bv v hospod\u011b, venku vich\u0159ice, H\u00e1je, Kl\u00e1\u0161terec<\/td><\/tr><tr><td>21.<\/td><td>1998<\/td><td>Lu\u017eick\u00e9 hory<\/td><td>A \u2013 H. Popel, J. Soukup; B \u2013 P. Vojt\u011bch, T. Rozs\u00edval <\/td><td>A &#8211; 43, B &#8211; 50 lid\u00ed; trasa: N. Bor, Kl\u00ed\u010d, Jedlov\u00e1, Lu\u017e, D. Sv\u011btl\u00e1, Sonneberg, Na \u0160estce (sva\u010dinka p\u0159\u00edteli u ohn\u011b), \u010c. Lou\u017ee, Je\u0161t\u011bd, Liberec, sn\u011bhu jen tak tak<\/td><\/tr><tr><td>20.<\/td><td>1997<\/td><td>Vyso\u010dina<\/td><td>A \u2013 H. Popel, J. Soukup; B \u2013 P. Vojt\u011bch, T. Rozs\u00edval <\/td><td>A &#8211; 38 lid\u00ed, B &#8211; 42 lid\u00ed; trasy: 0le\u0161n\u00e1, Kadov (kadov\u00e1nek), Sn\u011b\u017en\u00e9, Eleonorka (sva\u010dinky p\u0159\u00edteli u ohn\u011b), \u0160krdlovice, Zub\u0159\u00ed, st\u00e1vka \u010cD; sn\u011bhu kone\u010dn\u011b na Vyso\u010din\u011b dost; houfec B nav\u0161t\u00edvil tane\u010dn\u00ed z\u00e1bavu, Karel Moravec vyhr\u00e1l v tombole za vlo\u017een\u00e9 3 K\u010d prvn\u00ed cenu \u2013 z\u00e1jezd do It\u00e1lie<\/td><\/tr><tr><td>19.<\/td><td>2. \u2013 4. 2. 1996<\/td><td>Orlick\u00e9 hory<\/td><td>A \u2013 H. Popel, J. Soukup; B \u2013 P. Vojt\u011bch, T. Rozs\u00edval<\/td><td>A &#8211; 33 lid\u00ed, B &#8211; 40 lid\u00ed; trasa: De\u0161tn\u00e9, Orl. Z\u00e1ho\u0159\u00ed, Rokytnice, \u010c. Petrovice; p\u0159ed\u00e1v\u00e1n\u00ed sva\u010dinek v zim\u011b u ohn\u011b, prvn\u00ed \u00faraz, zlomen\u00e1 noha Hanky Kotschov\u00e9<\/td><\/tr><tr><td>18.<\/td><td>17. \u2013 19. 2. 1995<\/td><td>Kru\u0161n\u00e9 hory v\u00fdchod<\/td><td>A \u2013 H. Popel, P. Navr\u00e1til; B \u2013 K. Moravec, L. Hlavat\u00fd<\/td><td>A &#8211; 29 lid\u00ed, B &#8211; 36 lid\u00ed; trasa: Libouchec, Adolfov, Moldava, Osek; ubytov\u00e1n\u00ed zajistil Petr Vojt\u011bch, nikoli v\u0161ak sn\u00edh; ka\u017ed\u00fd p\u0159ed\u00e1v\u00e1 n\u00f3bl sva\u010dinku p\u0159\u00edteli<\/td><\/tr><tr><td>17.<\/td><td>1994<\/td><td>Jesen\u00edky<\/td><td>A \u2013 H. Popel, P. Navr\u00e1til; B \u2013 P. Vojt\u011bch, T. Rozs\u00edval<\/td><td>A &#8211; 30 lid\u00ed, B &#8211; 40 lid\u00ed; trasa: Z\u010f. Potok, Lou\u010dn\u00e1, Brann\u00e1, St. M\u011bsto; ubytov\u00e1n\u00ed zajistila So\u0148a Va\u0161icov\u00e1; na vrcholu Vozka A va\u0159\u00ed houbov\u00fd gul\u00e1\u0161 a B zp\u00edv\u00e1 text \u201eNejlep\u0161\u00ed holky jsou od Petra Vojt\u011bcha\u201c;  Honza Popel si nechal p\u0159i odjezdu b\u011b\u017eky v Praze na Hl. n\u00e1dra\u017e\u00ed, byly tak kvalitn\u00ed, \u017ee v ned\u011bli ve\u010der je tam na\u0161el<\/td><\/tr><tr><td>16.<\/td><td>1993<\/td><td>Beskydy<\/td><td>A \u2013 H. Popel, P. Navr\u00e1til; B \u2013 L. Hlavat\u00fd, T. Rozs\u00edval<\/td><td>A &#8211; 20 lid\u00ed, B &#8211; 30 lid\u00ed; trasa: Fren\u0161t\u00e1t, Star\u00e9 Hamry, Slav\u00ed\u010d, Vedryn\u011b; u B\u00edl\u00e9ho K\u0159\u00ed\u017ee va\u0159en\u00ed bob\u016f<\/td><\/tr><tr><td>15.<\/td><td>1992<\/td><td>\u0160umava z\u00e1pad<\/td><td>A \u2013 H. Popel, P. Navr\u00e1til; B \u2013 L. Hlavat\u00fd, Hor\u00e1k<\/td><td>A &#8211; 27 lid\u00ed, B &#8211; 35 lid\u00ed; trasa: Modrava, \u017delezn\u00e1 Ruda, N\u00fdrsko, \u017d. Ruda; pod Ostr\u00fdm va\u0159en\u00ed lango\u0161\u016f za de\u0161t\u011b<\/td><\/tr><tr><td>14.<\/td><td>1991<\/td><td>\u0160umava v\u00fdchod<\/td><td> A \u2013 H. Popel, P. Navr\u00e1til; B \u2013 H. Slav\u00ed\u010dek, H. Slav\u00ed\u010dek<\/td><td>A &#8211; 29 lid\u00ed, B &#8211; 30 lid\u00ed; trasa: Nov\u00e1 Pec, Sto\u017eec, Borov\u00e1 Lada, Modrava; u Str\u00e1\u017en\u00e9ho va\u0159en\u00ed \u010d\u00edny<\/td><\/tr><tr><td>13.<\/td><td>1990<\/td><td>Javorn\u00edky<\/td><td>A \u2013 H. Popel, P. Navr\u00e1til; B \u2013 H. Slav\u00ed\u010dek, Motor Majer<\/td><td>A &#8211; 22 lid\u00ed, B &#8211; 11 lid\u00ed; trasa: Divina, Makov, Halenkov, Lide\u010dko; bez sn\u011bhu a ly\u017e\u00ed; na Javorn\u00edku va\u0159en\u00ed \u0161vestkov\u00fdch knedl\u00edk\u016f v pivu<\/td><\/tr><tr><td>12.<\/td><td>10. \u2013 12. 2. 1989<\/td><td>Vyso\u010dina<\/td><td>A \u2013 H. Popel, M. Moravec; B \u2013 J. Bendl, M. Podol\u00e1k<\/td><td>A &#8211; 24 lid\u00ed,  houfec B zru\u0161en; trasa: Ole\u0161n\u00e1, Poli\u010dka, Sn\u011b\u017en\u00e9, Her\u00e1lec; bez sn\u011bhu a bez ly\u017e\u00ed<\/td><\/tr><tr><td>11.<\/td><td>1988<\/td><td>\u0160umava<\/td><td>A \u2013 H. Popel, P. Navr\u00e1til;  B \u2013 Hor\u00e1k, L. Hlavat\u00fd<\/td><td>A &#8211; 19 lid\u00ed,  B &#8211; 18 lid\u00ed; trasa: Volary, Borov\u00e1 Lada, Hartmanice, \u017delezn\u00e1 Ruda; pr\u016fjezd vojensk\u00fdm prostorem bez povolen\u00ed<\/td><\/tr><tr><td>10.<\/td><td>1987<\/td><td>Orlick\u00e9 hory<\/td><td>A \u2013 H. Popel, P. Navr\u00e1til; B \u2013 Podol\u00e1k<\/td><td>A &#8211; 30 lid\u00ed,  B &#8211; 20 lid\u00ed; trasa: Mladkov, Orl. Z\u00e1ho\u0159\u00ed, Sedlo\u0148ov, Nov\u00e9 M\u011bsto<\/td><\/tr><tr><td>9.<\/td><td>8. \u2013 9. 2. 1986<\/td><td>Beskydy<\/td><td>A \u2013 Popel, Bendl, Navr\u00e1til; B \u2013 M. Podol\u00e1k<\/td><td>A &#8211; 25 \u00fa\u010dastn\u00edk\u016f, B &#8211; 20 lid\u00ed; trasa: Mo\u0159kov, Pindula, Horn\u00ed Be\u010dva, Slav\u00ed\u010d, K. Lhotka; mrazy -20\u00b0C<\/td><\/tr><tr><td>8.<\/td><td>1985<\/td><td>Jesen\u00edky<\/td><td>P. Navr\u00e1til, Rezek<\/td><td>Lipka, Bobrovn\u00edk (2\u00d7), Prad\u011bd, Jesen\u00edk; prvn\u00ed den je trasa p\u0159es Kralick\u00fd Sn\u011b\u017en\u00edk rekordn\u00edch 55 km dlouh\u00e1, 40 lid\u00ed<\/td><\/tr><tr><td>7.<\/td><td>1984<\/td><td>Lu\u017eick\u00e9 a Jizersk\u00e9 hory<\/td><td>J. Popel, P. Navr\u00e1til<\/td><td>Spanilky za\u010d\u00edn\u00e1 pro TAK organizovat Honza Popel; 30 \u00fa\u010dastn\u00edk\u016f, trasa: Svor, Hr\u00e1dek, Ferdinandov, Liberec<\/td><\/tr><tr><td>\u2013<\/td><td>1983<\/td><td>Krkono\u0161e, Jizersk\u00e9 hory, Slovensk\u00fd r\u00e1j<\/td><td>Podol\u00e1k \u2013 S. R., Popel, Navr\u00e1til \u2013 K. a J.<\/td><td>Ofici\u00e1ln\u011b Spanilka nebyla, \u0160estka soukrom\u011b, chladn\u00fd nocleh na chat\u011b Ligna s rampouchy<\/td><\/tr><tr><td>6.<\/td><td>1982<\/td><td>Kru\u0161n\u00e9 hory<\/td><td>M. Podol\u00e1k<\/td><td><\/td><\/tr><tr><td>\u2013<\/td><td>1981<\/td><td>Velk\u00e1 Fatra, \u0160umava<\/td><td>V. F. \u2013 M. Podol\u00e1k; \u0160. \u2013 J. Popel<\/td><td>Ofici\u00e1ln\u011b Spanilka nebyla. 6. Trasa byla soukrom\u011b po rodinn\u00fdch chalup\u00e1ch<\/td><\/tr><tr><td>5.<\/td><td>1980<\/td><td>Jizersk\u00e9 hory, Krkono\u0161e<\/td><td>P. Javorsk\u00e1, R. Heimrichov\u00e1, V. \u017de\u017eula, R. \u010ciha\u0159<\/td><td>Bed\u0159ichov, Harrachov, \u0160pindlerovka, dv\u011b 4 denn\u00ed a dv\u011b 2 denn\u00ed trasy, sout\u011b\u017e ve stavb\u011b sn\u011bhov\u00fdch monument\u016f<\/td><\/tr><tr><td>4.<\/td><td>1979<\/td><td>Jesen\u00edky<\/td><td>J. Bendl, A. Kloudov\u00e1<\/td><td>St. M\u011bsto, Kr. Sn\u011b\u017en\u00edk, \u0160er\u00e1k, Prad\u011bd, Karlovice, Jesen\u00edk, Kouty, n\u00e1ro\u010dn\u00e9 dlouh\u00e9 trasy po hlavn\u00edm h\u0159ebenu<\/td><\/tr><tr><td>3.<\/td><td>1978<\/td><td>Kru\u0161n\u00e9 hory<\/td><td>J. Bendl, A. Kloudov\u00e1, J. Slav\u00ed\u010dek<\/td><td>V\u00fdpad do NDR. Hamry, Ple\u0161ivec, Oberwiesental, J\u00e1chymov, Lou\u010dn\u00e1, M\u011bd\u011bnec, 4 denn\u00ed a 2 denn\u00ed trasy<\/td><\/tr><tr><td>2.<\/td><td>1977<\/td><td>\u0160umava<\/td><td>R. \u010ciha\u0159 a J. Bendl<\/td><td><\/td><\/tr><tr><td>1.<\/td><td>1976<\/td><td>Krkono\u0161e, Jizersk\u00e9 hory<\/td><td>T\u00e1ta St\u00e1rka, Bivoj<\/td><td>Slavn\u00e1 prvn\u00ed Spanilka, v\u00edce Tras, zmrzlina ze sn\u011bhu na Kl\u00e1\u0161terce, historick\u00e9 diplomy<\/td><\/tr><\/tbody><tfoot><tr><td><strong>ID<\/strong><\/td><td><strong>Datum kon\u00e1n\u00ed<\/strong><\/td><td><strong>M\u00edsto kon\u00e1n\u00ed<\/strong><\/td><td><strong>Hejtmani<\/strong><\/td><td><strong>Pozn\u00e1mka<\/strong><\/td><\/tr><\/tfoot><\/table><\/figure>\n","protected":false},"excerpt":{"rendered":"<p>Vyspi se p\u0159edem, mal\u00e1tnost nebude\u0161 pot\u0159ebovat!Spanil\u00e1 j\u00edzda je trochu drsn\u011bj\u0161\u00ed obdoba Stezky, tedy ly\u017ea\u0159sk\u00fd p\u0159ejezd hor s b\u00e1glem na z\u00e1dech.<\/p>\n","protected":false},"author":2,"featured_media":0,"parent":0,"menu_order":0,"comment_status":"closed","ping_status":"closed","template":"","meta":{"colormag_page_layout":"no_sidebar_full_width","inline_featured_image":false,"ngg_post_thumbnail":0,"footnotes":""},"class_list":["post-70","page","type-page","status-publish","hentry"],"_links":{"self":[{"href":"https:\/\/takpraha.cz\/index.php\/wp-json\/wp\/v2\/pages\/70","targetHints":{"allow":["GET"]}}],"collection":[{"href":"https:\/\/takpraha.cz\/index.php\/wp-json\/wp\/v2\/pages"}],"about":[{"href":"https:\/\/takpraha.cz\/index.php\/wp-json\/wp\/v2\/types\/page"}],"author":[{"embeddable":true,"href":"https:\/\/takpraha.cz\/index.php\/wp-json\/wp\/v2\/users\/2"}],"replies":[{"embeddable":true,"href":"https:\/\/takpraha.cz\/index.php\/wp-json\/wp\/v2\/comments?post=70"}],"version-history":[{"count":13,"href":"https:\/\/takpraha.cz\/index.php\/wp-json\/wp\/v2\/pages\/70\/revisions"}],"predecessor-version":[{"id":2764,"href":"https:\/\/takpraha.cz\/index.php\/wp-json\/wp\/v2\/pages\/70\/revisions\/2764"}],"wp:attachment":[{"href":"https:\/\/takpraha.cz\/index.php\/wp-json\/wp\/v2\/media?parent=70"}],"curies":[{"name":"wp","href":"https:\/\/api.w.org\/{rel}","templated":true}]}}