{"id":752,"date":"2021-11-11T20:03:09","date_gmt":"2021-11-11T19:03:09","guid":{"rendered":"https:\/\/www.takpraha.cz\/wp\/?page_id=752"},"modified":"2021-11-26T23:15:26","modified_gmt":"2021-11-26T22:15:26","slug":"tak","status":"publish","type":"page","link":"https:\/\/takpraha.cz\/index.php\/tak\/","title":{"rendered":"TAK"},"content":{"rendered":"\n<h6 class=\"has-text-align-center wp-block-heading\"><strong>Statuty TAK v pr\u016fb\u011bhu let<\/strong><\/h6>\n\n\n\n<figure class=\"wp-block-table is-style-regular\"><table><tbody><tr><td><strong>1963 \u2013 1968<\/strong><\/td><td>Z\u00e1jmov\u00e1 skupina Turistick\u00fd akademick\u00fd klub p\u0159i Studentsk\u00e9 akademick\u00e9 rad\u011b<br>fakulty strojn\u00edho in\u017een\u00fdrstv\u00ed \u010cVUT, fakultn\u00edho v\u00fdboru \u010cSM<\/td><\/tr><tr><td><strong>1968 \u2013 1969<\/strong><\/td><td>Klub je \u010dlenem Svazu klub\u016f ml\u00e1de\u017ee<\/td><\/tr><tr><td><strong>1969 \u2013 1970<\/strong><\/td><td>TAK je bez zast\u0159e\u0161en\u00ed, tedy samostatn\u00fdm subjektem<\/td><\/tr><tr><td><strong>1970 \u2013 1990<\/strong><\/td><td>TJ TAK Praha, \u010dlen \u010cesk\u00e9ho svazu turist\u016f \u010cesk\u00e9 t\u011blov\u00fdchovn\u00e9 organizace \u010cSTV<\/td><\/tr><tr><td><strong>1990 \u2013 2017<\/strong><\/td><td>ob\u010dansk\u00e9 sdru\u017een\u00ed Turistick\u00fd akademick\u00fd klub<\/td><\/tr><tr><td><strong>2017<\/strong><\/td><td>Zapsan\u00fd spolek Turistick\u00fd akademick\u00fd klub<\/td><\/tr><\/tbody><\/table><\/figure>\n\n\n\n<p><\/p>\n\n\n\n<p><\/p>\n","protected":false},"excerpt":{"rendered":"<p>Statuty TAK v pr\u016fb\u011bhu let 1963 \u2013 1968 Z\u00e1jmov\u00e1 skupina Turistick\u00fd akademick\u00fd klub p\u0159i Studentsk\u00e9 akademick\u00e9 rad\u011bfakulty strojn\u00edho in\u017een\u00fdrstv\u00ed \u010cVUT,<\/p>\n","protected":false},"author":2,"featured_media":0,"parent":0,"menu_order":0,"comment_status":"closed","ping_status":"closed","template":"","meta":{"colormag_page_layout":"right_sidebar","inline_featured_image":false,"ngg_post_thumbnail":0,"footnotes":""},"class_list":["post-752","page","type-page","status-publish","hentry"],"_links":{"self":[{"href":"https:\/\/takpraha.cz\/index.php\/wp-json\/wp\/v2\/pages\/752","targetHints":{"allow":["GET"]}}],"collection":[{"href":"https:\/\/takpraha.cz\/index.php\/wp-json\/wp\/v2\/pages"}],"about":[{"href":"https:\/\/takpraha.cz\/index.php\/wp-json\/wp\/v2\/types\/page"}],"author":[{"embeddable":true,"href":"https:\/\/takpraha.cz\/index.php\/wp-json\/wp\/v2\/users\/2"}],"replies":[{"embeddable":true,"href":"https:\/\/takpraha.cz\/index.php\/wp-json\/wp\/v2\/comments?post=752"}],"version-history":[{"count":2,"href":"https:\/\/takpraha.cz\/index.php\/wp-json\/wp\/v2\/pages\/752\/revisions"}],"predecessor-version":[{"id":1425,"href":"https:\/\/takpraha.cz\/index.php\/wp-json\/wp\/v2\/pages\/752\/revisions\/1425"}],"wp:attachment":[{"href":"https:\/\/takpraha.cz\/index.php\/wp-json\/wp\/v2\/media?parent=752"}],"curies":[{"name":"wp","href":"https:\/\/api.w.org\/{rel}","templated":true}]}}