{"id":792,"date":"2021-11-16T02:17:23","date_gmt":"2021-11-16T01:17:23","guid":{"rendered":"https:\/\/www.takpraha.cz\/wp\/?page_id=792"},"modified":"2023-03-04T15:15:51","modified_gmt":"2023-03-04T14:15:51","slug":"kalendar","status":"publish","type":"page","link":"https:\/\/takpraha.cz\/index.php\/kalendar\/","title":{"rendered":"Kalend\u00e1\u0159 t\u00e1bor KEBLANY"},"content":{"rendered":"<p class=\"wp-block-tag-cloud\"><a href=\"https:\/\/takpraha.cz\/index.php\/tag\/2022\/\" class=\"tag-cloud-link tag-link-13 tag-link-position-1\" style=\"font-size: 12.547770700637pt;\" aria-label=\"2022 (12 polo\u017eek)\">2022<\/a>\n<a href=\"https:\/\/takpraha.cz\/index.php\/tag\/2023\/\" class=\"tag-cloud-link tag-link-54 tag-link-position-2\" style=\"font-size: 19.770700636943pt;\" aria-label=\"2023 (82 polo\u017eek)\">2023<\/a>\n<a href=\"https:\/\/takpraha.cz\/index.php\/tag\/2024\/\" class=\"tag-cloud-link tag-link-85 tag-link-position-3\" style=\"font-size: 19.235668789809pt;\" aria-label=\"2024 (72 polo\u017eek)\">2024<\/a>\n<a href=\"https:\/\/takpraha.cz\/index.php\/tag\/2025\/\" class=\"tag-cloud-link tag-link-155 tag-link-position-4\" style=\"font-size: 19.503184713376pt;\" aria-label=\"2025 (77 polo\u017eek)\">2025<\/a>\n<a href=\"https:\/\/takpraha.cz\/index.php\/tag\/2026\/\" class=\"tag-cloud-link tag-link-176 tag-link-position-5\" style=\"font-size: 15.222929936306pt;\" aria-label=\"2026 (25 polo\u017eek)\">2026<\/a>\n<a href=\"https:\/\/takpraha.cz\/index.php\/tag\/akce\/\" class=\"tag-cloud-link tag-link-53 tag-link-position-6\" style=\"font-size: 16.203821656051pt;\" aria-label=\"akce (32 polo\u017eek)\">akce<\/a>\n<a href=\"https:\/\/takpraha.cz\/index.php\/tag\/blanik\/\" class=\"tag-cloud-link tag-link-132 tag-link-position-7\" style=\"font-size: 10.229299363057pt;\" aria-label=\"Blan\u00edk (6 polo\u017eek)\">Blan\u00edk<\/a>\n<a href=\"https:\/\/takpraha.cz\/index.php\/tag\/bal\/\" class=\"tag-cloud-link tag-link-18 tag-link-position-8\" style=\"font-size: 11.566878980892pt;\" aria-label=\"b\u00e1l (9 polo\u017eek)\">b\u00e1l<\/a>\n<a href=\"https:\/\/takpraha.cz\/index.php\/tag\/bezky\/\" class=\"tag-cloud-link tag-link-87 tag-link-position-9\" style=\"font-size: 12.904458598726pt;\" aria-label=\"b\u011b\u017eky (13 polo\u017eek)\">b\u011b\u017eky<\/a>\n<a href=\"https:\/\/takpraha.cz\/index.php\/tag\/cesta-jenom-tam\/\" class=\"tag-cloud-link tag-link-76 tag-link-position-10\" style=\"font-size: 8pt;\" aria-label=\"cesta jenom tam (3 polo\u017eky)\">cesta jenom tam<\/a>\n<a href=\"https:\/\/takpraha.cz\/index.php\/tag\/chysta-se\/\" class=\"tag-cloud-link tag-link-61 tag-link-position-11\" style=\"font-size: 11.12101910828pt;\" aria-label=\"chyst\u00e1 se (8 polo\u017eek)\">chyst\u00e1 se<\/a>\n<a href=\"https:\/\/takpraha.cz\/index.php\/tag\/cyklo\/\" class=\"tag-cloud-link tag-link-47 tag-link-position-12\" style=\"font-size: 14.063694267516pt;\" aria-label=\"cyklo (18 polo\u017eek)\">cyklo<\/a>\n<a href=\"https:\/\/takpraha.cz\/index.php\/tag\/dvacitka\/\" class=\"tag-cloud-link tag-link-163 tag-link-position-13\" style=\"font-size: 12.547770700637pt;\" aria-label=\"Dvac\u00edtka (12 polo\u017eek)\">Dvac\u00edtka<\/a>\n<a href=\"https:\/\/takpraha.cz\/index.php\/tag\/fotogalerie\/\" class=\"tag-cloud-link tag-link-45 tag-link-position-14\" style=\"font-size: 17.987261146497pt;\" aria-label=\"Fotogalerie (51 polo\u017eek)\">Fotogalerie<\/a>\n<a href=\"https:\/\/takpraha.cz\/index.php\/tag\/herakleidy\/\" class=\"tag-cloud-link tag-link-82 tag-link-position-15\" style=\"font-size: 8pt;\" aria-label=\"herakleidy (3 polo\u017eky)\">herakleidy<\/a>\n<a href=\"https:\/\/takpraha.cz\/index.php\/tag\/historie\/\" class=\"tag-cloud-link tag-link-25 tag-link-position-16\" style=\"font-size: 9.6050955414013pt;\" aria-label=\"Historie (5 polo\u017eek)\">Historie<\/a>\n<a href=\"https:\/\/takpraha.cz\/index.php\/tag\/horo\/\" class=\"tag-cloud-link tag-link-75 tag-link-position-17\" style=\"font-size: 12.28025477707pt;\" aria-label=\"horo (11 polo\u017eek)\">horo<\/a>\n<a href=\"https:\/\/takpraha.cz\/index.php\/tag\/inzerce\/\" class=\"tag-cloud-link tag-link-131 tag-link-position-18\" style=\"font-size: 10.229299363057pt;\" aria-label=\"inzerce (6 polo\u017eek)\">inzerce<\/a>\n<a href=\"https:\/\/takpraha.cz\/index.php\/tag\/jednicka\/\" class=\"tag-cloud-link tag-link-160 tag-link-position-19\" style=\"font-size: 11.923566878981pt;\" aria-label=\"Jedni\u010dka (10 polo\u017eek)\">Jedni\u010dka<\/a>\n<a href=\"https:\/\/takpraha.cz\/index.php\/tag\/koledy\/\" class=\"tag-cloud-link tag-link-128 tag-link-position-20\" style=\"font-size: 10.675159235669pt;\" aria-label=\"koledy (7 polo\u017eek)\">koledy<\/a>\n<a href=\"https:\/\/takpraha.cz\/index.php\/tag\/lesni-hry\/\" class=\"tag-cloud-link tag-link-30 tag-link-position-21\" style=\"font-size: 12.904458598726pt;\" aria-label=\"Lesn\u00ed hry (13 polo\u017eek)\">Lesn\u00ed hry<\/a>\n<a href=\"https:\/\/takpraha.cz\/index.php\/tag\/lyze\/\" class=\"tag-cloud-link tag-link-175 tag-link-position-22\" style=\"font-size: 10.229299363057pt;\" aria-label=\"ly\u017ee (6 polo\u017eek)\">ly\u017ee<\/a>\n<a href=\"https:\/\/takpraha.cz\/index.php\/tag\/nebeska-stezka\/\" class=\"tag-cloud-link tag-link-186 tag-link-position-23\" style=\"font-size: 8.8917197452229pt;\" aria-label=\"nebesk\u00e1 Stezka (4 polo\u017eky)\">nebesk\u00e1 Stezka<\/a>\n<a href=\"https:\/\/takpraha.cz\/index.php\/tag\/orientak\/\" class=\"tag-cloud-link tag-link-81 tag-link-position-24\" style=\"font-size: 8pt;\" aria-label=\"orien\u0165\u00e1k (3 polo\u017eky)\">orien\u0165\u00e1k<\/a>\n<a href=\"https:\/\/takpraha.cz\/index.php\/tag\/pantakovky\/\" class=\"tag-cloud-link tag-link-44 tag-link-position-25\" style=\"font-size: 9.6050955414013pt;\" aria-label=\"Pantakovky (5 polo\u017eek)\">Pantakovky<\/a>\n<a href=\"https:\/\/takpraha.cz\/index.php\/tag\/parte\/\" class=\"tag-cloud-link tag-link-106 tag-link-position-26\" style=\"font-size: 11.566878980892pt;\" aria-label=\"parte (9 polo\u017eek)\">parte<\/a>\n<a href=\"https:\/\/takpraha.cz\/index.php\/tag\/patnacka\/\" class=\"tag-cloud-link tag-link-77 tag-link-position-27\" style=\"font-size: 12.28025477707pt;\" aria-label=\"patn\u00e1cka (11 polo\u017eek)\">patn\u00e1cka<\/a>\n<a href=\"https:\/\/takpraha.cz\/index.php\/tag\/poradnik\/\" class=\"tag-cloud-link tag-link-16 tag-link-position-28\" style=\"font-size: 17.363057324841pt;\" aria-label=\"Poradn\u00edk (44 polo\u017eek)\">Poradn\u00edk<\/a>\n<a href=\"https:\/\/takpraha.cz\/index.php\/tag\/potlach\/\" class=\"tag-cloud-link tag-link-78 tag-link-position-29\" style=\"font-size: 8.8917197452229pt;\" aria-label=\"potlach (4 polo\u017eky)\">potlach<\/a>\n<a href=\"https:\/\/takpraha.cz\/index.php\/tag\/pulka\/\" class=\"tag-cloud-link tag-link-19 tag-link-position-30\" style=\"font-size: 9.6050955414013pt;\" aria-label=\"P\u016flka (5 polo\u017eek)\">P\u016flka<\/a>\n<a href=\"https:\/\/takpraha.cz\/index.php\/tag\/shnila-jizda\/\" class=\"tag-cloud-link tag-link-63 tag-link-position-31\" style=\"font-size: 9.6050955414013pt;\" aria-label=\"shnil\u00e1 j\u00edzda (5 polo\u017eek)\">shnil\u00e1 j\u00edzda<\/a>\n<a href=\"https:\/\/takpraha.cz\/index.php\/tag\/spanilka\/\" class=\"tag-cloud-link tag-link-50 tag-link-position-32\" style=\"font-size: 12.28025477707pt;\" aria-label=\"spanilka (11 polo\u017eek)\">spanilka<\/a>\n<a href=\"https:\/\/takpraha.cz\/index.php\/tag\/spanila-jizda\/\" class=\"tag-cloud-link tag-link-49 tag-link-position-33\" style=\"font-size: 9.6050955414013pt;\" aria-label=\"spanil\u00e1 j\u00edzda (5 polo\u017eek)\">spanil\u00e1 j\u00edzda<\/a>\n<a href=\"https:\/\/takpraha.cz\/index.php\/tag\/stalo-se\/\" class=\"tag-cloud-link tag-link-101 tag-link-position-34\" style=\"font-size: 22pt;\" aria-label=\"stalo se (147 polo\u017eek)\">stalo se<\/a>\n<a href=\"https:\/\/takpraha.cz\/index.php\/tag\/stezka\/\" class=\"tag-cloud-link tag-link-11 tag-link-position-35\" style=\"font-size: 15.133757961783pt;\" aria-label=\"Stezka (24 polo\u017eek)\">Stezka<\/a>\n<a href=\"https:\/\/takpraha.cz\/index.php\/tag\/trasa-5\/\" class=\"tag-cloud-link tag-link-115 tag-link-position-36\" style=\"font-size: 8pt;\" aria-label=\"trasa 5 (3 polo\u017eky)\">trasa 5<\/a>\n<a href=\"https:\/\/takpraha.cz\/index.php\/tag\/tabory\/\" class=\"tag-cloud-link tag-link-56 tag-link-position-37\" style=\"font-size: 12.547770700637pt;\" aria-label=\"t\u00e1bory (12 polo\u017eek)\">t\u00e1bory<\/a>\n<a href=\"https:\/\/takpraha.cz\/index.php\/tag\/valna-hromada\/\" class=\"tag-cloud-link tag-link-64 tag-link-position-38\" style=\"font-size: 8.8917197452229pt;\" aria-label=\"valn\u00e1 hromada (4 polo\u017eky)\">valn\u00e1 hromada<\/a>\n<a href=\"https:\/\/takpraha.cz\/index.php\/tag\/vojanky\/\" class=\"tag-cloud-link tag-link-79 tag-link-position-39\" style=\"font-size: 8pt;\" aria-label=\"vojanky (3 polo\u017eky)\">vojanky<\/a>\n<a href=\"https:\/\/takpraha.cz\/index.php\/tag\/vosum\/\" class=\"tag-cloud-link tag-link-118 tag-link-position-40\" style=\"font-size: 9.6050955414013pt;\" aria-label=\"vosum (5 polo\u017eek)\">vosum<\/a>\n<a href=\"https:\/\/takpraha.cz\/index.php\/tag\/ze-spolecnosti\/\" class=\"tag-cloud-link tag-link-107 tag-link-position-41\" style=\"font-size: 11.566878980892pt;\" aria-label=\"ze spole\u010dnosti (9 polo\u017eek)\">ze spole\u010dnosti<\/a>\n<a href=\"https:\/\/takpraha.cz\/index.php\/tag\/zima\/\" class=\"tag-cloud-link tag-link-66 tag-link-position-42\" style=\"font-size: 13.350318471338pt;\" aria-label=\"zima (15 polo\u017eek)\">zima<\/a>\n<a href=\"https:\/\/takpraha.cz\/index.php\/tag\/zpravy-ze-schuze\/\" class=\"tag-cloud-link tag-link-110 tag-link-position-43\" style=\"font-size: 8.8917197452229pt;\" aria-label=\"zpr\u00e1vy ze sch\u016fze (4 polo\u017eky)\">zpr\u00e1vy ze sch\u016fze<\/a>\n<a href=\"https:\/\/takpraha.cz\/index.php\/tag\/clanek\/\" class=\"tag-cloud-link tag-link-48 tag-link-position-44\" style=\"font-size: 18.87898089172pt;\" aria-label=\"\u010dl\u00e1nek (65 polo\u017eek)\">\u010dl\u00e1nek<\/a>\n<a href=\"https:\/\/takpraha.cz\/index.php\/tag\/clanky\/\" class=\"tag-cloud-link tag-link-126 tag-link-position-45\" style=\"font-size: 9.6050955414013pt;\" aria-label=\"\u010dl\u00e1nky (5 polo\u017eek)\">\u010dl\u00e1nky<\/a><\/p>\n\n\n<p class=\"has-text-align-center\"><strong>Kalend\u00e1\u0159 obsazenosti t\u00e1bo\u0159i\u0161t\u011b v Keblanech<\/strong><\/p>\n\n\n\n<div class=\"wp-block-columns is-layout-flex wp-container-core-columns-is-layout-28f84493 wp-block-columns-is-layout-flex\">\n<div class=\"wp-block-column is-layout-flow wp-block-column-is-layout-flow\">\n<figure class=\"wp-block-image size-large\"><img loading=\"lazy\" decoding=\"async\" width=\"1024\" height=\"768\" src=\"https:\/\/takpraha.cz\/wp-content\/uploads\/2022\/06\/tabor_na_web-1024x768.jpg\" alt=\"\" class=\"wp-image-2802\" srcset=\"https:\/\/takpraha.cz\/wp-content\/uploads\/2022\/06\/tabor_na_web-1024x768.jpg 1024w, https:\/\/takpraha.cz\/wp-content\/uploads\/2022\/06\/tabor_na_web-300x225.jpg 300w, https:\/\/takpraha.cz\/wp-content\/uploads\/2022\/06\/tabor_na_web-768x576.jpg 768w, https:\/\/takpraha.cz\/wp-content\/uploads\/2022\/06\/tabor_na_web-1536x1152.jpg 1536w, https:\/\/takpraha.cz\/wp-content\/uploads\/2022\/06\/tabor_na_web-2048x1536.jpg 2048w\" sizes=\"auto, (max-width: 1024px) 100vw, 1024px\" \/><\/figure>\n<\/div>\n\n\n\n<div class=\"wp-block-column is-layout-flow wp-block-column-is-layout-flow\">\n<p><iframe loading=\"lazy\" style=\"border-width: 0;\" src=\"https:\/\/www.google.com\/calendar\/embed?showCalendars=0&amp;showTz=0&amp;height=600&amp;wkst=2&amp;bgcolor=%23c0c0c0&amp;src=o33n730mv7pa954qohbfcf07ng%40group.calendar.google.com&amp;color=%23B1365F&amp;ctz=Europe%2FPrague\" width=\"600\" height=\"400\" frameborder=\"0\" scrolling=\"no\"><\/iframe><\/p>\n<\/div>\n<\/div>\n","protected":false},"excerpt":{"rendered":"<p>Kalend\u00e1\u0159 obsazenosti t\u00e1bo\u0159i\u0161t\u011b v Keblanech<\/p>\n","protected":false},"author":4,"featured_media":0,"parent":0,"menu_order":0,"comment_status":"open","ping_status":"closed","template":"page-templates\/page-builder.php","meta":{"colormag_page_layout":"no_sidebar_full_width","inline_featured_image":false,"ngg_post_thumbnail":0,"footnotes":""},"class_list":["post-792","page","type-page","status-publish","hentry"],"_links":{"self":[{"href":"https:\/\/takpraha.cz\/index.php\/wp-json\/wp\/v2\/pages\/792","targetHints":{"allow":["GET"]}}],"collection":[{"href":"https:\/\/takpraha.cz\/index.php\/wp-json\/wp\/v2\/pages"}],"about":[{"href":"https:\/\/takpraha.cz\/index.php\/wp-json\/wp\/v2\/types\/page"}],"author":[{"embeddable":true,"href":"https:\/\/takpraha.cz\/index.php\/wp-json\/wp\/v2\/users\/4"}],"replies":[{"embeddable":true,"href":"https:\/\/takpraha.cz\/index.php\/wp-json\/wp\/v2\/comments?post=792"}],"version-history":[{"count":21,"href":"https:\/\/takpraha.cz\/index.php\/wp-json\/wp\/v2\/pages\/792\/revisions"}],"predecessor-version":[{"id":3637,"href":"https:\/\/takpraha.cz\/index.php\/wp-json\/wp\/v2\/pages\/792\/revisions\/3637"}],"wp:attachment":[{"href":"https:\/\/takpraha.cz\/index.php\/wp-json\/wp\/v2\/media?parent=792"}],"curies":[{"name":"wp","href":"https:\/\/api.w.org\/{rel}","templated":true}]}}