{"id":85,"date":"2021-11-16T00:18:26","date_gmt":"2021-11-15T23:18:26","guid":{"rendered":"http:\/\/www.takpraha.cz\/wp\/?page_id=85"},"modified":"2023-09-01T12:46:05","modified_gmt":"2023-09-01T10:46:05","slug":"poradniky","status":"publish","type":"page","link":"https:\/\/takpraha.cz\/index.php\/poradniky\/","title":{"rendered":"Poradn\u00edk"},"content":{"rendered":"\n<figure class=\"wp-block-image alignleft size-full\"><img loading=\"lazy\" decoding=\"async\" width=\"200\" height=\"200\" src=\"https:\/\/takpraha.cz\/wp-content\/uploads\/2021\/11\/avatar-tak.gif\" alt=\"\" class=\"wp-image-915\"\/><\/figure>\n\n\n\n<h2 class=\"wp-block-heading has-text-align-center\"><strong><span style=\"color:#535b40\" class=\"has-inline-color\">Poradn\u00edky<\/span><\/strong><\/h2>\n\n\n\n<p class=\"has-text-align-center\"><mark style=\"background-color:rgba(0, 0, 0, 0);color:#7fa578\" class=\"has-inline-color\"><strong>Pouze pro vnit\u0159n\u00ed pot\u0159ebu vyd\u00e1v\u00e1 Turistick\u00fd akademick\u00fd klub<\/strong>\u00a0<br>I\u010cO: 00199214, \u00fa\u010det \u010d. 2000317496\/2010<br>S\u00eddlo: Mal\u00e1 \u0160tupartsk\u00e1 646\/1, 110 00 Praha 1<br>Elektronick\u00e1 po\u0161ta:\u00a0<a rel=\"noreferrer noopener\" href=\"mailto:rada@takpraha.cz\" target=\"_blank\">rada@takpraha.cz<\/a><br><br><\/mark><\/p>\n\n\n\n<hr class=\"wp-block-separator has-css-opacity aligncenter is-style-default\"\/>\n\n\n\n<h1 class=\"wp-block-heading\"><strong>Poradn\u00edky 2023<\/strong> <\/h1>\n\n\n\n<p> <a href=\"https:\/\/takpraha.cz\/index.php\/2022\/12\/29\/poradnik-leden-2023\/\">leden<\/a> | <a rel=\"noreferrer noopener\" href=\"https:\/\/takpraha.cz\/index.php\/2023\/02\/03\/poradnik-2023-02\/\" data-type=\"URL\" data-id=\"https:\/\/takpraha.cz\/index.php\/2023\/02\/03\/poradnik-2023-02\/\" target=\"_blank\">\u00fanor<\/a> | <a rel=\"noreferrer noopener\" href=\"https:\/\/takpraha.cz\/index.php\/2023\/03\/02\/poradnik-2023-03\/\" data-type=\"URL\" data-id=\"https:\/\/takpraha.cz\/index.php\/2023\/03\/02\/poradnik-2023-03\/\" target=\"_blank\">b\u0159ezen<\/a> | <a href=\"https:\/\/takpraha.cz\/index.php\/2023\/04\/01\/poradnik-2023-04\/\" data-type=\"URL\" data-id=\"https:\/\/takpraha.cz\/index.php\/2023\/04\/01\/poradnik-2023-04\/\">duben<\/a> | <a href=\"https:\/\/takpraha.cz\/index.php\/2023\/05\/03\/poradnik-2023-05\/\">kv\u011bten<\/a> | <a href=\"https:\/\/takpraha.cz\/index.php\/2023\/06\/02\/poradnik-2023-06\/\" data-type=\"URL\" data-id=\"https:\/\/takpraha.cz\/index.php\/2023\/06\/02\/poradnik-2023-06\/\">\u010derven <\/a>| <a href=\"https:\/\/takpraha.cz\/index.php\/2023\/07\/01\/poradnik-2023-07\/\">\u010dervenec<\/a> | <a href=\"https:\/\/takpraha.cz\/index.php\/2023\/08\/01\/poradnik-2023-08\/\">srpen<\/a> | <a href=\"https:\/\/takpraha.cz\/index.php\/2023\/09\/01\/poradnik-2023-09\/\" data-type=\"link\" data-id=\"https:\/\/takpraha.cz\/index.php\/2023\/09\/01\/poradnik-2023-09\/\">z\u00e1\u0159\u00ed<\/a> | \u0159\u00edjen | listopad | prosinec |<\/p>\n\n\n\n<hr class=\"wp-block-separator has-css-opacity is-style-wide\"\/>\n\n\n\n<div class=\"wp-block-columns is-layout-flex wp-container-core-columns-is-layout-28f84493 wp-block-columns-is-layout-flex\">\n<div class=\"wp-block-column is-layout-flow wp-block-column-is-layout-flow\">\n<h6 class=\"wp-block-heading\"><img loading=\"lazy\" decoding=\"async\" width=\"35\" height=\"18\" class=\"wp-image-121\" style=\"width: 35px;\" src=\"https:\/\/takpraha.cz\/wp-content\/uploads\/2019\/11\/bullet.png\" alt=\"\"> <strong>Poradn\u00edky 2022<\/strong><\/h6>\n\n\n\n<ul class=\"wp-block-list\">\n<li><a href=\"https:\/\/takpraha.cz\/index.php\/2021\/12\/06\/poradnik-2022-01\/\">leden<\/a><\/li>\n\n\n\n<li><a href=\"https:\/\/takpraha.cz\/index.php\/2022\/01\/11\/poradnik-2022-02\/\">\u00fanor<\/a><\/li>\n\n\n\n<li><a href=\"https:\/\/takpraha.cz\/index.php\/2022\/02\/28\/portadnik-2022-03\/\">b\u0159ezen<\/a><\/li>\n\n\n\n<li><a href=\"https:\/\/takpraha.cz\/index.php\/2022\/02\/28\/poradnik-2022-04\/\">duben<\/a><\/li>\n\n\n\n<li><a href=\"https:\/\/takpraha.cz\/index.php\/2022\/04\/28\/poradnik-05-2022\/\">kv\u011bten<\/a><\/li>\n\n\n\n<li><a href=\"https:\/\/takpraha.cz\/index.php\/2022\/05\/29\/poradnik-2022-06\/\">\u010derven<\/a><\/li>\n\n\n\n<li><a href=\"https:\/\/takpraha.cz\/index.php\/2022\/07\/08\/poradnik-2022-07\/\">\u010dervenec<\/a><\/li>\n\n\n\n<li><a href=\"https:\/\/takpraha.cz\/index.php\/2022\/09\/01\/poradnik-2022-09\/\">z\u00e1\u0159\u00ed<\/a><\/li>\n\n\n\n<li><a href=\"https:\/\/takpraha.cz\/index.php\/2022\/09\/28\/poradnik-2022-10\/\">\u0159\u00edjen<\/a><\/li>\n\n\n\n<li><a href=\"https:\/\/takpraha.cz\/index.php\/2022\/11\/03\/poradnik-2022-11\/\">listopad<\/a><\/li>\n\n\n\n<li><a href=\"https:\/\/takpraha.cz\/index.php\/2022\/11\/29\/poradnik-2022-12\/\">prosinec<\/a><\/li>\n<\/ul>\n\n\n\n<p><img loading=\"lazy\" decoding=\"async\" width=\"35\" height=\"18\" class=\"wp-image-121\" style=\"width: 35px;\" src=\"https:\/\/takpraha.cz\/wp-content\/uploads\/2019\/11\/bullet.png\" alt=\"\"> <strong>P\u0158\u00cdLOHY<\/strong><\/p>\n<\/div>\n\n\n\n<div class=\"wp-block-column is-layout-flow wp-block-column-is-layout-flow\">\n<h6 class=\"wp-block-heading\"><img loading=\"lazy\" decoding=\"async\" width=\"35\" height=\"18\" class=\"wp-image-121\" style=\"width: 35px;\" src=\"https:\/\/takpraha.cz\/wp-content\/uploads\/2019\/11\/bullet.png\" alt=\"\"> <strong>Poradn\u00edky 2021<\/strong><\/h6>\n\n\n\n<ul class=\"wp-block-list\">\n<li><a href=\"https:\/\/takpraha.cz\/index.php\/2021\/01\/11\/poradnik-leden-2021\/\">leden<\/a><a href=\"https:\/\/takpraha.cz\/index.php\/2021\/01\/11\/poradnik-leden-2021\/\"><\/a><\/li>\n\n\n\n<li><a href=\"https:\/\/takpraha.cz\/index.php\/2021\/01\/31\/poradnik-unor-2021\/\">\u00fanor<\/a><\/li>\n\n\n\n<li><a href=\"https:\/\/takpraha.cz\/index.php\/2021\/03\/01\/priporadnik-brezen-2021\/\">b\u0159ezen<\/a> \u00bb P\u0159\u00edporadn\u00edk<\/li>\n\n\n\n<li>duben<\/li>\n\n\n\n<li>kv\u011bten<\/li>\n\n\n\n<li><a href=\"https:\/\/takpraha.cz\/index.php\/2021\/05\/28\/poradnik-cerven-2021\/\">\u010derven<\/a><\/li>\n\n\n\n<li><a href=\"https:\/\/takpraha.cz\/index.php\/2021\/06\/30\/poradnik-cervenec-srpen-2021\/\">\u010dervenec<\/a><\/li>\n\n\n\n<li><a href=\"https:\/\/takpraha.cz\/index.php\/2021\/10\/03\/poradnik-zari-2021\/\">z\u00e1\u0159\u00ed<\/a><\/li>\n\n\n\n<li><a href=\"https:\/\/takpraha.cz\/index.php\/2021\/10\/10\/poradnik-rijen-2021\/\">\u0159\u00edjen<\/a><\/li>\n\n\n\n<li><a href=\"https:\/\/takpraha.cz\/index.php\/2021\/11\/11\/poradnik-listopad-2021\/\">listopad<\/a><\/li>\n\n\n\n<li><a href=\"https:\/\/takpraha.cz\/index.php\/2021\/11\/18\/poradnik-2021-12\/\">prosinec<\/a><\/li>\n<\/ul>\n\n\n\n<p><img loading=\"lazy\" decoding=\"async\" width=\"35\" height=\"18\" class=\"wp-image-121\" style=\"width: 35px;\" src=\"https:\/\/takpraha.cz\/wp-content\/uploads\/2019\/11\/bullet.png\" alt=\"\"> <strong>P\u0158\u00cdLOHY<\/strong><\/p>\n\n\n\n<ul class=\"wp-block-list\">\n<li><a rel=\"noreferrer noopener\" href=\"https:\/\/takpraha.cz\/wp-content\/uploads\/2021\/03\/kalendar-akci-taku-2021-1.pdf\" target=\"_blank\">Kalend\u00e1\u0159 akc\u00ed 2021<\/a> **)<\/li>\n\n\n\n<li>63. Stezka \u2014 <a rel=\"noreferrer noopener\" href=\"https:\/\/old.takpraha.cz\/2021\/210928-stezka-63-info.php\" target=\"_blank\">informace<\/a> **)<\/li>\n\n\n\n<li><a rel=\"noreferrer noopener\" href=\"https:\/\/old.takpraha.cz\/2021\/2020-hospodareni-tak.pdf\" target=\"_blank\">Hospoda\u0159en\u00ed za rok 2020<\/a> **)<\/li>\n<\/ul>\n<\/div>\n\n\n\n<div class=\"wp-block-column is-layout-flow wp-block-column-is-layout-flow\">\n<h6 class=\"wp-block-heading\"><img loading=\"lazy\" decoding=\"async\" width=\"35\" height=\"18\" class=\"wp-image-121\" style=\"width: 35px;\" src=\"https:\/\/takpraha.cz\/wp-content\/uploads\/2019\/11\/bullet.png\" alt=\"\"> <strong>Poradn\u00edky 2020<\/strong><\/h6>\n\n\n\n<ul class=\"wp-block-list\">\n<li><a rel=\"noreferrer noopener\" href=\"https:\/\/old.takpraha.cz\/porad\/2020-01.php\" target=\"_blank\">leden<\/a> **)<\/li>\n\n\n\n<li><a rel=\"noreferrer noopener\" href=\"https:\/\/old.takpraha.cz\/porad\/2020-02.php\" target=\"_blank\">\u00fanor<\/a> **)<\/li>\n\n\n\n<li><a rel=\"noreferrer noopener\" href=\"https:\/\/old.takpraha.cz\/porad\/2020-03.php\" target=\"_blank\">b\u0159ezen<\/a> **)<\/li>\n\n\n\n<li><a rel=\"noreferrer noopener\" href=\"https:\/\/old.takpraha.cz\/porad\/2020-04.php\" target=\"_blank\">duben<\/a> **)<\/li>\n\n\n\n<li><a rel=\"noreferrer noopener\" href=\"https:\/\/old.takpraha.cz\/porad\/2020-05.php\" target=\"_blank\">kv\u011bten<\/a> **)<\/li>\n\n\n\n<li><a rel=\"noreferrer noopener\" href=\"https:\/\/old.takpraha.cz\/porad\/2020-06.php\" target=\"_blank\">\u010derven<\/a> **)<\/li>\n\n\n\n<li><a rel=\"noreferrer noopener\" href=\"https:\/\/old.takpraha.cz\/porad\/2020-07.php\" target=\"_blank\">\u010dervenec<\/a> **)<\/li>\n\n\n\n<li><a rel=\"noreferrer noopener\" href=\"https:\/\/old.takpraha.cz\/porad\/2020-09.php\" target=\"_blank\">z\u00e1\u0159\u00ed<\/a> **)<\/li>\n\n\n\n<li><a rel=\"noreferrer noopener\" href=\"https:\/\/old.takpraha.cz\/porad\/2020-10.php\" target=\"_blank\">\u0159\u00edjen<\/a> **)<\/li>\n\n\n\n<li><a rel=\"noreferrer noopener\" href=\"https:\/\/old.takpraha.cz\/porad\/2020-11.php\" target=\"_blank\">listopad<\/a> **)<\/li>\n\n\n\n<li><a rel=\"noreferrer noopener\" href=\"https:\/\/old.takpraha.cz\/porad\/2020-12.php\" target=\"_blank\">prosinec<\/a> **)<\/li>\n<\/ul>\n\n\n\n<p><img loading=\"lazy\" decoding=\"async\" width=\"35\" height=\"18\" class=\"wp-image-121\" style=\"width: 35px;\" src=\"https:\/\/takpraha.cz\/wp-content\/uploads\/2019\/11\/bullet.png\" alt=\"\"> <strong>P\u0158\u00cdLOHY<\/strong><\/p>\n\n\n\n<ul class=\"wp-block-list\">\n<li><a rel=\"noreferrer noopener\" href=\"https:\/\/old.takpraha.cz\/2020\/kalendar-akci-taku-2020.pdf\" target=\"_blank\">Kalend\u00e1\u0159 akc\u00ed 2020<\/a> **)<\/li>\n\n\n\n<li>62. Stezka \u2014 <a href=\"https:\/\/takpraha.cz\/index.php\/2020\/05\/10\/62-stezka-informace\/\">informace<\/a><\/li>\n\n\n\n<li><a rel=\"noreferrer noopener\" href=\"https:\/\/old.takpraha.cz\/2020\/200203-zprava-o-cinnosti-za-2019.pdf\" target=\"_blank\">Zpr\u00e1va o \u010dinnosti klubu<\/a> **)<\/li>\n\n\n\n<li><a rel=\"noreferrer noopener\" href=\"https:\/\/old.takpraha.cz\/2020\/200203-vv-usneseni.pdf\" target=\"_blank\">Usnesen\u00ed VH<\/a> z 3. 2. 2020 **)<\/li>\n<\/ul>\n<\/div>\n<\/div>\n\n\n\n<h3 class=\"wp-block-heading has-text-align-center\"><strong>Star\u0161\u00ed ro\u010dn\u00edky Poradn\u00edk\u016f (v pdf)<\/strong><\/h3>\n\n\n\n<figure class=\"wp-block-table is-style-regular\"><table class=\"has-fixed-layout\"><tbody><tr><td>2019<br>2020<br>2021<br>2022<br>2023<\/td><td><strong><a href=\"https:\/\/old.takpraha.cz\/porad\/por2010.pdf\" target=\"_blank\" rel=\"noreferrer noopener\">2010<\/a><br><a href=\"https:\/\/old.takpraha.cz\/porad\/poradnik2011.pdf\" target=\"_blank\" rel=\"noreferrer noopener\">2011<\/a><\/strong><br>2012<br>2013<br>2014<br>2015<br>2016<br>2017<br>2018<br>2019<\/td><td><strong><a href=\"https:\/\/old.takpraha.cz\/porad\/por2000.pdf\" target=\"_blank\" rel=\"noreferrer noopener\">2000<\/a><br><a href=\"https:\/\/old.takpraha.cz\/porad\/por2001.pdf\" target=\"_blank\" rel=\"noreferrer noopener\">2001<\/a><br><a href=\"https:\/\/old.takpraha.cz\/porad\/por2002.pdf\" target=\"_blank\" rel=\"noreferrer noopener\">2002<\/a><\/strong> *) 7<br><strong><a href=\"https:\/\/old.takpraha.cz\/porad\/por2003.pdf\" target=\"_blank\" rel=\"noreferrer noopener\">2003<\/a><br><a href=\"https:\/\/old.takpraha.cz\/porad\/por2004.pdf\" target=\"_blank\" rel=\"noreferrer noopener\">2004<\/a><\/strong><br>2005<br><strong><a href=\"https:\/\/old.takpraha.cz\/porad\/por2006.pdf\" target=\"_blank\" rel=\"noreferrer noopener\">2006<\/a><br><a href=\"https:\/\/old.takpraha.cz\/porad\/por2007.pdf\" target=\"_blank\" rel=\"noreferrer noopener\">2007<\/a><\/strong><br>2008<br>2009<\/td><td>1990<br>1991<br>1992<br>1993<br>1994<br><a href=\"https:\/\/old.takpraha.cz\/porad\/por1995.pdf\" target=\"_blank\" rel=\"noreferrer noopener\"><strong>1995<\/strong><\/a> *) 9<br><a href=\"https:\/\/old.takpraha.cz\/porad\/por1996.pdf\" target=\"_blank\" rel=\"noreferrer noopener\"><strong>1996<\/strong><\/a> *) 1, 5 \u2013 12<br>1997<br>1998<br><a href=\"https:\/\/old.takpraha.cz\/porad\/por1999.pdf\" target=\"_blank\" rel=\"noreferrer noopener\"><strong>1999<\/strong><\/a><\/td><td>1980<br>1981<br>1982<br><a href=\"https:\/\/old.takpraha.cz\/porad\/por1983.pdf\" target=\"_blank\" rel=\"noreferrer noopener\"><strong>1983<\/strong><\/a><br>1984<br>1985<br>1986<br>1987<br>1988<br>1989<\/td><td>1970<br>1971<br>1972<br>1973<br>1974<br>1975<br><a href=\"https:\/\/old.takpraha.cz\/porad\/por1976.pdf\" target=\"_blank\" rel=\"noreferrer noopener\"><strong>1976<\/strong><\/a><br>1977<br>1978<br>1979<\/td><td>1963<br>1964<br>1965<br>1966<br>1967<br>1968<br>1969<\/td><\/tr><\/tbody><\/table><\/figure>\n\n\n\n<figure class=\"wp-block-table is-style-regular\"><table><tbody><tr><td class=\"has-text-align-right\" data-align=\"right\"> *) \u010d\u00edsla m\u011bs\u00edc\u016f, kter\u00e9 v dokumentu chyb\u00ed <br> **) odkaz na star\u00fd web <\/td><\/tr><\/tbody><\/table><\/figure>\n\n\n\n<figure class=\"wp-block-table is-style-regular\"><table><tbody><tr><td>2005 \u2013 2021 \u00bb vyd\u00e1vala Jana Vorlov\u00e1, z\u00e1pisy sch\u016fz\u00ed Ivan \u0160im\u016fnek<br>2003 \u2013 2004 \u00bb vyd\u00e1val Petr Havr\u00e1nek, z\u00e1pisy sch\u016fz\u00ed Ivan \u0160im\u016fnek<br>1995 \u2013 2002 \u00bb vyd\u00e1val Jan Je\u0159\u00e1bek<\/td><\/tr><\/tbody><\/table><\/figure>\n\n\n\n<p class=\"has-text-align-center\"> <\/p>\n\n\n\n<p><a href=\"https:\/\/takpraha.cz\/index.php\/category\/poradniky\/\" data-type=\"category\" data-id=\"2\">Chronologick\u00fd v\u00fdpis rubriky Poradn\u00edky.<\/a><\/p>\n","protected":false},"excerpt":{"rendered":"<p>Poradn\u00edky Pouze pro vnit\u0159n\u00ed pot\u0159ebu vyd\u00e1v\u00e1 Turistick\u00fd akademick\u00fd klub\u00a0I\u010cO: 00199214, \u00fa\u010det \u010d. 2000317496\/2010S\u00eddlo: Mal\u00e1 \u0160tupartsk\u00e1 646\/1, 110 00 Praha 1Elektronick\u00e1<\/p>\n","protected":false},"author":2,"featured_media":0,"parent":0,"menu_order":0,"comment_status":"closed","ping_status":"closed","template":"page-templates\/page-builder.php","meta":{"colormag_page_layout":"left_sidebar","inline_featured_image":false,"ngg_post_thumbnail":0,"footnotes":""},"class_list":["post-85","page","type-page","status-publish","hentry"],"_links":{"self":[{"href":"https:\/\/takpraha.cz\/index.php\/wp-json\/wp\/v2\/pages\/85","targetHints":{"allow":["GET"]}}],"collection":[{"href":"https:\/\/takpraha.cz\/index.php\/wp-json\/wp\/v2\/pages"}],"about":[{"href":"https:\/\/takpraha.cz\/index.php\/wp-json\/wp\/v2\/types\/page"}],"author":[{"embeddable":true,"href":"https:\/\/takpraha.cz\/index.php\/wp-json\/wp\/v2\/users\/2"}],"replies":[{"embeddable":true,"href":"https:\/\/takpraha.cz\/index.php\/wp-json\/wp\/v2\/comments?post=85"}],"version-history":[{"count":81,"href":"https:\/\/takpraha.cz\/index.php\/wp-json\/wp\/v2\/pages\/85\/revisions"}],"predecessor-version":[{"id":4671,"href":"https:\/\/takpraha.cz\/index.php\/wp-json\/wp\/v2\/pages\/85\/revisions\/4671"}],"wp:attachment":[{"href":"https:\/\/takpraha.cz\/index.php\/wp-json\/wp\/v2\/media?parent=85"}],"curies":[{"name":"wp","href":"https:\/\/api.w.org\/{rel}","templated":true}]}}